{"id":16027,"date":"2025-07-24T09:57:59","date_gmt":"2025-07-24T07:57:59","guid":{"rendered":"https:\/\/colligatum.com\/?post_type=product&#038;p=16027"},"modified":"2026-04-14T07:25:19","modified_gmt":"2026-04-14T05:25:19","slug":"hobby","status":"publish","type":"product","link":"https:\/\/colligatum.com\/en\/product\/hobby\/","title":{"rendered":"Hobby"},"content":{"rendered":"<p data-start=\"371\" data-end=\"866\"><strong data-start=\"371\" data-end=\"385\">Description:<\/strong> \u201eHobby Extra\u201c cigare\u010di\u0173 pakelis pasi\u017eymi dvispalviu dizainu \u2013 vir\u0161utin\u0117 dalis juodai raudona su herbu centre, o apatin\u0117 dalis \u0161viesi su prek\u0117s \u017eenklu \u201ehobby\u201c ir pa\u017eym\u0117ta \u201eEXTRA\u201c. Vokie\u010di\u0173 kalba pateikti \u012fsp\u0117jimai apie r\u016bkymo \u017eal\u0105 rodo, kad produktas buvo skirtas Vokietijos ar kitos voki\u0161kai kalban\u010dios rinkos prekybai. Ant pakelio \u0161ono pa\u017eym\u0117ta, jog skirtas tik prekybai u\u017esienyje (\u201eZum Verkauf au\u00dferhalb \u00d6sterreichs bestimmt\u201c), kas leid\u017eia daryti prielaid\u0105 apie Austrijos kilm\u0119.<\/p>\n<hr data-start=\"868\" data-end=\"871\" \/>\n<p data-start=\"873\" data-end=\"896\"><strong data-start=\"873\" data-end=\"896\">Value assessment:<\/strong><\/p>\n<ul data-start=\"898\" data-end=\"1490\">\n<li data-start=\"898\" data-end=\"1139\">\n<p data-start=\"900\" data-end=\"1139\"><strong data-start=\"900\" data-end=\"920\">Collectible value:<\/strong> Vidutin\u0117-auk\u0161ta. \u0160io tipo pakeliai rinkoje sutinkami retai, ypa\u010d originalios b\u016bkl\u0117s su pl\u0117vele. D\u0117l ai\u0161kaus sovietme\u010dio\u2013pokomunistinio pereinamojo laikotarpio dizaino gali b\u016bti patraukl\u016bs Ryt\u0173 Europos kolekcionieriams.<\/p>\n<\/li>\n<li data-start=\"1140\" data-end=\"1219\">\n<p data-start=\"1142\" data-end=\"1219\"><strong data-start=\"1142\" data-end=\"1164\">Condition assessment:<\/strong> Unopened, with original film, very good condition.<\/p>\n<\/li>\n<li data-start=\"1220\" data-end=\"1490\">\n<p data-start=\"1222\" data-end=\"1490\"><strong data-start=\"1222\" data-end=\"1262\">Historical data and popularity:<\/strong> \u201eHobby\u201c \u2013 pigesn\u0117s klas\u0117s cigare\u010di\u0173 prek\u0117s \u017eenklas, egzistav\u0119s Vokietijos ar Austrijos rinkose, ta\u010diau \u0161iuo metu beveik nebepasiekiamas. Prek\u0117s \u017eenklas neturi ry\u0161kios tarptautin\u0117s sklaidos, bet yra pa\u017e\u012fstamas tarp kolekcinink\u0173.<\/p>\n<\/li>\n<\/ul>","protected":false},"excerpt":{"rendered":"<p data-start=\"114\" data-end=\"160\"><strong data-start=\"114\" data-end=\"148\">Brand and name:<\/strong> Hobby Extra<\/p>\n<p data-start=\"162\" data-end=\"185\"><strong data-start=\"162\" data-end=\"172\">Size:<\/strong> 20 cigarettes<\/p>\n<p data-start=\"187\" data-end=\"263\"><strong data-start=\"187\" data-end=\"205\">Country of manufacture:<\/strong> Ne\u017einoma (EU gamintojas, sp\u0117jama \u2013 Vokietija ar Austrija)<\/p>\n<p data-start=\"265\" data-end=\"334\"><strong data-start=\"265\" data-end=\"289\">Production period:<\/strong> Unknown (probably late 20th century \u2013 early 21st century)<\/p>\n<p data-start=\"336\" data-end=\"369\"><strong data-start=\"336\" data-end=\"354\">Package type:<\/strong> Hard pack<\/p>","protected":false},"featured_media":15974,"template":"","meta":{"_surecart_dashboard_logo_width":"180px","_surecart_dashboard_show_logo":true,"_surecart_dashboard_navigation_orders":true,"_surecart_dashboard_navigation_invoices":true,"_surecart_dashboard_navigation_subscriptions":true,"_surecart_dashboard_navigation_downloads":true,"_surecart_dashboard_navigation_billing":true,"_surecart_dashboard_navigation_account":true,"site-sidebar-layout":"default","site-content-layout":"","ast-site-content-layout":"default","site-content-style":"default","site-sidebar-style":"default","ast-global-header-display":"","ast-banner-title-visibility":"","ast-main-header-display":"","ast-hfb-above-header-display":"","ast-hfb-below-header-display":"","ast-hfb-mobile-header-display":"","site-post-title":"","ast-breadcrumbs-content":"","ast-featured-img":"","footer-sml-layout":"","theme-transparent-header-meta":"default","adv-header-id-meta":"","stick-header-meta":"","header-above-stick-meta":"","header-main-stick-meta":"","header-below-stick-meta":"","astra-migrate-meta-layouts":"set","ast-page-background-enabled":"default","ast-page-background-meta":{"desktop":{"background-color":"","background-image":"","background-repeat":"repeat","background-position":"center center","background-size":"auto","background-attachment":"scroll","background-type":"","background-media":"","overlay-type":"","overlay-color":"","overlay-opacity":"","overlay-gradient":""},"tablet":{"background-color":"","background-image":"","background-repeat":"repeat","background-position":"center center","background-size":"auto","background-attachment":"scroll","background-type":"","background-media":"","overlay-type":"","overlay-color":"","overlay-opacity":"","overlay-gradient":""},"mobile":{"background-color":"","background-image":"","background-repeat":"repeat","background-position":"center center","background-size":"auto","background-attachment":"scroll","background-type":"","background-media":"","overlay-type":"","overlay-color":"","overlay-opacity":"","overlay-gradient":""}},"ast-content-background-meta":{"desktop":{"background-color":"var(--ast-global-color-5)","background-image":"","background-repeat":"repeat","background-position":"center center","background-size":"auto","background-attachment":"scroll","background-type":"","background-media":"","overlay-type":"","overlay-color":"","overlay-opacity":"","overlay-gradient":""},"tablet":{"background-color":"var(--ast-global-color-5)","background-image":"","background-repeat":"repeat","background-position":"center center","background-size":"auto","background-attachment":"scroll","background-type":"","background-media":"","overlay-type":"","overlay-color":"","overlay-opacity":"","overlay-gradient":""},"mobile":{"background-color":"var(--ast-global-color-5)","background-image":"","background-repeat":"repeat","background-position":"center center","background-size":"auto","background-attachment":"scroll","background-type":"","background-media":"","overlay-type":"","overlay-color":"","overlay-opacity":"","overlay-gradient":""}}},"product_brand":[],"product_cat":[79],"product_tag":[],"class_list":{"0":"post-16027","1":"product","2":"type-product","3":"status-publish","4":"has-post-thumbnail","6":"product_cat-austria","7":"desktop-align-left","8":"tablet-align-left","9":"mobile-align-left","11":"first","12":"instock","13":"shipping-taxable","14":"purchasable","15":"product-type-simple","16":"add-to-wishlist-before_image"},"_links":{"self":[{"href":"https:\/\/colligatum.com\/en\/wp-json\/wp\/v2\/product\/16027","targetHints":{"allow":["GET"]}}],"collection":[{"href":"https:\/\/colligatum.com\/en\/wp-json\/wp\/v2\/product"}],"about":[{"href":"https:\/\/colligatum.com\/en\/wp-json\/wp\/v2\/types\/product"}],"version-history":[{"count":1,"href":"https:\/\/colligatum.com\/en\/wp-json\/wp\/v2\/product\/16027\/revisions"}],"predecessor-version":[{"id":16028,"href":"https:\/\/colligatum.com\/en\/wp-json\/wp\/v2\/product\/16027\/revisions\/16028"}],"wp:featuredmedia":[{"embeddable":true,"href":"https:\/\/colligatum.com\/en\/wp-json\/wp\/v2\/media\/15974"}],"wp:attachment":[{"href":"https:\/\/colligatum.com\/en\/wp-json\/wp\/v2\/media?parent=16027"}],"wp:term":[{"taxonomy":"product_brand","embeddable":true,"href":"https:\/\/colligatum.com\/en\/wp-json\/wp\/v2\/product_brand?post=16027"},{"taxonomy":"product_cat","embeddable":true,"href":"https:\/\/colligatum.com\/en\/wp-json\/wp\/v2\/product_cat?post=16027"},{"taxonomy":"product_tag","embeddable":true,"href":"https:\/\/colligatum.com\/en\/wp-json\/wp\/v2\/product_tag?post=16027"}],"curies":[{"name":"wp","href":"https:\/\/api.w.org\/{rel}","templated":true}]}}