{"id":16041,"date":"2025-07-24T10:20:50","date_gmt":"2025-07-24T08:20:50","guid":{"rendered":"https:\/\/colligatum.com\/?post_type=product&#038;p=16041"},"modified":"2025-07-24T10:20:51","modified_gmt":"2025-07-24T08:20:51","slug":"memphis-blue-lights","status":"publish","type":"product","link":"https:\/\/colligatum.com\/en\/product\/memphis-blue-lights\/","title":{"rendered":"Memphis Blue Lights"},"content":{"rendered":"<p data-start=\"315\" data-end=\"740\"><strong data-start=\"315\" data-end=\"329\">Description:<\/strong><br data-start=\"329\" data-end=\"332\" \/>\u0160is \u201eMemphis Blue Lights\u201c cigare\u010di\u0173 pakelis i\u0161siskiria \u0161viesiai m\u0117lyna spalv\u0173 gama ir subtilia grafika, b\u016bdinga \u201eAmerican Blend\u201c linijai. Ant pakelio nurodyta, kad produktas skirtas pardavimui tik Austrijoje (\u201eZum Verkauf in \u00d6sterreich bestimmt\u201c), kas rodo jo regionin\u0119 paskirt\u012f. Dizainas paprastas, bet i\u0161laikantis klasikin\u012f estetinio sant\u016brumo \u012fsp\u016bd\u012f, o \u012fsp\u0117jimas apie r\u016bkymo \u017eal\u0105 pateiktas vokie\u010di\u0173 kalba.<\/p>\n<p data-start=\"742\" data-end=\"767\"><strong data-start=\"742\" data-end=\"765\">Value assessment:<\/strong><\/p>\n<ul data-start=\"768\" data-end=\"1249\">\n<li data-start=\"768\" data-end=\"943\">\n<p data-start=\"770\" data-end=\"943\"><strong data-start=\"770\" data-end=\"790\">Collectible value:<\/strong> Vidutin\u0117. Pakelis gali b\u016bti \u012fdomus kolekcininkams d\u0117l savo regioninio ribotumo ir geros b\u016bkl\u0117s, ta\u010diau n\u0117ra nei jubiliejinis, nei i\u0161skirtinio leidimo.<\/p>\n<\/li>\n<li data-start=\"944\" data-end=\"1019\">\n<p data-start=\"946\" data-end=\"1019\"><strong data-start=\"946\" data-end=\"968\">Condition assessment:<\/strong> Unopened, original film, excellent condition.<\/p>\n<\/li>\n<li data-start=\"1020\" data-end=\"1249\">\n<p data-start=\"1022\" data-end=\"1249\"><strong data-start=\"1022\" data-end=\"1062\">Historical data and popularity:<\/strong> Memphis prek\u0117s \u017eenklas priklauso austr\u0173 gamintojui \u201eAustria Tabak\u201c ir ilg\u0105 laik\u0105 buvo populiarus Austrijoje bei Vokietijoje, ta\u010diau kolekcinink\u0173 tarpe \u0161is pakelis n\u0117ra aktyviai ie\u0161komas.<\/p>\n<\/li>\n<\/ul>","protected":false},"excerpt":{"rendered":"<p data-start=\"61\" data-end=\"115\"><strong data-start=\"61\" data-end=\"95\">Brand and name:<\/strong> Memphis Blue Lights<\/p>\n<p data-start=\"117\" data-end=\"140\"><strong data-start=\"117\" data-end=\"127\">Size:<\/strong> 20 cigarettes<\/p>\n<p data-start=\"142\" data-end=\"169\"><strong data-start=\"142\" data-end=\"160\">Country of manufacture:<\/strong> Austria<\/p>\n<p data-start=\"171\" data-end=\"278\"><strong data-start=\"171\" data-end=\"195\">Production period:<\/strong> XX a. pabaiga \u2013 XXI a. prad\u017eia (\u0161iuolaikinis leidimas, bet ne naujausias dizainas)<\/p>\n<p data-start=\"280\" data-end=\"313\"><strong data-start=\"280\" data-end=\"298\">Package type:<\/strong> Hard pack<\/p>","protected":false},"featured_media":15988,"template":"","meta":{"_surecart_dashboard_logo_width":"180px","_surecart_dashboard_show_logo":true,"_surecart_dashboard_navigation_orders":true,"_surecart_dashboard_navigation_invoices":true,"_surecart_dashboard_navigation_subscriptions":true,"_surecart_dashboard_navigation_downloads":true,"_surecart_dashboard_navigation_billing":true,"_surecart_dashboard_navigation_account":true,"site-sidebar-layout":"default","site-content-layout":"","ast-site-content-layout":"default","site-content-style":"default","site-sidebar-style":"default","ast-global-header-display":"","ast-banner-title-visibility":"","ast-main-header-display":"","ast-hfb-above-header-display":"","ast-hfb-below-header-display":"","ast-hfb-mobile-header-display":"","site-post-title":"","ast-breadcrumbs-content":"","ast-featured-img":"","footer-sml-layout":"","theme-transparent-header-meta":"default","adv-header-id-meta":"","stick-header-meta":"","header-above-stick-meta":"","header-main-stick-meta":"","header-below-stick-meta":"","astra-migrate-meta-layouts":"set","ast-page-background-enabled":"default","ast-page-background-meta":{"desktop":{"background-color":"","background-image":"","background-repeat":"repeat","background-position":"center center","background-size":"auto","background-attachment":"scroll","background-type":"","background-media":"","overlay-type":"","overlay-color":"","overlay-opacity":"","overlay-gradient":""},"tablet":{"background-color":"","background-image":"","background-repeat":"repeat","background-position":"center center","background-size":"auto","background-attachment":"scroll","background-type":"","background-media":"","overlay-type":"","overlay-color":"","overlay-opacity":"","overlay-gradient":""},"mobile":{"background-color":"","background-image":"","background-repeat":"repeat","background-position":"center center","background-size":"auto","background-attachment":"scroll","background-type":"","background-media":"","overlay-type":"","overlay-color":"","overlay-opacity":"","overlay-gradient":""}},"ast-content-background-meta":{"desktop":{"background-color":"var(--ast-global-color-5)","background-image":"","background-repeat":"repeat","background-position":"center center","background-size":"auto","background-attachment":"scroll","background-type":"","background-media":"","overlay-type":"","overlay-color":"","overlay-opacity":"","overlay-gradient":""},"tablet":{"background-color":"var(--ast-global-color-5)","background-image":"","background-repeat":"repeat","background-position":"center center","background-size":"auto","background-attachment":"scroll","background-type":"","background-media":"","overlay-type":"","overlay-color":"","overlay-opacity":"","overlay-gradient":""},"mobile":{"background-color":"var(--ast-global-color-5)","background-image":"","background-repeat":"repeat","background-position":"center center","background-size":"auto","background-attachment":"scroll","background-type":"","background-media":"","overlay-type":"","overlay-color":"","overlay-opacity":"","overlay-gradient":""}}},"product_brand":[],"product_cat":[79],"product_tag":[],"class_list":{"0":"post-16041","1":"product","2":"type-product","3":"status-publish","4":"has-post-thumbnail","6":"product_cat-austria","7":"desktop-align-left","8":"tablet-align-left","9":"mobile-align-left","11":"first","12":"instock","13":"sale","14":"shipping-taxable","15":"purchasable","16":"product-type-simple","17":"add-to-wishlist-before_image"},"_links":{"self":[{"href":"https:\/\/colligatum.com\/en\/wp-json\/wp\/v2\/product\/16041","targetHints":{"allow":["GET"]}}],"collection":[{"href":"https:\/\/colligatum.com\/en\/wp-json\/wp\/v2\/product"}],"about":[{"href":"https:\/\/colligatum.com\/en\/wp-json\/wp\/v2\/types\/product"}],"version-history":[{"count":1,"href":"https:\/\/colligatum.com\/en\/wp-json\/wp\/v2\/product\/16041\/revisions"}],"predecessor-version":[{"id":16042,"href":"https:\/\/colligatum.com\/en\/wp-json\/wp\/v2\/product\/16041\/revisions\/16042"}],"wp:featuredmedia":[{"embeddable":true,"href":"https:\/\/colligatum.com\/en\/wp-json\/wp\/v2\/media\/15988"}],"wp:attachment":[{"href":"https:\/\/colligatum.com\/en\/wp-json\/wp\/v2\/media?parent=16041"}],"wp:term":[{"taxonomy":"product_brand","embeddable":true,"href":"https:\/\/colligatum.com\/en\/wp-json\/wp\/v2\/product_brand?post=16041"},{"taxonomy":"product_cat","embeddable":true,"href":"https:\/\/colligatum.com\/en\/wp-json\/wp\/v2\/product_cat?post=16041"},{"taxonomy":"product_tag","embeddable":true,"href":"https:\/\/colligatum.com\/en\/wp-json\/wp\/v2\/product_tag?post=16041"}],"curies":[{"name":"wp","href":"https:\/\/api.w.org\/{rel}","templated":true}]}}