{"id":16138,"date":"2025-07-25T06:24:48","date_gmt":"2025-07-25T04:24:48","guid":{"rendered":"https:\/\/colligatum.com\/?post_type=product&#038;p=16138"},"modified":"2025-10-29T17:45:54","modified_gmt":"2025-10-29T15:45:54","slug":"smart-2","status":"publish","type":"product","link":"https:\/\/colligatum.com\/en\/product\/smart-2\/","title":{"rendered":"SMART"},"content":{"rendered":"<p data-start=\"384\" data-end=\"894\"><strong data-start=\"384\" data-end=\"398\">Description:<\/strong> SMART Charcoal Filter cigare\u010di\u0173 pakelis yra modernios, m\u0117lynos spalvos su metalizuotu atspalviu. Ant pakelio dominuoja minimalistinis logotipas \u201eSMART\u201c su geltonu \u201eCharcoal Filter\u201c u\u017era\u0161u, nurodan\u010diu \u012f aktyvintos anglies filtravimo technologij\u0105. Ant pakuot\u0117s matomas planetos simbolis su \u0161\u016bkiu \u201eClean World \u2013 Clean Cigarette\u201c, kuris i\u0161skiria \u0161\u012f pakel\u012f i\u0161 kit\u0173. \u012esp\u0117jimai apie r\u016bkymo \u017eal\u0105 pateikti vokie\u010di\u0173 kalba, o nurodymas, kad tai produktas skirtas Austrijai, padeda tiksliai nustatyti rink\u0105.<\/p>\n<hr data-start=\"896\" data-end=\"899\" \/>\n<p data-start=\"901\" data-end=\"924\"><strong data-start=\"901\" data-end=\"924\">Value assessment:<\/strong><\/p>\n<p data-start=\"926\" data-end=\"1192\"><strong data-start=\"926\" data-end=\"946\">Collectible value:<\/strong> Vidutin\u0117. Nors \u201eSMART\u201c prek\u0117s \u017eenklas nepasi\u017eymi pla\u010dia tarptautine \u0161love, specifinis leidimas, skirtas Austrijai, su anglies filtru ir gerai i\u0161silaikiusi pakuot\u0117 suteikia kolekcin\u0119 vert\u0119, ypa\u010d ni\u0161in\u0117je Vakar\u0173 Europos kolekcinink\u0173 bendruomen\u0117je.<\/p>\n<p data-start=\"1194\" data-end=\"1277\"><strong data-start=\"1194\" data-end=\"1216\">Condition assessment:<\/strong> Unopened, in excellent condition (original film intact).<\/p>\n<p data-start=\"1279\" data-end=\"1533\"><strong data-start=\"1279\" data-end=\"1319\">Historical data and popularity:<\/strong> SMART cigaret\u0117s buvo si\u016blomos kaip prieinamas pasirinkimas Europos rinkose. Filtravimo sistema su anglies u\u017epildu tur\u0117jo i\u0161skirti \u0161\u012f produkt\u0105 i\u0161 paprast\u0173 cigare\u010di\u0173. Prek\u0117s \u017eenklas retas, bet n\u0117ra pla\u010diai ie\u0161komas.<\/p>","protected":false},"excerpt":{"rendered":"<p data-start=\"106\" data-end=\"162\"><strong data-start=\"106\" data-end=\"140\">Brand and name:<\/strong> SMART Charcoal Filter<\/p>\n<p data-start=\"164\" data-end=\"187\"><strong data-start=\"164\" data-end=\"174\">Size:<\/strong> 20 cigarettes<\/p>\n<p data-start=\"189\" data-end=\"281\"><strong data-start=\"189\" data-end=\"207\">Country of manufacture:<\/strong> Ne\u017einoma (skirta Austrijos rinkai \u2013 \u201eZUM VERKAUF IN \u00d6STERREICH BESTIMMT\u201c)<\/p>\n<p data-start=\"283\" data-end=\"347\"><strong data-start=\"283\" data-end=\"307\">Production period:<\/strong> Unknown (probably early 21st century)<\/p>\n<p data-start=\"349\" data-end=\"382\"><strong data-start=\"349\" data-end=\"367\">Package type:<\/strong> Hard pack<\/p>","protected":false},"featured_media":16085,"template":"","meta":{"_surecart_dashboard_logo_width":"180px","_surecart_dashboard_show_logo":true,"_surecart_dashboard_navigation_orders":true,"_surecart_dashboard_navigation_invoices":true,"_surecart_dashboard_navigation_subscriptions":true,"_surecart_dashboard_navigation_downloads":true,"_surecart_dashboard_navigation_billing":true,"_surecart_dashboard_navigation_account":true,"site-sidebar-layout":"default","site-content-layout":"","ast-site-content-layout":"default","site-content-style":"default","site-sidebar-style":"default","ast-global-header-display":"","ast-banner-title-visibility":"","ast-main-header-display":"","ast-hfb-above-header-display":"","ast-hfb-below-header-display":"","ast-hfb-mobile-header-display":"","site-post-title":"","ast-breadcrumbs-content":"","ast-featured-img":"","footer-sml-layout":"","theme-transparent-header-meta":"default","adv-header-id-meta":"","stick-header-meta":"","header-above-stick-meta":"","header-main-stick-meta":"","header-below-stick-meta":"","astra-migrate-meta-layouts":"set","ast-page-background-enabled":"default","ast-page-background-meta":{"desktop":{"background-color":"","background-image":"","background-repeat":"repeat","background-position":"center center","background-size":"auto","background-attachment":"scroll","background-type":"","background-media":"","overlay-type":"","overlay-color":"","overlay-opacity":"","overlay-gradient":""},"tablet":{"background-color":"","background-image":"","background-repeat":"repeat","background-position":"center center","background-size":"auto","background-attachment":"scroll","background-type":"","background-media":"","overlay-type":"","overlay-color":"","overlay-opacity":"","overlay-gradient":""},"mobile":{"background-color":"","background-image":"","background-repeat":"repeat","background-position":"center center","background-size":"auto","background-attachment":"scroll","background-type":"","background-media":"","overlay-type":"","overlay-color":"","overlay-opacity":"","overlay-gradient":""}},"ast-content-background-meta":{"desktop":{"background-color":"var(--ast-global-color-5)","background-image":"","background-repeat":"repeat","background-position":"center center","background-size":"auto","background-attachment":"scroll","background-type":"","background-media":"","overlay-type":"","overlay-color":"","overlay-opacity":"","overlay-gradient":""},"tablet":{"background-color":"var(--ast-global-color-5)","background-image":"","background-repeat":"repeat","background-position":"center center","background-size":"auto","background-attachment":"scroll","background-type":"","background-media":"","overlay-type":"","overlay-color":"","overlay-opacity":"","overlay-gradient":""},"mobile":{"background-color":"var(--ast-global-color-5)","background-image":"","background-repeat":"repeat","background-position":"center center","background-size":"auto","background-attachment":"scroll","background-type":"","background-media":"","overlay-type":"","overlay-color":"","overlay-opacity":"","overlay-gradient":""}}},"product_brand":[],"product_cat":[79],"product_tag":[],"class_list":{"0":"post-16138","1":"product","2":"type-product","3":"status-publish","4":"has-post-thumbnail","6":"product_cat-austria","7":"desktop-align-left","8":"tablet-align-left","9":"mobile-align-left","11":"first","12":"instock","13":"sale","14":"shipping-taxable","15":"purchasable","16":"product-type-simple","17":"add-to-wishlist-before_image"},"_links":{"self":[{"href":"https:\/\/colligatum.com\/en\/wp-json\/wp\/v2\/product\/16138","targetHints":{"allow":["GET"]}}],"collection":[{"href":"https:\/\/colligatum.com\/en\/wp-json\/wp\/v2\/product"}],"about":[{"href":"https:\/\/colligatum.com\/en\/wp-json\/wp\/v2\/types\/product"}],"version-history":[{"count":1,"href":"https:\/\/colligatum.com\/en\/wp-json\/wp\/v2\/product\/16138\/revisions"}],"predecessor-version":[{"id":16139,"href":"https:\/\/colligatum.com\/en\/wp-json\/wp\/v2\/product\/16138\/revisions\/16139"}],"wp:featuredmedia":[{"embeddable":true,"href":"https:\/\/colligatum.com\/en\/wp-json\/wp\/v2\/media\/16085"}],"wp:attachment":[{"href":"https:\/\/colligatum.com\/en\/wp-json\/wp\/v2\/media?parent=16138"}],"wp:term":[{"taxonomy":"product_brand","embeddable":true,"href":"https:\/\/colligatum.com\/en\/wp-json\/wp\/v2\/product_brand?post=16138"},{"taxonomy":"product_cat","embeddable":true,"href":"https:\/\/colligatum.com\/en\/wp-json\/wp\/v2\/product_cat?post=16138"},{"taxonomy":"product_tag","embeddable":true,"href":"https:\/\/colligatum.com\/en\/wp-json\/wp\/v2\/product_tag?post=16138"}],"curies":[{"name":"wp","href":"https:\/\/api.w.org\/{rel}","templated":true}]}}