{"id":16150,"date":"2025-07-25T06:40:50","date_gmt":"2025-07-25T04:40:50","guid":{"rendered":"https:\/\/colligatum.com\/?post_type=product&#038;p=16150"},"modified":"2026-04-15T05:09:03","modified_gmt":"2026-04-15T03:09:03","slug":"helikon","status":"publish","type":"product","link":"https:\/\/colligatum.com\/en\/product\/helikon\/","title":{"rendered":"Helicon"},"content":{"rendered":"<p data-start=\"316\" data-end=\"872\"><strong data-start=\"316\" data-end=\"330\">Description:<\/strong> The Helikon cigarette pack features a typical socialist-era design \u2013 dark red and gold elements dominate. In the center is a Greek-style column motif, symbolizing classical aesthetics. The package is inscribed in Hungarian: \u201ef\u00fcstj\u00e9ben nikotinszeg\u00e9ny sz\u00e1ll\u00e1sm\u00e1nyk\u00fcl\u00f6nlegess\u00e9g\u201c, meaning that this is a low-nicotine product with special properties. At the top of the pack is an original excise seal sticker with the logo. The overall design reflects the minimalist but solid aesthetics popular in Hungary at the time.<\/p>\n<hr data-start=\"874\" data-end=\"877\" \/>\n<p data-start=\"879\" data-end=\"902\"><strong data-start=\"879\" data-end=\"902\">Value assessment:<\/strong><\/p>\n<p data-start=\"904\" data-end=\"1142\"><strong data-start=\"904\" data-end=\"924\">Collectible value:<\/strong> High. This is a socialist-era Hungarian packet with a fully preserved excise stamp and a specific design. Due to their limited supply, these packets are particularly prized among collectors of former Eastern Bloc products.<\/p>\n<p data-start=\"1144\" data-end=\"1261\"><strong data-start=\"1144\" data-end=\"1166\">Condition assessment:<\/strong> Unopened, good condition (package with signs of age, but with film and sticker still intact).<\/p>\n<p data-start=\"1263\" data-end=\"1548\"><strong data-start=\"1263\" data-end=\"1303\">Historical data and popularity:<\/strong> Helikon was one of Hungary&#039;s unique products, standing out as a &quot;special product&quot; - an alternative to classic cigarette variants with lower nicotine content. It is now a collector&#039;s item, especially sought after by retro pack enthusiasts.<\/p>","protected":false},"excerpt":{"rendered":"<p data-start=\"119\" data-end=\"161\"><strong data-start=\"119\" data-end=\"153\">Brand and name:<\/strong> Helicon<\/p>\n<p data-start=\"163\" data-end=\"186\"><strong data-start=\"163\" data-end=\"173\">Size:<\/strong> 20 cigarettes<\/p>\n<p data-start=\"188\" data-end=\"215\"><strong data-start=\"188\" data-end=\"206\">Country of manufacture:<\/strong> Hungary<\/p>\n<p data-start=\"217\" data-end=\"277\"><strong data-start=\"217\" data-end=\"241\">Production period:<\/strong> 1980s \u2013 late 20th century<\/p>\n<p data-start=\"279\" data-end=\"314\"><strong data-start=\"279\" data-end=\"297\">Package type:<\/strong> Soft pack<\/p>","protected":false},"featured_media":16097,"template":"","meta":{"_surecart_dashboard_logo_width":"180px","_surecart_dashboard_show_logo":true,"_surecart_dashboard_navigation_orders":true,"_surecart_dashboard_navigation_invoices":true,"_surecart_dashboard_navigation_subscriptions":true,"_surecart_dashboard_navigation_downloads":true,"_surecart_dashboard_navigation_billing":true,"_surecart_dashboard_navigation_account":true,"site-sidebar-layout":"default","site-content-layout":"","ast-site-content-layout":"default","site-content-style":"default","site-sidebar-style":"default","ast-global-header-display":"","ast-banner-title-visibility":"","ast-main-header-display":"","ast-hfb-above-header-display":"","ast-hfb-below-header-display":"","ast-hfb-mobile-header-display":"","site-post-title":"","ast-breadcrumbs-content":"","ast-featured-img":"","footer-sml-layout":"","theme-transparent-header-meta":"default","adv-header-id-meta":"","stick-header-meta":"","header-above-stick-meta":"","header-main-stick-meta":"","header-below-stick-meta":"","astra-migrate-meta-layouts":"set","ast-page-background-enabled":"default","ast-page-background-meta":{"desktop":{"background-color":"","background-image":"","background-repeat":"repeat","background-position":"center center","background-size":"auto","background-attachment":"scroll","background-type":"","background-media":"","overlay-type":"","overlay-color":"","overlay-opacity":"","overlay-gradient":""},"tablet":{"background-color":"","background-image":"","background-repeat":"repeat","background-position":"center center","background-size":"auto","background-attachment":"scroll","background-type":"","background-media":"","overlay-type":"","overlay-color":"","overlay-opacity":"","overlay-gradient":""},"mobile":{"background-color":"","background-image":"","background-repeat":"repeat","background-position":"center center","background-size":"auto","background-attachment":"scroll","background-type":"","background-media":"","overlay-type":"","overlay-color":"","overlay-opacity":"","overlay-gradient":""}},"ast-content-background-meta":{"desktop":{"background-color":"var(--ast-global-color-5)","background-image":"","background-repeat":"repeat","background-position":"center center","background-size":"auto","background-attachment":"scroll","background-type":"","background-media":"","overlay-type":"","overlay-color":"","overlay-opacity":"","overlay-gradient":""},"tablet":{"background-color":"var(--ast-global-color-5)","background-image":"","background-repeat":"repeat","background-position":"center center","background-size":"auto","background-attachment":"scroll","background-type":"","background-media":"","overlay-type":"","overlay-color":"","overlay-opacity":"","overlay-gradient":""},"mobile":{"background-color":"var(--ast-global-color-5)","background-image":"","background-repeat":"repeat","background-position":"center center","background-size":"auto","background-attachment":"scroll","background-type":"","background-media":"","overlay-type":"","overlay-color":"","overlay-opacity":"","overlay-gradient":""}}},"product_brand":[],"product_cat":[230],"product_tag":[],"class_list":{"0":"post-16150","1":"product","2":"type-product","3":"status-publish","4":"has-post-thumbnail","6":"product_cat-hungary-europa","7":"desktop-align-left","8":"tablet-align-left","9":"mobile-align-left","11":"first","12":"instock","13":"sale","14":"shipping-taxable","15":"purchasable","16":"product-type-simple","17":"add-to-wishlist-before_image"},"_links":{"self":[{"href":"https:\/\/colligatum.com\/en\/wp-json\/wp\/v2\/product\/16150","targetHints":{"allow":["GET"]}}],"collection":[{"href":"https:\/\/colligatum.com\/en\/wp-json\/wp\/v2\/product"}],"about":[{"href":"https:\/\/colligatum.com\/en\/wp-json\/wp\/v2\/types\/product"}],"version-history":[{"count":1,"href":"https:\/\/colligatum.com\/en\/wp-json\/wp\/v2\/product\/16150\/revisions"}],"predecessor-version":[{"id":16151,"href":"https:\/\/colligatum.com\/en\/wp-json\/wp\/v2\/product\/16150\/revisions\/16151"}],"wp:featuredmedia":[{"embeddable":true,"href":"https:\/\/colligatum.com\/en\/wp-json\/wp\/v2\/media\/16097"}],"wp:attachment":[{"href":"https:\/\/colligatum.com\/en\/wp-json\/wp\/v2\/media?parent=16150"}],"wp:term":[{"taxonomy":"product_brand","embeddable":true,"href":"https:\/\/colligatum.com\/en\/wp-json\/wp\/v2\/product_brand?post=16150"},{"taxonomy":"product_cat","embeddable":true,"href":"https:\/\/colligatum.com\/en\/wp-json\/wp\/v2\/product_cat?post=16150"},{"taxonomy":"product_tag","embeddable":true,"href":"https:\/\/colligatum.com\/en\/wp-json\/wp\/v2\/product_tag?post=16150"}],"curies":[{"name":"wp","href":"https:\/\/api.w.org\/{rel}","templated":true}]}}