{"id":16263,"date":"2025-07-25T09:15:00","date_gmt":"2025-07-25T07:15:00","guid":{"rendered":"https:\/\/colligatum.com\/?post_type=product&#038;p=16263"},"modified":"2026-03-20T09:48:56","modified_gmt":"2026-03-20T07:48:56","slug":"lm-silver-label-get-tuned-podkrec-muzyke","status":"publish","type":"product","link":"https:\/\/colligatum.com\/en\/product\/lm-silver-label-get-tuned-podkrec-muzyke\/","title":{"rendered":"L&amp;M Silver Label &quot;Get Tuned - Podkr\u0119\u0107 Muzyk\u0119&quot;\u201e"},"content":{"rendered":"<p data-start=\"233\" data-end=\"841\"><strong data-start=\"233\" data-end=\"247\">Description:<\/strong> This is a special limited edition L&amp;M cigarette pack &quot;Silver Label&quot; with the campaign slogan &quot;Get Tuned - Podkr\u0119\u0107 Muzyk\u0119&quot;, which is visually and thematically linked to music and youth culture. The front and back of the pack depict stylish young people with headphones and a light blue background. Warnings about the harm of smoking are presented in Polish, e.g. &quot;Palenie zabija&quot; (smoking kills), &quot;Palenie tytoniu zamyka naczenia krwiono\u015bne...&quot;. On the left side, it is clearly indicated that this is the &quot;L&amp;M Silver Label&quot; version. The original Polish excise stamp with the certificate &quot;Papierosy Kraj 2004&quot; remains at the top.<\/p>\n<hr data-start=\"843\" data-end=\"846\" \/>\n<p data-start=\"848\" data-end=\"871\"><strong data-start=\"848\" data-end=\"871\">Value assessment:<\/strong><\/p>\n<p data-start=\"873\" data-end=\"1140\"><strong data-start=\"873\" data-end=\"893\">Collectible value:<\/strong> High. This edition was part of a limited campaign, released in Poland in 2004, so the number of surviving copies is limited. The visually striking design, the nature of the campaign and its exclusivity make this pack valuable to collectors.<\/p>\n<p data-start=\"1142\" data-end=\"1234\"><strong data-start=\"1142\" data-end=\"1164\">Condition assessment:<\/strong> Unopened, in excellent condition, with original Polish excise label.<\/p>\n<p data-start=\"1236\" data-end=\"1491\"><strong data-start=\"1236\" data-end=\"1276\">Historical data and popularity:<\/strong> L&amp;M is one of the most popular cigarette brands in Eastern Europe. The 2004 &quot;Get Tuned&quot; advertising campaign in Poland was aimed at youth and club culture, so this pack became an exclusive edition.<\/p>","protected":false},"excerpt":{"rendered":"<p data-start=\"0\" data-end=\"80\"><strong data-start=\"0\" data-end=\"34\">Brand and name:<\/strong> L&amp;M Silver Label &quot;Get Tuned - Podkr\u0119\u0107 Muzyk\u0119&quot;\u201e<\/p>\n<p data-start=\"82\" data-end=\"105\"><strong data-start=\"82\" data-end=\"92\">Size:<\/strong> 20 cigarettes<\/p>\n<p data-start=\"107\" data-end=\"133\"><strong data-start=\"107\" data-end=\"125\">Country of manufacture:<\/strong> Poland<\/p>\n<p data-start=\"135\" data-end=\"196\"><strong data-start=\"135\" data-end=\"159\">Production period:<\/strong> 2004 (based on excise stamp)<\/p>\n<p data-start=\"198\" data-end=\"231\"><strong data-start=\"198\" data-end=\"216\">Package type:<\/strong> Hard pack<\/p>","protected":false},"featured_media":16210,"template":"","meta":{"_surecart_dashboard_logo_width":"180px","_surecart_dashboard_show_logo":true,"_surecart_dashboard_navigation_orders":true,"_surecart_dashboard_navigation_invoices":true,"_surecart_dashboard_navigation_subscriptions":true,"_surecart_dashboard_navigation_downloads":true,"_surecart_dashboard_navigation_billing":true,"_surecart_dashboard_navigation_account":true,"site-sidebar-layout":"default","site-content-layout":"","ast-site-content-layout":"default","site-content-style":"default","site-sidebar-style":"default","ast-global-header-display":"","ast-banner-title-visibility":"","ast-main-header-display":"","ast-hfb-above-header-display":"","ast-hfb-below-header-display":"","ast-hfb-mobile-header-display":"","site-post-title":"","ast-breadcrumbs-content":"","ast-featured-img":"","footer-sml-layout":"","theme-transparent-header-meta":"default","adv-header-id-meta":"","stick-header-meta":"","header-above-stick-meta":"","header-main-stick-meta":"","header-below-stick-meta":"","astra-migrate-meta-layouts":"set","ast-page-background-enabled":"default","ast-page-background-meta":{"desktop":{"background-color":"","background-image":"","background-repeat":"repeat","background-position":"center center","background-size":"auto","background-attachment":"scroll","background-type":"","background-media":"","overlay-type":"","overlay-color":"","overlay-opacity":"","overlay-gradient":""},"tablet":{"background-color":"","background-image":"","background-repeat":"repeat","background-position":"center center","background-size":"auto","background-attachment":"scroll","background-type":"","background-media":"","overlay-type":"","overlay-color":"","overlay-opacity":"","overlay-gradient":""},"mobile":{"background-color":"","background-image":"","background-repeat":"repeat","background-position":"center center","background-size":"auto","background-attachment":"scroll","background-type":"","background-media":"","overlay-type":"","overlay-color":"","overlay-opacity":"","overlay-gradient":""}},"ast-content-background-meta":{"desktop":{"background-color":"var(--ast-global-color-5)","background-image":"","background-repeat":"repeat","background-position":"center center","background-size":"auto","background-attachment":"scroll","background-type":"","background-media":"","overlay-type":"","overlay-color":"","overlay-opacity":"","overlay-gradient":""},"tablet":{"background-color":"var(--ast-global-color-5)","background-image":"","background-repeat":"repeat","background-position":"center center","background-size":"auto","background-attachment":"scroll","background-type":"","background-media":"","overlay-type":"","overlay-color":"","overlay-opacity":"","overlay-gradient":""},"mobile":{"background-color":"var(--ast-global-color-5)","background-image":"","background-repeat":"repeat","background-position":"center center","background-size":"auto","background-attachment":"scroll","background-type":"","background-media":"","overlay-type":"","overlay-color":"","overlay-opacity":"","overlay-gradient":""}}},"product_brand":[],"product_cat":[182],"product_tag":[],"class_list":{"0":"post-16263","1":"product","2":"type-product","3":"status-publish","4":"has-post-thumbnail","6":"product_cat-poland","7":"desktop-align-left","8":"tablet-align-left","9":"mobile-align-left","11":"first","12":"outofstock","13":"sale","14":"shipping-taxable","15":"purchasable","16":"product-type-simple","17":"add-to-wishlist-before_image"},"_links":{"self":[{"href":"https:\/\/colligatum.com\/en\/wp-json\/wp\/v2\/product\/16263","targetHints":{"allow":["GET"]}}],"collection":[{"href":"https:\/\/colligatum.com\/en\/wp-json\/wp\/v2\/product"}],"about":[{"href":"https:\/\/colligatum.com\/en\/wp-json\/wp\/v2\/types\/product"}],"version-history":[{"count":1,"href":"https:\/\/colligatum.com\/en\/wp-json\/wp\/v2\/product\/16263\/revisions"}],"predecessor-version":[{"id":16264,"href":"https:\/\/colligatum.com\/en\/wp-json\/wp\/v2\/product\/16263\/revisions\/16264"}],"wp:featuredmedia":[{"embeddable":true,"href":"https:\/\/colligatum.com\/en\/wp-json\/wp\/v2\/media\/16210"}],"wp:attachment":[{"href":"https:\/\/colligatum.com\/en\/wp-json\/wp\/v2\/media?parent=16263"}],"wp:term":[{"taxonomy":"product_brand","embeddable":true,"href":"https:\/\/colligatum.com\/en\/wp-json\/wp\/v2\/product_brand?post=16263"},{"taxonomy":"product_cat","embeddable":true,"href":"https:\/\/colligatum.com\/en\/wp-json\/wp\/v2\/product_cat?post=16263"},{"taxonomy":"product_tag","embeddable":true,"href":"https:\/\/colligatum.com\/en\/wp-json\/wp\/v2\/product_tag?post=16263"}],"curies":[{"name":"wp","href":"https:\/\/api.w.org\/{rel}","templated":true}]}}