{"id":16483,"date":"2025-07-26T06:49:34","date_gmt":"2025-07-26T04:49:34","guid":{"rendered":"https:\/\/colligatum.com\/?post_type=product&#038;p=16483"},"modified":"2026-04-15T06:02:10","modified_gmt":"2026-04-15T04:02:10","slug":"%d1%84%d0%b8%d0%bb%d1%8c%d1%82%d1%80-filtrs-1-skiras","status":"publish","type":"product","link":"https:\/\/colligatum.com\/en\/product\/%d1%84%d0%b8%d0%bb%d1%8c%d1%82%d1%80-filtrs-1-skiras\/","title":{"rendered":"Filter (1. Section)"},"content":{"rendered":"<p data-start=\"312\" data-end=\"862\"><strong data-start=\"312\" data-end=\"326\">Description:<\/strong><br data-start=\"326\" data-end=\"329\" \/>\u0160is sovietin\u0117s eros cigare\u010di\u0173 pakelis \u201e\u0424\u0438\u043b\u044c\u0442\u0440\u201c (lietuvi\u0161kai \u201eFiltrs\u201c) i\u0161leistas Taryb\u0173 Lietuvoje, \u017eymimas kaip \u201e1. \u0160kiras\u201c \u2013 tai rei\u0161kia auk\u0161tesn\u0119 tabako kokyb\u0117s klas\u0119. Dizainas i\u0161laikytas minimalistinis: sm\u0117linis fonas su grafiniu logotipu, kurio centre \u2013 stilizuota \u201e\u0424\u201c\/\u201eF\u201c raid\u0117, auksin\u0117s spalvos akcentai, bei raudona juostel\u0117, skirta lengvam atpl\u0117\u0161imui. Ant vienos pus\u0117s tekstas pateiktas lietuvi\u0173, o kitoje \u2013 rus\u0173 kalba, tai b\u016bdinga sovietiniu laikotarpiu gamintiems produktams, skirtiems tiek vietinei, tiek visos TSRS rinkai.<\/p>\n<p data-start=\"864\" data-end=\"889\"><strong data-start=\"864\" data-end=\"887\">Value assessment:<\/strong><\/p>\n<ul data-start=\"890\" data-end=\"1325\">\n<li data-start=\"890\" data-end=\"1013\">\n<p data-start=\"892\" data-end=\"1013\"><strong data-start=\"892\" data-end=\"912\">Collectible value:<\/strong> Auk\u0161ta, ypa\u010d d\u0117l pakelio autenti\u0161kumo, puikios b\u016bkl\u0117s ir lietuvi\u0161ko dizaino sovietme\u010dio kontekste.<\/p>\n<\/li>\n<li data-start=\"1014\" data-end=\"1123\">\n<p data-start=\"1016\" data-end=\"1123\"><strong data-start=\"1016\" data-end=\"1038\">Condition assessment:<\/strong> Neatidarytas, originali celofanavimo pl\u0117vel\u0117 i\u0161likusi \u2013 puikios kolekcin\u0117s b\u016bkl\u0117s.<\/p>\n<\/li>\n<li data-start=\"1124\" data-end=\"1325\">\n<p data-start=\"1126\" data-end=\"1325\"><strong data-start=\"1126\" data-end=\"1166\">Historical data and popularity:<\/strong> \u0160io tipo pakeliai buvo paplit\u0119 Taryb\u0173 S\u0105jungoje, bet dabar yra reti, ypa\u010d su lietuvi\u0161ku u\u017era\u0161u. Ie\u0161komi kolekcinink\u0173, besidomin\u010di\u0173 TSRS laikotarpio gaminiais.<\/p>\n<\/li>\n<\/ul>","protected":false},"excerpt":{"rendered":"<p data-start=\"100\" data-end=\"162\"><strong data-start=\"100\" data-end=\"134\">Brand and name:<\/strong> Filter (1. Section)<\/p>\n<p data-start=\"164\" data-end=\"187\"><strong data-start=\"164\" data-end=\"174\">Size:<\/strong> 20 cigarettes<\/p>\n<p data-start=\"189\" data-end=\"229\"><strong data-start=\"189\" data-end=\"207\">Country of manufacture:<\/strong> Taryb\u0173 Lietuva (TSRS)<\/p>\n<p data-start=\"231\" data-end=\"273\"><strong data-start=\"231\" data-end=\"255\">Production period:<\/strong> Around 1970\u20131985.<\/p>\n<p data-start=\"275\" data-end=\"310\"><strong data-start=\"275\" data-end=\"293\">Package type:<\/strong> Soft pack<\/p>","protected":false},"featured_media":16484,"template":"","meta":{"_surecart_dashboard_logo_width":"180px","_surecart_dashboard_show_logo":true,"_surecart_dashboard_navigation_orders":true,"_surecart_dashboard_navigation_invoices":true,"_surecart_dashboard_navigation_subscriptions":true,"_surecart_dashboard_navigation_downloads":true,"_surecart_dashboard_navigation_billing":true,"_surecart_dashboard_navigation_account":true,"site-sidebar-layout":"default","site-content-layout":"","ast-site-content-layout":"default","site-content-style":"default","site-sidebar-style":"default","ast-global-header-display":"","ast-banner-title-visibility":"","ast-main-header-display":"","ast-hfb-above-header-display":"","ast-hfb-below-header-display":"","ast-hfb-mobile-header-display":"","site-post-title":"","ast-breadcrumbs-content":"","ast-featured-img":"","footer-sml-layout":"","theme-transparent-header-meta":"default","adv-header-id-meta":"","stick-header-meta":"","header-above-stick-meta":"","header-main-stick-meta":"","header-below-stick-meta":"","astra-migrate-meta-layouts":"set","ast-page-background-enabled":"default","ast-page-background-meta":{"desktop":{"background-color":"","background-image":"","background-repeat":"repeat","background-position":"center center","background-size":"auto","background-attachment":"scroll","background-type":"","background-media":"","overlay-type":"","overlay-color":"","overlay-opacity":"","overlay-gradient":""},"tablet":{"background-color":"","background-image":"","background-repeat":"repeat","background-position":"center center","background-size":"auto","background-attachment":"scroll","background-type":"","background-media":"","overlay-type":"","overlay-color":"","overlay-opacity":"","overlay-gradient":""},"mobile":{"background-color":"","background-image":"","background-repeat":"repeat","background-position":"center center","background-size":"auto","background-attachment":"scroll","background-type":"","background-media":"","overlay-type":"","overlay-color":"","overlay-opacity":"","overlay-gradient":""}},"ast-content-background-meta":{"desktop":{"background-color":"var(--ast-global-color-5)","background-image":"","background-repeat":"repeat","background-position":"center center","background-size":"auto","background-attachment":"scroll","background-type":"","background-media":"","overlay-type":"","overlay-color":"","overlay-opacity":"","overlay-gradient":""},"tablet":{"background-color":"var(--ast-global-color-5)","background-image":"","background-repeat":"repeat","background-position":"center center","background-size":"auto","background-attachment":"scroll","background-type":"","background-media":"","overlay-type":"","overlay-color":"","overlay-opacity":"","overlay-gradient":""},"mobile":{"background-color":"var(--ast-global-color-5)","background-image":"","background-repeat":"repeat","background-position":"center center","background-size":"auto","background-attachment":"scroll","background-type":"","background-media":"","overlay-type":"","overlay-color":"","overlay-opacity":"","overlay-gradient":""}}},"product_brand":[],"product_cat":[85],"product_tag":[],"class_list":{"0":"post-16483","1":"product","2":"type-product","3":"status-publish","4":"has-post-thumbnail","6":"product_cat-lithuania","7":"desktop-align-left","8":"tablet-align-left","9":"mobile-align-left","11":"first","12":"instock","13":"sale","14":"shipping-taxable","15":"purchasable","16":"product-type-simple","17":"add-to-wishlist-before_image"},"_links":{"self":[{"href":"https:\/\/colligatum.com\/en\/wp-json\/wp\/v2\/product\/16483","targetHints":{"allow":["GET"]}}],"collection":[{"href":"https:\/\/colligatum.com\/en\/wp-json\/wp\/v2\/product"}],"about":[{"href":"https:\/\/colligatum.com\/en\/wp-json\/wp\/v2\/types\/product"}],"version-history":[{"count":1,"href":"https:\/\/colligatum.com\/en\/wp-json\/wp\/v2\/product\/16483\/revisions"}],"predecessor-version":[{"id":16538,"href":"https:\/\/colligatum.com\/en\/wp-json\/wp\/v2\/product\/16483\/revisions\/16538"}],"wp:featuredmedia":[{"embeddable":true,"href":"https:\/\/colligatum.com\/en\/wp-json\/wp\/v2\/media\/16484"}],"wp:attachment":[{"href":"https:\/\/colligatum.com\/en\/wp-json\/wp\/v2\/media?parent=16483"}],"wp:term":[{"taxonomy":"product_brand","embeddable":true,"href":"https:\/\/colligatum.com\/en\/wp-json\/wp\/v2\/product_brand?post=16483"},{"taxonomy":"product_cat","embeddable":true,"href":"https:\/\/colligatum.com\/en\/wp-json\/wp\/v2\/product_cat?post=16483"},{"taxonomy":"product_tag","embeddable":true,"href":"https:\/\/colligatum.com\/en\/wp-json\/wp\/v2\/product_tag?post=16483"}],"curies":[{"name":"wp","href":"https:\/\/api.w.org\/{rel}","templated":true}]}}