{"id":16555,"date":"2025-07-26T09:45:25","date_gmt":"2025-07-26T07:45:25","guid":{"rendered":"https:\/\/colligatum.com\/?post_type=product&#038;p=16555"},"modified":"2026-04-15T12:16:35","modified_gmt":"2026-04-15T10:16:35","slug":"%d0%b0%d1%8d%d1%80%d0%be%d1%84%d0%bb%d0%be%d1%82-2","status":"publish","type":"product","link":"https:\/\/colligatum.com\/en\/product\/%d0%b0%d1%8d%d1%80%d0%be%d1%84%d0%bb%d0%be%d1%82-2\/","title":{"rendered":"Aeroflot"},"content":{"rendered":"<p data-start=\"368\" data-end=\"963\"><strong data-start=\"368\" data-end=\"382\">Description:<\/strong><br data-start=\"382\" data-end=\"385\" \/>\u0160is cigare\u010di\u0173 pakelis, pa\u017eym\u0117tas prek\u0117s \u017eenklu \u201e\u0410\u044d\u0440\u043e\u0444\u043b\u043e\u0442\u201c, yra alternatyvus dizainas, palyginti su anks\u010diau naudotu Aerofloto pakeliu. \u0160\u012f leidim\u0105 puo\u0161ia modernizuotas m\u0117lynas logotipas su stilizuotu l\u0117ktuvu skriejan\u010diu per apskritim\u0105 \u2013 tai atspindi v\u0117lesn\u012f Aerofloto vizualin\u012f identitet\u0105. Po logotipu pateiktas pavadinimas \u201e\u0410\u044d\u0440\u043e\u0444\u043b\u043e\u0442\u201c, o apatin\u0117je dalyje \u2013 raudonas pjautuvo simbolis su sparnais. Spalvin\u0117 gama \u0161viesi, o pats dizainas minimalistinis ir oficialus \u2013 tai rodo galim\u0105 naudojim\u0105 reprezentaciniais arba reklaminias tikslais, susijusiais su sovietine aviacijos pramone.<\/p>\n<p data-start=\"965\" data-end=\"990\"><strong data-start=\"965\" data-end=\"988\">Value assessment:<\/strong><\/p>\n<ul data-start=\"991\" data-end=\"1516\">\n<li data-start=\"991\" data-end=\"1158\">\n<p data-start=\"993\" data-end=\"1158\"><strong data-start=\"993\" data-end=\"1013\">Collectible value:<\/strong> Auk\u0161ta, ypa\u010d d\u0117l priklausymo teminei (aviacija, transportas) grupei. \u0160is variantas retesnis nei pirmasis \u201eAeroflot\u201c pakelis su m\u0117lynu dangumi.<\/p>\n<\/li>\n<li data-start=\"1159\" data-end=\"1308\">\n<p data-start=\"1161\" data-end=\"1308\"><strong data-start=\"1161\" data-end=\"1183\">Condition assessment:<\/strong> Neatidarytas, su i\u0161likusia originalia pl\u0117vele, ta\u010diau su pastebimais d\u0117m\u0117jimais ir deformacija \u2013 vidutin\u0117 kolekcin\u0117 b\u016bkl\u0117.<\/p>\n<\/li>\n<li data-start=\"1309\" data-end=\"1516\">\n<p data-start=\"1311\" data-end=\"1516\"><strong data-start=\"1311\" data-end=\"1351\">Historical data and popularity:<\/strong> \u0160is pakelis susij\u0119s su vienu did\u017eiausi\u0173 pasaulio oro ve\u017e\u0117j\u0173 XX a. \u2013 \u201eAeroflot\u201c. Kolekcinink\u0173 tarpe labai vertinamas kaip sovietin\u0117s propagandin\u0117s pakuot\u0117s pavyzdys.<\/p>\n<\/li>\n<\/ul>","protected":false},"excerpt":{"rendered":"<p data-start=\"144\" data-end=\"218\"><strong data-start=\"144\" data-end=\"178\">Brand and name:<\/strong> \u0410\u044d\u0440\u043e\u0444\u043b\u043e\u0442 (variantas su m\u0117lynu logotipu)<\/p>\n<p data-start=\"220\" data-end=\"243\"><strong data-start=\"220\" data-end=\"230\">Size:<\/strong> 20 cigarettes<\/p>\n<p data-start=\"245\" data-end=\"285\"><strong data-start=\"245\" data-end=\"263\">Country of manufacture:<\/strong> Soviet Union (USSR)<\/p>\n<p data-start=\"287\" data-end=\"329\"><strong data-start=\"287\" data-end=\"311\">Production period:<\/strong> Around 1960-1970.<\/p>\n<p data-start=\"331\" data-end=\"366\"><strong data-start=\"331\" data-end=\"349\">Package type:<\/strong> Soft pack<\/p>","protected":false},"featured_media":27698,"template":"","meta":{"_surecart_dashboard_logo_width":"180px","_surecart_dashboard_show_logo":true,"_surecart_dashboard_navigation_orders":true,"_surecart_dashboard_navigation_invoices":true,"_surecart_dashboard_navigation_subscriptions":true,"_surecart_dashboard_navigation_downloads":true,"_surecart_dashboard_navigation_billing":true,"_surecart_dashboard_navigation_account":true,"site-sidebar-layout":"default","site-content-layout":"","ast-site-content-layout":"default","site-content-style":"default","site-sidebar-style":"default","ast-global-header-display":"","ast-banner-title-visibility":"","ast-main-header-display":"","ast-hfb-above-header-display":"","ast-hfb-below-header-display":"","ast-hfb-mobile-header-display":"","site-post-title":"","ast-breadcrumbs-content":"","ast-featured-img":"","footer-sml-layout":"","ast-disable-related-posts":"","theme-transparent-header-meta":"default","adv-header-id-meta":"","stick-header-meta":"","header-above-stick-meta":"","header-main-stick-meta":"","header-below-stick-meta":"","astra-migrate-meta-layouts":"set","ast-page-background-enabled":"default","ast-page-background-meta":{"desktop":{"background-color":"","background-image":"","background-repeat":"repeat","background-position":"center center","background-size":"auto","background-attachment":"scroll","background-type":"","background-media":"","overlay-type":"","overlay-color":"","overlay-opacity":"","overlay-gradient":""},"tablet":{"background-color":"","background-image":"","background-repeat":"repeat","background-position":"center center","background-size":"auto","background-attachment":"scroll","background-type":"","background-media":"","overlay-type":"","overlay-color":"","overlay-opacity":"","overlay-gradient":""},"mobile":{"background-color":"","background-image":"","background-repeat":"repeat","background-position":"center center","background-size":"auto","background-attachment":"scroll","background-type":"","background-media":"","overlay-type":"","overlay-color":"","overlay-opacity":"","overlay-gradient":""}},"ast-content-background-meta":{"desktop":{"background-color":"var(--ast-global-color-5)","background-image":"","background-repeat":"repeat","background-position":"center center","background-size":"auto","background-attachment":"scroll","background-type":"","background-media":"","overlay-type":"","overlay-color":"","overlay-opacity":"","overlay-gradient":""},"tablet":{"background-color":"var(--ast-global-color-5)","background-image":"","background-repeat":"repeat","background-position":"center center","background-size":"auto","background-attachment":"scroll","background-type":"","background-media":"","overlay-type":"","overlay-color":"","overlay-opacity":"","overlay-gradient":""},"mobile":{"background-color":"var(--ast-global-color-5)","background-image":"","background-repeat":"repeat","background-position":"center center","background-size":"auto","background-attachment":"scroll","background-type":"","background-media":"","overlay-type":"","overlay-color":"","overlay-opacity":"","overlay-gradient":""}}},"product_brand":[],"product_cat":[257,183],"product_tag":[],"class_list":{"0":"post-16555","1":"product","2":"type-product","3":"status-publish","4":"has-post-thumbnail","6":"product_cat-rarest","7":"product_cat-russia","8":"desktop-align-left","9":"tablet-align-left","10":"mobile-align-left","12":"first","13":"instock","14":"sale","15":"shipping-taxable","16":"purchasable","17":"product-type-simple","18":"add-to-wishlist-before_image"},"_links":{"self":[{"href":"https:\/\/colligatum.com\/en\/wp-json\/wp\/v2\/product\/16555","targetHints":{"allow":["GET"]}}],"collection":[{"href":"https:\/\/colligatum.com\/en\/wp-json\/wp\/v2\/product"}],"about":[{"href":"https:\/\/colligatum.com\/en\/wp-json\/wp\/v2\/types\/product"}],"version-history":[{"count":2,"href":"https:\/\/colligatum.com\/en\/wp-json\/wp\/v2\/product\/16555\/revisions"}],"predecessor-version":[{"id":27633,"href":"https:\/\/colligatum.com\/en\/wp-json\/wp\/v2\/product\/16555\/revisions\/27633"}],"wp:featuredmedia":[{"embeddable":true,"href":"https:\/\/colligatum.com\/en\/wp-json\/wp\/v2\/media\/27698"}],"wp:attachment":[{"href":"https:\/\/colligatum.com\/en\/wp-json\/wp\/v2\/media?parent=16555"}],"wp:term":[{"taxonomy":"product_brand","embeddable":true,"href":"https:\/\/colligatum.com\/en\/wp-json\/wp\/v2\/product_brand?post=16555"},{"taxonomy":"product_cat","embeddable":true,"href":"https:\/\/colligatum.com\/en\/wp-json\/wp\/v2\/product_cat?post=16555"},{"taxonomy":"product_tag","embeddable":true,"href":"https:\/\/colligatum.com\/en\/wp-json\/wp\/v2\/product_tag?post=16555"}],"curies":[{"name":"wp","href":"https:\/\/api.w.org\/{rel}","templated":true}]}}