{"id":16581,"date":"2025-07-26T10:32:53","date_gmt":"2025-07-26T08:32:53","guid":{"rendered":"https:\/\/colligatum.com\/?post_type=product&#038;p=16581"},"modified":"2026-03-29T11:05:21","modified_gmt":"2026-03-29T09:05:21","slug":"%d0%bf%d1%80%d0%b0%d0%b7%d0%b4%d0%bd%d0%b8%d1%87%d0%bd%d1%8b%d0%b5","status":"publish","type":"product","link":"https:\/\/colligatum.com\/en\/product\/%d0%bf%d1%80%d0%b0%d0%b7%d0%b4%d0%bd%d0%b8%d1%87%d0%bd%d1%8b%d0%b5\/","title":{"rendered":"Festive"},"content":{"rendered":"<p data-start=\"275\" data-end=\"794\"><strong data-start=\"275\" data-end=\"289\">Description:<\/strong> \u0160is ry\u0161kus sovietme\u010dio cigare\u010di\u0173 pakelis \u201e\u041f\u0440\u0430\u0437\u0434\u043d\u0438\u0447\u043d\u044b\u0435\u201c (\u201e\u0160ventin\u0117s\u201c) i\u0161siskiria spalvingu dizainu, primenan\u010diu tautinius siuvin\u0117jimo ra\u0161tus. Auksin\u0117s spalvos juosta su pavadinimu centre kontrastuoja su geometriniu ornamentu, kuris apima vis\u0105 pakelio pavir\u0161i\u0173. \u0160ventinis dizainas buvo skirtas pabr\u0117\u017eti i\u0161skirtinum\u0105 ir pakelti pakelio vizualin\u012f patrauklum\u0105 tuo laikotarpiu. \u0160onin\u0117se pus\u0117se pateikta informacija apie kiek\u012f ir gamybos viet\u0105 rus\u0173 kalba. Pakuot\u0117 u\u017ekonservuota skaidrioje pl\u0117vel\u0117je, nepa\u017eeista.<\/p>\n<hr data-start=\"796\" data-end=\"799\" \/>\n<p data-start=\"801\" data-end=\"824\"><strong data-start=\"801\" data-end=\"824\">Value assessment:<\/strong><\/p>\n<p data-start=\"826\" data-end=\"1043\"><strong data-start=\"826\" data-end=\"846\">Collectible value:<\/strong> Vidutin\u0117\u2013auk\u0161ta. D\u0117l i\u0161skirtinio ir spalvingo dizaino \u0161is pakelis da\u017enai vertinamas kaip dekoratyvinis kolekcinis objektas. Tai n\u0117ra retas pakelis, bet da\u017eniausiai ie\u0161komas geros b\u016bkl\u0117s variantas.<\/p>\n<p data-start=\"1045\" data-end=\"1130\"><strong data-start=\"1045\" data-end=\"1067\">Condition assessment:<\/strong> Unopened, in excellent condition, with original protective film.<\/p>\n<p data-start=\"1132\" data-end=\"1464\"><strong data-start=\"1132\" data-end=\"1172\">Historical data and popularity:<\/strong> \u201e\u041f\u0440\u0430\u0437\u0434\u043d\u0438\u0447\u043d\u044b\u0435\u201c cigaret\u0117s buvo vienas i\u0161 i\u0161skirtinesni\u0173 leidim\u0173 sovietme\u010diu, pabr\u0117\u017eiantis \u0161venti\u0161kum\u0105 ir tautin\u012f stili\u0173. Pakelis atspindi tuo laikotarpiu b\u016bding\u0105 nor\u0105 derinti paprastum\u0105 su estetiniu akcentu. Kolekcinink\u0173 tarpe \u017einomas ir da\u017enai ie\u0161komas modelis, ypa\u010d ryt\u0173 Europos kolekcijose.<\/p>","protected":false},"excerpt":{"rendered":"<p data-start=\"98\" data-end=\"144\"><strong data-start=\"98\" data-end=\"132\">Brand and name:<\/strong> Festive<\/p>\n<p data-start=\"146\" data-end=\"169\"><strong data-start=\"146\" data-end=\"156\">Size:<\/strong> 20 cigarettes<\/p>\n<p data-start=\"171\" data-end=\"194\"><strong data-start=\"171\" data-end=\"189\">Country of manufacture:<\/strong> USSR<\/p>\n<p data-start=\"196\" data-end=\"238\"><strong data-start=\"196\" data-end=\"220\">Production period:<\/strong> Around 1980-1990.<\/p>\n<p data-start=\"240\" data-end=\"273\"><strong data-start=\"240\" data-end=\"258\">Package type:<\/strong> Hard pack<\/p>","protected":false},"featured_media":16528,"template":"","meta":{"_surecart_dashboard_logo_width":"180px","_surecart_dashboard_show_logo":true,"_surecart_dashboard_navigation_orders":true,"_surecart_dashboard_navigation_invoices":true,"_surecart_dashboard_navigation_subscriptions":true,"_surecart_dashboard_navigation_downloads":true,"_surecart_dashboard_navigation_billing":true,"_surecart_dashboard_navigation_account":true,"site-sidebar-layout":"default","site-content-layout":"","ast-site-content-layout":"default","site-content-style":"default","site-sidebar-style":"default","ast-global-header-display":"","ast-banner-title-visibility":"","ast-main-header-display":"","ast-hfb-above-header-display":"","ast-hfb-below-header-display":"","ast-hfb-mobile-header-display":"","site-post-title":"","ast-breadcrumbs-content":"","ast-featured-img":"","footer-sml-layout":"","theme-transparent-header-meta":"default","adv-header-id-meta":"","stick-header-meta":"","header-above-stick-meta":"","header-main-stick-meta":"","header-below-stick-meta":"","astra-migrate-meta-layouts":"set","ast-page-background-enabled":"default","ast-page-background-meta":{"desktop":{"background-color":"","background-image":"","background-repeat":"repeat","background-position":"center center","background-size":"auto","background-attachment":"scroll","background-type":"","background-media":"","overlay-type":"","overlay-color":"","overlay-opacity":"","overlay-gradient":""},"tablet":{"background-color":"","background-image":"","background-repeat":"repeat","background-position":"center center","background-size":"auto","background-attachment":"scroll","background-type":"","background-media":"","overlay-type":"","overlay-color":"","overlay-opacity":"","overlay-gradient":""},"mobile":{"background-color":"","background-image":"","background-repeat":"repeat","background-position":"center center","background-size":"auto","background-attachment":"scroll","background-type":"","background-media":"","overlay-type":"","overlay-color":"","overlay-opacity":"","overlay-gradient":""}},"ast-content-background-meta":{"desktop":{"background-color":"var(--ast-global-color-5)","background-image":"","background-repeat":"repeat","background-position":"center center","background-size":"auto","background-attachment":"scroll","background-type":"","background-media":"","overlay-type":"","overlay-color":"","overlay-opacity":"","overlay-gradient":""},"tablet":{"background-color":"var(--ast-global-color-5)","background-image":"","background-repeat":"repeat","background-position":"center center","background-size":"auto","background-attachment":"scroll","background-type":"","background-media":"","overlay-type":"","overlay-color":"","overlay-opacity":"","overlay-gradient":""},"mobile":{"background-color":"var(--ast-global-color-5)","background-image":"","background-repeat":"repeat","background-position":"center center","background-size":"auto","background-attachment":"scroll","background-type":"","background-media":"","overlay-type":"","overlay-color":"","overlay-opacity":"","overlay-gradient":""}}},"product_brand":[],"product_cat":[183],"product_tag":[],"class_list":{"0":"post-16581","1":"product","2":"type-product","3":"status-publish","4":"has-post-thumbnail","6":"product_cat-russia","7":"desktop-align-left","8":"tablet-align-left","9":"mobile-align-left","11":"first","12":"outofstock","13":"sale","14":"shipping-taxable","15":"purchasable","16":"product-type-simple","17":"add-to-wishlist-before_image"},"_links":{"self":[{"href":"https:\/\/colligatum.com\/en\/wp-json\/wp\/v2\/product\/16581","targetHints":{"allow":["GET"]}}],"collection":[{"href":"https:\/\/colligatum.com\/en\/wp-json\/wp\/v2\/product"}],"about":[{"href":"https:\/\/colligatum.com\/en\/wp-json\/wp\/v2\/types\/product"}],"version-history":[{"count":1,"href":"https:\/\/colligatum.com\/en\/wp-json\/wp\/v2\/product\/16581\/revisions"}],"predecessor-version":[{"id":16582,"href":"https:\/\/colligatum.com\/en\/wp-json\/wp\/v2\/product\/16581\/revisions\/16582"}],"wp:featuredmedia":[{"embeddable":true,"href":"https:\/\/colligatum.com\/en\/wp-json\/wp\/v2\/media\/16528"}],"wp:attachment":[{"href":"https:\/\/colligatum.com\/en\/wp-json\/wp\/v2\/media?parent=16581"}],"wp:term":[{"taxonomy":"product_brand","embeddable":true,"href":"https:\/\/colligatum.com\/en\/wp-json\/wp\/v2\/product_brand?post=16581"},{"taxonomy":"product_cat","embeddable":true,"href":"https:\/\/colligatum.com\/en\/wp-json\/wp\/v2\/product_cat?post=16581"},{"taxonomy":"product_tag","embeddable":true,"href":"https:\/\/colligatum.com\/en\/wp-json\/wp\/v2\/product_tag?post=16581"}],"curies":[{"name":"wp","href":"https:\/\/api.w.org\/{rel}","templated":true}]}}