{"id":16679,"date":"2025-07-27T06:02:06","date_gmt":"2025-07-27T04:02:06","guid":{"rendered":"https:\/\/colligatum.com\/?post_type=product&#038;p=16679"},"modified":"2026-04-16T11:51:33","modified_gmt":"2026-04-16T09:51:33","slug":"klaipeda-restoranas-meridiana","status":"publish","type":"product","link":"https:\/\/colligatum.com\/en\/product\/klaipeda-restoranas-meridiana\/","title":{"rendered":"Klaipeda &quot;Restaurant Meridiana&quot;\u201e"},"content":{"rendered":"<p data-start=\"310\" data-end=\"852\"><strong data-start=\"310\" data-end=\"324\">Description:<\/strong> \u0160is \u201eKlaip\u0117da\u201c cigare\u010di\u0173 pakelis yra i\u0161skirtinis sovietme\u010dio Lietuvos leidimas, skirtas garsiausiam miesto simboliui \u2013 burlaiviui-restoranui \u201eMeridianas\u201c. Pakelio dizainas minimalistinis, dominuoja balta ir m\u0117lyna spalvos, kuriose i\u0161ry\u0161kintas burlaivio pie\u0161inys bei pavadinimas \u201eKLAIP\u0116DA\u201c. Apa\u010dioje nurodyta kaina \u2013 30 kapeik\u0173. U\u017era\u0161ai pateikti lietuvi\u0173 ir rus\u0173 kalbomis, pakelis ai\u0161kiai orientuotas \u012f vidaus vartojim\u0105 Lietuvos TSR. Tai vienas i\u0161 retesni\u0173 pavyzd\u017ei\u0173, kai cigare\u010di\u0173 pakelis tampa miesto reprezentaciniu simboliu.<\/p>\n<hr data-start=\"854\" data-end=\"857\" \/>\n<p data-start=\"859\" data-end=\"882\"><strong data-start=\"859\" data-end=\"882\">Value assessment:<\/strong><\/p>\n<p data-start=\"884\" data-end=\"1015\"><strong data-start=\"884\" data-end=\"904\">Collectible value:<\/strong> Auk\u0161ta. D\u0117l geografinio identiteto, unikalaus dizaino ir reta i\u0161likimo \u0161i serija labai vertinama kolekcinink\u0173.<\/p>\n<p data-start=\"1017\" data-end=\"1095\"><strong data-start=\"1017\" data-end=\"1039\">Condition assessment:<\/strong> Unopened, in original film, very good condition.<\/p>\n<p data-start=\"1097\" data-end=\"1450\"><strong data-start=\"1097\" data-end=\"1137\">Historical data and popularity:<\/strong> \u201eKlaip\u0117da\u201c cigare\u010di\u0173 pakelis, dedikuotas restoranui \u201eMeridianas\u201c, laikomas vienu i\u0161 \u012fdomiausi\u0173 temini\u0173 leidim\u0173 sovietin\u0117je Lietuvoje. Kolekcinink\u0173 tarpe tai pakankamai ie\u0161komas pakelis d\u0117l vizualinio ai\u0161kumo ir regioninio i\u0161skirtinumo. Populiarus tiek tarp Lietuvos kolekcinink\u0173, tiek tarp SSRS pakuo\u010di\u0173 rink\u0117j\u0173.<\/p>","protected":false},"excerpt":{"rendered":"<p data-start=\"82\" data-end=\"148\"><strong data-start=\"82\" data-end=\"116\">Brand and name:<\/strong> Klaipeda &quot;Restaurant Meridiana&quot;\u201e<\/p>\n<p data-start=\"150\" data-end=\"173\"><strong data-start=\"150\" data-end=\"160\">Size:<\/strong> 20 cigarettes<\/p>\n<p data-start=\"175\" data-end=\"220\"><strong data-start=\"175\" data-end=\"193\">Country of manufacture:<\/strong> Lithuania (USSR period)<\/p>\n<p data-start=\"222\" data-end=\"271\"><strong data-start=\"222\" data-end=\"246\">Production period:<\/strong> Approximately 1970-1980.<\/p>\n<p data-start=\"273\" data-end=\"308\"><strong data-start=\"273\" data-end=\"291\">Package type:<\/strong> Soft pack<\/p>","protected":false},"featured_media":16626,"template":"","meta":{"_surecart_dashboard_logo_width":"180px","_surecart_dashboard_show_logo":true,"_surecart_dashboard_navigation_orders":true,"_surecart_dashboard_navigation_invoices":true,"_surecart_dashboard_navigation_subscriptions":true,"_surecart_dashboard_navigation_downloads":true,"_surecart_dashboard_navigation_billing":true,"_surecart_dashboard_navigation_account":true,"site-sidebar-layout":"default","site-content-layout":"","ast-site-content-layout":"default","site-content-style":"default","site-sidebar-style":"default","ast-global-header-display":"","ast-banner-title-visibility":"","ast-main-header-display":"","ast-hfb-above-header-display":"","ast-hfb-below-header-display":"","ast-hfb-mobile-header-display":"","site-post-title":"","ast-breadcrumbs-content":"","ast-featured-img":"","footer-sml-layout":"","theme-transparent-header-meta":"default","adv-header-id-meta":"","stick-header-meta":"","header-above-stick-meta":"","header-main-stick-meta":"","header-below-stick-meta":"","astra-migrate-meta-layouts":"set","ast-page-background-enabled":"default","ast-page-background-meta":{"desktop":{"background-color":"","background-image":"","background-repeat":"repeat","background-position":"center center","background-size":"auto","background-attachment":"scroll","background-type":"","background-media":"","overlay-type":"","overlay-color":"","overlay-opacity":"","overlay-gradient":""},"tablet":{"background-color":"","background-image":"","background-repeat":"repeat","background-position":"center center","background-size":"auto","background-attachment":"scroll","background-type":"","background-media":"","overlay-type":"","overlay-color":"","overlay-opacity":"","overlay-gradient":""},"mobile":{"background-color":"","background-image":"","background-repeat":"repeat","background-position":"center center","background-size":"auto","background-attachment":"scroll","background-type":"","background-media":"","overlay-type":"","overlay-color":"","overlay-opacity":"","overlay-gradient":""}},"ast-content-background-meta":{"desktop":{"background-color":"var(--ast-global-color-5)","background-image":"","background-repeat":"repeat","background-position":"center center","background-size":"auto","background-attachment":"scroll","background-type":"","background-media":"","overlay-type":"","overlay-color":"","overlay-opacity":"","overlay-gradient":""},"tablet":{"background-color":"var(--ast-global-color-5)","background-image":"","background-repeat":"repeat","background-position":"center center","background-size":"auto","background-attachment":"scroll","background-type":"","background-media":"","overlay-type":"","overlay-color":"","overlay-opacity":"","overlay-gradient":""},"mobile":{"background-color":"var(--ast-global-color-5)","background-image":"","background-repeat":"repeat","background-position":"center center","background-size":"auto","background-attachment":"scroll","background-type":"","background-media":"","overlay-type":"","overlay-color":"","overlay-opacity":"","overlay-gradient":""}}},"product_brand":[],"product_cat":[85],"product_tag":[],"class_list":{"0":"post-16679","1":"product","2":"type-product","3":"status-publish","4":"has-post-thumbnail","6":"product_cat-lithuania","7":"desktop-align-left","8":"tablet-align-left","9":"mobile-align-left","11":"first","12":"outofstock","13":"sale","14":"shipping-taxable","15":"purchasable","16":"product-type-simple","17":"add-to-wishlist-before_image"},"_links":{"self":[{"href":"https:\/\/colligatum.com\/en\/wp-json\/wp\/v2\/product\/16679","targetHints":{"allow":["GET"]}}],"collection":[{"href":"https:\/\/colligatum.com\/en\/wp-json\/wp\/v2\/product"}],"about":[{"href":"https:\/\/colligatum.com\/en\/wp-json\/wp\/v2\/types\/product"}],"version-history":[{"count":1,"href":"https:\/\/colligatum.com\/en\/wp-json\/wp\/v2\/product\/16679\/revisions"}],"predecessor-version":[{"id":16680,"href":"https:\/\/colligatum.com\/en\/wp-json\/wp\/v2\/product\/16679\/revisions\/16680"}],"wp:featuredmedia":[{"embeddable":true,"href":"https:\/\/colligatum.com\/en\/wp-json\/wp\/v2\/media\/16626"}],"wp:attachment":[{"href":"https:\/\/colligatum.com\/en\/wp-json\/wp\/v2\/media?parent=16679"}],"wp:term":[{"taxonomy":"product_brand","embeddable":true,"href":"https:\/\/colligatum.com\/en\/wp-json\/wp\/v2\/product_brand?post=16679"},{"taxonomy":"product_cat","embeddable":true,"href":"https:\/\/colligatum.com\/en\/wp-json\/wp\/v2\/product_cat?post=16679"},{"taxonomy":"product_tag","embeddable":true,"href":"https:\/\/colligatum.com\/en\/wp-json\/wp\/v2\/product_tag?post=16679"}],"curies":[{"name":"wp","href":"https:\/\/api.w.org\/{rel}","templated":true}]}}