{"id":16693,"date":"2025-07-27T06:15:30","date_gmt":"2025-07-27T04:15:30","guid":{"rendered":"https:\/\/colligatum.com\/?post_type=product&#038;p=16693"},"modified":"2026-04-15T10:01:34","modified_gmt":"2026-04-15T08:01:34","slug":"%d1%88%d0%b5%d1%81%d1%82%d0%be%d0%b9-%d0%be%d0%ba%d0%b5%d0%b0%d0%bd-sestoj-okean","status":"publish","type":"product","link":"https:\/\/colligatum.com\/en\/product\/%d1%88%d0%b5%d1%81%d1%82%d0%be%d0%b9-%d0%be%d0%ba%d0%b5%d0%b0%d0%bd-sestoj-okean\/","title":{"rendered":"SIXTH OCEAN"},"content":{"rendered":"<p data-start=\"303\" data-end=\"774\"><strong data-start=\"303\" data-end=\"317\">Description:<\/strong> \u0160is SSRS gamybos cigare\u010di\u0173 pakelis i\u0161siskiria modernistiniu ir kosminiu dizainu \u2013 ry\u0161ki m\u0117lyna vir\u0161utin\u0117 dalis su oran\u017einiu u\u017era\u0161u \u201e\u0160E\u0160TASIS VANDENYNAS\u201c ir \u017eemutin\u0117 dalis su apvaliu embleminiu pie\u0161iniu, vaizduojan\u010diu \u017evaig\u017ed\u0117t\u0105 dang\u0173 ir spalvot\u0105 vaivoryk\u0161t\u0119. \u0160is dizainas neabejotinai siejasi su sovietine futurizmo estetika, perteikian\u010dia pa\u017eangos ir mokslo \u012fvaizd\u012f. Ant pakelio nurodyta, kad tai yra cigaret\u0117s su filtru ir auk\u0161\u010diausios kokyb\u0117s produktas.<\/p>\n<hr data-start=\"776\" data-end=\"779\" \/>\n<p data-start=\"781\" data-end=\"804\"><strong data-start=\"781\" data-end=\"804\">Value assessment:<\/strong><\/p>\n<p data-start=\"806\" data-end=\"1024\"><strong data-start=\"806\" data-end=\"826\">Collectible value:<\/strong> Auk\u0161ta. Tai itin vizualiai \u012fsimintinas pakelis su stipriu teminiu dizainu \u2013 vienas i\u0161 retai pasitaikan\u010di\u0173 SSRS leidim\u0173, kuris traukia tiek sovietini\u0173, tiek futuristini\u0173 dizain\u0173 kolekcinink\u0173 d\u0117mes\u012f.<\/p>\n<p data-start=\"1026\" data-end=\"1106\"><strong data-start=\"1026\" data-end=\"1048\">Condition assessment:<\/strong> Unopened, in excellent condition, original cellophane wrap.<\/p>\n<p data-start=\"1108\" data-end=\"1358\"><strong data-start=\"1108\" data-end=\"1148\">Historical data and popularity:<\/strong> \u0160is pakelis buvo skirtas vidaus rinkai ir reprezentavo tam tikr\u0105 kokyb\u0117s bei pa\u017eangos vizij\u0105 sovietin\u0117s propagandos kontekste. D\u0117l savo pavadinimo ir vaizdinio \u2013 tai viena unikaliausi\u0173 SSRS cigare\u010di\u0173 pakuo\u010di\u0173.<\/p>","protected":false},"excerpt":{"rendered":"<p data-start=\"81\" data-end=\"165\"><strong data-start=\"81\" data-end=\"115\">Brand and name:<\/strong> \u0428\u0415\u0421\u0422\u041e\u0419 \u041e\u041a\u0415\u0410\u041d (\u0160ESTOJ OKEAN \/ \u0160e\u0161tasis vandenynas)<\/p>\n<p data-start=\"167\" data-end=\"190\"><strong data-start=\"167\" data-end=\"177\">Size:<\/strong> 20 cigarettes<\/p>\n<p data-start=\"192\" data-end=\"215\"><strong data-start=\"192\" data-end=\"210\">Country of manufacture:<\/strong> USSR<\/p>\n<p data-start=\"217\" data-end=\"266\"><strong data-start=\"217\" data-end=\"241\">Production period:<\/strong> Approximately 1980-1990.<\/p>\n<p data-start=\"268\" data-end=\"301\"><strong data-start=\"268\" data-end=\"286\">Package type:<\/strong> Hard pack<\/p>","protected":false},"featured_media":16640,"template":"","meta":{"_surecart_dashboard_logo_width":"180px","_surecart_dashboard_show_logo":true,"_surecart_dashboard_navigation_orders":true,"_surecart_dashboard_navigation_invoices":true,"_surecart_dashboard_navigation_subscriptions":true,"_surecart_dashboard_navigation_downloads":true,"_surecart_dashboard_navigation_billing":true,"_surecart_dashboard_navigation_account":true,"site-sidebar-layout":"default","site-content-layout":"","ast-site-content-layout":"default","site-content-style":"default","site-sidebar-style":"default","ast-global-header-display":"","ast-banner-title-visibility":"","ast-main-header-display":"","ast-hfb-above-header-display":"","ast-hfb-below-header-display":"","ast-hfb-mobile-header-display":"","site-post-title":"","ast-breadcrumbs-content":"","ast-featured-img":"","footer-sml-layout":"","theme-transparent-header-meta":"default","adv-header-id-meta":"","stick-header-meta":"","header-above-stick-meta":"","header-main-stick-meta":"","header-below-stick-meta":"","astra-migrate-meta-layouts":"set","ast-page-background-enabled":"default","ast-page-background-meta":{"desktop":{"background-color":"","background-image":"","background-repeat":"repeat","background-position":"center center","background-size":"auto","background-attachment":"scroll","background-type":"","background-media":"","overlay-type":"","overlay-color":"","overlay-opacity":"","overlay-gradient":""},"tablet":{"background-color":"","background-image":"","background-repeat":"repeat","background-position":"center center","background-size":"auto","background-attachment":"scroll","background-type":"","background-media":"","overlay-type":"","overlay-color":"","overlay-opacity":"","overlay-gradient":""},"mobile":{"background-color":"","background-image":"","background-repeat":"repeat","background-position":"center center","background-size":"auto","background-attachment":"scroll","background-type":"","background-media":"","overlay-type":"","overlay-color":"","overlay-opacity":"","overlay-gradient":""}},"ast-content-background-meta":{"desktop":{"background-color":"var(--ast-global-color-5)","background-image":"","background-repeat":"repeat","background-position":"center center","background-size":"auto","background-attachment":"scroll","background-type":"","background-media":"","overlay-type":"","overlay-color":"","overlay-opacity":"","overlay-gradient":""},"tablet":{"background-color":"var(--ast-global-color-5)","background-image":"","background-repeat":"repeat","background-position":"center center","background-size":"auto","background-attachment":"scroll","background-type":"","background-media":"","overlay-type":"","overlay-color":"","overlay-opacity":"","overlay-gradient":""},"mobile":{"background-color":"var(--ast-global-color-5)","background-image":"","background-repeat":"repeat","background-position":"center center","background-size":"auto","background-attachment":"scroll","background-type":"","background-media":"","overlay-type":"","overlay-color":"","overlay-opacity":"","overlay-gradient":""}}},"product_brand":[],"product_cat":[183],"product_tag":[],"class_list":{"0":"post-16693","1":"product","2":"type-product","3":"status-publish","4":"has-post-thumbnail","6":"product_cat-russia","7":"desktop-align-left","8":"tablet-align-left","9":"mobile-align-left","11":"first","12":"instock","13":"sale","14":"shipping-taxable","15":"purchasable","16":"product-type-simple","17":"add-to-wishlist-before_image"},"_links":{"self":[{"href":"https:\/\/colligatum.com\/en\/wp-json\/wp\/v2\/product\/16693","targetHints":{"allow":["GET"]}}],"collection":[{"href":"https:\/\/colligatum.com\/en\/wp-json\/wp\/v2\/product"}],"about":[{"href":"https:\/\/colligatum.com\/en\/wp-json\/wp\/v2\/types\/product"}],"version-history":[{"count":1,"href":"https:\/\/colligatum.com\/en\/wp-json\/wp\/v2\/product\/16693\/revisions"}],"predecessor-version":[{"id":16694,"href":"https:\/\/colligatum.com\/en\/wp-json\/wp\/v2\/product\/16693\/revisions\/16694"}],"wp:featuredmedia":[{"embeddable":true,"href":"https:\/\/colligatum.com\/en\/wp-json\/wp\/v2\/media\/16640"}],"wp:attachment":[{"href":"https:\/\/colligatum.com\/en\/wp-json\/wp\/v2\/media?parent=16693"}],"wp:term":[{"taxonomy":"product_brand","embeddable":true,"href":"https:\/\/colligatum.com\/en\/wp-json\/wp\/v2\/product_brand?post=16693"},{"taxonomy":"product_cat","embeddable":true,"href":"https:\/\/colligatum.com\/en\/wp-json\/wp\/v2\/product_cat?post=16693"},{"taxonomy":"product_tag","embeddable":true,"href":"https:\/\/colligatum.com\/en\/wp-json\/wp\/v2\/product_tag?post=16693"}],"curies":[{"name":"wp","href":"https:\/\/api.w.org\/{rel}","templated":true}]}}