{"id":16845,"date":"2025-07-29T06:35:01","date_gmt":"2025-07-29T04:35:01","guid":{"rendered":"https:\/\/colligatum.com\/?post_type=product&#038;p=16845"},"modified":"2026-03-31T17:40:04","modified_gmt":"2026-03-31T15:40:04","slug":"camel-natural-flavor-4","status":"publish","type":"product","link":"https:\/\/colligatum.com\/en\/product\/camel-natural-flavor-4\/","title":{"rendered":"Camel &quot;Natural Flavor&quot;\u201e"},"content":{"rendered":"<p data-start=\"366\" data-end=\"849\"><strong data-start=\"366\" data-end=\"380\">Description:<\/strong><br data-start=\"380\" data-end=\"383\" \/>\u0160is Camel &#8222;Natural Flavor&#8221; cigare\u010di\u0173 pakelis pasi\u017eymi \u0161viesiu nat\u016braliu dizainu su \u017ealiu lapo motyvu, pabr\u0117\u017eian\u010diu \u201ebe kvapikli\u0173\u201c tabako \u012fvaizd\u012f. Pakuot\u0117 skirta Lietuvos rinkai, kaip rodo lietuvi\u0173 kalbos \u012fsp\u0117jimai bei akcizo lipdukas su kaina 8,40 Lt. Ant pakuot\u0117s pa\u017eym\u0117ta, kad naudojamas 100 % \u201ewhole-leaf\u201c tabakas, be prid\u0117tini\u0173 skonini\u0173 med\u017eiag\u0173. Kupranugario siluetas centre i\u0161laiko Camel prekinio \u017eenklo tapatum\u0105. Pakelis \u2013 nepa\u017eeistas, originalioje pl\u0117vel\u0117je.<\/p>\n<hr data-start=\"851\" data-end=\"854\" \/>\n<p data-start=\"856\" data-end=\"879\"><strong data-start=\"856\" data-end=\"879\">Value assessment:<\/strong><\/p>\n<ul data-start=\"881\" data-end=\"1339\">\n<li data-start=\"881\" data-end=\"1017\">\n<p data-start=\"883\" data-end=\"1017\"><strong data-start=\"883\" data-end=\"903\">Collectible value:<\/strong> Vidutin\u0117\u2013auk\u0161ta. \u0160io leidimo pakeliai n\u0117ra da\u017eni rinkoje ir d\u0117l specifinio dizaino yra patraukl\u016bs kolekcininkams.<\/p>\n<\/li>\n<li data-start=\"1019\" data-end=\"1073\">\n<p data-start=\"1021\" data-end=\"1073\"><strong data-start=\"1021\" data-end=\"1043\">Condition assessment:<\/strong> Unopened, in excellent condition.<\/p>\n<\/li>\n<li data-start=\"1075\" data-end=\"1339\">\n<p data-start=\"1077\" data-end=\"1339\"><strong data-start=\"1077\" data-end=\"1117\">Historical data and popularity:<\/strong> &#8222;Natural Flavor&#8221; serija buvo ribotai gaminama kaip sveikesn\u0119 alternatyv\u0105 imituojantis produktas. Camel i\u0161laiko stipri\u0105 tarptautin\u0119 pozicij\u0105 kolekcij\u0173 rinkose, o \u0161i konkreti versija turi papildom\u0105 vert\u0119 d\u0117l ma\u017eos pasi\u016blos.<\/p>\n<\/li>\n<\/ul>","protected":false},"excerpt":{"rendered":"<p data-start=\"87\" data-end=\"144\"><strong data-start=\"87\" data-end=\"121\">Brand and name:<\/strong> Camel &quot;Natural Flavor&quot;\u201e<\/p>\n<p data-start=\"146\" data-end=\"169\"><strong data-start=\"146\" data-end=\"156\">Size:<\/strong> 20 cigarettes<\/p>\n<p data-start=\"171\" data-end=\"229\"><strong data-start=\"171\" data-end=\"189\">Country of manufacture:<\/strong> European Union (marked &quot;MADE IN EU&quot;)<\/p>\n<p data-start=\"231\" data-end=\"329\"><strong data-start=\"231\" data-end=\"255\">Production period:<\/strong> Apytikriai 2008\u20132010 m. (pagal kain\u0105 litais, dizain\u0105 ir \u012fsp\u0117jim\u0173 format\u0105)<\/p>\n<p data-start=\"331\" data-end=\"364\"><strong data-start=\"331\" data-end=\"349\">Package type:<\/strong> Hard pack<\/p>","protected":false},"featured_media":16792,"template":"","meta":{"_surecart_dashboard_logo_width":"180px","_surecart_dashboard_show_logo":true,"_surecart_dashboard_navigation_orders":true,"_surecart_dashboard_navigation_invoices":true,"_surecart_dashboard_navigation_subscriptions":true,"_surecart_dashboard_navigation_downloads":true,"_surecart_dashboard_navigation_billing":true,"_surecart_dashboard_navigation_account":true,"site-sidebar-layout":"default","site-content-layout":"","ast-site-content-layout":"default","site-content-style":"default","site-sidebar-style":"default","ast-global-header-display":"","ast-banner-title-visibility":"","ast-main-header-display":"","ast-hfb-above-header-display":"","ast-hfb-below-header-display":"","ast-hfb-mobile-header-display":"","site-post-title":"","ast-breadcrumbs-content":"","ast-featured-img":"","footer-sml-layout":"","theme-transparent-header-meta":"default","adv-header-id-meta":"","stick-header-meta":"","header-above-stick-meta":"","header-main-stick-meta":"","header-below-stick-meta":"","astra-migrate-meta-layouts":"set","ast-page-background-enabled":"default","ast-page-background-meta":{"desktop":{"background-color":"","background-image":"","background-repeat":"repeat","background-position":"center center","background-size":"auto","background-attachment":"scroll","background-type":"","background-media":"","overlay-type":"","overlay-color":"","overlay-opacity":"","overlay-gradient":""},"tablet":{"background-color":"","background-image":"","background-repeat":"repeat","background-position":"center center","background-size":"auto","background-attachment":"scroll","background-type":"","background-media":"","overlay-type":"","overlay-color":"","overlay-opacity":"","overlay-gradient":""},"mobile":{"background-color":"","background-image":"","background-repeat":"repeat","background-position":"center center","background-size":"auto","background-attachment":"scroll","background-type":"","background-media":"","overlay-type":"","overlay-color":"","overlay-opacity":"","overlay-gradient":""}},"ast-content-background-meta":{"desktop":{"background-color":"var(--ast-global-color-5)","background-image":"","background-repeat":"repeat","background-position":"center center","background-size":"auto","background-attachment":"scroll","background-type":"","background-media":"","overlay-type":"","overlay-color":"","overlay-opacity":"","overlay-gradient":""},"tablet":{"background-color":"var(--ast-global-color-5)","background-image":"","background-repeat":"repeat","background-position":"center center","background-size":"auto","background-attachment":"scroll","background-type":"","background-media":"","overlay-type":"","overlay-color":"","overlay-opacity":"","overlay-gradient":""},"mobile":{"background-color":"var(--ast-global-color-5)","background-image":"","background-repeat":"repeat","background-position":"center center","background-size":"auto","background-attachment":"scroll","background-type":"","background-media":"","overlay-type":"","overlay-color":"","overlay-opacity":"","overlay-gradient":""}}},"product_brand":[],"product_cat":[85],"product_tag":[],"class_list":{"0":"post-16845","1":"product","2":"type-product","3":"status-publish","4":"has-post-thumbnail","6":"product_cat-lithuania","7":"desktop-align-left","8":"tablet-align-left","9":"mobile-align-left","11":"first","12":"outofstock","13":"sale","14":"shipping-taxable","15":"purchasable","16":"product-type-simple","17":"add-to-wishlist-before_image"},"_links":{"self":[{"href":"https:\/\/colligatum.com\/en\/wp-json\/wp\/v2\/product\/16845","targetHints":{"allow":["GET"]}}],"collection":[{"href":"https:\/\/colligatum.com\/en\/wp-json\/wp\/v2\/product"}],"about":[{"href":"https:\/\/colligatum.com\/en\/wp-json\/wp\/v2\/types\/product"}],"version-history":[{"count":1,"href":"https:\/\/colligatum.com\/en\/wp-json\/wp\/v2\/product\/16845\/revisions"}],"predecessor-version":[{"id":16846,"href":"https:\/\/colligatum.com\/en\/wp-json\/wp\/v2\/product\/16845\/revisions\/16846"}],"wp:featuredmedia":[{"embeddable":true,"href":"https:\/\/colligatum.com\/en\/wp-json\/wp\/v2\/media\/16792"}],"wp:attachment":[{"href":"https:\/\/colligatum.com\/en\/wp-json\/wp\/v2\/media?parent=16845"}],"wp:term":[{"taxonomy":"product_brand","embeddable":true,"href":"https:\/\/colligatum.com\/en\/wp-json\/wp\/v2\/product_brand?post=16845"},{"taxonomy":"product_cat","embeddable":true,"href":"https:\/\/colligatum.com\/en\/wp-json\/wp\/v2\/product_cat?post=16845"},{"taxonomy":"product_tag","embeddable":true,"href":"https:\/\/colligatum.com\/en\/wp-json\/wp\/v2\/product_tag?post=16845"}],"curies":[{"name":"wp","href":"https:\/\/api.w.org\/{rel}","templated":true}]}}