{"id":16865,"date":"2025-07-29T07:01:40","date_gmt":"2025-07-29T05:01:40","guid":{"rendered":"https:\/\/colligatum.com\/?post_type=product&#038;p=16865"},"modified":"2025-07-29T07:01:40","modified_gmt":"2025-07-29T05:01:40","slug":"camel-genuine-sound-limited-edition","status":"publish","type":"product","link":"https:\/\/colligatum.com\/en\/product\/camel-genuine-sound-limited-edition\/","title":{"rendered":"Camel Genuine Sound Limited Edition"},"content":{"rendered":"<p data-start=\"330\" data-end=\"894\"><strong data-start=\"330\" data-end=\"344\">Description:<\/strong> \u0160is Camel &#8222;Genuine Sound&#8221; riboto leidimo pakelis buvo i\u0161leistas kaip dalis 2007 met\u0173 kampanijos Argentinoje, kurioje vartotojai buvo kvie\u010diami dalyvauti konkurse apsilank\u0119 svetain\u0117je \u201e<a class=\"cursor-pointer\" target=\"_new\" rel=\"noopener\">www.camel.com.ar\u201c<\/a>. Pakelis i\u0161siskiria juodu minimalistiniu dizainu su stilingu baltu kupranugario pie\u0161iniu, kuris vaizduoja tarsi garso bang\u0173 ar kont\u016br\u0173 efekt\u0105. Priekyje ir vir\u0161uje matomas Ispani\u0161kas \u012fsp\u0117jimas apie r\u016bkymo \u017eal\u0105, nurodant Argentinos \u012fstatym\u0105 Nr. 23.344. Ant vir\u0161aus \u2013 Argentinos akcizo \u017eyma. Pakelis yra neatidarytas, i\u0161saugotas su apsaugine pl\u0117vele.<\/p>\n<p data-start=\"896\" data-end=\"919\"><strong data-start=\"896\" data-end=\"919\">Value assessment:<\/strong><\/p>\n<ul data-start=\"921\" data-end=\"1398\">\n<li data-start=\"921\" data-end=\"1077\">\n<p data-start=\"923\" data-end=\"1077\"><strong data-start=\"923\" data-end=\"943\">Collectible value:<\/strong> Auk\u0161ta, kadangi tai yra regioninis riboto leidimo pakelis i\u0161 Piet\u0173 Amerikos, kur kolekciniai Camel leidimai pasitaiko gerokai re\u010diau.<\/p>\n<\/li>\n<li data-start=\"1078\" data-end=\"1132\">\n<p data-start=\"1080\" data-end=\"1132\"><strong data-start=\"1080\" data-end=\"1102\">Condition assessment:<\/strong> Unopened, in excellent condition.<\/p>\n<\/li>\n<li data-start=\"1133\" data-end=\"1398\">\n<p data-start=\"1135\" data-end=\"1398\"><strong data-start=\"1135\" data-end=\"1175\">Historical data and popularity:<\/strong> \u201eCamel Genuine Sound\u201c serija buvo i\u0161leista kaip dalis temin\u0117s kampanijos, orientuotos \u012f muzikos ir garso koncept\u0105. Kolekcinink\u0173 tarpe \u0161is leidimas vertinamas kaip viena i\u0161 unikalesni\u0173 serij\u0173, ypa\u010d d\u0117l geografinio ribotumo.<\/p>\n<\/li>\n<\/ul>","protected":false},"excerpt":{"rendered":"<p data-start=\"83\" data-end=\"167\"><strong data-start=\"83\" data-end=\"117\">Brand and name:<\/strong> Camel &#8222;Genuine Sound&#8221; Limited Edition (Argentina)<\/p>\n<p data-start=\"169\" data-end=\"192\"><strong data-start=\"169\" data-end=\"179\">Size:<\/strong> 20 cigarettes<\/p>\n<p data-start=\"194\" data-end=\"222\"><strong data-start=\"194\" data-end=\"212\">Country of manufacture:<\/strong> Argentina<\/p>\n<p data-start=\"224\" data-end=\"293\"><strong data-start=\"224\" data-end=\"248\">Production period:<\/strong> 2007 m. (nurodyta kampanijos data \u201eSound07\u201c)<\/p>\n<p data-start=\"295\" data-end=\"328\"><strong data-start=\"295\" data-end=\"313\">Package type:<\/strong> Hard pack<\/p>","protected":false},"featured_media":16812,"template":"","meta":{"_surecart_dashboard_logo_width":"180px","_surecart_dashboard_show_logo":true,"_surecart_dashboard_navigation_orders":true,"_surecart_dashboard_navigation_invoices":true,"_surecart_dashboard_navigation_subscriptions":true,"_surecart_dashboard_navigation_downloads":true,"_surecart_dashboard_navigation_billing":true,"_surecart_dashboard_navigation_account":true,"site-sidebar-layout":"default","site-content-layout":"","ast-site-content-layout":"default","site-content-style":"default","site-sidebar-style":"default","ast-global-header-display":"","ast-banner-title-visibility":"","ast-main-header-display":"","ast-hfb-above-header-display":"","ast-hfb-below-header-display":"","ast-hfb-mobile-header-display":"","site-post-title":"","ast-breadcrumbs-content":"","ast-featured-img":"","footer-sml-layout":"","theme-transparent-header-meta":"default","adv-header-id-meta":"","stick-header-meta":"","header-above-stick-meta":"","header-main-stick-meta":"","header-below-stick-meta":"","astra-migrate-meta-layouts":"set","ast-page-background-enabled":"default","ast-page-background-meta":{"desktop":{"background-color":"","background-image":"","background-repeat":"repeat","background-position":"center center","background-size":"auto","background-attachment":"scroll","background-type":"","background-media":"","overlay-type":"","overlay-color":"","overlay-opacity":"","overlay-gradient":""},"tablet":{"background-color":"","background-image":"","background-repeat":"repeat","background-position":"center center","background-size":"auto","background-attachment":"scroll","background-type":"","background-media":"","overlay-type":"","overlay-color":"","overlay-opacity":"","overlay-gradient":""},"mobile":{"background-color":"","background-image":"","background-repeat":"repeat","background-position":"center center","background-size":"auto","background-attachment":"scroll","background-type":"","background-media":"","overlay-type":"","overlay-color":"","overlay-opacity":"","overlay-gradient":""}},"ast-content-background-meta":{"desktop":{"background-color":"var(--ast-global-color-5)","background-image":"","background-repeat":"repeat","background-position":"center center","background-size":"auto","background-attachment":"scroll","background-type":"","background-media":"","overlay-type":"","overlay-color":"","overlay-opacity":"","overlay-gradient":""},"tablet":{"background-color":"var(--ast-global-color-5)","background-image":"","background-repeat":"repeat","background-position":"center center","background-size":"auto","background-attachment":"scroll","background-type":"","background-media":"","overlay-type":"","overlay-color":"","overlay-opacity":"","overlay-gradient":""},"mobile":{"background-color":"var(--ast-global-color-5)","background-image":"","background-repeat":"repeat","background-position":"center center","background-size":"auto","background-attachment":"scroll","background-type":"","background-media":"","overlay-type":"","overlay-color":"","overlay-opacity":"","overlay-gradient":""}}},"product_brand":[],"product_cat":[227],"product_tag":[],"class_list":{"0":"post-16865","1":"product","2":"type-product","3":"status-publish","4":"has-post-thumbnail","6":"product_cat-argentina","7":"desktop-align-left","8":"tablet-align-left","9":"mobile-align-left","11":"first","12":"instock","13":"sale","14":"shipping-taxable","15":"purchasable","16":"product-type-simple","17":"add-to-wishlist-before_image"},"_links":{"self":[{"href":"https:\/\/colligatum.com\/en\/wp-json\/wp\/v2\/product\/16865","targetHints":{"allow":["GET"]}}],"collection":[{"href":"https:\/\/colligatum.com\/en\/wp-json\/wp\/v2\/product"}],"about":[{"href":"https:\/\/colligatum.com\/en\/wp-json\/wp\/v2\/types\/product"}],"version-history":[{"count":1,"href":"https:\/\/colligatum.com\/en\/wp-json\/wp\/v2\/product\/16865\/revisions"}],"predecessor-version":[{"id":16866,"href":"https:\/\/colligatum.com\/en\/wp-json\/wp\/v2\/product\/16865\/revisions\/16866"}],"wp:featuredmedia":[{"embeddable":true,"href":"https:\/\/colligatum.com\/en\/wp-json\/wp\/v2\/media\/16812"}],"wp:attachment":[{"href":"https:\/\/colligatum.com\/en\/wp-json\/wp\/v2\/media?parent=16865"}],"wp:term":[{"taxonomy":"product_brand","embeddable":true,"href":"https:\/\/colligatum.com\/en\/wp-json\/wp\/v2\/product_brand?post=16865"},{"taxonomy":"product_cat","embeddable":true,"href":"https:\/\/colligatum.com\/en\/wp-json\/wp\/v2\/product_cat?post=16865"},{"taxonomy":"product_tag","embeddable":true,"href":"https:\/\/colligatum.com\/en\/wp-json\/wp\/v2\/product_tag?post=16865"}],"curies":[{"name":"wp","href":"https:\/\/api.w.org\/{rel}","templated":true}]}}