{"id":16931,"date":"2025-07-29T07:18:37","date_gmt":"2025-07-29T05:18:37","guid":{"rendered":"https:\/\/colligatum.com\/?post_type=product&#038;p=16931"},"modified":"2026-04-15T06:25:39","modified_gmt":"2026-04-15T04:25:39","slug":"camel-subtle-flavour","status":"publish","type":"product","link":"https:\/\/colligatum.com\/en\/product\/camel-subtle-flavour\/","title":{"rendered":"Camel &quot;Subtle Flavor&quot;\u201e"},"content":{"rendered":"<p data-start=\"290\" data-end=\"812\"><strong data-start=\"290\" data-end=\"304\">Description:<\/strong><br data-start=\"304\" data-end=\"307\" \/>This pack of Camel \u201eSubtle Flavour\u201d cigarettes stands out with its silver background and a bold graphic design \u2013 a blue camel \u2013 creating the impression of a modern and clean design. On the front and back there are warnings in Slovak, such as \u201eFaj\u010denie m\u00f4\u017ee zab\u00edja\u0165\u201c and \u201eFaj\u010denie spo\u0159\u00edzen\u00ed starnutie \u0161kup\u00ed\u201c. The excise sticker on the top indicates a price of 77.00 SKK \u2013 which allows us to conclude that the pack was sold in Slovakia before the introduction of the euro in 2009. The pack is tightly closed and in very good condition.<\/p>\n<p data-start=\"814\" data-end=\"837\"><strong data-start=\"814\" data-end=\"837\">Value assessment:<\/strong><\/p>\n<ul data-start=\"839\" data-end=\"1369\">\n<li data-start=\"839\" data-end=\"1077\">\n<p data-start=\"841\" data-end=\"1077\"><strong data-start=\"841\" data-end=\"861\">Collectible value:<\/strong> Average. Although the edition is not limited or themed, the pack with a specific flavor (&quot;Subtle Flavor&quot;) and Slovakian labels may be interesting for collectors, especially those who collect Camel variants by country or flavor.<\/p>\n<\/li>\n<li data-start=\"1078\" data-end=\"1132\">\n<p data-start=\"1080\" data-end=\"1132\"><strong data-start=\"1080\" data-end=\"1102\">Condition assessment:<\/strong> Unopened, in excellent condition.<\/p>\n<\/li>\n<li data-start=\"1133\" data-end=\"1369\">\n<p data-start=\"1135\" data-end=\"1369\"><strong data-start=\"1135\" data-end=\"1175\">Historical data and popularity:<\/strong> Camel is one of the most well-known international cigarette brands. This version is not widely distributed or advertised, so the pack remains a lesser-known but unique variant in collections.<\/p>\n<\/li>\n<\/ul>","protected":false},"excerpt":{"rendered":"<p data-start=\"81\" data-end=\"138\"><strong data-start=\"81\" data-end=\"115\">Brand and name:<\/strong> Camel &quot;Subtle Flavor&quot;\u201e<\/p>\n<p data-start=\"140\" data-end=\"163\"><strong data-start=\"140\" data-end=\"150\">Size:<\/strong> 20 cigarettes<\/p>\n<p data-start=\"165\" data-end=\"193\"><strong data-start=\"165\" data-end=\"183\">Country of manufacture:<\/strong> Slovakia<\/p>\n<p data-start=\"195\" data-end=\"253\"><strong data-start=\"195\" data-end=\"219\">Production period:<\/strong> Unknown (modern edition)<\/p>\n<p data-start=\"255\" data-end=\"288\"><strong data-start=\"255\" data-end=\"273\">Package type:<\/strong> Hard pack<\/p>","protected":false},"featured_media":16878,"template":"","meta":{"_surecart_dashboard_logo_width":"180px","_surecart_dashboard_show_logo":true,"_surecart_dashboard_navigation_orders":true,"_surecart_dashboard_navigation_invoices":true,"_surecart_dashboard_navigation_subscriptions":true,"_surecart_dashboard_navigation_downloads":true,"_surecart_dashboard_navigation_billing":true,"_surecart_dashboard_navigation_account":true,"site-sidebar-layout":"default","site-content-layout":"","ast-site-content-layout":"default","site-content-style":"default","site-sidebar-style":"default","ast-global-header-display":"","ast-banner-title-visibility":"","ast-main-header-display":"","ast-hfb-above-header-display":"","ast-hfb-below-header-display":"","ast-hfb-mobile-header-display":"","site-post-title":"","ast-breadcrumbs-content":"","ast-featured-img":"","footer-sml-layout":"","theme-transparent-header-meta":"default","adv-header-id-meta":"","stick-header-meta":"","header-above-stick-meta":"","header-main-stick-meta":"","header-below-stick-meta":"","astra-migrate-meta-layouts":"set","ast-page-background-enabled":"default","ast-page-background-meta":{"desktop":{"background-color":"","background-image":"","background-repeat":"repeat","background-position":"center center","background-size":"auto","background-attachment":"scroll","background-type":"","background-media":"","overlay-type":"","overlay-color":"","overlay-opacity":"","overlay-gradient":""},"tablet":{"background-color":"","background-image":"","background-repeat":"repeat","background-position":"center center","background-size":"auto","background-attachment":"scroll","background-type":"","background-media":"","overlay-type":"","overlay-color":"","overlay-opacity":"","overlay-gradient":""},"mobile":{"background-color":"","background-image":"","background-repeat":"repeat","background-position":"center center","background-size":"auto","background-attachment":"scroll","background-type":"","background-media":"","overlay-type":"","overlay-color":"","overlay-opacity":"","overlay-gradient":""}},"ast-content-background-meta":{"desktop":{"background-color":"var(--ast-global-color-5)","background-image":"","background-repeat":"repeat","background-position":"center center","background-size":"auto","background-attachment":"scroll","background-type":"","background-media":"","overlay-type":"","overlay-color":"","overlay-opacity":"","overlay-gradient":""},"tablet":{"background-color":"var(--ast-global-color-5)","background-image":"","background-repeat":"repeat","background-position":"center center","background-size":"auto","background-attachment":"scroll","background-type":"","background-media":"","overlay-type":"","overlay-color":"","overlay-opacity":"","overlay-gradient":""},"mobile":{"background-color":"var(--ast-global-color-5)","background-image":"","background-repeat":"repeat","background-position":"center center","background-size":"auto","background-attachment":"scroll","background-type":"","background-media":"","overlay-type":"","overlay-color":"","overlay-opacity":"","overlay-gradient":""}}},"product_brand":[],"product_cat":[189],"product_tag":[],"class_list":{"0":"post-16931","1":"product","2":"type-product","3":"status-publish","4":"has-post-thumbnail","6":"product_cat-slovakia","7":"desktop-align-left","8":"tablet-align-left","9":"mobile-align-left","11":"first","12":"instock","13":"sale","14":"shipping-taxable","15":"purchasable","16":"product-type-simple","17":"add-to-wishlist-before_image"},"_links":{"self":[{"href":"https:\/\/colligatum.com\/en\/wp-json\/wp\/v2\/product\/16931","targetHints":{"allow":["GET"]}}],"collection":[{"href":"https:\/\/colligatum.com\/en\/wp-json\/wp\/v2\/product"}],"about":[{"href":"https:\/\/colligatum.com\/en\/wp-json\/wp\/v2\/types\/product"}],"version-history":[{"count":1,"href":"https:\/\/colligatum.com\/en\/wp-json\/wp\/v2\/product\/16931\/revisions"}],"predecessor-version":[{"id":16932,"href":"https:\/\/colligatum.com\/en\/wp-json\/wp\/v2\/product\/16931\/revisions\/16932"}],"wp:featuredmedia":[{"embeddable":true,"href":"https:\/\/colligatum.com\/en\/wp-json\/wp\/v2\/media\/16878"}],"wp:attachment":[{"href":"https:\/\/colligatum.com\/en\/wp-json\/wp\/v2\/media?parent=16931"}],"wp:term":[{"taxonomy":"product_brand","embeddable":true,"href":"https:\/\/colligatum.com\/en\/wp-json\/wp\/v2\/product_brand?post=16931"},{"taxonomy":"product_cat","embeddable":true,"href":"https:\/\/colligatum.com\/en\/wp-json\/wp\/v2\/product_cat?post=16931"},{"taxonomy":"product_tag","embeddable":true,"href":"https:\/\/colligatum.com\/en\/wp-json\/wp\/v2\/product_tag?post=16931"}],"curies":[{"name":"wp","href":"https:\/\/api.w.org\/{rel}","templated":true}]}}