{"id":17043,"date":"2025-07-29T10:37:33","date_gmt":"2025-07-29T08:37:33","guid":{"rendered":"https:\/\/colligatum.com\/?post_type=product&#038;p=17043"},"modified":"2026-04-13T12:27:56","modified_gmt":"2026-04-13T10:27:56","slug":"camel-genuine-sound-creamfields-2006-3","status":"publish","type":"product","link":"https:\/\/colligatum.com\/en\/product\/camel-genuine-sound-creamfields-2006-3\/","title":{"rendered":"Camel Genuine Sound - Creamfields 2006"},"content":{"rendered":"<p data-start=\"311\" data-end=\"867\"><strong data-start=\"311\" data-end=\"325\">Description:<\/strong><br data-start=\"325\" data-end=\"328\" \/>Tai dar vienas i\u0161 \u201eCamel\u201c riboto leidimo pakeli\u0173, skirt\u0173 2006 m. \u201eCreamfields\u201c festivaliui Argentinoje. \u0160is variantas pavadintas \u201eGenuine Tribe\u201c \u2013 ant pakelio vaizduojamas oro kadras su minia susirinkusi\u0173 \u017emoni\u0173, susib\u016brusi\u0173 miesto \u017eali\u0105jame plote. Ant priekin\u0117s pus\u0117s matomas \u201eCamel Genuine Sound\u201c logotipas ir \u201eCreamfields\u201c \u017eyma, o ant nugar\u0117l\u0117s \u2013 u\u017era\u0161as \u201eTodos conectados por la m\u00fasica\u201c (\u201eVisi sujungti per muzik\u0105\u201c). \u0160i versija i\u0161skirtin\u0117 tuo, kad perteikia ne abstrakt\u0173 vaizd\u0105, o konkret\u0173 miesto kontekste vykusio festivalio atspind\u012f.<\/p>\n<p data-start=\"869\" data-end=\"892\"><strong data-start=\"869\" data-end=\"892\">Value assessment:<\/strong><\/p>\n<ul data-start=\"894\" data-end=\"1494\">\n<li data-start=\"894\" data-end=\"1138\">\n<p data-start=\"896\" data-end=\"1138\"><strong data-start=\"896\" data-end=\"916\">Collectible value:<\/strong> Auk\u0161ta \u2013 \u0161is leidimas turi konkret\u0173 vizualin\u012f ry\u0161\u012f su festivalio vieta ir nuotaika. Ribotas tira\u017eas ir 2006 m. Creamfields tematika j\u012f daro vertingu tarp \u201eCamel\u201c kolekcionieri\u0173 ir elektronin\u0117s muzikos kult\u016bros entuziast\u0173.<\/p>\n<\/li>\n<li data-start=\"1139\" data-end=\"1237\">\n<p data-start=\"1141\" data-end=\"1237\"><strong data-start=\"1141\" data-end=\"1163\">Condition assessment:<\/strong> Neatidarytas, puikios b\u016bkl\u0117s, originali pl\u0117vel\u0117 ir akcizo \u017eenklas i\u0161lik\u0119.<\/p>\n<\/li>\n<li data-start=\"1238\" data-end=\"1494\">\n<p data-start=\"1240\" data-end=\"1494\"><strong data-start=\"1240\" data-end=\"1280\">Historical data and popularity:<\/strong> \u201eCreamfields 2006\u201c pakeliai buvo leid\u017eiami keliomis skirtingomis versijomis, kurios visos dabar laikomos itin ie\u0161komomis. \u201eGenuine Tribe\u201c su urbanistiniu ir \u017emoni\u0173 susib\u016brimo vaizdu yra vienas i\u0161 retesni\u0173 dizain\u0173.<\/p>\n<\/li>\n<\/ul>","protected":false},"excerpt":{"rendered":"<p data-start=\"58\" data-end=\"147\"><strong data-start=\"58\" data-end=\"92\">Brand and name:<\/strong> Camel &#8222;Genuine Sound&#8221; Creamfields 2006 (Genuine Tribe)<\/p>\n<p data-start=\"149\" data-end=\"172\"><strong data-start=\"149\" data-end=\"159\">Size:<\/strong> 20 cigarettes<\/p>\n<p data-start=\"174\" data-end=\"202\"><strong data-start=\"174\" data-end=\"192\">Country of manufacture:<\/strong> Argentina<\/p>\n<p data-start=\"204\" data-end=\"274\"><strong data-start=\"204\" data-end=\"228\">Production period:<\/strong> 2006, limited edition festival edition<\/p>\n<p data-start=\"276\" data-end=\"309\"><strong data-start=\"276\" data-end=\"294\">Package type:<\/strong> Hard pack<\/p>","protected":false},"featured_media":27491,"template":"","meta":{"_surecart_dashboard_logo_width":"180px","_surecart_dashboard_show_logo":true,"_surecart_dashboard_navigation_orders":true,"_surecart_dashboard_navigation_invoices":true,"_surecart_dashboard_navigation_subscriptions":true,"_surecart_dashboard_navigation_downloads":true,"_surecart_dashboard_navigation_billing":true,"_surecart_dashboard_navigation_account":true,"site-sidebar-layout":"default","site-content-layout":"","ast-site-content-layout":"default","site-content-style":"default","site-sidebar-style":"default","ast-global-header-display":"","ast-banner-title-visibility":"","ast-main-header-display":"","ast-hfb-above-header-display":"","ast-hfb-below-header-display":"","ast-hfb-mobile-header-display":"","site-post-title":"","ast-breadcrumbs-content":"","ast-featured-img":"","footer-sml-layout":"","theme-transparent-header-meta":"default","adv-header-id-meta":"","stick-header-meta":"","header-above-stick-meta":"","header-main-stick-meta":"","header-below-stick-meta":"","astra-migrate-meta-layouts":"set","ast-page-background-enabled":"default","ast-page-background-meta":{"desktop":{"background-color":"","background-image":"","background-repeat":"repeat","background-position":"center center","background-size":"auto","background-attachment":"scroll","background-type":"","background-media":"","overlay-type":"","overlay-color":"","overlay-opacity":"","overlay-gradient":""},"tablet":{"background-color":"","background-image":"","background-repeat":"repeat","background-position":"center center","background-size":"auto","background-attachment":"scroll","background-type":"","background-media":"","overlay-type":"","overlay-color":"","overlay-opacity":"","overlay-gradient":""},"mobile":{"background-color":"","background-image":"","background-repeat":"repeat","background-position":"center center","background-size":"auto","background-attachment":"scroll","background-type":"","background-media":"","overlay-type":"","overlay-color":"","overlay-opacity":"","overlay-gradient":""}},"ast-content-background-meta":{"desktop":{"background-color":"var(--ast-global-color-5)","background-image":"","background-repeat":"repeat","background-position":"center center","background-size":"auto","background-attachment":"scroll","background-type":"","background-media":"","overlay-type":"","overlay-color":"","overlay-opacity":"","overlay-gradient":""},"tablet":{"background-color":"var(--ast-global-color-5)","background-image":"","background-repeat":"repeat","background-position":"center center","background-size":"auto","background-attachment":"scroll","background-type":"","background-media":"","overlay-type":"","overlay-color":"","overlay-opacity":"","overlay-gradient":""},"mobile":{"background-color":"var(--ast-global-color-5)","background-image":"","background-repeat":"repeat","background-position":"center center","background-size":"auto","background-attachment":"scroll","background-type":"","background-media":"","overlay-type":"","overlay-color":"","overlay-opacity":"","overlay-gradient":""}}},"product_brand":[],"product_cat":[227],"product_tag":[],"class_list":{"0":"post-17043","1":"product","2":"type-product","3":"status-publish","4":"has-post-thumbnail","6":"product_cat-argentina","7":"desktop-align-left","8":"tablet-align-left","9":"mobile-align-left","11":"first","12":"instock","13":"sale","14":"shipping-taxable","15":"purchasable","16":"product-type-simple","17":"add-to-wishlist-before_image"},"_links":{"self":[{"href":"https:\/\/colligatum.com\/en\/wp-json\/wp\/v2\/product\/17043","targetHints":{"allow":["GET"]}}],"collection":[{"href":"https:\/\/colligatum.com\/en\/wp-json\/wp\/v2\/product"}],"about":[{"href":"https:\/\/colligatum.com\/en\/wp-json\/wp\/v2\/types\/product"}],"version-history":[{"count":2,"href":"https:\/\/colligatum.com\/en\/wp-json\/wp\/v2\/product\/17043\/revisions"}],"predecessor-version":[{"id":27480,"href":"https:\/\/colligatum.com\/en\/wp-json\/wp\/v2\/product\/17043\/revisions\/27480"}],"wp:featuredmedia":[{"embeddable":true,"href":"https:\/\/colligatum.com\/en\/wp-json\/wp\/v2\/media\/27491"}],"wp:attachment":[{"href":"https:\/\/colligatum.com\/en\/wp-json\/wp\/v2\/media?parent=17043"}],"wp:term":[{"taxonomy":"product_brand","embeddable":true,"href":"https:\/\/colligatum.com\/en\/wp-json\/wp\/v2\/product_brand?post=17043"},{"taxonomy":"product_cat","embeddable":true,"href":"https:\/\/colligatum.com\/en\/wp-json\/wp\/v2\/product_cat?post=17043"},{"taxonomy":"product_tag","embeddable":true,"href":"https:\/\/colligatum.com\/en\/wp-json\/wp\/v2\/product_tag?post=17043"}],"curies":[{"name":"wp","href":"https:\/\/api.w.org\/{rel}","templated":true}]}}