{"id":17061,"date":"2025-07-29T10:54:57","date_gmt":"2025-07-29T08:54:57","guid":{"rendered":"https:\/\/colligatum.com\/?post_type=product&#038;p=17061"},"modified":"2026-04-13T13:33:35","modified_gmt":"2026-04-13T11:33:35","slug":"camel-genuine-beijing-2","status":"publish","type":"product","link":"https:\/\/colligatum.com\/en\/product\/camel-genuine-beijing-2\/","title":{"rendered":"Camel Genuine Beijing"},"content":{"rendered":"<p data-start=\"339\" data-end=\"977\"><strong data-start=\"339\" data-end=\"353\">Description:<\/strong> Tai alternatyvi Camel &#8222;Genuine Beijing&#8221; pakelio versija i\u0161 \u201eCamel Genuine Cities\u201c kolekcijos, skirta Argentinos rinkai. Dizainas labai artimas kitai \u201eBeijing\u201c versijai, ta\u010diau \u0161io pakelio priekin\u0117je pus\u0117je dominuoja ry\u0161kesn\u0117s spalvos su didesniu raudonos ir oran\u017ein\u0117s spalv\u0173 intensyvumu, o \u0161e\u0161\u0117lyje integruotas kupranugario siluetas labiau kontrastuoja. Nugar\u0117l\u0117je \u2013 ispan\u0173 kalba pateiktas sveikatos \u012fsp\u0117jimas, reklaminis kvietimas dalyvauti loterijoje Camel puslapyje ir Argentinos akcizo \u017eyma. Tai rodo, kad pakelis priklauso tam pa\u010diam rinkodaros laikotarpiui, bet vizualiai i\u0161skirtas kaip paralelinis dizaino variantas.<\/p>\n<p data-start=\"979\" data-end=\"1002\"><strong data-start=\"979\" data-end=\"1002\">Value assessment:<\/strong><\/p>\n<ul data-start=\"1004\" data-end=\"1530\">\n<li data-start=\"1004\" data-end=\"1194\">\n<p data-start=\"1006\" data-end=\"1194\"><strong data-start=\"1006\" data-end=\"1026\">Collectible value:<\/strong> Auk\u0161ta. Alternatyv\u016bs dizaino variantai i\u0161 tos pa\u010dios temin\u0117s serijos da\u017enai vertinami d\u0117l savo retumo, ypa\u010d jei jie buvo i\u0161leisti ribotu tira\u017eu tik tam tikrose \u0161alyse.<\/p>\n<\/li>\n<li data-start=\"1195\" data-end=\"1280\">\n<p data-start=\"1197\" data-end=\"1280\"><strong data-start=\"1197\" data-end=\"1219\">Condition assessment:<\/strong> Neatidarytas, labai gera b\u016bkl\u0117, i\u0161saugota originali pl\u0117vel\u0117.<\/p>\n<\/li>\n<li data-start=\"1281\" data-end=\"1530\">\n<p data-start=\"1283\" data-end=\"1530\"><strong data-start=\"1283\" data-end=\"1323\">Historical data and popularity:<\/strong> \u201eGenuine City\u201c serijos leidimai, ypa\u010d tokie kaip \u201eBeijing\u201c, buvo i\u0161skirtiniai d\u0117l kult\u016brin\u0117s tematikos. Skirtingos versijos vieno miesto pakeli\u0173 suteikia galimyb\u0119 kolekcininkams u\u017epildyti ni\u0161as kolekcijose.<\/p>\n<\/li>\n<\/ul>","protected":false},"excerpt":{"rendered":"<p data-start=\"82\" data-end=\"162\"><strong data-start=\"82\" data-end=\"116\">Brand and name:<\/strong> Camel &#8222;Genuine Beijing&#8221; (alternatyvi versija)<\/p>\n<p data-start=\"164\" data-end=\"187\"><strong data-start=\"164\" data-end=\"174\">Size:<\/strong> 20 cigarettes<\/p>\n<p data-start=\"189\" data-end=\"217\"><strong data-start=\"189\" data-end=\"207\">Country of manufacture:<\/strong> Argentina<\/p>\n<p data-start=\"219\" data-end=\"302\"><strong data-start=\"219\" data-end=\"243\">Production period:<\/strong> Around 2007-2009 (special edition for the Argentine market)<\/p>\n<p data-start=\"304\" data-end=\"337\"><strong data-start=\"304\" data-end=\"322\">Package type:<\/strong> Hard pack<\/p>","protected":false},"featured_media":27550,"template":"","meta":{"_surecart_dashboard_logo_width":"180px","_surecart_dashboard_show_logo":true,"_surecart_dashboard_navigation_orders":true,"_surecart_dashboard_navigation_invoices":true,"_surecart_dashboard_navigation_subscriptions":true,"_surecart_dashboard_navigation_downloads":true,"_surecart_dashboard_navigation_billing":true,"_surecart_dashboard_navigation_account":true,"site-sidebar-layout":"default","site-content-layout":"","ast-site-content-layout":"default","site-content-style":"default","site-sidebar-style":"default","ast-global-header-display":"","ast-banner-title-visibility":"","ast-main-header-display":"","ast-hfb-above-header-display":"","ast-hfb-below-header-display":"","ast-hfb-mobile-header-display":"","site-post-title":"","ast-breadcrumbs-content":"","ast-featured-img":"","footer-sml-layout":"","theme-transparent-header-meta":"default","adv-header-id-meta":"","stick-header-meta":"","header-above-stick-meta":"","header-main-stick-meta":"","header-below-stick-meta":"","astra-migrate-meta-layouts":"set","ast-page-background-enabled":"default","ast-page-background-meta":{"desktop":{"background-color":"","background-image":"","background-repeat":"repeat","background-position":"center center","background-size":"auto","background-attachment":"scroll","background-type":"","background-media":"","overlay-type":"","overlay-color":"","overlay-opacity":"","overlay-gradient":""},"tablet":{"background-color":"","background-image":"","background-repeat":"repeat","background-position":"center center","background-size":"auto","background-attachment":"scroll","background-type":"","background-media":"","overlay-type":"","overlay-color":"","overlay-opacity":"","overlay-gradient":""},"mobile":{"background-color":"","background-image":"","background-repeat":"repeat","background-position":"center center","background-size":"auto","background-attachment":"scroll","background-type":"","background-media":"","overlay-type":"","overlay-color":"","overlay-opacity":"","overlay-gradient":""}},"ast-content-background-meta":{"desktop":{"background-color":"var(--ast-global-color-5)","background-image":"","background-repeat":"repeat","background-position":"center center","background-size":"auto","background-attachment":"scroll","background-type":"","background-media":"","overlay-type":"","overlay-color":"","overlay-opacity":"","overlay-gradient":""},"tablet":{"background-color":"var(--ast-global-color-5)","background-image":"","background-repeat":"repeat","background-position":"center center","background-size":"auto","background-attachment":"scroll","background-type":"","background-media":"","overlay-type":"","overlay-color":"","overlay-opacity":"","overlay-gradient":""},"mobile":{"background-color":"var(--ast-global-color-5)","background-image":"","background-repeat":"repeat","background-position":"center center","background-size":"auto","background-attachment":"scroll","background-type":"","background-media":"","overlay-type":"","overlay-color":"","overlay-opacity":"","overlay-gradient":""}}},"product_brand":[],"product_cat":[227],"product_tag":[],"class_list":{"0":"post-17061","1":"product","2":"type-product","3":"status-publish","4":"has-post-thumbnail","6":"product_cat-argentina","7":"desktop-align-left","8":"tablet-align-left","9":"mobile-align-left","11":"first","12":"instock","13":"sale","14":"shipping-taxable","15":"purchasable","16":"product-type-simple","17":"add-to-wishlist-before_image"},"_links":{"self":[{"href":"https:\/\/colligatum.com\/en\/wp-json\/wp\/v2\/product\/17061","targetHints":{"allow":["GET"]}}],"collection":[{"href":"https:\/\/colligatum.com\/en\/wp-json\/wp\/v2\/product"}],"about":[{"href":"https:\/\/colligatum.com\/en\/wp-json\/wp\/v2\/types\/product"}],"version-history":[{"count":3,"href":"https:\/\/colligatum.com\/en\/wp-json\/wp\/v2\/product\/17061\/revisions"}],"predecessor-version":[{"id":27535,"href":"https:\/\/colligatum.com\/en\/wp-json\/wp\/v2\/product\/17061\/revisions\/27535"}],"wp:featuredmedia":[{"embeddable":true,"href":"https:\/\/colligatum.com\/en\/wp-json\/wp\/v2\/media\/27550"}],"wp:attachment":[{"href":"https:\/\/colligatum.com\/en\/wp-json\/wp\/v2\/media?parent=17061"}],"wp:term":[{"taxonomy":"product_brand","embeddable":true,"href":"https:\/\/colligatum.com\/en\/wp-json\/wp\/v2\/product_brand?post=17061"},{"taxonomy":"product_cat","embeddable":true,"href":"https:\/\/colligatum.com\/en\/wp-json\/wp\/v2\/product_cat?post=17061"},{"taxonomy":"product_tag","embeddable":true,"href":"https:\/\/colligatum.com\/en\/wp-json\/wp\/v2\/product_tag?post=17061"}],"curies":[{"name":"wp","href":"https:\/\/api.w.org\/{rel}","templated":true}]}}