{"id":17073,"date":"2025-07-29T16:05:38","date_gmt":"2025-07-29T14:05:38","guid":{"rendered":"https:\/\/colligatum.com\/?post_type=product&#038;p=17073"},"modified":"2026-04-13T11:08:24","modified_gmt":"2026-04-13T09:08:24","slug":"camel-genuine-70s-lava-lamp-edition","status":"publish","type":"product","link":"https:\/\/colligatum.com\/en\/product\/camel-genuine-70s-lava-lamp-edition\/","title":{"rendered":"Camel Genuine 70&#8217;s"},"content":{"rendered":"<p data-start=\"303\" data-end=\"844\"><strong data-start=\"303\" data-end=\"317\">Description:<\/strong><br data-start=\"317\" data-end=\"320\" \/>\u0160is riboto leidimo \u201eCamel Genuine 70&#8217;s\u201c cigare\u010di\u0173 pakelis yra dalis temin\u0117s kampanijos, skirtos \u012fvairiems XX a. de\u0161imtme\u010diams pamin\u0117ti. \u0160io pakelio dizainas atspindi 1970-uosius, su tipi\u0161ka \u201elava lamp\u201c iliustracija, kurioje kupranugaris i\u0161ry\u0161kintas i\u0161skirtiniu psichodeliniu stiliumi. Galin\u0117je pus\u0117je nurodoma internetin\u0117 nuoroda ir kvietimas dalyvauti akcijoje, kas b\u016bdinga laikotarpiui apie 2006\u20132008 m. \u012esp\u0117jimas ispan\u0173 kalba \u201eEl fumar es perjudicial para la salud\u201c rodo, kad tai yra leidimas i\u0161leistas Argentinos rinkai.<\/p>\n<p data-start=\"846\" data-end=\"869\"><strong data-start=\"846\" data-end=\"869\">Value assessment:<\/strong><\/p>\n<ul data-start=\"871\" data-end=\"1361\">\n<li data-start=\"871\" data-end=\"1032\">\n<p data-start=\"873\" data-end=\"1032\"><strong data-start=\"873\" data-end=\"893\">Collectible value:<\/strong> Auk\u0161ta \u2013 riboto leidimo pakelis i\u0161 temin\u0117s serijos, turintis i\u0161skirtin\u012f dizain\u0105. Kolekcinink\u0173 vertinamas d\u0117l dizaino ir serijos tematikos.<\/p>\n<\/li>\n<li data-start=\"1033\" data-end=\"1105\">\n<p data-start=\"1035\" data-end=\"1105\"><strong data-start=\"1035\" data-end=\"1057\">Condition assessment:<\/strong> Unopened, in excellent condition, with excise stamp.<\/p>\n<\/li>\n<li data-start=\"1106\" data-end=\"1361\">\n<p data-start=\"1108\" data-end=\"1361\"><strong data-start=\"1108\" data-end=\"1148\">Historical data and popularity:<\/strong> Ribotos serijos, susijusios su kult\u016briniais laikme\u010diais (60\u2019s, 70\u2019s, 80\u2019s), buvo leid\u017eiamos \u012fvairiose \u0161alyse. \u0160is 70\u2019s leidimas i\u0161 Argentinos yra vienas retesni\u0173, da\u017enai kolekcionuojamas kaip dalis visos serijos.<\/p>\n<\/li>\n<\/ul>","protected":false},"excerpt":{"rendered":"<p data-start=\"92\" data-end=\"167\"><strong data-start=\"92\" data-end=\"126\">Brand and name:<\/strong> Camel &quot;Genuine 70&#039;s&quot; (Lava Lamp Edition)<\/p>\n<p data-start=\"169\" data-end=\"192\"><strong data-start=\"169\" data-end=\"179\">Size:<\/strong> 20 cigarettes<\/p>\n<p data-start=\"194\" data-end=\"222\"><strong data-start=\"194\" data-end=\"212\">Country of manufacture:<\/strong> Argentina<\/p>\n<p data-start=\"224\" data-end=\"266\"><strong data-start=\"224\" data-end=\"248\">Production period:<\/strong> Around 2006\u20132008.<\/p>\n<p data-start=\"268\" data-end=\"301\"><strong data-start=\"268\" data-end=\"286\">Package type:<\/strong> Hard pack<\/p>","protected":false},"featured_media":17022,"template":"","meta":{"_surecart_dashboard_logo_width":"180px","_surecart_dashboard_show_logo":true,"_surecart_dashboard_navigation_orders":true,"_surecart_dashboard_navigation_invoices":true,"_surecart_dashboard_navigation_subscriptions":true,"_surecart_dashboard_navigation_downloads":true,"_surecart_dashboard_navigation_billing":true,"_surecart_dashboard_navigation_account":true,"site-sidebar-layout":"default","site-content-layout":"","ast-site-content-layout":"default","site-content-style":"default","site-sidebar-style":"default","ast-global-header-display":"","ast-banner-title-visibility":"","ast-main-header-display":"","ast-hfb-above-header-display":"","ast-hfb-below-header-display":"","ast-hfb-mobile-header-display":"","site-post-title":"","ast-breadcrumbs-content":"","ast-featured-img":"","footer-sml-layout":"","theme-transparent-header-meta":"default","adv-header-id-meta":"","stick-header-meta":"","header-above-stick-meta":"","header-main-stick-meta":"","header-below-stick-meta":"","astra-migrate-meta-layouts":"set","ast-page-background-enabled":"default","ast-page-background-meta":{"desktop":{"background-color":"","background-image":"","background-repeat":"repeat","background-position":"center center","background-size":"auto","background-attachment":"scroll","background-type":"","background-media":"","overlay-type":"","overlay-color":"","overlay-opacity":"","overlay-gradient":""},"tablet":{"background-color":"","background-image":"","background-repeat":"repeat","background-position":"center center","background-size":"auto","background-attachment":"scroll","background-type":"","background-media":"","overlay-type":"","overlay-color":"","overlay-opacity":"","overlay-gradient":""},"mobile":{"background-color":"","background-image":"","background-repeat":"repeat","background-position":"center center","background-size":"auto","background-attachment":"scroll","background-type":"","background-media":"","overlay-type":"","overlay-color":"","overlay-opacity":"","overlay-gradient":""}},"ast-content-background-meta":{"desktop":{"background-color":"var(--ast-global-color-5)","background-image":"","background-repeat":"repeat","background-position":"center center","background-size":"auto","background-attachment":"scroll","background-type":"","background-media":"","overlay-type":"","overlay-color":"","overlay-opacity":"","overlay-gradient":""},"tablet":{"background-color":"var(--ast-global-color-5)","background-image":"","background-repeat":"repeat","background-position":"center center","background-size":"auto","background-attachment":"scroll","background-type":"","background-media":"","overlay-type":"","overlay-color":"","overlay-opacity":"","overlay-gradient":""},"mobile":{"background-color":"var(--ast-global-color-5)","background-image":"","background-repeat":"repeat","background-position":"center center","background-size":"auto","background-attachment":"scroll","background-type":"","background-media":"","overlay-type":"","overlay-color":"","overlay-opacity":"","overlay-gradient":""}}},"product_brand":[],"product_cat":[227],"product_tag":[],"class_list":{"0":"post-17073","1":"product","2":"type-product","3":"status-publish","4":"has-post-thumbnail","6":"product_cat-argentina","7":"desktop-align-left","8":"tablet-align-left","9":"mobile-align-left","11":"first","12":"instock","13":"sale","14":"shipping-taxable","15":"purchasable","16":"product-type-simple","17":"add-to-wishlist-before_image"},"_links":{"self":[{"href":"https:\/\/colligatum.com\/en\/wp-json\/wp\/v2\/product\/17073","targetHints":{"allow":["GET"]}}],"collection":[{"href":"https:\/\/colligatum.com\/en\/wp-json\/wp\/v2\/product"}],"about":[{"href":"https:\/\/colligatum.com\/en\/wp-json\/wp\/v2\/types\/product"}],"version-history":[{"count":2,"href":"https:\/\/colligatum.com\/en\/wp-json\/wp\/v2\/product\/17073\/revisions"}],"predecessor-version":[{"id":27447,"href":"https:\/\/colligatum.com\/en\/wp-json\/wp\/v2\/product\/17073\/revisions\/27447"}],"wp:featuredmedia":[{"embeddable":true,"href":"https:\/\/colligatum.com\/en\/wp-json\/wp\/v2\/media\/17022"}],"wp:attachment":[{"href":"https:\/\/colligatum.com\/en\/wp-json\/wp\/v2\/media?parent=17073"}],"wp:term":[{"taxonomy":"product_brand","embeddable":true,"href":"https:\/\/colligatum.com\/en\/wp-json\/wp\/v2\/product_brand?post=17073"},{"taxonomy":"product_cat","embeddable":true,"href":"https:\/\/colligatum.com\/en\/wp-json\/wp\/v2\/product_cat?post=17073"},{"taxonomy":"product_tag","embeddable":true,"href":"https:\/\/colligatum.com\/en\/wp-json\/wp\/v2\/product_tag?post=17073"}],"curies":[{"name":"wp","href":"https:\/\/api.w.org\/{rel}","templated":true}]}}