{"id":17151,"date":"2025-07-29T16:37:23","date_gmt":"2025-07-29T14:37:23","guid":{"rendered":"https:\/\/colligatum.com\/?post_type=product&#038;p=17151"},"modified":"2025-11-30T07:36:00","modified_gmt":"2025-11-30T05:36:00","slug":"camel-genuine-90s","status":"publish","type":"product","link":"https:\/\/colligatum.com\/en\/product\/camel-genuine-90s\/","title":{"rendered":"Camel Genuine 90&#039;s"},"content":{"rendered":"<p data-start=\"272\" data-end=\"880\"><strong data-start=\"272\" data-end=\"286\">Description:<\/strong> Tai riboto leidimo Camel cigare\u010di\u0173 pakelis, i\u0161leistas kaip dalis temin\u0117s \u201eCamel Decades\u201c serijos, skirto pagerbti XX a. de\u0161imtme\u010dius. \u0160is variantas \u2013 \u201eGenuine 90\u2019s\u201c \u2013 pasi\u017eymi futuristiniu 90-\u0173j\u0173 estetikai b\u016bdingu dizainu, kurio pagrindinis elementas yra skaitmeninis ekranas su raudonu LED stiliaus tekstu, primenantis laikme\u010dio elektronikos dizain\u0105. Gale \u2013 reklaminis kvietimas prisijungti prie Camel internetin\u0117s kampanijos. \u012esp\u0117jimas pateiktas ispan\u0173 kalba, o tai patvirtina, kad pakelis skirtas Argentinos rinkai. Pakelis yra nepriekai\u0161tingos b\u016bkl\u0117s, nepa\u017eeistas ir su originalia pl\u0117vele.<\/p>\n<hr data-start=\"882\" data-end=\"885\" \/>\n<p data-start=\"887\" data-end=\"910\"><strong data-start=\"887\" data-end=\"910\">Value assessment:<\/strong><\/p>\n<ul data-start=\"912\" data-end=\"1460\">\n<li data-start=\"912\" data-end=\"1117\">\n<p data-start=\"914\" data-end=\"1117\"><strong data-start=\"914\" data-end=\"934\">Collectible value:<\/strong> Auk\u0161ta. \u0160is pakelis priklauso Camel limituotos \u201eDecades\u201c serijos linijai, kuri buvo trumpalaik\u0117 ir regioni\u0161kai ribota. \u201e90\u2019s\u201c versija viena i\u0161 retesni\u0173, ypa\u010d Lotyn\u0173 Amerikos leidime.<\/p>\n<\/li>\n<li data-start=\"1118\" data-end=\"1197\">\n<p data-start=\"1120\" data-end=\"1197\"><strong data-start=\"1120\" data-end=\"1142\">Condition assessment:<\/strong> Unopened, with original film, very good condition.<\/p>\n<\/li>\n<li data-start=\"1198\" data-end=\"1460\">\n<p data-start=\"1200\" data-end=\"1460\"><strong data-start=\"1200\" data-end=\"1240\">Historical data and popularity:<\/strong> \u201eCamel Decades\u201c serija buvo i\u0161leista \u012fvairiose \u0161alyse skirtingais stiliais, atspindint vis kit\u0105 de\u0161imtmet\u012f (70&#8217;s, 80&#8217;s, 90&#8217;s ir kt.). \u0160i serija greitai tapo kolekcionuojama d\u0117l savo konceptualumo ir i\u0161skirtini\u0173 dizain\u0173.<\/p>\n<\/li>\n<\/ul>","protected":false},"excerpt":{"rendered":"<p data-start=\"77\" data-end=\"130\"><strong data-start=\"77\" data-end=\"111\">Brand and name:<\/strong> Camel Genuine 90&#039;s<\/p>\n<p data-start=\"132\" data-end=\"155\"><strong data-start=\"132\" data-end=\"142\">Size:<\/strong> 20 cigarettes<\/p>\n<p data-start=\"157\" data-end=\"185\"><strong data-start=\"157\" data-end=\"175\">Country of manufacture:<\/strong> Argentina<\/p>\n<p data-start=\"187\" data-end=\"235\"><strong data-start=\"187\" data-end=\"211\">Production period:<\/strong> Apytikriai 2009\u20132010 m.<\/p>\n<p data-start=\"237\" data-end=\"270\"><strong data-start=\"237\" data-end=\"255\">Package type:<\/strong> Hard pack<\/p>","protected":false},"featured_media":17098,"template":"","meta":{"_surecart_dashboard_logo_width":"180px","_surecart_dashboard_show_logo":true,"_surecart_dashboard_navigation_orders":true,"_surecart_dashboard_navigation_invoices":true,"_surecart_dashboard_navigation_subscriptions":true,"_surecart_dashboard_navigation_downloads":true,"_surecart_dashboard_navigation_billing":true,"_surecart_dashboard_navigation_account":true,"site-sidebar-layout":"default","site-content-layout":"","ast-site-content-layout":"default","site-content-style":"default","site-sidebar-style":"default","ast-global-header-display":"","ast-banner-title-visibility":"","ast-main-header-display":"","ast-hfb-above-header-display":"","ast-hfb-below-header-display":"","ast-hfb-mobile-header-display":"","site-post-title":"","ast-breadcrumbs-content":"","ast-featured-img":"","footer-sml-layout":"","theme-transparent-header-meta":"default","adv-header-id-meta":"","stick-header-meta":"","header-above-stick-meta":"","header-main-stick-meta":"","header-below-stick-meta":"","astra-migrate-meta-layouts":"set","ast-page-background-enabled":"default","ast-page-background-meta":{"desktop":{"background-color":"","background-image":"","background-repeat":"repeat","background-position":"center center","background-size":"auto","background-attachment":"scroll","background-type":"","background-media":"","overlay-type":"","overlay-color":"","overlay-opacity":"","overlay-gradient":""},"tablet":{"background-color":"","background-image":"","background-repeat":"repeat","background-position":"center center","background-size":"auto","background-attachment":"scroll","background-type":"","background-media":"","overlay-type":"","overlay-color":"","overlay-opacity":"","overlay-gradient":""},"mobile":{"background-color":"","background-image":"","background-repeat":"repeat","background-position":"center center","background-size":"auto","background-attachment":"scroll","background-type":"","background-media":"","overlay-type":"","overlay-color":"","overlay-opacity":"","overlay-gradient":""}},"ast-content-background-meta":{"desktop":{"background-color":"var(--ast-global-color-5)","background-image":"","background-repeat":"repeat","background-position":"center center","background-size":"auto","background-attachment":"scroll","background-type":"","background-media":"","overlay-type":"","overlay-color":"","overlay-opacity":"","overlay-gradient":""},"tablet":{"background-color":"var(--ast-global-color-5)","background-image":"","background-repeat":"repeat","background-position":"center center","background-size":"auto","background-attachment":"scroll","background-type":"","background-media":"","overlay-type":"","overlay-color":"","overlay-opacity":"","overlay-gradient":""},"mobile":{"background-color":"var(--ast-global-color-5)","background-image":"","background-repeat":"repeat","background-position":"center center","background-size":"auto","background-attachment":"scroll","background-type":"","background-media":"","overlay-type":"","overlay-color":"","overlay-opacity":"","overlay-gradient":""}}},"product_brand":[],"product_cat":[227],"product_tag":[],"class_list":{"0":"post-17151","1":"product","2":"type-product","3":"status-publish","4":"has-post-thumbnail","6":"product_cat-argentina","7":"desktop-align-left","8":"tablet-align-left","9":"mobile-align-left","11":"first","12":"instock","13":"sale","14":"shipping-taxable","15":"purchasable","16":"product-type-simple","17":"add-to-wishlist-before_image"},"_links":{"self":[{"href":"https:\/\/colligatum.com\/en\/wp-json\/wp\/v2\/product\/17151","targetHints":{"allow":["GET"]}}],"collection":[{"href":"https:\/\/colligatum.com\/en\/wp-json\/wp\/v2\/product"}],"about":[{"href":"https:\/\/colligatum.com\/en\/wp-json\/wp\/v2\/types\/product"}],"version-history":[{"count":1,"href":"https:\/\/colligatum.com\/en\/wp-json\/wp\/v2\/product\/17151\/revisions"}],"predecessor-version":[{"id":17152,"href":"https:\/\/colligatum.com\/en\/wp-json\/wp\/v2\/product\/17151\/revisions\/17152"}],"wp:featuredmedia":[{"embeddable":true,"href":"https:\/\/colligatum.com\/en\/wp-json\/wp\/v2\/media\/17098"}],"wp:attachment":[{"href":"https:\/\/colligatum.com\/en\/wp-json\/wp\/v2\/media?parent=17151"}],"wp:term":[{"taxonomy":"product_brand","embeddable":true,"href":"https:\/\/colligatum.com\/en\/wp-json\/wp\/v2\/product_brand?post=17151"},{"taxonomy":"product_cat","embeddable":true,"href":"https:\/\/colligatum.com\/en\/wp-json\/wp\/v2\/product_cat?post=17151"},{"taxonomy":"product_tag","embeddable":true,"href":"https:\/\/colligatum.com\/en\/wp-json\/wp\/v2\/product_tag?post=17151"}],"curies":[{"name":"wp","href":"https:\/\/api.w.org\/{rel}","templated":true}]}}