{"id":17401,"date":"2025-07-30T14:59:05","date_gmt":"2025-07-30T12:59:05","guid":{"rendered":"https:\/\/colligatum.com\/?post_type=product&#038;p=17401"},"modified":"2025-07-30T14:59:05","modified_gmt":"2025-07-30T12:59:05","slug":"fuhao-guoluzui-xiangyan-120s","status":"publish","type":"product","link":"https:\/\/colligatum.com\/en\/product\/fuhao-guoluzui-xiangyan-120s\/","title":{"rendered":"For Fuhao Guoluz Xiangyan 120&#039;s"},"content":{"rendered":"<p data-start=\"306\" data-end=\"824\"><strong data-start=\"306\" data-end=\"320\">Description:<\/strong> \u0160is \u201eFuhao Guoluzui Xiangyan\u201c cigare\u010di\u0173 pakelis yra 120 mm ilgio leidimas, i\u0161leistas Kinijos gamintojo \u201eChangchun Cigarette Factory\u201c. Dizainas i\u0161laiko rytieti\u0161k\u0105 stilistik\u0105 su kini\u0161kais simboliais ir moderniu geometriniu akcentu pakelio apa\u010dioje. \u012era\u0161as \u201e120\u2019s\u201c ai\u0161kiai nurodo ilgesn\u012f cigare\u010di\u0173 format\u0105. Priekin\u0117je pus\u0117je pateiktas lotyni\u0161kas prek\u0117s \u017eenklo pavadinimas, o galin\u0117je \u2013 kini\u0161kas atitikmuo. Pakelis u\u017evakuotas celofanu, vir\u0161uje matomas sidabrinis antspaudas su papildomu dekoratyviniu ra\u0161tu.<\/p>\n<p data-start=\"826\" data-end=\"849\"><strong data-start=\"826\" data-end=\"849\">Value assessment:<\/strong><\/p>\n<ul data-start=\"851\" data-end=\"1356\">\n<li data-start=\"851\" data-end=\"1003\">\n<p data-start=\"853\" data-end=\"1003\"><strong data-start=\"853\" data-end=\"873\">Collectible value:<\/strong> Vidutin\u0117. Kin\u0173 gamybos cigaret\u0117s tampa vis labiau vertinamos d\u0117l regioninio ribotumo, ta\u010diau \u0161io leidimo i\u0161skirtinumas neauk\u0161tas.<\/p>\n<\/li>\n<li data-start=\"1004\" data-end=\"1089\">\n<p data-start=\"1006\" data-end=\"1089\"><strong data-start=\"1006\" data-end=\"1028\">Condition assessment:<\/strong> Neatidarytas, gera b\u016bkl\u0117. Matomos kelios d\u0117m\u0117s ant celofano.<\/p>\n<\/li>\n<li data-start=\"1090\" data-end=\"1356\">\n<p data-start=\"1092\" data-end=\"1356\"><strong data-start=\"1092\" data-end=\"1132\">Historical data and popularity:<\/strong> \u201eFuhao\u201c \u017eenklas (rei\u0161kiantis \u201eturtuolis\u201c) yra da\u017enai naudojamas Kinijos vidaus rinkoje. 120 mm formatas Kinijoje n\u0117ra labai da\u017enas, ta\u010diau ne ir visi\u0161kai retas. Kolekcininkai labiau vertina ribotus ar nostalgi\u0161kus leidimus.<\/p>\n<\/li>\n<\/ul>","protected":false},"excerpt":{"rendered":"<p data-start=\"80\" data-end=\"144\"><strong data-start=\"80\" data-end=\"114\">Brand and name:<\/strong> For Fuhao Guoluz Xiangyan 120&#039;s<\/p>\n<p data-start=\"146\" data-end=\"169\"><strong data-start=\"146\" data-end=\"156\">Size:<\/strong> 20 cigarettes<\/p>\n<p data-start=\"171\" data-end=\"196\"><strong data-start=\"171\" data-end=\"189\">Country of manufacture:<\/strong> China<\/p>\n<p data-start=\"198\" data-end=\"267\"><strong data-start=\"198\" data-end=\"222\">Production period:<\/strong> Unknown (probably late 20th century \u2013 early 21st century)<\/p>\n<p data-start=\"269\" data-end=\"304\"><strong data-start=\"269\" data-end=\"287\">Package type:<\/strong> Soft pack<\/p>","protected":false},"featured_media":17347,"template":"","meta":{"_surecart_dashboard_logo_width":"180px","_surecart_dashboard_show_logo":true,"_surecart_dashboard_navigation_orders":true,"_surecart_dashboard_navigation_invoices":true,"_surecart_dashboard_navigation_subscriptions":true,"_surecart_dashboard_navigation_downloads":true,"_surecart_dashboard_navigation_billing":true,"_surecart_dashboard_navigation_account":true,"site-sidebar-layout":"default","site-content-layout":"","ast-site-content-layout":"default","site-content-style":"default","site-sidebar-style":"default","ast-global-header-display":"","ast-banner-title-visibility":"","ast-main-header-display":"","ast-hfb-above-header-display":"","ast-hfb-below-header-display":"","ast-hfb-mobile-header-display":"","site-post-title":"","ast-breadcrumbs-content":"","ast-featured-img":"","footer-sml-layout":"","theme-transparent-header-meta":"default","adv-header-id-meta":"","stick-header-meta":"","header-above-stick-meta":"","header-main-stick-meta":"","header-below-stick-meta":"","astra-migrate-meta-layouts":"set","ast-page-background-enabled":"default","ast-page-background-meta":{"desktop":{"background-color":"","background-image":"","background-repeat":"repeat","background-position":"center center","background-size":"auto","background-attachment":"scroll","background-type":"","background-media":"","overlay-type":"","overlay-color":"","overlay-opacity":"","overlay-gradient":""},"tablet":{"background-color":"","background-image":"","background-repeat":"repeat","background-position":"center center","background-size":"auto","background-attachment":"scroll","background-type":"","background-media":"","overlay-type":"","overlay-color":"","overlay-opacity":"","overlay-gradient":""},"mobile":{"background-color":"","background-image":"","background-repeat":"repeat","background-position":"center center","background-size":"auto","background-attachment":"scroll","background-type":"","background-media":"","overlay-type":"","overlay-color":"","overlay-opacity":"","overlay-gradient":""}},"ast-content-background-meta":{"desktop":{"background-color":"var(--ast-global-color-5)","background-image":"","background-repeat":"repeat","background-position":"center center","background-size":"auto","background-attachment":"scroll","background-type":"","background-media":"","overlay-type":"","overlay-color":"","overlay-opacity":"","overlay-gradient":""},"tablet":{"background-color":"var(--ast-global-color-5)","background-image":"","background-repeat":"repeat","background-position":"center center","background-size":"auto","background-attachment":"scroll","background-type":"","background-media":"","overlay-type":"","overlay-color":"","overlay-opacity":"","overlay-gradient":""},"mobile":{"background-color":"var(--ast-global-color-5)","background-image":"","background-repeat":"repeat","background-position":"center center","background-size":"auto","background-attachment":"scroll","background-type":"","background-media":"","overlay-type":"","overlay-color":"","overlay-opacity":"","overlay-gradient":""}}},"product_brand":[],"product_cat":[138],"product_tag":[],"class_list":{"0":"post-17401","1":"product","2":"type-product","3":"status-publish","4":"has-post-thumbnail","6":"product_cat-china","7":"desktop-align-left","8":"tablet-align-left","9":"mobile-align-left","11":"first","12":"instock","13":"sale","14":"shipping-taxable","15":"purchasable","16":"product-type-simple","17":"add-to-wishlist-before_image"},"_links":{"self":[{"href":"https:\/\/colligatum.com\/en\/wp-json\/wp\/v2\/product\/17401","targetHints":{"allow":["GET"]}}],"collection":[{"href":"https:\/\/colligatum.com\/en\/wp-json\/wp\/v2\/product"}],"about":[{"href":"https:\/\/colligatum.com\/en\/wp-json\/wp\/v2\/types\/product"}],"version-history":[{"count":1,"href":"https:\/\/colligatum.com\/en\/wp-json\/wp\/v2\/product\/17401\/revisions"}],"predecessor-version":[{"id":17402,"href":"https:\/\/colligatum.com\/en\/wp-json\/wp\/v2\/product\/17401\/revisions\/17402"}],"wp:featuredmedia":[{"embeddable":true,"href":"https:\/\/colligatum.com\/en\/wp-json\/wp\/v2\/media\/17347"}],"wp:attachment":[{"href":"https:\/\/colligatum.com\/en\/wp-json\/wp\/v2\/media?parent=17401"}],"wp:term":[{"taxonomy":"product_brand","embeddable":true,"href":"https:\/\/colligatum.com\/en\/wp-json\/wp\/v2\/product_brand?post=17401"},{"taxonomy":"product_cat","embeddable":true,"href":"https:\/\/colligatum.com\/en\/wp-json\/wp\/v2\/product_cat?post=17401"},{"taxonomy":"product_tag","embeddable":true,"href":"https:\/\/colligatum.com\/en\/wp-json\/wp\/v2\/product_tag?post=17401"}],"curies":[{"name":"wp","href":"https:\/\/api.w.org\/{rel}","templated":true}]}}