{"id":17415,"date":"2025-07-30T15:21:49","date_gmt":"2025-07-30T13:21:49","guid":{"rendered":"https:\/\/colligatum.com\/?post_type=product&#038;p=17415"},"modified":"2026-04-16T18:46:15","modified_gmt":"2026-04-16T16:46:15","slug":"zalgiris-lights","status":"publish","type":"product","link":"https:\/\/colligatum.com\/en\/product\/zalgiris-lights\/","title":{"rendered":"Zalgiris Lights"},"content":{"rendered":"<p data-start=\"260\" data-end=\"881\"><strong data-start=\"260\" data-end=\"274\">Description:<\/strong><br data-start=\"274\" data-end=\"277\" \/>\u201e\u017dalgiris Lights\u201c cigare\u010di\u0173 pakelis pasi\u017eymi i\u0161skirtiniu viduram\u017ei\u0173 riteri\u0173 \u012fkv\u0117ptu dizainu \u2013 pagrindiniame fone vaizduojamas raudonas herbas su balt\u0105ja \u201eZ\u201c raide ir dviem sukry\u017eiuotais kalavijais. Tamsiai m\u0117lynas fonas perteikia solidum\u0105 ir gali\u0105. Pakelio vir\u0161uje baltomis gotikinio \u0161rifto raid\u0117mis i\u0161ra\u0161ytas \u201e\u017dALGIRIS\u201c pavadinimas, aliuzija \u012f \u017dalgirio m\u016b\u0161\u012f, kuris turi stipr\u0173 istorin\u012f ir patriotin\u012f atspalv\u012f Lietuvos kult\u016broje. Ant pakelio yra rusi\u0161kas akcizo \u017eenklas, nurodantis eksport\u0105 \u012f Rusijos rink\u0105. Apatin\u0117je dalyje pateikti \u012fsp\u0117jimai rus\u0173 kalba, o \u0161onuose \u2013 informacija apie gamintoj\u0105 ir kiek\u012f.<\/p>\n<p data-start=\"883\" data-end=\"906\"><strong data-start=\"883\" data-end=\"906\">Value assessment:<\/strong><\/p>\n<ul data-start=\"908\" data-end=\"1426\">\n<li data-start=\"908\" data-end=\"1094\">\n<p data-start=\"910\" data-end=\"1094\"><strong data-start=\"910\" data-end=\"930\">Collectible value:<\/strong> Auk\u0161ta. \u0160is pakelis yra lietuvi\u0161kos kilm\u0117s, eksportinis, su unikalia istorine tematika, d\u0117l kurios tampa itin \u012fdomus tiek vietiniams, tiek u\u017esienio kolekcininkams.<\/p>\n<\/li>\n<li data-start=\"1095\" data-end=\"1197\">\n<p data-start=\"1097\" data-end=\"1197\"><strong data-start=\"1097\" data-end=\"1119\">Condition assessment:<\/strong> Neatidarytas, puikios b\u016bkl\u0117s, originalus celofanas ir i\u0161lik\u0119s akcizo \u017eenklas.<\/p>\n<\/li>\n<li data-start=\"1198\" data-end=\"1426\">\n<p data-start=\"1200\" data-end=\"1426\"><strong data-start=\"1200\" data-end=\"1240\">Historical data and popularity:<\/strong> \u201e\u017dalgiris\u201c prek\u0117s \u017eenklas buvo lokalus, bet \u017einomas Baltijos \u0161alyse, ypa\u010d Lietuvoje. D\u0117l savo simbolikos ir riboto tira\u017eo pakelis \u0161iuo metu vis labiau vertinamas kolekcionavimo rinkoje.<\/p>\n<\/li>\n<\/ul>","protected":false},"excerpt":{"rendered":"<p data-start=\"76\" data-end=\"126\"><strong data-start=\"76\" data-end=\"110\">Brand and name:<\/strong> Zalgiris Lights<\/p>\n<p data-start=\"128\" data-end=\"151\"><strong data-start=\"128\" data-end=\"138\">Size:<\/strong> 20 cigarettes<\/p>\n<p data-start=\"153\" data-end=\"179\"><strong data-start=\"153\" data-end=\"171\">Country of manufacture:<\/strong> Russia<\/p>\n<p data-start=\"181\" data-end=\"223\"><strong data-start=\"181\" data-end=\"205\">Production period:<\/strong> Around 2000\u20132008.<\/p>\n<p data-start=\"225\" data-end=\"258\"><strong data-start=\"225\" data-end=\"243\">Package type:<\/strong> Hard pack<\/p>","protected":false},"featured_media":17416,"template":"","meta":{"_surecart_dashboard_logo_width":"180px","_surecart_dashboard_show_logo":true,"_surecart_dashboard_navigation_orders":true,"_surecart_dashboard_navigation_invoices":true,"_surecart_dashboard_navigation_subscriptions":true,"_surecart_dashboard_navigation_downloads":true,"_surecart_dashboard_navigation_billing":true,"_surecart_dashboard_navigation_account":true,"site-sidebar-layout":"default","site-content-layout":"","ast-site-content-layout":"default","site-content-style":"default","site-sidebar-style":"default","ast-global-header-display":"","ast-banner-title-visibility":"","ast-main-header-display":"","ast-hfb-above-header-display":"","ast-hfb-below-header-display":"","ast-hfb-mobile-header-display":"","site-post-title":"","ast-breadcrumbs-content":"","ast-featured-img":"","footer-sml-layout":"","theme-transparent-header-meta":"default","adv-header-id-meta":"","stick-header-meta":"","header-above-stick-meta":"","header-main-stick-meta":"","header-below-stick-meta":"","astra-migrate-meta-layouts":"set","ast-page-background-enabled":"default","ast-page-background-meta":{"desktop":{"background-color":"","background-image":"","background-repeat":"repeat","background-position":"center center","background-size":"auto","background-attachment":"scroll","background-type":"","background-media":"","overlay-type":"","overlay-color":"","overlay-opacity":"","overlay-gradient":""},"tablet":{"background-color":"","background-image":"","background-repeat":"repeat","background-position":"center center","background-size":"auto","background-attachment":"scroll","background-type":"","background-media":"","overlay-type":"","overlay-color":"","overlay-opacity":"","overlay-gradient":""},"mobile":{"background-color":"","background-image":"","background-repeat":"repeat","background-position":"center center","background-size":"auto","background-attachment":"scroll","background-type":"","background-media":"","overlay-type":"","overlay-color":"","overlay-opacity":"","overlay-gradient":""}},"ast-content-background-meta":{"desktop":{"background-color":"var(--ast-global-color-5)","background-image":"","background-repeat":"repeat","background-position":"center center","background-size":"auto","background-attachment":"scroll","background-type":"","background-media":"","overlay-type":"","overlay-color":"","overlay-opacity":"","overlay-gradient":""},"tablet":{"background-color":"var(--ast-global-color-5)","background-image":"","background-repeat":"repeat","background-position":"center center","background-size":"auto","background-attachment":"scroll","background-type":"","background-media":"","overlay-type":"","overlay-color":"","overlay-opacity":"","overlay-gradient":""},"mobile":{"background-color":"var(--ast-global-color-5)","background-image":"","background-repeat":"repeat","background-position":"center center","background-size":"auto","background-attachment":"scroll","background-type":"","background-media":"","overlay-type":"","overlay-color":"","overlay-opacity":"","overlay-gradient":""}}},"product_brand":[],"product_cat":[183],"product_tag":[],"class_list":{"0":"post-17415","1":"product","2":"type-product","3":"status-publish","4":"has-post-thumbnail","6":"product_cat-russia","7":"desktop-align-left","8":"tablet-align-left","9":"mobile-align-left","11":"first","12":"outofstock","13":"sale","14":"shipping-taxable","15":"purchasable","16":"product-type-simple","17":"add-to-wishlist-before_image"},"_links":{"self":[{"href":"https:\/\/colligatum.com\/en\/wp-json\/wp\/v2\/product\/17415","targetHints":{"allow":["GET"]}}],"collection":[{"href":"https:\/\/colligatum.com\/en\/wp-json\/wp\/v2\/product"}],"about":[{"href":"https:\/\/colligatum.com\/en\/wp-json\/wp\/v2\/types\/product"}],"version-history":[{"count":2,"href":"https:\/\/colligatum.com\/en\/wp-json\/wp\/v2\/product\/17415\/revisions"}],"predecessor-version":[{"id":25943,"href":"https:\/\/colligatum.com\/en\/wp-json\/wp\/v2\/product\/17415\/revisions\/25943"}],"wp:featuredmedia":[{"embeddable":true,"href":"https:\/\/colligatum.com\/en\/wp-json\/wp\/v2\/media\/17416"}],"wp:attachment":[{"href":"https:\/\/colligatum.com\/en\/wp-json\/wp\/v2\/media?parent=17415"}],"wp:term":[{"taxonomy":"product_brand","embeddable":true,"href":"https:\/\/colligatum.com\/en\/wp-json\/wp\/v2\/product_brand?post=17415"},{"taxonomy":"product_cat","embeddable":true,"href":"https:\/\/colligatum.com\/en\/wp-json\/wp\/v2\/product_cat?post=17415"},{"taxonomy":"product_tag","embeddable":true,"href":"https:\/\/colligatum.com\/en\/wp-json\/wp\/v2\/product_tag?post=17415"}],"curies":[{"name":"wp","href":"https:\/\/api.w.org\/{rel}","templated":true}]}}