{"id":17931,"date":"2025-08-01T09:47:13","date_gmt":"2025-08-01T07:47:13","guid":{"rendered":"https:\/\/colligatum.com\/?post_type=product&#038;p=17931"},"modified":"2025-08-01T09:47:13","modified_gmt":"2025-08-01T07:47:13","slug":"augstakais-skiras-nr-3","status":"publish","type":"product","link":"https:\/\/colligatum.com\/en\/product\/augstakais-skiras-nr-3\/","title":{"rendered":"Highest grade No. 3"},"content":{"rendered":"<p data-start=\"279\" data-end=\"797\"><strong data-start=\"279\" data-end=\"293\">Description:<\/strong> This bright red cigarette pack with the large inscription \u201eNo. 3\u201c and the elegantly written \u201eAugst\u0101kais \u0161\u012bras cigaretes ar filtru\u201c (highest grade cigarettes with filter) is one of the most notable Latvian releases from the USSR period. The design is clearly focused on simplicity and visibility. On the side, the inscription \u201eCena 25 kap.\u201c is visible, allowing for a more accurate dating of the release to the late USSR period, when prices were still regulated by the state. This pack can be attributed to the higher-class regional releases.<\/p>\n<p data-start=\"799\" data-end=\"822\"><strong data-start=\"799\" data-end=\"822\">Value assessment:<\/strong><\/p>\n<ul data-start=\"824\" data-end=\"1308\">\n<li data-start=\"824\" data-end=\"992\">\n<p data-start=\"826\" data-end=\"992\"><strong data-start=\"826\" data-end=\"846\">Collectible value:<\/strong> Medium\u2013high \u2013 due to authenticity, Latvian origin, and good condition. Regional USSR editions with the national language are in demand among collectors.<\/p>\n<\/li>\n<li data-start=\"994\" data-end=\"1073\">\n<p data-start=\"996\" data-end=\"1073\"><strong data-start=\"996\" data-end=\"1018\">Condition assessment:<\/strong> Unopened, with cellophane still intact, very good condition.<\/p>\n<\/li>\n<li data-start=\"1075\" data-end=\"1308\">\n<p data-start=\"1077\" data-end=\"1308\"><strong data-start=\"1077\" data-end=\"1117\">Historical data and popularity:<\/strong> Although the package was not one of the most widely known brands in the USSR, it was prestigious during the Latvian SSR period. It is one of the better preserved Latvian examples.<\/p>\n<\/li>\n<\/ul>","protected":false},"excerpt":{"rendered":"<p data-start=\"64\" data-end=\"122\"><strong data-start=\"64\" data-end=\"98\">Brand and name:<\/strong> Highest grade No. 3<\/p>\n<p data-start=\"124\" data-end=\"147\"><strong data-start=\"124\" data-end=\"134\">Size:<\/strong> 20 cigarettes<\/p>\n<p data-start=\"149\" data-end=\"186\"><strong data-start=\"149\" data-end=\"167\">Country of manufacture:<\/strong> Latvian SSR, USSR<\/p>\n<p data-start=\"188\" data-end=\"240\"><strong data-start=\"188\" data-end=\"212\">Production period:<\/strong> Approximately 1980-1990<\/p>\n<p data-start=\"242\" data-end=\"277\"><strong data-start=\"242\" data-end=\"260\">Package type:<\/strong> Soft pack<\/p>","protected":false},"featured_media":17874,"template":"","meta":{"_surecart_dashboard_logo_width":"180px","_surecart_dashboard_show_logo":true,"_surecart_dashboard_navigation_orders":true,"_surecart_dashboard_navigation_invoices":true,"_surecart_dashboard_navigation_subscriptions":true,"_surecart_dashboard_navigation_downloads":true,"_surecart_dashboard_navigation_billing":true,"_surecart_dashboard_navigation_account":true,"site-sidebar-layout":"default","site-content-layout":"","ast-site-content-layout":"default","site-content-style":"default","site-sidebar-style":"default","ast-global-header-display":"","ast-banner-title-visibility":"","ast-main-header-display":"","ast-hfb-above-header-display":"","ast-hfb-below-header-display":"","ast-hfb-mobile-header-display":"","site-post-title":"","ast-breadcrumbs-content":"","ast-featured-img":"","footer-sml-layout":"","theme-transparent-header-meta":"default","adv-header-id-meta":"","stick-header-meta":"","header-above-stick-meta":"","header-main-stick-meta":"","header-below-stick-meta":"","astra-migrate-meta-layouts":"set","ast-page-background-enabled":"default","ast-page-background-meta":{"desktop":{"background-color":"","background-image":"","background-repeat":"repeat","background-position":"center center","background-size":"auto","background-attachment":"scroll","background-type":"","background-media":"","overlay-type":"","overlay-color":"","overlay-opacity":"","overlay-gradient":""},"tablet":{"background-color":"","background-image":"","background-repeat":"repeat","background-position":"center center","background-size":"auto","background-attachment":"scroll","background-type":"","background-media":"","overlay-type":"","overlay-color":"","overlay-opacity":"","overlay-gradient":""},"mobile":{"background-color":"","background-image":"","background-repeat":"repeat","background-position":"center center","background-size":"auto","background-attachment":"scroll","background-type":"","background-media":"","overlay-type":"","overlay-color":"","overlay-opacity":"","overlay-gradient":""}},"ast-content-background-meta":{"desktop":{"background-color":"var(--ast-global-color-5)","background-image":"","background-repeat":"repeat","background-position":"center center","background-size":"auto","background-attachment":"scroll","background-type":"","background-media":"","overlay-type":"","overlay-color":"","overlay-opacity":"","overlay-gradient":""},"tablet":{"background-color":"var(--ast-global-color-5)","background-image":"","background-repeat":"repeat","background-position":"center center","background-size":"auto","background-attachment":"scroll","background-type":"","background-media":"","overlay-type":"","overlay-color":"","overlay-opacity":"","overlay-gradient":""},"mobile":{"background-color":"var(--ast-global-color-5)","background-image":"","background-repeat":"repeat","background-position":"center center","background-size":"auto","background-attachment":"scroll","background-type":"","background-media":"","overlay-type":"","overlay-color":"","overlay-opacity":"","overlay-gradient":""}}},"product_brand":[],"product_cat":[167],"product_tag":[],"class_list":{"0":"post-17931","1":"product","2":"type-product","3":"status-publish","4":"has-post-thumbnail","6":"product_cat-latvia","7":"desktop-align-left","8":"tablet-align-left","9":"mobile-align-left","11":"first","12":"instock","13":"sale","14":"shipping-taxable","15":"purchasable","16":"product-type-simple","17":"add-to-wishlist-before_image"},"_links":{"self":[{"href":"https:\/\/colligatum.com\/en\/wp-json\/wp\/v2\/product\/17931","targetHints":{"allow":["GET"]}}],"collection":[{"href":"https:\/\/colligatum.com\/en\/wp-json\/wp\/v2\/product"}],"about":[{"href":"https:\/\/colligatum.com\/en\/wp-json\/wp\/v2\/types\/product"}],"version-history":[{"count":1,"href":"https:\/\/colligatum.com\/en\/wp-json\/wp\/v2\/product\/17931\/revisions"}],"predecessor-version":[{"id":17932,"href":"https:\/\/colligatum.com\/en\/wp-json\/wp\/v2\/product\/17931\/revisions\/17932"}],"wp:featuredmedia":[{"embeddable":true,"href":"https:\/\/colligatum.com\/en\/wp-json\/wp\/v2\/media\/17874"}],"wp:attachment":[{"href":"https:\/\/colligatum.com\/en\/wp-json\/wp\/v2\/media?parent=17931"}],"wp:term":[{"taxonomy":"product_brand","embeddable":true,"href":"https:\/\/colligatum.com\/en\/wp-json\/wp\/v2\/product_brand?post=17931"},{"taxonomy":"product_cat","embeddable":true,"href":"https:\/\/colligatum.com\/en\/wp-json\/wp\/v2\/product_cat?post=17931"},{"taxonomy":"product_tag","embeddable":true,"href":"https:\/\/colligatum.com\/en\/wp-json\/wp\/v2\/product_tag?post=17931"}],"curies":[{"name":"wp","href":"https:\/\/api.w.org\/{rel}","templated":true}]}}