{"id":18026,"date":"2025-08-02T05:48:12","date_gmt":"2025-08-02T03:48:12","guid":{"rendered":"https:\/\/colligatum.com\/?post_type=product&#038;p=18026"},"modified":"2025-08-02T05:48:12","modified_gmt":"2025-08-02T03:48:12","slug":"scorpio","status":"publish","type":"product","link":"https:\/\/colligatum.com\/en\/product\/scorpio\/","title":{"rendered":"Scorpio"},"content":{"rendered":"<p data-start=\"317\" data-end=\"772\"><strong data-start=\"317\" data-end=\"331\">Description:<\/strong> Scorpio cigare\u010di\u0173 pakelis i\u0161siskiria tamsiu fonu su iliustracija, vaizduojan\u010dia skorpion\u0105, kuris simbolizuoja stiprum\u0105 ir agresyv\u0173 charakter\u012f. Priekin\u0117je dalyje nurodyta \u201eSelected Quality Tobacco\u201c fraz\u0117, kuri pabr\u0117\u017eia gamintojo d\u0117mes\u012f kokybei. Pakelio dizainas kontrastingas \u2013 m\u0117lynos ir raudonos spalvos susilieja su ry\u0161kiu baltu prek\u0117s \u017eenklu. Nugarin\u0117je pus\u0117je pateiktas \u012fsp\u0117jimas indonezie\u010di\u0173 kalba apie r\u016bkymo keliam\u0105 pavoj\u0173 sveikatai.<\/p>\n<p data-start=\"774\" data-end=\"797\"><strong data-start=\"774\" data-end=\"797\">Value assessment:<\/strong><\/p>\n<ul data-start=\"799\" data-end=\"1322\">\n<li data-start=\"799\" data-end=\"1003\">\n<p data-start=\"801\" data-end=\"1003\"><strong data-start=\"801\" data-end=\"821\">Collectible value:<\/strong> \u017dema\u2013vidutin\u0117. \u0160is pakelis n\u0117ra riboto leidimo, ta\u010diau d\u0117l kilm\u0117s \u0161alies (Indonezija) ir specifinio dizaino gali b\u016bti \u012fdomus kolekcininkams, besidomintiems Azijos tabako produktais.<\/p>\n<\/li>\n<li data-start=\"1004\" data-end=\"1099\">\n<p data-start=\"1006\" data-end=\"1099\"><strong data-start=\"1006\" data-end=\"1028\">Condition assessment:<\/strong> Neatidarytas, puikios b\u016bkl\u0117s (pakelis originaliai u\u017epakuotas pl\u0117vele).<\/p>\n<\/li>\n<li data-start=\"1100\" data-end=\"1322\">\n<p data-start=\"1102\" data-end=\"1322\"><strong data-start=\"1102\" data-end=\"1142\">Historical data and popularity:<\/strong> Prek\u0117s \u017eenklas \u201eScorpio\u201c yra ma\u017eai \u017einomas tarptautiniu mastu, ta\u010diau tokie pakeliai gali b\u016bti reti u\u017e Azijos rib\u0173, tod\u0117l j\u0173 kolekcin\u0117 paklausa egzistuoja ni\u0161iniuose sluoksniuose.<\/p>\n<\/li>\n<\/ul>","protected":false},"excerpt":{"rendered":"<p data-start=\"96\" data-end=\"165\"><strong data-start=\"96\" data-end=\"130\">Brand and name:<\/strong> Scorpio &#8222;Selected Quality Tobacco&#8221;<\/p>\n<p data-start=\"167\" data-end=\"189\"><strong data-start=\"167\" data-end=\"177\">Size:<\/strong> 21 cigarettes<\/p>\n<p data-start=\"191\" data-end=\"220\"><strong data-start=\"191\" data-end=\"209\">Country of manufacture:<\/strong> Indonesia<\/p>\n<p data-start=\"222\" data-end=\"280\"><strong data-start=\"222\" data-end=\"246\">Production period:<\/strong> Unknown (modern edition)<\/p>\n<p data-start=\"282\" data-end=\"315\"><strong data-start=\"282\" data-end=\"300\">Package type:<\/strong> Hard pack<\/p>","protected":false},"featured_media":17975,"template":"","meta":{"_surecart_dashboard_logo_width":"180px","_surecart_dashboard_show_logo":true,"_surecart_dashboard_navigation_orders":true,"_surecart_dashboard_navigation_invoices":true,"_surecart_dashboard_navigation_subscriptions":true,"_surecart_dashboard_navigation_downloads":true,"_surecart_dashboard_navigation_billing":true,"_surecart_dashboard_navigation_account":true,"site-sidebar-layout":"default","site-content-layout":"","ast-site-content-layout":"default","site-content-style":"default","site-sidebar-style":"default","ast-global-header-display":"","ast-banner-title-visibility":"","ast-main-header-display":"","ast-hfb-above-header-display":"","ast-hfb-below-header-display":"","ast-hfb-mobile-header-display":"","site-post-title":"","ast-breadcrumbs-content":"","ast-featured-img":"","footer-sml-layout":"","theme-transparent-header-meta":"default","adv-header-id-meta":"","stick-header-meta":"","header-above-stick-meta":"","header-main-stick-meta":"","header-below-stick-meta":"","astra-migrate-meta-layouts":"set","ast-page-background-enabled":"default","ast-page-background-meta":{"desktop":{"background-color":"","background-image":"","background-repeat":"repeat","background-position":"center center","background-size":"auto","background-attachment":"scroll","background-type":"","background-media":"","overlay-type":"","overlay-color":"","overlay-opacity":"","overlay-gradient":""},"tablet":{"background-color":"","background-image":"","background-repeat":"repeat","background-position":"center center","background-size":"auto","background-attachment":"scroll","background-type":"","background-media":"","overlay-type":"","overlay-color":"","overlay-opacity":"","overlay-gradient":""},"mobile":{"background-color":"","background-image":"","background-repeat":"repeat","background-position":"center center","background-size":"auto","background-attachment":"scroll","background-type":"","background-media":"","overlay-type":"","overlay-color":"","overlay-opacity":"","overlay-gradient":""}},"ast-content-background-meta":{"desktop":{"background-color":"var(--ast-global-color-5)","background-image":"","background-repeat":"repeat","background-position":"center center","background-size":"auto","background-attachment":"scroll","background-type":"","background-media":"","overlay-type":"","overlay-color":"","overlay-opacity":"","overlay-gradient":""},"tablet":{"background-color":"var(--ast-global-color-5)","background-image":"","background-repeat":"repeat","background-position":"center center","background-size":"auto","background-attachment":"scroll","background-type":"","background-media":"","overlay-type":"","overlay-color":"","overlay-opacity":"","overlay-gradient":""},"mobile":{"background-color":"var(--ast-global-color-5)","background-image":"","background-repeat":"repeat","background-position":"center center","background-size":"auto","background-attachment":"scroll","background-type":"","background-media":"","overlay-type":"","overlay-color":"","overlay-opacity":"","overlay-gradient":""}}},"product_brand":[],"product_cat":[207],"product_tag":[],"class_list":{"0":"post-18026","1":"product","2":"type-product","3":"status-publish","4":"has-post-thumbnail","6":"product_cat-indonesia","7":"desktop-align-left","8":"tablet-align-left","9":"mobile-align-left","11":"first","12":"instock","13":"sale","14":"shipping-taxable","15":"purchasable","16":"product-type-simple","17":"add-to-wishlist-before_image"},"_links":{"self":[{"href":"https:\/\/colligatum.com\/en\/wp-json\/wp\/v2\/product\/18026","targetHints":{"allow":["GET"]}}],"collection":[{"href":"https:\/\/colligatum.com\/en\/wp-json\/wp\/v2\/product"}],"about":[{"href":"https:\/\/colligatum.com\/en\/wp-json\/wp\/v2\/types\/product"}],"version-history":[{"count":1,"href":"https:\/\/colligatum.com\/en\/wp-json\/wp\/v2\/product\/18026\/revisions"}],"predecessor-version":[{"id":18027,"href":"https:\/\/colligatum.com\/en\/wp-json\/wp\/v2\/product\/18026\/revisions\/18027"}],"wp:featuredmedia":[{"embeddable":true,"href":"https:\/\/colligatum.com\/en\/wp-json\/wp\/v2\/media\/17975"}],"wp:attachment":[{"href":"https:\/\/colligatum.com\/en\/wp-json\/wp\/v2\/media?parent=18026"}],"wp:term":[{"taxonomy":"product_brand","embeddable":true,"href":"https:\/\/colligatum.com\/en\/wp-json\/wp\/v2\/product_brand?post=18026"},{"taxonomy":"product_cat","embeddable":true,"href":"https:\/\/colligatum.com\/en\/wp-json\/wp\/v2\/product_cat?post=18026"},{"taxonomy":"product_tag","embeddable":true,"href":"https:\/\/colligatum.com\/en\/wp-json\/wp\/v2\/product_tag?post=18026"}],"curies":[{"name":"wp","href":"https:\/\/api.w.org\/{rel}","templated":true}]}}