{"id":18028,"date":"2025-08-02T05:49:24","date_gmt":"2025-08-02T03:49:24","guid":{"rendered":"https:\/\/colligatum.com\/?post_type=product&#038;p=18028"},"modified":"2025-08-02T05:49:24","modified_gmt":"2025-08-02T03:49:24","slug":"pakis-kembang","status":"publish","type":"product","link":"https:\/\/colligatum.com\/en\/product\/pakis-kembang\/","title":{"rendered":"Pak Kembang"},"content":{"rendered":"<p data-start=\"271\" data-end=\"702\"><strong data-start=\"271\" data-end=\"285\">Description:<\/strong> Pakis Kembang cigare\u010di\u0173 pakelis i\u0161siskiria sodriu \u017ealiu dizainu su augal\u0173 ir gamtos motyvais. Ant priekin\u0117s pus\u0117s pavaizduota moteris su sk\u0117\u010diu med\u017ei\u0173 fone, o galin\u0117je pus\u0117je \u2013 sraigtasparnis vir\u0161 kra\u0161tovaizd\u017eio. Vizualiai pakelis sukuria nat\u016bralumo ir tropin\u0117s dvasios \u012fsp\u016bd\u012f. \u0160riftas ir spalvos derinamos taip, kad b\u016bt\u0173 pabr\u0117\u017etas gamtos \u012fkv\u0117ptas \u012fvaizdis. \u012esp\u0117jimas apie r\u016bkymo \u017eal\u0105 pateikiamas indonezie\u010di\u0173 kalba.<\/p>\n<p data-start=\"704\" data-end=\"727\"><strong data-start=\"704\" data-end=\"727\">Value assessment:<\/strong><\/p>\n<ul data-start=\"729\" data-end=\"1277\">\n<li data-start=\"729\" data-end=\"949\">\n<p data-start=\"731\" data-end=\"949\"><strong data-start=\"731\" data-end=\"751\">Collectible value:<\/strong> \u017dema\u2013vidutin\u0117. D\u0117l savo egzoti\u0161kos kilm\u0117s (Indonezija) ir ne\u012fprasto dizaino \u0161is pakelis gali b\u016bti \u012fdomus kolekcininkams, ypa\u010d tiems, kurie renka Azijos cigaretes ar vaizdinius, susijusius su gamta.<\/p>\n<\/li>\n<li data-start=\"950\" data-end=\"1034\">\n<p data-start=\"952\" data-end=\"1034\"><strong data-start=\"952\" data-end=\"974\">Condition assessment:<\/strong> Unopened, in excellent condition (original factory film).<\/p>\n<\/li>\n<li data-start=\"1035\" data-end=\"1277\">\n<p data-start=\"1037\" data-end=\"1277\"><strong data-start=\"1037\" data-end=\"1077\">Historical data and popularity:<\/strong> \u201ePakis Kembang\u201c yra retai sutinkamas vardas tarptautin\u0117je rinkoje, beveik ne\u017einomas u\u017e Indonezijos rib\u0173, tod\u0117l pakelis gali b\u016bti laikomas retu ne d\u0117l prek\u0117s \u017eenklo vert\u0117s, bet d\u0117l riboto prieinamumo.<\/p>\n<\/li>\n<\/ul>","protected":false},"excerpt":{"rendered":"<p data-start=\"71\" data-end=\"119\"><strong data-start=\"71\" data-end=\"105\">Brand and name:<\/strong> Pak Kembang<\/p>\n<p data-start=\"121\" data-end=\"143\"><strong data-start=\"121\" data-end=\"131\">Size:<\/strong> 21 cigarettes<\/p>\n<p data-start=\"145\" data-end=\"174\"><strong data-start=\"145\" data-end=\"163\">Country of manufacture:<\/strong> Indonesia<\/p>\n<p data-start=\"176\" data-end=\"234\"><strong data-start=\"176\" data-end=\"200\">Production period:<\/strong> Unknown (modern edition)<\/p>\n<p data-start=\"236\" data-end=\"269\"><strong data-start=\"236\" data-end=\"254\">Package type:<\/strong> Hard pack<\/p>","protected":false},"featured_media":17977,"template":"","meta":{"_surecart_dashboard_logo_width":"180px","_surecart_dashboard_show_logo":true,"_surecart_dashboard_navigation_orders":true,"_surecart_dashboard_navigation_invoices":true,"_surecart_dashboard_navigation_subscriptions":true,"_surecart_dashboard_navigation_downloads":true,"_surecart_dashboard_navigation_billing":true,"_surecart_dashboard_navigation_account":true,"site-sidebar-layout":"default","site-content-layout":"","ast-site-content-layout":"default","site-content-style":"default","site-sidebar-style":"default","ast-global-header-display":"","ast-banner-title-visibility":"","ast-main-header-display":"","ast-hfb-above-header-display":"","ast-hfb-below-header-display":"","ast-hfb-mobile-header-display":"","site-post-title":"","ast-breadcrumbs-content":"","ast-featured-img":"","footer-sml-layout":"","theme-transparent-header-meta":"default","adv-header-id-meta":"","stick-header-meta":"","header-above-stick-meta":"","header-main-stick-meta":"","header-below-stick-meta":"","astra-migrate-meta-layouts":"set","ast-page-background-enabled":"default","ast-page-background-meta":{"desktop":{"background-color":"","background-image":"","background-repeat":"repeat","background-position":"center center","background-size":"auto","background-attachment":"scroll","background-type":"","background-media":"","overlay-type":"","overlay-color":"","overlay-opacity":"","overlay-gradient":""},"tablet":{"background-color":"","background-image":"","background-repeat":"repeat","background-position":"center center","background-size":"auto","background-attachment":"scroll","background-type":"","background-media":"","overlay-type":"","overlay-color":"","overlay-opacity":"","overlay-gradient":""},"mobile":{"background-color":"","background-image":"","background-repeat":"repeat","background-position":"center center","background-size":"auto","background-attachment":"scroll","background-type":"","background-media":"","overlay-type":"","overlay-color":"","overlay-opacity":"","overlay-gradient":""}},"ast-content-background-meta":{"desktop":{"background-color":"var(--ast-global-color-5)","background-image":"","background-repeat":"repeat","background-position":"center center","background-size":"auto","background-attachment":"scroll","background-type":"","background-media":"","overlay-type":"","overlay-color":"","overlay-opacity":"","overlay-gradient":""},"tablet":{"background-color":"var(--ast-global-color-5)","background-image":"","background-repeat":"repeat","background-position":"center center","background-size":"auto","background-attachment":"scroll","background-type":"","background-media":"","overlay-type":"","overlay-color":"","overlay-opacity":"","overlay-gradient":""},"mobile":{"background-color":"var(--ast-global-color-5)","background-image":"","background-repeat":"repeat","background-position":"center center","background-size":"auto","background-attachment":"scroll","background-type":"","background-media":"","overlay-type":"","overlay-color":"","overlay-opacity":"","overlay-gradient":""}}},"product_brand":[],"product_cat":[207],"product_tag":[],"class_list":{"0":"post-18028","1":"product","2":"type-product","3":"status-publish","4":"has-post-thumbnail","6":"product_cat-indonesia","7":"desktop-align-left","8":"tablet-align-left","9":"mobile-align-left","11":"first","12":"instock","13":"sale","14":"shipping-taxable","15":"purchasable","16":"product-type-simple","17":"add-to-wishlist-before_image"},"_links":{"self":[{"href":"https:\/\/colligatum.com\/en\/wp-json\/wp\/v2\/product\/18028","targetHints":{"allow":["GET"]}}],"collection":[{"href":"https:\/\/colligatum.com\/en\/wp-json\/wp\/v2\/product"}],"about":[{"href":"https:\/\/colligatum.com\/en\/wp-json\/wp\/v2\/types\/product"}],"version-history":[{"count":1,"href":"https:\/\/colligatum.com\/en\/wp-json\/wp\/v2\/product\/18028\/revisions"}],"predecessor-version":[{"id":18029,"href":"https:\/\/colligatum.com\/en\/wp-json\/wp\/v2\/product\/18028\/revisions\/18029"}],"wp:featuredmedia":[{"embeddable":true,"href":"https:\/\/colligatum.com\/en\/wp-json\/wp\/v2\/media\/17977"}],"wp:attachment":[{"href":"https:\/\/colligatum.com\/en\/wp-json\/wp\/v2\/media?parent=18028"}],"wp:term":[{"taxonomy":"product_brand","embeddable":true,"href":"https:\/\/colligatum.com\/en\/wp-json\/wp\/v2\/product_brand?post=18028"},{"taxonomy":"product_cat","embeddable":true,"href":"https:\/\/colligatum.com\/en\/wp-json\/wp\/v2\/product_cat?post=18028"},{"taxonomy":"product_tag","embeddable":true,"href":"https:\/\/colligatum.com\/en\/wp-json\/wp\/v2\/product_tag?post=18028"}],"curies":[{"name":"wp","href":"https:\/\/api.w.org\/{rel}","templated":true}]}}