{"id":18040,"date":"2025-08-02T06:05:06","date_gmt":"2025-08-02T04:05:06","guid":{"rendered":"https:\/\/colligatum.com\/?post_type=product&#038;p=18040"},"modified":"2025-08-02T06:05:06","modified_gmt":"2025-08-02T04:05:06","slug":"formosa-lights","status":"publish","type":"product","link":"https:\/\/colligatum.com\/en\/product\/formosa-lights\/","title":{"rendered":"Formosa Lights"},"content":{"rendered":"<p data-start=\"279\" data-end=\"792\"><strong data-start=\"279\" data-end=\"293\">Description:<\/strong> Formosa Lights cigare\u010di\u0173 pakelis yra \u0161viesaus dizaino, pagrinde baltas su pasikartojan\u010diu prek\u0117s \u017eenklo u\u017era\u0161u \u201eFORMOSA\u201c \u0161viesiai \u017ealiu \u0161riftu. Pagrindinis d\u0117mesys skiriamas centriniam raudonam kini\u0161kam simboliui, kuris i\u0161siskiria i\u0161 bendro fono. Vir\u0161uje matomas Taivano akcizo \u017eenklas bei gamintojo spaudas. \u012esp\u0117jimas apie r\u016bkymo \u017eal\u0105 pateikiamas kini\u0161kais ra\u0161menimis. Vizualiai pakelis perteikia \u0161varos, paprastumo ir tvarkingo stiliaus \u012fvaizd\u012f, b\u016bding\u0105 Taivano vidaus rinkai skirtai produkcijai.<\/p>\n<p data-start=\"794\" data-end=\"817\"><strong data-start=\"794\" data-end=\"817\">Value assessment:<\/strong><\/p>\n<ul data-start=\"819\" data-end=\"1530\">\n<li data-start=\"819\" data-end=\"1101\">\n<p data-start=\"821\" data-end=\"1101\"><strong data-start=\"821\" data-end=\"841\">Collectible value:<\/strong> Vidutin\u0117. Nors Formosa n\u0117ra pla\u010diai \u017einomas ar ie\u0161komas prek\u0117s \u017eenklas globalioje kolekcinink\u0173 rinkoje, d\u0117l savo ai\u0161kios kilm\u0117s (Taivanas) ir specifinio, paprasto dizaino \u0161is pakelis gali b\u016bti \u012fdomus temin\u0117ms kolekcijoms, kurios orientuotos \u012f Azijos regionus.<\/p>\n<\/li>\n<li data-start=\"1102\" data-end=\"1220\">\n<p data-start=\"1104\" data-end=\"1220\"><strong data-start=\"1104\" data-end=\"1126\">Condition assessment:<\/strong> Neatidarytas, labai gera b\u016bkl\u0117 \u2013 pakelis u\u017esandarintas originalia pl\u0117vele, be matom\u0173 defekt\u0173.<\/p>\n<\/li>\n<li data-start=\"1221\" data-end=\"1530\">\n<p data-start=\"1223\" data-end=\"1530\"><strong data-start=\"1223\" data-end=\"1263\">Historical data and popularity:<\/strong> \u201eFormosa\u201c yra istorin\u0117 Taivano pavadinimo forma, kuri vartojama siekiant sukurti nacionalin\u012f ar kult\u016brin\u012f identitet\u0105. \u0160is cigare\u010di\u0173 \u017eenklas retas u\u017e Azijos rib\u0173, tod\u0117l kolekcinink\u0173 vertinamas daugiau kaip egzoti\u0161kas ar kult\u016brinis objektas nei d\u0117l savo \u017eenklo vert\u0117s.<\/p>\n<\/li>\n<\/ul>","protected":false},"excerpt":{"rendered":"<p data-start=\"59\" data-end=\"108\"><strong data-start=\"59\" data-end=\"93\">Brand and name:<\/strong> Formosa Lights<\/p>\n<p data-start=\"110\" data-end=\"133\"><strong data-start=\"110\" data-end=\"120\">Size:<\/strong> 20 cigarettes<\/p>\n<p data-start=\"135\" data-end=\"162\"><strong data-start=\"135\" data-end=\"153\">Country of manufacture:<\/strong> Taiwan<\/p>\n<p data-start=\"164\" data-end=\"242\"><strong data-start=\"164\" data-end=\"188\">Production period:<\/strong> Ne\u017einomas (\u0161iuolaikinis arba XX a. pabaigos leidimas)<\/p>\n<p data-start=\"244\" data-end=\"277\"><strong data-start=\"244\" data-end=\"262\">Package type:<\/strong> Hard pack<\/p>","protected":false},"featured_media":17989,"template":"","meta":{"_surecart_dashboard_logo_width":"180px","_surecart_dashboard_show_logo":true,"_surecart_dashboard_navigation_orders":true,"_surecart_dashboard_navigation_invoices":true,"_surecart_dashboard_navigation_subscriptions":true,"_surecart_dashboard_navigation_downloads":true,"_surecart_dashboard_navigation_billing":true,"_surecart_dashboard_navigation_account":true,"site-sidebar-layout":"default","site-content-layout":"","ast-site-content-layout":"default","site-content-style":"default","site-sidebar-style":"default","ast-global-header-display":"","ast-banner-title-visibility":"","ast-main-header-display":"","ast-hfb-above-header-display":"","ast-hfb-below-header-display":"","ast-hfb-mobile-header-display":"","site-post-title":"","ast-breadcrumbs-content":"","ast-featured-img":"","footer-sml-layout":"","theme-transparent-header-meta":"default","adv-header-id-meta":"","stick-header-meta":"","header-above-stick-meta":"","header-main-stick-meta":"","header-below-stick-meta":"","astra-migrate-meta-layouts":"set","ast-page-background-enabled":"default","ast-page-background-meta":{"desktop":{"background-color":"","background-image":"","background-repeat":"repeat","background-position":"center center","background-size":"auto","background-attachment":"scroll","background-type":"","background-media":"","overlay-type":"","overlay-color":"","overlay-opacity":"","overlay-gradient":""},"tablet":{"background-color":"","background-image":"","background-repeat":"repeat","background-position":"center center","background-size":"auto","background-attachment":"scroll","background-type":"","background-media":"","overlay-type":"","overlay-color":"","overlay-opacity":"","overlay-gradient":""},"mobile":{"background-color":"","background-image":"","background-repeat":"repeat","background-position":"center center","background-size":"auto","background-attachment":"scroll","background-type":"","background-media":"","overlay-type":"","overlay-color":"","overlay-opacity":"","overlay-gradient":""}},"ast-content-background-meta":{"desktop":{"background-color":"var(--ast-global-color-5)","background-image":"","background-repeat":"repeat","background-position":"center center","background-size":"auto","background-attachment":"scroll","background-type":"","background-media":"","overlay-type":"","overlay-color":"","overlay-opacity":"","overlay-gradient":""},"tablet":{"background-color":"var(--ast-global-color-5)","background-image":"","background-repeat":"repeat","background-position":"center center","background-size":"auto","background-attachment":"scroll","background-type":"","background-media":"","overlay-type":"","overlay-color":"","overlay-opacity":"","overlay-gradient":""},"mobile":{"background-color":"var(--ast-global-color-5)","background-image":"","background-repeat":"repeat","background-position":"center center","background-size":"auto","background-attachment":"scroll","background-type":"","background-media":"","overlay-type":"","overlay-color":"","overlay-opacity":"","overlay-gradient":""}}},"product_brand":[],"product_cat":[193],"product_tag":[],"class_list":{"0":"post-18040","1":"product","2":"type-product","3":"status-publish","4":"has-post-thumbnail","6":"product_cat-taiwan","7":"desktop-align-left","8":"tablet-align-left","9":"mobile-align-left","11":"first","12":"instock","13":"sale","14":"shipping-taxable","15":"purchasable","16":"product-type-simple","17":"add-to-wishlist-before_image"},"_links":{"self":[{"href":"https:\/\/colligatum.com\/en\/wp-json\/wp\/v2\/product\/18040","targetHints":{"allow":["GET"]}}],"collection":[{"href":"https:\/\/colligatum.com\/en\/wp-json\/wp\/v2\/product"}],"about":[{"href":"https:\/\/colligatum.com\/en\/wp-json\/wp\/v2\/types\/product"}],"version-history":[{"count":1,"href":"https:\/\/colligatum.com\/en\/wp-json\/wp\/v2\/product\/18040\/revisions"}],"predecessor-version":[{"id":18041,"href":"https:\/\/colligatum.com\/en\/wp-json\/wp\/v2\/product\/18040\/revisions\/18041"}],"wp:featuredmedia":[{"embeddable":true,"href":"https:\/\/colligatum.com\/en\/wp-json\/wp\/v2\/media\/17989"}],"wp:attachment":[{"href":"https:\/\/colligatum.com\/en\/wp-json\/wp\/v2\/media?parent=18040"}],"wp:term":[{"taxonomy":"product_brand","embeddable":true,"href":"https:\/\/colligatum.com\/en\/wp-json\/wp\/v2\/product_brand?post=18040"},{"taxonomy":"product_cat","embeddable":true,"href":"https:\/\/colligatum.com\/en\/wp-json\/wp\/v2\/product_cat?post=18040"},{"taxonomy":"product_tag","embeddable":true,"href":"https:\/\/colligatum.com\/en\/wp-json\/wp\/v2\/product_tag?post=18040"}],"curies":[{"name":"wp","href":"https:\/\/api.w.org\/{rel}","templated":true}]}}