{"id":18046,"date":"2025-08-02T06:11:23","date_gmt":"2025-08-02T04:11:23","guid":{"rendered":"https:\/\/colligatum.com\/?post_type=product&#038;p=18046"},"modified":"2025-08-02T06:11:24","modified_gmt":"2025-08-02T04:11:24","slug":"formosa","status":"publish","type":"product","link":"https:\/\/colligatum.com\/en\/product\/formosa\/","title":{"rendered":"Formosa"},"content":{"rendered":"<p data-start=\"406\" data-end=\"835\"><strong data-start=\"406\" data-end=\"420\">Description:<\/strong><br data-start=\"420\" data-end=\"423\" \/>Formosa cigare\u010di\u0173 pakelis pasi\u017eymi prabangiu aukso spalvos dizainu su ry\u0161kiais raudonais simboliais ir kini\u0161kais ra\u0161menimis. Priekin\u0117je pus\u0117je pavaizduotas kvadratinis logotipas, o vir\u0161uje \u012fra\u0161as \u201e20 CLASS A CIGARETTES\u201c. Ant nugarin\u0117s dalies pateiktas u\u017era\u0161as \u201eFilter Cigarettes\u201c ir \u012fsp\u0117jimas apie r\u016bkymo \u017eal\u0105 kin\u0173 kalba. Pakelis u\u017esandarintas originalia pl\u0117vele, dizainas i\u0161laikytas vientisai ir minimalistinis.<\/p>\n<hr data-start=\"837\" data-end=\"840\" \/>\n<p data-start=\"842\" data-end=\"865\"><strong data-start=\"842\" data-end=\"865\">Value assessment:<\/strong><\/p>\n<ul data-start=\"867\" data-end=\"1362\">\n<li data-start=\"867\" data-end=\"1039\">\n<p data-start=\"869\" data-end=\"1039\"><strong data-start=\"869\" data-end=\"889\">Collectible value:<\/strong> Vidutin\u0117\u2013auk\u0161ta. D\u0117l ma\u017eo paplitimo Europoje ir Azijos kilm\u0117s, \u0161is pakelis domina kolekcininkus, besidomin\u010dius egzotiniais ar regioniniais leidimais.<\/p>\n<\/li>\n<li data-start=\"1043\" data-end=\"1122\">\n<p data-start=\"1045\" data-end=\"1122\"><strong data-start=\"1045\" data-end=\"1067\">Condition assessment:<\/strong> Unopened, very good condition, with original film.<\/p>\n<\/li>\n<li data-start=\"1124\" data-end=\"1362\">\n<p data-start=\"1126\" data-end=\"1362\"><strong data-start=\"1126\" data-end=\"1166\">Historical data and popularity:<\/strong><br data-start=\"1166\" data-end=\"1169\" \/>Formosa yra tradicinis Taivano cigare\u010di\u0173 prek\u0117s \u017eenklas, ta\u010diau u\u017e Azijos rib\u0173 \u017einomas retai. Jo pavadinimas (Formosa \u2013 senas Taivano pavadinimas) prideda istorin\u0117s reik\u0161m\u0117s kolekcinink\u0173 tarpe.<\/p>\n<\/li>\n<\/ul>","protected":false},"excerpt":{"rendered":"<p data-start=\"202\" data-end=\"244\"><strong data-start=\"202\" data-end=\"236\">Brand and name:<\/strong> Formosa<\/p>\n<p data-start=\"246\" data-end=\"269\"><strong data-start=\"246\" data-end=\"256\">Size:<\/strong> 20 cigarettes<\/p>\n<p data-start=\"271\" data-end=\"298\"><strong data-start=\"271\" data-end=\"289\">Country of manufacture:<\/strong> Taiwan<\/p>\n<p data-start=\"300\" data-end=\"369\"><strong data-start=\"300\" data-end=\"324\">Production period:<\/strong> Unknown (probably late 20th century \u2013 early 21st century)<\/p>\n<p data-start=\"371\" data-end=\"404\"><strong data-start=\"371\" data-end=\"389\">Package type:<\/strong> Hard pack<\/p>","protected":false},"featured_media":17995,"template":"","meta":{"_surecart_dashboard_logo_width":"180px","_surecart_dashboard_show_logo":true,"_surecart_dashboard_navigation_orders":true,"_surecart_dashboard_navigation_invoices":true,"_surecart_dashboard_navigation_subscriptions":true,"_surecart_dashboard_navigation_downloads":true,"_surecart_dashboard_navigation_billing":true,"_surecart_dashboard_navigation_account":true,"site-sidebar-layout":"default","site-content-layout":"","ast-site-content-layout":"default","site-content-style":"default","site-sidebar-style":"default","ast-global-header-display":"","ast-banner-title-visibility":"","ast-main-header-display":"","ast-hfb-above-header-display":"","ast-hfb-below-header-display":"","ast-hfb-mobile-header-display":"","site-post-title":"","ast-breadcrumbs-content":"","ast-featured-img":"","footer-sml-layout":"","theme-transparent-header-meta":"default","adv-header-id-meta":"","stick-header-meta":"","header-above-stick-meta":"","header-main-stick-meta":"","header-below-stick-meta":"","astra-migrate-meta-layouts":"set","ast-page-background-enabled":"default","ast-page-background-meta":{"desktop":{"background-color":"","background-image":"","background-repeat":"repeat","background-position":"center center","background-size":"auto","background-attachment":"scroll","background-type":"","background-media":"","overlay-type":"","overlay-color":"","overlay-opacity":"","overlay-gradient":""},"tablet":{"background-color":"","background-image":"","background-repeat":"repeat","background-position":"center center","background-size":"auto","background-attachment":"scroll","background-type":"","background-media":"","overlay-type":"","overlay-color":"","overlay-opacity":"","overlay-gradient":""},"mobile":{"background-color":"","background-image":"","background-repeat":"repeat","background-position":"center center","background-size":"auto","background-attachment":"scroll","background-type":"","background-media":"","overlay-type":"","overlay-color":"","overlay-opacity":"","overlay-gradient":""}},"ast-content-background-meta":{"desktop":{"background-color":"var(--ast-global-color-5)","background-image":"","background-repeat":"repeat","background-position":"center center","background-size":"auto","background-attachment":"scroll","background-type":"","background-media":"","overlay-type":"","overlay-color":"","overlay-opacity":"","overlay-gradient":""},"tablet":{"background-color":"var(--ast-global-color-5)","background-image":"","background-repeat":"repeat","background-position":"center center","background-size":"auto","background-attachment":"scroll","background-type":"","background-media":"","overlay-type":"","overlay-color":"","overlay-opacity":"","overlay-gradient":""},"mobile":{"background-color":"var(--ast-global-color-5)","background-image":"","background-repeat":"repeat","background-position":"center center","background-size":"auto","background-attachment":"scroll","background-type":"","background-media":"","overlay-type":"","overlay-color":"","overlay-opacity":"","overlay-gradient":""}}},"product_brand":[],"product_cat":[193],"product_tag":[],"class_list":{"0":"post-18046","1":"product","2":"type-product","3":"status-publish","4":"has-post-thumbnail","6":"product_cat-taiwan","7":"desktop-align-left","8":"tablet-align-left","9":"mobile-align-left","11":"first","12":"instock","13":"sale","14":"shipping-taxable","15":"purchasable","16":"product-type-simple","17":"add-to-wishlist-before_image"},"_links":{"self":[{"href":"https:\/\/colligatum.com\/en\/wp-json\/wp\/v2\/product\/18046","targetHints":{"allow":["GET"]}}],"collection":[{"href":"https:\/\/colligatum.com\/en\/wp-json\/wp\/v2\/product"}],"about":[{"href":"https:\/\/colligatum.com\/en\/wp-json\/wp\/v2\/types\/product"}],"version-history":[{"count":1,"href":"https:\/\/colligatum.com\/en\/wp-json\/wp\/v2\/product\/18046\/revisions"}],"predecessor-version":[{"id":18047,"href":"https:\/\/colligatum.com\/en\/wp-json\/wp\/v2\/product\/18046\/revisions\/18047"}],"wp:featuredmedia":[{"embeddable":true,"href":"https:\/\/colligatum.com\/en\/wp-json\/wp\/v2\/media\/17995"}],"wp:attachment":[{"href":"https:\/\/colligatum.com\/en\/wp-json\/wp\/v2\/media?parent=18046"}],"wp:term":[{"taxonomy":"product_brand","embeddable":true,"href":"https:\/\/colligatum.com\/en\/wp-json\/wp\/v2\/product_brand?post=18046"},{"taxonomy":"product_cat","embeddable":true,"href":"https:\/\/colligatum.com\/en\/wp-json\/wp\/v2\/product_cat?post=18046"},{"taxonomy":"product_tag","embeddable":true,"href":"https:\/\/colligatum.com\/en\/wp-json\/wp\/v2\/product_tag?post=18046"}],"curies":[{"name":"wp","href":"https:\/\/api.w.org\/{rel}","templated":true}]}}