{"id":18054,"date":"2025-08-02T06:19:37","date_gmt":"2025-08-02T04:19:37","guid":{"rendered":"https:\/\/colligatum.com\/?post_type=product&#038;p=18054"},"modified":"2026-04-12T09:36:09","modified_gmt":"2026-04-12T07:36:09","slug":"g1","status":"publish","type":"product","link":"https:\/\/colligatum.com\/en\/product\/g1\/","title":{"rendered":"G1 Wheatfield with Rising Sun"},"content":{"rendered":"<p data-start=\"222\" data-end=\"650\"><strong data-start=\"222\" data-end=\"236\">Description:<\/strong> Ant pakelio pavaizduotas labai b\u016bdingas <span class=\"hover:entity-accent entity-underline inline cursor-pointer align-baseline\"><span class=\"whitespace-normal\">Vincent van Gogh<\/span><\/span> stiliaus kra\u0161tovaizdis \u2013 ry\u0161kiai geltonas dangus su spiraliniu saul\u0117s efektu ir \u017eemiau esantis kalvotas, \u017ealias-rudas laukas.<br data-start=\"440\" data-end=\"443\" \/>Motyvas artimiausias Van Gogh darbams i\u0161 Arlio periodo, ypa\u010d \u201eWheatfield\u201c (kvie\u010di\u0173 lauk\u0173) serijai. Nors tai n\u0117ra 100% tiksliai viena konkreti reprodukcija, dizainas ai\u0161kiai paremtas tokiais k\u016briniais kaip:<\/p>\n<ul data-start=\"651\" data-end=\"720\">\n<li data-section-id=\"sy0l2d\" data-start=\"651\" data-end=\"683\">\u201eWheatfield with Rising Sun\u201c<\/li>\n<li data-section-id=\"rn5m4z\" data-start=\"684\" data-end=\"720\">\u201eEnclosed Field with Rising Sun\u201c<\/li>\n<\/ul>\n<p data-start=\"722\" data-end=\"852\">Tai stilizuota adaptacija \u2013 da\u017enas sprendimas G1 serijoje, kur original\u016bs paveikslai \u0161iek tiek supaprastinami arba kombinuojami.<\/p>\n<p data-start=\"854\" data-end=\"1069\"><strong data-start=\"854\" data-end=\"877\">Value assessment:<\/strong>\u00a0<br data-start=\"889\" data-end=\"892\" \/>Labai patrauklus kolekcinis pakelis d\u0117l ry\u0161ki\u0173 spalv\u0173 ir \u201esaul\u0117s\u201c motyvo. Vienas vizualiai stipresni\u0173 \u0161ios serijos variant\u0173, da\u017enai vertinamas pana\u0161iai kaip kiparis\u0173 dizainas.<\/p>","protected":false},"excerpt":{"rendered":"<p data-start=\"92\" data-end=\"152\"><strong data-start=\"92\" data-end=\"126\">Brand and name:<\/strong> G1 Wheatfield with Rising Sun<\/p>\n<p data-start=\"154\" data-end=\"177\"><strong data-start=\"154\" data-end=\"164\">Size:<\/strong> 20 cigarettes<\/p>\n<p data-start=\"179\" data-end=\"206\"><strong data-start=\"179\" data-end=\"197\">Country of manufacture:<\/strong> Taiwan<\/p>\n<p data-start=\"208\" data-end=\"278\"><strong data-start=\"208\" data-end=\"232\">Production period:<\/strong> XXI a. prad\u017eia (riboto leidimo menin\u0117 serija)<\/p>\n<p data-start=\"280\" data-end=\"313\"><strong data-start=\"280\" data-end=\"298\">Package type:<\/strong> Hard pack<\/p>","protected":false},"featured_media":26938,"template":"","meta":{"_surecart_dashboard_logo_width":"180px","_surecart_dashboard_show_logo":true,"_surecart_dashboard_navigation_orders":true,"_surecart_dashboard_navigation_invoices":true,"_surecart_dashboard_navigation_subscriptions":true,"_surecart_dashboard_navigation_downloads":true,"_surecart_dashboard_navigation_billing":true,"_surecart_dashboard_navigation_account":true,"site-sidebar-layout":"default","site-content-layout":"","ast-site-content-layout":"default","site-content-style":"default","site-sidebar-style":"default","ast-global-header-display":"","ast-banner-title-visibility":"","ast-main-header-display":"","ast-hfb-above-header-display":"","ast-hfb-below-header-display":"","ast-hfb-mobile-header-display":"","site-post-title":"","ast-breadcrumbs-content":"","ast-featured-img":"","footer-sml-layout":"","theme-transparent-header-meta":"default","adv-header-id-meta":"","stick-header-meta":"","header-above-stick-meta":"","header-main-stick-meta":"","header-below-stick-meta":"","astra-migrate-meta-layouts":"set","ast-page-background-enabled":"default","ast-page-background-meta":{"desktop":{"background-color":"","background-image":"","background-repeat":"repeat","background-position":"center center","background-size":"auto","background-attachment":"scroll","background-type":"","background-media":"","overlay-type":"","overlay-color":"","overlay-opacity":"","overlay-gradient":""},"tablet":{"background-color":"","background-image":"","background-repeat":"repeat","background-position":"center center","background-size":"auto","background-attachment":"scroll","background-type":"","background-media":"","overlay-type":"","overlay-color":"","overlay-opacity":"","overlay-gradient":""},"mobile":{"background-color":"","background-image":"","background-repeat":"repeat","background-position":"center center","background-size":"auto","background-attachment":"scroll","background-type":"","background-media":"","overlay-type":"","overlay-color":"","overlay-opacity":"","overlay-gradient":""}},"ast-content-background-meta":{"desktop":{"background-color":"var(--ast-global-color-5)","background-image":"","background-repeat":"repeat","background-position":"center center","background-size":"auto","background-attachment":"scroll","background-type":"","background-media":"","overlay-type":"","overlay-color":"","overlay-opacity":"","overlay-gradient":""},"tablet":{"background-color":"var(--ast-global-color-5)","background-image":"","background-repeat":"repeat","background-position":"center center","background-size":"auto","background-attachment":"scroll","background-type":"","background-media":"","overlay-type":"","overlay-color":"","overlay-opacity":"","overlay-gradient":""},"mobile":{"background-color":"var(--ast-global-color-5)","background-image":"","background-repeat":"repeat","background-position":"center center","background-size":"auto","background-attachment":"scroll","background-type":"","background-media":"","overlay-type":"","overlay-color":"","overlay-opacity":"","overlay-gradient":""}}},"product_brand":[],"product_cat":[193],"product_tag":[],"class_list":{"0":"post-18054","1":"product","2":"type-product","3":"status-publish","4":"has-post-thumbnail","6":"product_cat-taiwan","7":"desktop-align-left","8":"tablet-align-left","9":"mobile-align-left","11":"first","12":"instock","13":"sale","14":"shipping-taxable","15":"purchasable","16":"product-type-simple","17":"add-to-wishlist-before_image"},"_links":{"self":[{"href":"https:\/\/colligatum.com\/en\/wp-json\/wp\/v2\/product\/18054","targetHints":{"allow":["GET"]}}],"collection":[{"href":"https:\/\/colligatum.com\/en\/wp-json\/wp\/v2\/product"}],"about":[{"href":"https:\/\/colligatum.com\/en\/wp-json\/wp\/v2\/types\/product"}],"version-history":[{"count":4,"href":"https:\/\/colligatum.com\/en\/wp-json\/wp\/v2\/product\/18054\/revisions"}],"predecessor-version":[{"id":26924,"href":"https:\/\/colligatum.com\/en\/wp-json\/wp\/v2\/product\/18054\/revisions\/26924"}],"wp:featuredmedia":[{"embeddable":true,"href":"https:\/\/colligatum.com\/en\/wp-json\/wp\/v2\/media\/26938"}],"wp:attachment":[{"href":"https:\/\/colligatum.com\/en\/wp-json\/wp\/v2\/media?parent=18054"}],"wp:term":[{"taxonomy":"product_brand","embeddable":true,"href":"https:\/\/colligatum.com\/en\/wp-json\/wp\/v2\/product_brand?post=18054"},{"taxonomy":"product_cat","embeddable":true,"href":"https:\/\/colligatum.com\/en\/wp-json\/wp\/v2\/product_cat?post=18054"},{"taxonomy":"product_tag","embeddable":true,"href":"https:\/\/colligatum.com\/en\/wp-json\/wp\/v2\/product_tag?post=18054"}],"curies":[{"name":"wp","href":"https:\/\/api.w.org\/{rel}","templated":true}]}}