{"id":18214,"date":"2025-08-06T15:32:47","date_gmt":"2025-08-06T13:32:47","guid":{"rendered":"https:\/\/colligatum.com\/?post_type=product&#038;p=18214"},"modified":"2025-08-06T15:32:48","modified_gmt":"2025-08-06T13:32:48","slug":"nd-formula","status":"publish","type":"product","link":"https:\/\/colligatum.com\/en\/product\/nd-formula\/","title":{"rendered":"ND Formula"},"content":{"rendered":"<p data-start=\"202\" data-end=\"719\"><strong data-start=\"202\" data-end=\"216\">Description:<\/strong><br data-start=\"216\" data-end=\"219\" \/>ND Formula yra tradicin\u0117s indonezieti\u0161kos kretek cigaret\u0117s, pagamintos i\u0161 auk\u0161tos kokyb\u0117s gvazdik\u0117li\u0173 (cengkeh asli) ir \u201eVirginia\u201c tipo tabako, praturtinto sald\u017eiu aromatu bei saldymed\u017eio ekstraktu. Pakuot\u0117 geltonos spalvos su raudonais ir baltais akcentais. Priekyje matomas prek\u0117s pavadinimas \u201eND\u201c ir \u201eFormula\u201c, vir\u0161uje \u2013 \u017evaig\u017ed\u017ei\u0173 simboliai. Nugarin\u0117je pus\u0117je pateiktas produkt\u0105 apib\u016bdinantis tekstas indonezie\u010di\u0173 kalba. Pakuot\u0117 neatidaryta, ta\u010diau matyti lengvas deformavimas vir\u0161utin\u0117je dalyje.<\/p>\n<p data-start=\"721\" data-end=\"746\"><strong data-start=\"721\" data-end=\"744\">Value assessment:<\/strong><\/p>\n<ul data-start=\"747\" data-end=\"1012\">\n<li data-start=\"747\" data-end=\"861\">\n<p data-start=\"749\" data-end=\"861\"><strong data-start=\"749\" data-end=\"769\">Collectible value:<\/strong> Ma\u017ea \u2013 produktas yra \u0161iuolaikinis, masi\u0161kai gaminamas ir lengvai prieinamas Indonezijoje.<\/p>\n<\/li>\n<li data-start=\"862\" data-end=\"1012\">\n<p data-start=\"864\" data-end=\"1012\"><strong data-start=\"864\" data-end=\"886\">Condition assessment:<\/strong> Labai gera \u2013 originali pl\u0117vel\u0117 vietoje, ta\u010diau nedidelis vir\u0161utin\u0117s dalies \u012flinkimas gali \u0161iek tiek suma\u017einti estetin\u0119 vert\u0119.<\/p>\n<\/li>\n<\/ul>\n<p data-start=\"1014\" data-end=\"1297\"><strong data-start=\"1014\" data-end=\"1054\">Historical data and popularity:<\/strong><br data-start=\"1054\" data-end=\"1057\" \/>Kretek cigaret\u0117s yra itin populiarios Indonezijoje ir da\u017enai parduodamos vietin\u0117se parduotuv\u0117se bei eksportuojamos. \u0160is pakelis n\u0117ra riboto leidimo, tod\u0117l kolekcionieri\u0173 susidom\u0117jimas ribotas, nebent jis skirtas kretek temin\u0117ms kolekcijoms.<\/p>","protected":false},"excerpt":{"rendered":"<p data-start=\"0\" data-end=\"45\"><strong data-start=\"0\" data-end=\"34\">Brand and name:<\/strong> ND Formula<\/p>\n<p data-start=\"47\" data-end=\"84\"><strong data-start=\"47\" data-end=\"57\">Size:<\/strong> 12 cigarettes (kretek type)<\/p>\n<p data-start=\"86\" data-end=\"115\"><strong data-start=\"86\" data-end=\"104\">Country of manufacture:<\/strong> Indonesia<\/p>\n<p data-start=\"117\" data-end=\"163\"><strong data-start=\"117\" data-end=\"141\">Production period:<\/strong> Modern edition<\/p>\n<p data-start=\"165\" data-end=\"200\"><strong data-start=\"165\" data-end=\"183\">Package type:<\/strong> Soft pack<\/p>","protected":false},"featured_media":18161,"template":"","meta":{"_surecart_dashboard_logo_width":"180px","_surecart_dashboard_show_logo":true,"_surecart_dashboard_navigation_orders":true,"_surecart_dashboard_navigation_invoices":true,"_surecart_dashboard_navigation_subscriptions":true,"_surecart_dashboard_navigation_downloads":true,"_surecart_dashboard_navigation_billing":true,"_surecart_dashboard_navigation_account":true,"site-sidebar-layout":"default","site-content-layout":"","ast-site-content-layout":"default","site-content-style":"default","site-sidebar-style":"default","ast-global-header-display":"","ast-banner-title-visibility":"","ast-main-header-display":"","ast-hfb-above-header-display":"","ast-hfb-below-header-display":"","ast-hfb-mobile-header-display":"","site-post-title":"","ast-breadcrumbs-content":"","ast-featured-img":"","footer-sml-layout":"","theme-transparent-header-meta":"default","adv-header-id-meta":"","stick-header-meta":"","header-above-stick-meta":"","header-main-stick-meta":"","header-below-stick-meta":"","astra-migrate-meta-layouts":"set","ast-page-background-enabled":"default","ast-page-background-meta":{"desktop":{"background-color":"","background-image":"","background-repeat":"repeat","background-position":"center center","background-size":"auto","background-attachment":"scroll","background-type":"","background-media":"","overlay-type":"","overlay-color":"","overlay-opacity":"","overlay-gradient":""},"tablet":{"background-color":"","background-image":"","background-repeat":"repeat","background-position":"center center","background-size":"auto","background-attachment":"scroll","background-type":"","background-media":"","overlay-type":"","overlay-color":"","overlay-opacity":"","overlay-gradient":""},"mobile":{"background-color":"","background-image":"","background-repeat":"repeat","background-position":"center center","background-size":"auto","background-attachment":"scroll","background-type":"","background-media":"","overlay-type":"","overlay-color":"","overlay-opacity":"","overlay-gradient":""}},"ast-content-background-meta":{"desktop":{"background-color":"var(--ast-global-color-5)","background-image":"","background-repeat":"repeat","background-position":"center center","background-size":"auto","background-attachment":"scroll","background-type":"","background-media":"","overlay-type":"","overlay-color":"","overlay-opacity":"","overlay-gradient":""},"tablet":{"background-color":"var(--ast-global-color-5)","background-image":"","background-repeat":"repeat","background-position":"center center","background-size":"auto","background-attachment":"scroll","background-type":"","background-media":"","overlay-type":"","overlay-color":"","overlay-opacity":"","overlay-gradient":""},"mobile":{"background-color":"var(--ast-global-color-5)","background-image":"","background-repeat":"repeat","background-position":"center center","background-size":"auto","background-attachment":"scroll","background-type":"","background-media":"","overlay-type":"","overlay-color":"","overlay-opacity":"","overlay-gradient":""}}},"product_brand":[],"product_cat":[207],"product_tag":[],"class_list":{"0":"post-18214","1":"product","2":"type-product","3":"status-publish","4":"has-post-thumbnail","6":"product_cat-indonesia","7":"desktop-align-left","8":"tablet-align-left","9":"mobile-align-left","11":"first","12":"instock","13":"sale","14":"shipping-taxable","15":"purchasable","16":"product-type-simple","17":"add-to-wishlist-before_image"},"_links":{"self":[{"href":"https:\/\/colligatum.com\/en\/wp-json\/wp\/v2\/product\/18214","targetHints":{"allow":["GET"]}}],"collection":[{"href":"https:\/\/colligatum.com\/en\/wp-json\/wp\/v2\/product"}],"about":[{"href":"https:\/\/colligatum.com\/en\/wp-json\/wp\/v2\/types\/product"}],"version-history":[{"count":1,"href":"https:\/\/colligatum.com\/en\/wp-json\/wp\/v2\/product\/18214\/revisions"}],"predecessor-version":[{"id":18215,"href":"https:\/\/colligatum.com\/en\/wp-json\/wp\/v2\/product\/18214\/revisions\/18215"}],"wp:featuredmedia":[{"embeddable":true,"href":"https:\/\/colligatum.com\/en\/wp-json\/wp\/v2\/media\/18161"}],"wp:attachment":[{"href":"https:\/\/colligatum.com\/en\/wp-json\/wp\/v2\/media?parent=18214"}],"wp:term":[{"taxonomy":"product_brand","embeddable":true,"href":"https:\/\/colligatum.com\/en\/wp-json\/wp\/v2\/product_brand?post=18214"},{"taxonomy":"product_cat","embeddable":true,"href":"https:\/\/colligatum.com\/en\/wp-json\/wp\/v2\/product_cat?post=18214"},{"taxonomy":"product_tag","embeddable":true,"href":"https:\/\/colligatum.com\/en\/wp-json\/wp\/v2\/product_tag?post=18214"}],"curies":[{"name":"wp","href":"https:\/\/api.w.org\/{rel}","templated":true}]}}