{"id":18216,"date":"2025-08-06T15:34:12","date_gmt":"2025-08-06T13:34:12","guid":{"rendered":"https:\/\/colligatum.com\/?post_type=product&#038;p=18216"},"modified":"2025-08-06T15:34:12","modified_gmt":"2025-08-06T13:34:12","slug":"madu","status":"publish","type":"product","link":"https:\/\/colligatum.com\/en\/product\/madu\/","title":{"rendered":"Fashion"},"content":{"rendered":"<p data-start=\"196\" data-end=\"705\"><strong data-start=\"196\" data-end=\"210\">Description:<\/strong><br data-start=\"210\" data-end=\"213\" \/>Madu (\u201emedus\u201c indonezie\u010di\u0173 kalba) yra tradicin\u0117s indonezieti\u0161kos kretek cigaret\u0117s, kuri\u0173 sud\u0117tyje gali b\u016bti saldesnis aromatas, primenantis med\u0173. Pakuot\u0117 vyrauja raudonos ir geltonos spalv\u0173 gama su \u201eM\u201c simboliu \u017evaig\u017ed\u0117s formos emblemoje. Vir\u0161uje ir nugarin\u0117je pus\u0117je ai\u0161kiai nurodyta \u201e12 Sigaret Kretek\u201c. Apatin\u0117je dalyje \u012fsp\u0117jimas indonezie\u010di\u0173 kalba apie r\u016bkymo \u017eal\u0105. Pakelis neatidarytas, originali pl\u0117vel\u0117 vietoje, b\u016bkl\u0117 gera, nors vir\u0161utin\u0117je dalyje matomas nedidelis pl\u0117vel\u0117s \u012ftempimas.<\/p>\n<p data-start=\"707\" data-end=\"732\"><strong data-start=\"707\" data-end=\"730\">Value assessment:<\/strong><\/p>\n<ul data-start=\"733\" data-end=\"958\">\n<li data-start=\"733\" data-end=\"850\">\n<p data-start=\"735\" data-end=\"850\"><strong data-start=\"735\" data-end=\"755\">Collectible value:<\/strong> Ma\u017ea \u2013 \u0161iuolaikinis, masin\u0117s gamybos gaminys, kur\u012f vis dar galima rasti Indonezijos rinkoje.<\/p>\n<\/li>\n<li data-start=\"851\" data-end=\"958\">\n<p data-start=\"853\" data-end=\"958\"><strong data-start=\"853\" data-end=\"875\">Condition assessment:<\/strong> Labai gera \u2013 neatidarytas, pl\u0117vel\u0117 vietoje, nedidelis vir\u0161utin\u0117s dalies nelygumas.<\/p>\n<\/li>\n<\/ul>\n<p data-start=\"960\" data-end=\"1243\"><strong data-start=\"960\" data-end=\"1000\">Historical data and popularity:<\/strong><br data-start=\"1000\" data-end=\"1003\" \/>Kretek cigaret\u0117s yra Indonezijos nacionalinis produktas, \u017einomas d\u0117l gvazdik\u0117li\u0173 aromato ir vietini\u0173 prieskoni\u0173. Madu versija patraukli temin\u0117ms kolekcijoms d\u0117l pavadinimo ir spalvinio dizaino, bet n\u0117ra riboto leidimo ar istorinis leidinys.<\/p>","protected":false},"excerpt":{"rendered":"<p data-start=\"0\" data-end=\"39\"><strong data-start=\"0\" data-end=\"34\">Brand and name:<\/strong> Fashion<\/p>\n<p data-start=\"41\" data-end=\"78\"><strong data-start=\"41\" data-end=\"51\">Size:<\/strong> 12 cigarettes (kretek type)<\/p>\n<p data-start=\"80\" data-end=\"109\"><strong data-start=\"80\" data-end=\"98\">Country of manufacture:<\/strong> Indonesia<\/p>\n<p data-start=\"111\" data-end=\"157\"><strong data-start=\"111\" data-end=\"135\">Production period:<\/strong> Modern edition<\/p>\n<p data-start=\"159\" data-end=\"194\"><strong data-start=\"159\" data-end=\"177\">Package type:<\/strong> Soft pack<\/p>","protected":false},"featured_media":18163,"template":"","meta":{"_surecart_dashboard_logo_width":"180px","_surecart_dashboard_show_logo":true,"_surecart_dashboard_navigation_orders":true,"_surecart_dashboard_navigation_invoices":true,"_surecart_dashboard_navigation_subscriptions":true,"_surecart_dashboard_navigation_downloads":true,"_surecart_dashboard_navigation_billing":true,"_surecart_dashboard_navigation_account":true,"site-sidebar-layout":"default","site-content-layout":"","ast-site-content-layout":"default","site-content-style":"default","site-sidebar-style":"default","ast-global-header-display":"","ast-banner-title-visibility":"","ast-main-header-display":"","ast-hfb-above-header-display":"","ast-hfb-below-header-display":"","ast-hfb-mobile-header-display":"","site-post-title":"","ast-breadcrumbs-content":"","ast-featured-img":"","footer-sml-layout":"","theme-transparent-header-meta":"default","adv-header-id-meta":"","stick-header-meta":"","header-above-stick-meta":"","header-main-stick-meta":"","header-below-stick-meta":"","astra-migrate-meta-layouts":"set","ast-page-background-enabled":"default","ast-page-background-meta":{"desktop":{"background-color":"","background-image":"","background-repeat":"repeat","background-position":"center center","background-size":"auto","background-attachment":"scroll","background-type":"","background-media":"","overlay-type":"","overlay-color":"","overlay-opacity":"","overlay-gradient":""},"tablet":{"background-color":"","background-image":"","background-repeat":"repeat","background-position":"center center","background-size":"auto","background-attachment":"scroll","background-type":"","background-media":"","overlay-type":"","overlay-color":"","overlay-opacity":"","overlay-gradient":""},"mobile":{"background-color":"","background-image":"","background-repeat":"repeat","background-position":"center center","background-size":"auto","background-attachment":"scroll","background-type":"","background-media":"","overlay-type":"","overlay-color":"","overlay-opacity":"","overlay-gradient":""}},"ast-content-background-meta":{"desktop":{"background-color":"var(--ast-global-color-5)","background-image":"","background-repeat":"repeat","background-position":"center center","background-size":"auto","background-attachment":"scroll","background-type":"","background-media":"","overlay-type":"","overlay-color":"","overlay-opacity":"","overlay-gradient":""},"tablet":{"background-color":"var(--ast-global-color-5)","background-image":"","background-repeat":"repeat","background-position":"center center","background-size":"auto","background-attachment":"scroll","background-type":"","background-media":"","overlay-type":"","overlay-color":"","overlay-opacity":"","overlay-gradient":""},"mobile":{"background-color":"var(--ast-global-color-5)","background-image":"","background-repeat":"repeat","background-position":"center center","background-size":"auto","background-attachment":"scroll","background-type":"","background-media":"","overlay-type":"","overlay-color":"","overlay-opacity":"","overlay-gradient":""}}},"product_brand":[],"product_cat":[207],"product_tag":[],"class_list":{"0":"post-18216","1":"product","2":"type-product","3":"status-publish","4":"has-post-thumbnail","6":"product_cat-indonesia","7":"desktop-align-left","8":"tablet-align-left","9":"mobile-align-left","11":"first","12":"instock","13":"sale","14":"shipping-taxable","15":"purchasable","16":"product-type-simple","17":"add-to-wishlist-before_image"},"_links":{"self":[{"href":"https:\/\/colligatum.com\/en\/wp-json\/wp\/v2\/product\/18216","targetHints":{"allow":["GET"]}}],"collection":[{"href":"https:\/\/colligatum.com\/en\/wp-json\/wp\/v2\/product"}],"about":[{"href":"https:\/\/colligatum.com\/en\/wp-json\/wp\/v2\/types\/product"}],"version-history":[{"count":1,"href":"https:\/\/colligatum.com\/en\/wp-json\/wp\/v2\/product\/18216\/revisions"}],"predecessor-version":[{"id":18217,"href":"https:\/\/colligatum.com\/en\/wp-json\/wp\/v2\/product\/18216\/revisions\/18217"}],"wp:featuredmedia":[{"embeddable":true,"href":"https:\/\/colligatum.com\/en\/wp-json\/wp\/v2\/media\/18163"}],"wp:attachment":[{"href":"https:\/\/colligatum.com\/en\/wp-json\/wp\/v2\/media?parent=18216"}],"wp:term":[{"taxonomy":"product_brand","embeddable":true,"href":"https:\/\/colligatum.com\/en\/wp-json\/wp\/v2\/product_brand?post=18216"},{"taxonomy":"product_cat","embeddable":true,"href":"https:\/\/colligatum.com\/en\/wp-json\/wp\/v2\/product_cat?post=18216"},{"taxonomy":"product_tag","embeddable":true,"href":"https:\/\/colligatum.com\/en\/wp-json\/wp\/v2\/product_tag?post=18216"}],"curies":[{"name":"wp","href":"https:\/\/api.w.org\/{rel}","templated":true}]}}