{"id":18232,"date":"2025-08-06T15:48:19","date_gmt":"2025-08-06T13:48:19","guid":{"rendered":"https:\/\/colligatum.com\/?post_type=product&#038;p=18232"},"modified":"2025-08-06T15:48:19","modified_gmt":"2025-08-06T13:48:19","slug":"gudang-aroma-exclusive","status":"publish","type":"product","link":"https:\/\/colligatum.com\/en\/product\/gudang-aroma-exclusive\/","title":{"rendered":"Gudang Aroma Exclusive"},"content":{"rendered":"<h2 data-start=\"633\" data-end=\"647\">Apra\u0161ymas<\/h2>\n<p data-start=\"648\" data-end=\"685\"><span class=\"relative -mx-px my-[-0.2rem] rounded px-px py-[0.2rem] transition-colors duration-100 ease-in-out\">I\u0161rai\u0161kinga bordo raudona etik\u0117, auksin\u0117s ir gelsvos detal\u0117s. Centre \u2013 stilizuota grafika primenanti tilt\u0105 arba lank\u0105 su vandens fonu, \u017eemiau \u2013 auksiniais raid\u0117mis \u201eGudang Aroma\u201c. Ant pakuot\u0117s vir\u0161aus \u2013 u\u017era\u0161as \u201eExclusive\u201c, apatin\u0117je dalyje \u2013 \u012fsp\u0117jimas indonezie\u010di\u0173 kalba apie rizikas: \u201eMEROKOK DAPAT MENYEBABKAN KANKER, SERANGAN JANTUNG, IMPOTENSI \u2026\u201c ir t.\u202ft. \u0160onai \u2013 indonezie\u010di\u0173 kalba, filtras pamin\u0117tas, kaina nurodyta rupijomis (RP 3.300). Spinduliuoja egzoti\u0161kum\u0105 ir minimalistin\u0119 elegancij\u0105.<\/span><\/p>\n<hr data-start=\"687\" data-end=\"690\" \/>\n<h2 data-start=\"692\" data-end=\"713\">Vert\u0117s \u012fvertinimas<\/h2>\n<p data-start=\"715\" data-end=\"984\"><strong data-start=\"715\" data-end=\"735\">Kolekcin\u0117 vert\u0117:<\/strong> \u017dema\u2013vidutin\u0117. Nors \u0161is egzempliorius yra \u012fdomus d\u0117l kretek tipo ir ma\u017eesnio formato (12 cig), ta\u010diau \u012f\u017e\u016bl\u016bs kolekcininkai paprastai renkasi \u012fprastinius 16 ar 20 formatus ar gerai \u017einomas linijas (Gudang Garam, Surya ir kt.). Tod\u0117l vert\u0117 limituota.<\/p>\n<p data-start=\"986\" data-end=\"1117\"><strong data-start=\"986\" data-end=\"1008\">B\u016bkl\u0117s vertinimas:<\/strong> Neatidarytas, originali plomba, folija beveik nepa\u017eeista. Puiki b\u016bkl\u0117 \u2013 be i\u0161linkim\u0173, rudumo ar deformacij\u0173.<\/p>\n<p data-start=\"1119\" data-end=\"1426\"><strong data-start=\"1119\" data-end=\"1159\">Istoriniai duomenys ir populiarumas:<\/strong> \u201eGudang Garam\u201c yra viena \u017einomiausi\u0173 Indonezijos kretek gamintoj\u0173, ta\u010diau konkre\u010diai linija \u201eGudang Aroma Exclusive\u201c ir 12-filtr\u0173 variantas n\u0117ra paplit\u0119s kolekcin\u0117se rinkose ar pardavimuose <span class=\"\" data-state=\"closed\"><span class=\"ms-1 inline-flex max-w-full items-center relative top-[-0.094rem] animate-[show_150ms_ease-in]\"><a class=\"flex h-4.5 overflow-hidden rounded-xl px-2 text-[9px] font-medium text-token-text-secondary! bg-[#F4F4F4]! dark:bg-[#303030]! transition-colors duration-150 ease-in-out\" href=\"https:\/\/en.wikipedia.org\/wiki\/Gudang_Garam?utm_source=chatgpt.com\" target=\"_blank\" rel=\"noopener\"><span class=\"relative start-0 bottom-0 flex h-full w-full items-center\"><span class=\"flex h-4 w-full items-center justify-between overflow-hidden\"><span class=\"max-w-full grow truncate overflow-hidden text-center\">Wikipedia<\/span><\/span><\/span><\/a><\/span><\/span><span class=\"\" data-state=\"closed\"><span class=\"ms-1 inline-flex max-w-full items-center relative top-[-0.094rem] animate-[show_150ms_ease-in]\"><a class=\"flex h-4.5 overflow-hidden rounded-xl px-2 text-[9px] font-medium text-token-text-secondary! bg-[#F4F4F4]! dark:bg-[#303030]! transition-colors duration-150 ease-in-out\" href=\"https:\/\/reviewrokok.blogspot.com\/2017\/01\/aroma-kretek-kemasan-inovasi-skt-dengan.html?utm_source=chatgpt.com\" target=\"_blank\" rel=\"noopener\"><span class=\"relative start-0 bottom-0 flex h-full w-full items-center\"><span class=\"flex h-4 w-full items-center justify-between overflow-hidden\"><span class=\"max-w-full grow truncate overflow-hidden text-center\">reviewrokok.blogspot.com<\/span><\/span><\/span><\/a><\/span><\/span>. <span class=\"relative -mx-px my-[-0.2rem] rounded px-px py-[0.2rem] transition-colors duration-100 ease-in-out\">Rasta tik bendra informacija apie kretek istorij\u0105 ir rinka, bet ne identi\u0161k\u0173 pakeli\u0173 pardavim\u0173.<\/span><\/p>\n","protected":false},"excerpt":{"rendered":"<p data-start=\"46\" data-end=\"133\"><strong data-start=\"46\" data-end=\"80\">Prek\u0117s \u017eenklas ir pavadinimas:<\/strong> Gudang Aroma Exclusive \u2014 12 Filter Kretek Cigarettes<\/p>\n<p data-start=\"135\" data-end=\"216\"><strong data-start=\"135\" data-end=\"145\">Dydis:<\/strong> 12 cigare\u010di\u0173 (\u017er. ant priekin\u0117s pus\u0117s \u2013 \u201e12 Filter Kretek Cigarettes\u201c)<\/p>\n<p data-start=\"218\" data-end=\"326\"><strong data-start=\"218\" data-end=\"236\">Gamybos \u0161alis:<\/strong> Indonezija<br data-start=\"247\" data-end=\"250\" \/><span class=\"relative -mx-px my-[-0.2rem] rounded px-px py-[0.2rem] transition-colors duration-100 ease-in-out\">Remiantis prek\u0117s \u017eenklu \u201eGudang Aroma\u201c (\u201eGudang\u201c rei\u0161kia \u201esand\u0117lis\u201c indonezi\u0161kai) ir kretek r\u016b\u0161imi \u2013 tik\u0117tina, kad gaminta Indonezijoje<\/span> <span class=\"\" data-state=\"closed\"><span class=\"ms-1 inline-flex max-w-full items-center relative top-[-0.094rem] animate-[show_150ms_ease-in]\"><a class=\"flex h-4.5 overflow-hidden rounded-xl px-2 text-[9px] font-medium text-token-text-secondary! bg-[#F4F4F4]! dark:bg-[#303030]! transition-colors duration-150 ease-in-out\" href=\"https:\/\/en.wikipedia.org\/wiki\/Gudang_Garam?utm_source=chatgpt.com\" target=\"_blank\" rel=\"noopener\"><span class=\"relative start-0 bottom-0 flex h-full w-full items-center\"><span class=\"flex h-4 w-full items-center justify-between absolute\"><span class=\"max-w-full grow truncate overflow-hidden text-center\">smokeshop.co.in<\/span><span class=\"-me-1 flex h-full items-center rounded-full px-1 text-[#8F8F8F]\">+5<\/span><\/span><span class=\"flex h-4 w-full items-center justify-between\"><span class=\"max-w-full grow truncate overflow-hidden text-center\">Wikipedia<\/span><span class=\"-me-1 flex h-full items-center rounded-full px-1 text-[#8F8F8F]\">+5<\/span><\/span><span class=\"flex h-4 w-full items-center justify-between absolute\"><span class=\"max-w-full grow truncate overflow-hidden text-center\">vintagecigarette.com<\/span><span class=\"-me-1 flex h-full items-center rounded-full px-1 text-[#8F8F8F]\">+5<\/span><\/span><\/span><\/a><\/span><\/span>.<\/p>\n<p data-start=\"328\" data-end=\"544\"><strong data-start=\"328\" data-end=\"352\">Gamybos laikotarpis:<\/strong> Grei\u010diausiai v\u0117lyvieji 2000-ieji arba 2010-ties prad\u017eia. Tai pagr\u012fsta pakuot\u0117s stiliumi, \u0161iuolaikine angli\u0161ka\u2013indonezie\u010di\u0173 kalb\u0173 kombinacija ir filtro \u017eenklinimu \u2013 \u201eFilter Kretek Cigarettes\u201c.<\/p>\n<p data-start=\"546\" data-end=\"626\"><strong data-start=\"546\" data-end=\"564\">Pakeli\u0173 tipas:<\/strong> Kietas pakelis (hard pack), su plomba ir originaliu celofanu.<\/p>\n","protected":false},"featured_media":18179,"template":"","meta":{"_surecart_dashboard_logo_width":"180px","_surecart_dashboard_show_logo":true,"_surecart_dashboard_navigation_orders":true,"_surecart_dashboard_navigation_invoices":true,"_surecart_dashboard_navigation_subscriptions":true,"_surecart_dashboard_navigation_downloads":true,"_surecart_dashboard_navigation_billing":true,"_surecart_dashboard_navigation_account":true,"site-sidebar-layout":"default","site-content-layout":"","ast-site-content-layout":"default","site-content-style":"default","site-sidebar-style":"default","ast-global-header-display":"","ast-banner-title-visibility":"","ast-main-header-display":"","ast-hfb-above-header-display":"","ast-hfb-below-header-display":"","ast-hfb-mobile-header-display":"","site-post-title":"","ast-breadcrumbs-content":"","ast-featured-img":"","footer-sml-layout":"","theme-transparent-header-meta":"default","adv-header-id-meta":"","stick-header-meta":"","header-above-stick-meta":"","header-main-stick-meta":"","header-below-stick-meta":"","astra-migrate-meta-layouts":"set","ast-page-background-enabled":"default","ast-page-background-meta":{"desktop":{"background-color":"","background-image":"","background-repeat":"repeat","background-position":"center center","background-size":"auto","background-attachment":"scroll","background-type":"","background-media":"","overlay-type":"","overlay-color":"","overlay-opacity":"","overlay-gradient":""},"tablet":{"background-color":"","background-image":"","background-repeat":"repeat","background-position":"center center","background-size":"auto","background-attachment":"scroll","background-type":"","background-media":"","overlay-type":"","overlay-color":"","overlay-opacity":"","overlay-gradient":""},"mobile":{"background-color":"","background-image":"","background-repeat":"repeat","background-position":"center center","background-size":"auto","background-attachment":"scroll","background-type":"","background-media":"","overlay-type":"","overlay-color":"","overlay-opacity":"","overlay-gradient":""}},"ast-content-background-meta":{"desktop":{"background-color":"var(--ast-global-color-5)","background-image":"","background-repeat":"repeat","background-position":"center center","background-size":"auto","background-attachment":"scroll","background-type":"","background-media":"","overlay-type":"","overlay-color":"","overlay-opacity":"","overlay-gradient":""},"tablet":{"background-color":"var(--ast-global-color-5)","background-image":"","background-repeat":"repeat","background-position":"center center","background-size":"auto","background-attachment":"scroll","background-type":"","background-media":"","overlay-type":"","overlay-color":"","overlay-opacity":"","overlay-gradient":""},"mobile":{"background-color":"var(--ast-global-color-5)","background-image":"","background-repeat":"repeat","background-position":"center center","background-size":"auto","background-attachment":"scroll","background-type":"","background-media":"","overlay-type":"","overlay-color":"","overlay-opacity":"","overlay-gradient":""}}},"product_brand":[],"product_cat":[207],"product_tag":[],"class_list":{"0":"post-18232","1":"product","2":"type-product","3":"status-publish","4":"has-post-thumbnail","6":"product_cat-indonesia","7":"desktop-align-left","8":"tablet-align-left","9":"mobile-align-left","11":"first","12":"instock","13":"sale","14":"shipping-taxable","15":"purchasable","16":"product-type-simple","17":"add-to-wishlist-before_image"},"_links":{"self":[{"href":"https:\/\/colligatum.com\/en\/wp-json\/wp\/v2\/product\/18232","targetHints":{"allow":["GET"]}}],"collection":[{"href":"https:\/\/colligatum.com\/en\/wp-json\/wp\/v2\/product"}],"about":[{"href":"https:\/\/colligatum.com\/en\/wp-json\/wp\/v2\/types\/product"}],"version-history":[{"count":1,"href":"https:\/\/colligatum.com\/en\/wp-json\/wp\/v2\/product\/18232\/revisions"}],"predecessor-version":[{"id":18233,"href":"https:\/\/colligatum.com\/en\/wp-json\/wp\/v2\/product\/18232\/revisions\/18233"}],"wp:featuredmedia":[{"embeddable":true,"href":"https:\/\/colligatum.com\/en\/wp-json\/wp\/v2\/media\/18179"}],"wp:attachment":[{"href":"https:\/\/colligatum.com\/en\/wp-json\/wp\/v2\/media?parent=18232"}],"wp:term":[{"taxonomy":"product_brand","embeddable":true,"href":"https:\/\/colligatum.com\/en\/wp-json\/wp\/v2\/product_brand?post=18232"},{"taxonomy":"product_cat","embeddable":true,"href":"https:\/\/colligatum.com\/en\/wp-json\/wp\/v2\/product_cat?post=18232"},{"taxonomy":"product_tag","embeddable":true,"href":"https:\/\/colligatum.com\/en\/wp-json\/wp\/v2\/product_tag?post=18232"}],"curies":[{"name":"wp","href":"https:\/\/api.w.org\/{rel}","templated":true}]}}