{"id":18242,"date":"2025-08-06T15:56:32","date_gmt":"2025-08-06T13:56:32","guid":{"rendered":"https:\/\/colligatum.com\/?post_type=product&#038;p=18242"},"modified":"2025-08-06T15:56:33","modified_gmt":"2025-08-06T13:56:33","slug":"pelita","status":"publish","type":"product","link":"https:\/\/colligatum.com\/en\/product\/pelita\/","title":{"rendered":"Pelita"},"content":{"rendered":"<h2 data-start=\"424\" data-end=\"438\">Apra\u0161ymas<\/h2>\n<p data-start=\"439\" data-end=\"476\"><span class=\"relative -mx-px my-[-0.2rem] rounded px-px py-[0.2rem] transition-colors duration-100 ease-in-out\">Ry\u0161kiai oran\u017ein\u0117 pakuot\u0117 su minimalistiniu dizainu: centre \u2013 stilizuota ugnies liepsna ir \u017eemiau \u2013 juodai \u201ePELITA\u201c u\u017era\u0161ytas logotipas bei tekstas \u201eMade in Indonesia\u201c. Vir\u0161uje \u2013 \u201e12 Sigaret Kretek\u201c. Apatin\u0117je dalyje \u2013 sveikatos \u012fsp\u0117jimas indonezie\u010di\u0173 kalba (\u201eMerokok Dapat Menyebabkan Kanker\u2026\u201c). \u0160one \u2013 br\u016bk\u0161ninis kodas bei valstyb\u0117s plomba su numeracija. Pakuot\u0117 atrodo puikiai \u2013 celiolozit\u0117 ir plomba nepa\u017eeista, ai\u0161k\u016bs kont\u016brai, be sulankstym\u0173 ar \u012fbr\u0117\u017eim\u0173.<\/span><\/p>\n<hr data-start=\"478\" data-end=\"481\" \/>\n<h2 data-start=\"483\" data-end=\"504\">Vert\u0117s \u012fvertinimas<\/h2>\n<p data-start=\"506\" data-end=\"778\"><strong data-start=\"506\" data-end=\"526\">Kolekcin\u0117 vert\u0117:<\/strong> \u017dema\u2013vidutin\u0117. Linija \u201ePelita 12\u201c n\u0117ra pla\u010diai \u017einoma tarp kretek entuziast\u0173 ar kolekcinink\u0173, tod\u0117l neturi auk\u0161tos rinkos paklausos. Ta\u010diau ma\u017eas formatas, ry\u0161ki grafika bei idiosinkratinis k\u016brini\u0173 pasirinkimas gali sudominti tam tikr\u0105 kolekcin\u0119 ni\u0161\u0105.<\/p>\n<p data-start=\"780\" data-end=\"934\"><strong data-start=\"780\" data-end=\"802\">B\u016bkl\u0117s vertinimas:<\/strong> Neatidarytas, originali plomba ir celiolitas yra visi\u0161kai sveiki \u2013 pakuot\u0117 i\u0161saugota puikiai, be matom\u0173 defekt\u0173 ar spalv\u0173 pakitim\u0173.<\/p>\n<p data-start=\"936\" data-end=\"1093\"><strong data-start=\"936\" data-end=\"976\">Istoriniai duomenys ir populiarumas:<\/strong><br data-start=\"976\" data-end=\"979\" \/><span class=\"relative -mx-px my-[-0.2rem] rounded px-px py-[0.2rem] transition-colors duration-100 ease-in-out\">Kretek cigaret\u0117s \u2014 esmin\u0117 Indonezijos tabako kult\u016bros dalis (~88\u202f% r\u016bkan\u010di\u0173j\u0173 renkasi kretek)<\/span> .\u00a0<span class=\"relative -mx-px my-[-0.2rem] rounded px-px py-[0.2rem] transition-colors duration-100 ease-in-out\">Ta\u010diau specifin\u0117 \u201ePelita 12 Kretek\u201c versija n\u0117ra dokumentuojama aukcion\u0173 ar kolekcini\u0173 katalog\u0173 \u012fra\u0161uose. Rasti pana\u0161i\u0173 ma\u017eo formato kretek variant\u0173 pardavim\u0173 ap\u017evalgose nerasta.<\/span><\/p>\n","protected":false},"excerpt":{"rendered":"<p data-start=\"44\" data-end=\"105\"><strong data-start=\"44\" data-end=\"78\">Prek\u0117s \u017eenklas ir pavadinimas:<\/strong> Pelita \u2014 12 Sigaret Kretek<\/p>\n<p data-start=\"107\" data-end=\"152\"><strong data-start=\"107\" data-end=\"117\">Dydis:<\/strong> 12 cigare\u010di\u0173 (\u201e12 Sigaret Kretek\u201c)<\/p>\n<p data-start=\"154\" data-end=\"223\"><strong data-start=\"154\" data-end=\"172\">Gamybos \u0161alis:<\/strong> Indonezija<br data-start=\"183\" data-end=\"186\" \/><span class=\"relative -mx-px my-[-0.2rem] rounded px-px py-[0.2rem] transition-colors duration-100 ease-in-out\">Tai patvirtina pakuot\u0117s formatas, indonezie\u010di\u0173 kalba \u012fsp\u0117jimai apie r\u016bkymo \u017eal\u0105, bei u\u017era\u0161as \u201eMade in Indonesia\u201c.<\/span><\/p>\n<p data-start=\"225\" data-end=\"327\"><strong data-start=\"225\" data-end=\"249\">Gamybos laikotarpis:<\/strong> XXI a. prad\u017eia (ma\u017edaug 2000\u20132010 m.)<br data-start=\"287\" data-end=\"290\" \/><span class=\"relative -mx-px my-[-0.2rem] rounded px-px py-[0.2rem] transition-colors duration-100 ease-in-out\">Remiantis pakuot\u0117s stiliumi, celofanu ir 12 cig. formatu \u2013 \u0161iuolaikinis, ta\u010diau galb\u016bt jau nebepardavin\u0117jamas variantas.<\/span><\/p>\n<p data-start=\"329\" data-end=\"417\"><strong data-start=\"329\" data-end=\"347\">Pakeli\u0173 tipas:<\/strong> Kietas pakelis (hard pack) su originalia plombine juosta ir celofanu.<\/p>\n","protected":false},"featured_media":18189,"template":"","meta":{"_surecart_dashboard_logo_width":"180px","_surecart_dashboard_show_logo":true,"_surecart_dashboard_navigation_orders":true,"_surecart_dashboard_navigation_invoices":true,"_surecart_dashboard_navigation_subscriptions":true,"_surecart_dashboard_navigation_downloads":true,"_surecart_dashboard_navigation_billing":true,"_surecart_dashboard_navigation_account":true,"site-sidebar-layout":"default","site-content-layout":"","ast-site-content-layout":"default","site-content-style":"default","site-sidebar-style":"default","ast-global-header-display":"","ast-banner-title-visibility":"","ast-main-header-display":"","ast-hfb-above-header-display":"","ast-hfb-below-header-display":"","ast-hfb-mobile-header-display":"","site-post-title":"","ast-breadcrumbs-content":"","ast-featured-img":"","footer-sml-layout":"","theme-transparent-header-meta":"default","adv-header-id-meta":"","stick-header-meta":"","header-above-stick-meta":"","header-main-stick-meta":"","header-below-stick-meta":"","astra-migrate-meta-layouts":"set","ast-page-background-enabled":"default","ast-page-background-meta":{"desktop":{"background-color":"","background-image":"","background-repeat":"repeat","background-position":"center center","background-size":"auto","background-attachment":"scroll","background-type":"","background-media":"","overlay-type":"","overlay-color":"","overlay-opacity":"","overlay-gradient":""},"tablet":{"background-color":"","background-image":"","background-repeat":"repeat","background-position":"center center","background-size":"auto","background-attachment":"scroll","background-type":"","background-media":"","overlay-type":"","overlay-color":"","overlay-opacity":"","overlay-gradient":""},"mobile":{"background-color":"","background-image":"","background-repeat":"repeat","background-position":"center center","background-size":"auto","background-attachment":"scroll","background-type":"","background-media":"","overlay-type":"","overlay-color":"","overlay-opacity":"","overlay-gradient":""}},"ast-content-background-meta":{"desktop":{"background-color":"var(--ast-global-color-5)","background-image":"","background-repeat":"repeat","background-position":"center center","background-size":"auto","background-attachment":"scroll","background-type":"","background-media":"","overlay-type":"","overlay-color":"","overlay-opacity":"","overlay-gradient":""},"tablet":{"background-color":"var(--ast-global-color-5)","background-image":"","background-repeat":"repeat","background-position":"center center","background-size":"auto","background-attachment":"scroll","background-type":"","background-media":"","overlay-type":"","overlay-color":"","overlay-opacity":"","overlay-gradient":""},"mobile":{"background-color":"var(--ast-global-color-5)","background-image":"","background-repeat":"repeat","background-position":"center center","background-size":"auto","background-attachment":"scroll","background-type":"","background-media":"","overlay-type":"","overlay-color":"","overlay-opacity":"","overlay-gradient":""}}},"product_brand":[],"product_cat":[207],"product_tag":[],"class_list":{"0":"post-18242","1":"product","2":"type-product","3":"status-publish","4":"has-post-thumbnail","6":"product_cat-indonesia","7":"desktop-align-left","8":"tablet-align-left","9":"mobile-align-left","11":"first","12":"instock","13":"sale","14":"shipping-taxable","15":"purchasable","16":"product-type-simple","17":"add-to-wishlist-before_image"},"_links":{"self":[{"href":"https:\/\/colligatum.com\/en\/wp-json\/wp\/v2\/product\/18242","targetHints":{"allow":["GET"]}}],"collection":[{"href":"https:\/\/colligatum.com\/en\/wp-json\/wp\/v2\/product"}],"about":[{"href":"https:\/\/colligatum.com\/en\/wp-json\/wp\/v2\/types\/product"}],"version-history":[{"count":1,"href":"https:\/\/colligatum.com\/en\/wp-json\/wp\/v2\/product\/18242\/revisions"}],"predecessor-version":[{"id":18243,"href":"https:\/\/colligatum.com\/en\/wp-json\/wp\/v2\/product\/18242\/revisions\/18243"}],"wp:featuredmedia":[{"embeddable":true,"href":"https:\/\/colligatum.com\/en\/wp-json\/wp\/v2\/media\/18189"}],"wp:attachment":[{"href":"https:\/\/colligatum.com\/en\/wp-json\/wp\/v2\/media?parent=18242"}],"wp:term":[{"taxonomy":"product_brand","embeddable":true,"href":"https:\/\/colligatum.com\/en\/wp-json\/wp\/v2\/product_brand?post=18242"},{"taxonomy":"product_cat","embeddable":true,"href":"https:\/\/colligatum.com\/en\/wp-json\/wp\/v2\/product_cat?post=18242"},{"taxonomy":"product_tag","embeddable":true,"href":"https:\/\/colligatum.com\/en\/wp-json\/wp\/v2\/product_tag?post=18242"}],"curies":[{"name":"wp","href":"https:\/\/api.w.org\/{rel}","templated":true}]}}