{"id":18244,"date":"2025-08-06T15:58:56","date_gmt":"2025-08-06T13:58:56","guid":{"rendered":"https:\/\/colligatum.com\/?post_type=product&#038;p=18244"},"modified":"2025-08-06T15:58:56","modified_gmt":"2025-08-06T13:58:56","slug":"kota","status":"publish","type":"product","link":"https:\/\/colligatum.com\/en\/product\/kota\/","title":{"rendered":"Kota"},"content":{"rendered":"<h2 data-start=\"459\" data-end=\"473\">Apra\u0161ymas<\/h2>\n<p data-start=\"474\" data-end=\"511\"><span class=\"relative -mx-px my-[-0.2rem] rounded px-px py-[0.2rem] transition-colors duration-100 ease-in-out\">Pakelis su miesto panoramos motyvais \u2013 auk\u0161ti dangorai\u017eiai, rodomi miesto panorama su raudonai\u2013baltais kont\u016brais. Centre \u2013 pavadinimas \u201eKota\u201c (rei\u0161kia \u201emiestas\u201c), apa\u010dioje \u2013 tekstas \u201e12 Sigaret Kretek\u201c. Ant galin\u0117s pus\u0117s \u2013 indonezie\u010di\u0173 kalbos reklamotas \u0161\u016bkis: \u201eHadir dengan aroma khas\u2026 memberikan cita rasa exclusive\u201c. Vir\u0161uje \u2013 sveikatos \u012fsp\u0117jimas: \u201eMerokok dapat menyebabkan kanker, serangan jantung\u2026\u201c. \u0160one \u2013 br\u016bk\u0161niniai kodai ir valstyb\u0117s \u017eenklinimo juosta. Celofanas ir plomba atrodo originalios, be matom\u0173 pa\u017eeidim\u0173.<\/span><\/p>\n<hr data-start=\"513\" data-end=\"516\" \/>\n<h2 data-start=\"518\" data-end=\"539\">Vert\u0117s \u012fvertinimas<\/h2>\n<p data-start=\"541\" data-end=\"801\"><strong data-start=\"541\" data-end=\"561\">Kolekcin\u0117 vert\u0117:<\/strong> \u017dema\u2013vidutin\u0117. Linija \u201eKota\u201c \u2013 neseniai atrasta nedidel\u0117 Indonezijos kretek serija, neturinti pla\u010dios dokumentacijos ar kolekcinio d\u0117mesio. 12 sticks formatas ir ry\u0161ki grafika gali pritraukti kretek entuziastus, bet didel\u0117s paklausos n\u0117ra.<\/p>\n<p data-start=\"803\" data-end=\"950\"><strong data-start=\"803\" data-end=\"825\">B\u016bkl\u0117s vertinimas:<\/strong> Neatidarytas, originalus celofanas ir plomba yra labai geros b\u016bkl\u0117s \u2013 pakuot\u0117 nei\u0161kraipyta, be \u012fbr\u0117\u017eim\u0173 ar spalvos pakitim\u0173.<\/p>\n<p data-start=\"952\" data-end=\"1109\"><strong data-start=\"952\" data-end=\"992\">Istoriniai duomenys ir populiarumas:<\/strong><br data-start=\"992\" data-end=\"995\" \/><span class=\"relative -mx-px my-[-0.2rem] rounded px-px py-[0.2rem] transition-colors duration-100 ease-in-out\">Kretek cigaret\u0117s yra Indonezijos tabako kult\u016bros pagrindas \u2013 apie 88\u202f% vietini\u0173 r\u016bkan\u010di\u0173j\u0173 vartoja kretekus<\/span> <span class=\"\" data-state=\"closed\"><span class=\"ms-1 inline-flex max-w-full items-center relative top-[-0.094rem] animate-[show_150ms_ease-in]\"><a class=\"flex h-4.5 overflow-hidden rounded-xl px-2 text-[9px] font-medium text-token-text-secondary! bg-[#F4F4F4]! dark:bg-[#303030]! transition-colors duration-150 ease-in-out\" href=\"https:\/\/www.blibli.com\/p\/rokok-kretek-marlboro-selected-tobacco-12-1-slop-10-bungkus-12-batang-marlboro-kretek-merah\/ps--PAM-70001-00182?utm_source=chatgpt.com\" target=\"_blank\" rel=\"noopener\"><span class=\"relative start-0 bottom-0 flex h-full w-full items-center\"><span class=\"flex h-4 w-full items-center justify-between absolute\"><span class=\"max-w-full grow truncate overflow-hidden text-center\">ongkowidjojo.com<\/span><span class=\"-me-1 flex h-full items-center rounded-full px-1 text-[#8F8F8F]\">+3<\/span><\/span><span class=\"flex h-4 w-full items-center justify-between\"><span class=\"max-w-full grow truncate overflow-hidden text-center\">Blibli<\/span><span class=\"-me-1 flex h-full items-center rounded-full px-1 text-[#8F8F8F]\">+3<\/span><\/span><span class=\"flex h-4 w-full items-center justify-between absolute\"><span class=\"max-w-full grow truncate overflow-hidden text-center\">clovecigarettesonline.com<\/span><span class=\"-me-1 flex h-full items-center rounded-full px-1 text-[#8F8F8F]\">+3<\/span><\/span><\/span><\/a><\/span><\/span><span class=\"\" data-state=\"closed\"><span class=\"ms-1 inline-flex max-w-full items-center relative top-[-0.094rem] animate-[show_150ms_ease-in]\"><a class=\"flex h-4.5 overflow-hidden rounded-xl px-2 text-[9px] font-medium text-token-text-secondary! bg-[#F4F4F4]! dark:bg-[#303030]! transition-colors duration-150 ease-in-out\" href=\"https:\/\/soloabadi.com\/sejarah-rokok-kretek-di-indonesia\/?utm_source=chatgpt.com\" target=\"_blank\" rel=\"noopener\"><span class=\"relative start-0 bottom-0 flex h-full w-full items-center\"><span class=\"flex h-4 w-full items-center justify-between overflow-hidden\"><span class=\"max-w-full grow truncate overflow-hidden text-center\">soloabadi.com<\/span><\/span><\/span><\/a><\/span><\/span>. <span class=\"relative -mx-px my-[-0.2rem] rounded px-px py-[0.2rem] transition-colors duration-100 ease-in-out\">Ta\u010diau specifin\u0117 pardavim\u0173 informacija d\u0117l \u201eKota\u201c linijos su 12 sticks formatu neaptikta \u2013 n\u0117ra duomen\u0173 nei aukcionuose, nei kolekciniuose kataloguose.<\/span><\/p>\n","protected":false},"excerpt":{"rendered":"<p data-start=\"44\" data-end=\"103\"><strong data-start=\"44\" data-end=\"78\">Prek\u0117s \u017eenklas ir pavadinimas:<\/strong> Kota \u2014 12 Sigaret Kretek<\/p>\n<p data-start=\"105\" data-end=\"150\"><strong data-start=\"105\" data-end=\"115\">Dydis:<\/strong> 12 cigare\u010di\u0173 (\u201e12 Sigaret Kretek\u201c)<\/p>\n<p data-start=\"152\" data-end=\"221\"><strong data-start=\"152\" data-end=\"170\">Gamybos \u0161alis:<\/strong> Indonezija<br data-start=\"181\" data-end=\"184\" \/><span class=\"relative -mx-px my-[-0.2rem] rounded px-px py-[0.2rem] transition-colors duration-100 ease-in-out\">Techniniai elementai \u2013 \u201eSigaret Kretek\u201c, tekstas indonezie\u010di\u0173 kalba bei plomba su valstybine \u017eyma \u2013 rodo ai\u0161ki\u0105 Indonezijos gamyb\u0105.<\/span><\/p>\n<p data-start=\"223\" data-end=\"361\"><strong data-start=\"223\" data-end=\"247\">Gamybos laikotarpis:<\/strong> XXI a. prad\u017eia (ma\u017edaug 2000\u20132010 m.), remiantis modernia pakuot\u0117s estetika, 12 sticks formatu ir plomba vir\u0161uje.<\/p>\n<p data-start=\"363\" data-end=\"452\"><strong data-start=\"363\" data-end=\"381\">Pakeli\u0173 tipas:<\/strong> Kietas pakelis (hard pack), su originalia plombine juosta ir celofanu.<\/p>\n","protected":false},"featured_media":18191,"template":"","meta":{"_surecart_dashboard_logo_width":"180px","_surecart_dashboard_show_logo":true,"_surecart_dashboard_navigation_orders":true,"_surecart_dashboard_navigation_invoices":true,"_surecart_dashboard_navigation_subscriptions":true,"_surecart_dashboard_navigation_downloads":true,"_surecart_dashboard_navigation_billing":true,"_surecart_dashboard_navigation_account":true,"site-sidebar-layout":"default","site-content-layout":"","ast-site-content-layout":"default","site-content-style":"default","site-sidebar-style":"default","ast-global-header-display":"","ast-banner-title-visibility":"","ast-main-header-display":"","ast-hfb-above-header-display":"","ast-hfb-below-header-display":"","ast-hfb-mobile-header-display":"","site-post-title":"","ast-breadcrumbs-content":"","ast-featured-img":"","footer-sml-layout":"","theme-transparent-header-meta":"default","adv-header-id-meta":"","stick-header-meta":"","header-above-stick-meta":"","header-main-stick-meta":"","header-below-stick-meta":"","astra-migrate-meta-layouts":"set","ast-page-background-enabled":"default","ast-page-background-meta":{"desktop":{"background-color":"","background-image":"","background-repeat":"repeat","background-position":"center center","background-size":"auto","background-attachment":"scroll","background-type":"","background-media":"","overlay-type":"","overlay-color":"","overlay-opacity":"","overlay-gradient":""},"tablet":{"background-color":"","background-image":"","background-repeat":"repeat","background-position":"center center","background-size":"auto","background-attachment":"scroll","background-type":"","background-media":"","overlay-type":"","overlay-color":"","overlay-opacity":"","overlay-gradient":""},"mobile":{"background-color":"","background-image":"","background-repeat":"repeat","background-position":"center center","background-size":"auto","background-attachment":"scroll","background-type":"","background-media":"","overlay-type":"","overlay-color":"","overlay-opacity":"","overlay-gradient":""}},"ast-content-background-meta":{"desktop":{"background-color":"var(--ast-global-color-5)","background-image":"","background-repeat":"repeat","background-position":"center center","background-size":"auto","background-attachment":"scroll","background-type":"","background-media":"","overlay-type":"","overlay-color":"","overlay-opacity":"","overlay-gradient":""},"tablet":{"background-color":"var(--ast-global-color-5)","background-image":"","background-repeat":"repeat","background-position":"center center","background-size":"auto","background-attachment":"scroll","background-type":"","background-media":"","overlay-type":"","overlay-color":"","overlay-opacity":"","overlay-gradient":""},"mobile":{"background-color":"var(--ast-global-color-5)","background-image":"","background-repeat":"repeat","background-position":"center center","background-size":"auto","background-attachment":"scroll","background-type":"","background-media":"","overlay-type":"","overlay-color":"","overlay-opacity":"","overlay-gradient":""}}},"product_brand":[],"product_cat":[207],"product_tag":[],"class_list":{"0":"post-18244","1":"product","2":"type-product","3":"status-publish","4":"has-post-thumbnail","6":"product_cat-indonesia","7":"desktop-align-left","8":"tablet-align-left","9":"mobile-align-left","11":"first","12":"instock","13":"sale","14":"shipping-taxable","15":"purchasable","16":"product-type-simple","17":"add-to-wishlist-before_image"},"_links":{"self":[{"href":"https:\/\/colligatum.com\/en\/wp-json\/wp\/v2\/product\/18244","targetHints":{"allow":["GET"]}}],"collection":[{"href":"https:\/\/colligatum.com\/en\/wp-json\/wp\/v2\/product"}],"about":[{"href":"https:\/\/colligatum.com\/en\/wp-json\/wp\/v2\/types\/product"}],"version-history":[{"count":1,"href":"https:\/\/colligatum.com\/en\/wp-json\/wp\/v2\/product\/18244\/revisions"}],"predecessor-version":[{"id":18245,"href":"https:\/\/colligatum.com\/en\/wp-json\/wp\/v2\/product\/18244\/revisions\/18245"}],"wp:featuredmedia":[{"embeddable":true,"href":"https:\/\/colligatum.com\/en\/wp-json\/wp\/v2\/media\/18191"}],"wp:attachment":[{"href":"https:\/\/colligatum.com\/en\/wp-json\/wp\/v2\/media?parent=18244"}],"wp:term":[{"taxonomy":"product_brand","embeddable":true,"href":"https:\/\/colligatum.com\/en\/wp-json\/wp\/v2\/product_brand?post=18244"},{"taxonomy":"product_cat","embeddable":true,"href":"https:\/\/colligatum.com\/en\/wp-json\/wp\/v2\/product_cat?post=18244"},{"taxonomy":"product_tag","embeddable":true,"href":"https:\/\/colligatum.com\/en\/wp-json\/wp\/v2\/product_tag?post=18244"}],"curies":[{"name":"wp","href":"https:\/\/api.w.org\/{rel}","templated":true}]}}