{"id":18246,"date":"2025-08-06T16:03:05","date_gmt":"2025-08-06T14:03:05","guid":{"rendered":"https:\/\/colligatum.com\/?post_type=product&#038;p=18246"},"modified":"2025-08-06T16:03:05","modified_gmt":"2025-08-06T14:03:05","slug":"madja","status":"publish","type":"product","link":"https:\/\/colligatum.com\/en\/product\/madja\/","title":{"rendered":"Madja"},"content":{"rendered":"<p data-start=\"560\" data-end=\"1007\"><strong data-start=\"560\" data-end=\"574\">Description:<\/strong><br data-start=\"574\" data-end=\"577\" \/>\u0160is Madja Filtro pakelis turi eleganti\u0161k\u0105 tamsiai bordo spalv\u0105 su auksiniais logotipais ir geltonu pauk\u0161\u010dio simboliu. Ant pakuot\u0117s u\u017era\u0161yta: \u201cis blend of costly tobaccos with distinctive taste and aroma\u2026 addition of finest natural clove.\u201d Apa\u010dioje dar nurodoma \u201c12 Ultimate Filter\u201d. R\u016bkyti \u017ealos \u012fsp\u0117jimas pateiktas indonez\u0173 kalba: \u201eMEROKOK DAPAT MENYEBABKAN KANKER\u2026\u201c, nurodantis galim\u0105 kilm\u0119. Dizainas minimalistinis, tvarkingas.<\/p>\n<hr data-start=\"1009\" data-end=\"1012\" \/>\n<p data-start=\"1014\" data-end=\"1039\"><strong data-start=\"1014\" data-end=\"1037\">Value assessment:<\/strong><\/p>\n<p data-start=\"1041\" data-end=\"1231\"><strong data-start=\"1041\" data-end=\"1061\">Collectible value:<\/strong> <strong data-start=\"1062\" data-end=\"1079\">Ma\u017ea\u2013vidutin\u0117<\/strong>, nes tai n\u0117ra riboto leidimo modelis, n\u0117ra \u017einomo istorinio konteksto ir paplit\u0119s kolekcin\u0117se bendruomen\u0117se. Ne\u017einoma rinka, minimalus susidom\u0117jimas.<\/p>\n<p data-start=\"1233\" data-end=\"1333\"><strong data-start=\"1233\" data-end=\"1255\">Condition assessment:<\/strong> Neatidarytas, matyt nepriekai\u0161tingos b\u016bkl\u0117s, vienoje pakuot\u0117, pl\u0117vel\u0117 intact.<\/p>\n<p data-start=\"1335\" data-end=\"1540\"><strong data-start=\"1335\" data-end=\"1365\">Istorijai ir populiarumui:<\/strong> Prek\u0117s \u017eenklas neaptiktas did\u017eiausiuose kolekcin\u0117se kataloguose, OLX, eBay ar Vinted \u2013 n\u0117ra identi\u0161k\u0173 pardavim\u0173 ar sandori\u0173. Tod\u0117l n\u0117ra galimyb\u0117s tiksliai \u012fvertinti paklaus\u0105.<\/p>","protected":false},"excerpt":{"rendered":"<p><strong data-start=\"207\" data-end=\"241\">Brand and name:<\/strong> Madja Filtro \u201c12 Ultimate Filter\u201d<br data-start=\"275\" data-end=\"278\" \/><strong data-start=\"278\" data-end=\"288\">Size:<\/strong> 12 cigarettes<br data-start=\"301\" data-end=\"304\" \/><strong data-start=\"304\" data-end=\"322\">Country of manufacture:<\/strong> Grei\u010diausiai importas i\u0161 Pietry\u010di\u0173 Azijos \/ Indonezijos (pagal kalbinius \u012fsp\u0117jimus ant pakuot\u0117s)<br data-start=\"419\" data-end=\"422\" \/><strong data-start=\"422\" data-end=\"446\">Production period:<\/strong> Ne\u017einomas (tikriausiai XXI a. \u0161iuolaikinis leidimas)<br data-start=\"499\" data-end=\"502\" \/><strong data-start=\"502\" data-end=\"520\">Package type:<\/strong> Kietas pakelis (pl\u0117vel\u0117je, standus)<\/p>","protected":false},"featured_media":18193,"template":"","meta":{"_surecart_dashboard_logo_width":"180px","_surecart_dashboard_show_logo":true,"_surecart_dashboard_navigation_orders":true,"_surecart_dashboard_navigation_invoices":true,"_surecart_dashboard_navigation_subscriptions":true,"_surecart_dashboard_navigation_downloads":true,"_surecart_dashboard_navigation_billing":true,"_surecart_dashboard_navigation_account":true,"site-sidebar-layout":"default","site-content-layout":"","ast-site-content-layout":"default","site-content-style":"default","site-sidebar-style":"default","ast-global-header-display":"","ast-banner-title-visibility":"","ast-main-header-display":"","ast-hfb-above-header-display":"","ast-hfb-below-header-display":"","ast-hfb-mobile-header-display":"","site-post-title":"","ast-breadcrumbs-content":"","ast-featured-img":"","footer-sml-layout":"","theme-transparent-header-meta":"default","adv-header-id-meta":"","stick-header-meta":"","header-above-stick-meta":"","header-main-stick-meta":"","header-below-stick-meta":"","astra-migrate-meta-layouts":"set","ast-page-background-enabled":"default","ast-page-background-meta":{"desktop":{"background-color":"","background-image":"","background-repeat":"repeat","background-position":"center center","background-size":"auto","background-attachment":"scroll","background-type":"","background-media":"","overlay-type":"","overlay-color":"","overlay-opacity":"","overlay-gradient":""},"tablet":{"background-color":"","background-image":"","background-repeat":"repeat","background-position":"center center","background-size":"auto","background-attachment":"scroll","background-type":"","background-media":"","overlay-type":"","overlay-color":"","overlay-opacity":"","overlay-gradient":""},"mobile":{"background-color":"","background-image":"","background-repeat":"repeat","background-position":"center center","background-size":"auto","background-attachment":"scroll","background-type":"","background-media":"","overlay-type":"","overlay-color":"","overlay-opacity":"","overlay-gradient":""}},"ast-content-background-meta":{"desktop":{"background-color":"var(--ast-global-color-5)","background-image":"","background-repeat":"repeat","background-position":"center center","background-size":"auto","background-attachment":"scroll","background-type":"","background-media":"","overlay-type":"","overlay-color":"","overlay-opacity":"","overlay-gradient":""},"tablet":{"background-color":"var(--ast-global-color-5)","background-image":"","background-repeat":"repeat","background-position":"center center","background-size":"auto","background-attachment":"scroll","background-type":"","background-media":"","overlay-type":"","overlay-color":"","overlay-opacity":"","overlay-gradient":""},"mobile":{"background-color":"var(--ast-global-color-5)","background-image":"","background-repeat":"repeat","background-position":"center center","background-size":"auto","background-attachment":"scroll","background-type":"","background-media":"","overlay-type":"","overlay-color":"","overlay-opacity":"","overlay-gradient":""}}},"product_brand":[],"product_cat":[207],"product_tag":[],"class_list":{"0":"post-18246","1":"product","2":"type-product","3":"status-publish","4":"has-post-thumbnail","6":"product_cat-indonesia","7":"desktop-align-left","8":"tablet-align-left","9":"mobile-align-left","11":"first","12":"instock","13":"sale","14":"shipping-taxable","15":"purchasable","16":"product-type-simple","17":"add-to-wishlist-before_image"},"_links":{"self":[{"href":"https:\/\/colligatum.com\/en\/wp-json\/wp\/v2\/product\/18246","targetHints":{"allow":["GET"]}}],"collection":[{"href":"https:\/\/colligatum.com\/en\/wp-json\/wp\/v2\/product"}],"about":[{"href":"https:\/\/colligatum.com\/en\/wp-json\/wp\/v2\/types\/product"}],"version-history":[{"count":1,"href":"https:\/\/colligatum.com\/en\/wp-json\/wp\/v2\/product\/18246\/revisions"}],"predecessor-version":[{"id":18247,"href":"https:\/\/colligatum.com\/en\/wp-json\/wp\/v2\/product\/18246\/revisions\/18247"}],"wp:featuredmedia":[{"embeddable":true,"href":"https:\/\/colligatum.com\/en\/wp-json\/wp\/v2\/media\/18193"}],"wp:attachment":[{"href":"https:\/\/colligatum.com\/en\/wp-json\/wp\/v2\/media?parent=18246"}],"wp:term":[{"taxonomy":"product_brand","embeddable":true,"href":"https:\/\/colligatum.com\/en\/wp-json\/wp\/v2\/product_brand?post=18246"},{"taxonomy":"product_cat","embeddable":true,"href":"https:\/\/colligatum.com\/en\/wp-json\/wp\/v2\/product_cat?post=18246"},{"taxonomy":"product_tag","embeddable":true,"href":"https:\/\/colligatum.com\/en\/wp-json\/wp\/v2\/product_tag?post=18246"}],"curies":[{"name":"wp","href":"https:\/\/api.w.org\/{rel}","templated":true}]}}