{"id":18307,"date":"2025-08-06T16:14:01","date_gmt":"2025-08-06T14:14:01","guid":{"rendered":"https:\/\/colligatum.com\/?post_type=product&#038;p=18307"},"modified":"2025-08-06T16:24:30","modified_gmt":"2025-08-06T14:24:30","slug":"djarum-super-mezzo","status":"publish","type":"product","link":"https:\/\/colligatum.com\/en\/product\/djarum-super-mezzo\/","title":{"rendered":"Djarum Super Mezzo"},"content":{"rendered":"<p data-start=\"498\" data-end=\"552\"><strong data-start=\"498\" data-end=\"512\">Apra\u0161ymas:<\/strong><br data-start=\"512\" data-end=\"515\" \/><span class=\"relative -mx-px my-[-0.2rem] rounded px-px py-[0.2rem] transition-colors duration-100 ease-in-out\">\u0160velniai \u0161viesi, sm\u0117lio spalva su raudonu ir juodu juostiniu akcentu. Ant priekin\u0117s pus\u0117s u\u017era\u0161yta \u201eDjarum Super Mezzo\u201c, apa\u010dioje \u201e16 Mild Kreteks Made in Indonesia\u201c. Galin\u0117je pus\u0117je pateikiamas apra\u0161ymas: unikalus tobako ir prieskoni\u0173 superfine clove mi\u0161inys (Superfine Clove\u2122), ma\u017eas taras ir nikotino lygis skirtas maloniai patir\u010diai. Ant \u0161ono pa\u017eym\u0117ta: \u201e15\u202fmg tar, 1\u202fmg nicotine\u201c. Sveikatos \u012fsp\u0117jimas \u2013 indonez\u0173 kalba \u201eMEROKOK DAPAT MENYEBABKAN KANKER\u2026\u201c.<\/span><\/p>\n<hr data-start=\"554\" data-end=\"557\" \/>\n<p data-start=\"559\" data-end=\"582\"><strong data-start=\"559\" data-end=\"582\">Vert\u0117s \u012fvertinimas:<\/strong><\/p>\n<p data-start=\"584\" data-end=\"783\"><strong data-start=\"584\" data-end=\"604\">Kolekcin\u0117 vert\u0117:<\/strong> Vidutin\u0117\u2013ma\u017ea. Djarum yra \u017einomas tarptautinis kretek prekinis \u017eenklas, tod\u0117l pakuot\u0117 gali tur\u0117ti daugiau d\u0117mesio nei neprekiniu \u017eenklu, ypa\u010d jei tai retas ar specialus leidimas.<\/p>\n<p data-start=\"785\" data-end=\"865\"><strong data-start=\"785\" data-end=\"807\">B\u016bkl\u0117s vertinimas:<\/strong> Neatidarytas, pl\u0117vel\u0117 nepa\u017eeista \u2013 atrodo puikios b\u016bkl\u0117s.<\/p>\n","protected":false},"excerpt":{"rendered":"<p><strong data-start=\"44\" data-end=\"78\">Brand and name:<\/strong> Djarum Super Mezzo (labeled \u201cMezzo\u201d on the packaging), often known as Djarum Super Mezzo kretek filters<br data-start=\"181\" data-end=\"184\" \/><strong data-start=\"184\" data-end=\"194\">Size:<\/strong> 16 cigarettes (labeled \u201c16 Mild Kreteks\u201d)<br data-start=\"249\" data-end=\"252\" \/><strong data-start=\"252\" data-end=\"270\">Country of manufacture:<\/strong> Indonesia (\u201cMade in Indonesia\u201d \u2013 kretek style cigarettes)<br data-start=\"331\" data-end=\"334\" \/><strong data-start=\"334\" data-end=\"358\">Production period:<\/strong> Unknown (has modern elements, but possibly a limited or special line)<br data-start=\"434\" data-end=\"437\" \/><strong data-start=\"437\" data-end=\"455\">Package type:<\/strong> Hard pack (unopened, in foil)<\/p>","protected":false},"featured_media":18253,"template":"","meta":{"_surecart_dashboard_logo_width":"180px","_surecart_dashboard_show_logo":true,"_surecart_dashboard_navigation_orders":true,"_surecart_dashboard_navigation_invoices":true,"_surecart_dashboard_navigation_subscriptions":true,"_surecart_dashboard_navigation_downloads":true,"_surecart_dashboard_navigation_billing":true,"_surecart_dashboard_navigation_account":true,"site-sidebar-layout":"default","site-content-layout":"","ast-site-content-layout":"default","site-content-style":"default","site-sidebar-style":"default","ast-global-header-display":"","ast-banner-title-visibility":"","ast-main-header-display":"","ast-hfb-above-header-display":"","ast-hfb-below-header-display":"","ast-hfb-mobile-header-display":"","site-post-title":"","ast-breadcrumbs-content":"","ast-featured-img":"","footer-sml-layout":"","theme-transparent-header-meta":"default","adv-header-id-meta":"","stick-header-meta":"","header-above-stick-meta":"","header-main-stick-meta":"","header-below-stick-meta":"","astra-migrate-meta-layouts":"set","ast-page-background-enabled":"default","ast-page-background-meta":{"desktop":{"background-color":"","background-image":"","background-repeat":"repeat","background-position":"center center","background-size":"auto","background-attachment":"scroll","background-type":"","background-media":"","overlay-type":"","overlay-color":"","overlay-opacity":"","overlay-gradient":""},"tablet":{"background-color":"","background-image":"","background-repeat":"repeat","background-position":"center center","background-size":"auto","background-attachment":"scroll","background-type":"","background-media":"","overlay-type":"","overlay-color":"","overlay-opacity":"","overlay-gradient":""},"mobile":{"background-color":"","background-image":"","background-repeat":"repeat","background-position":"center center","background-size":"auto","background-attachment":"scroll","background-type":"","background-media":"","overlay-type":"","overlay-color":"","overlay-opacity":"","overlay-gradient":""}},"ast-content-background-meta":{"desktop":{"background-color":"var(--ast-global-color-5)","background-image":"","background-repeat":"repeat","background-position":"center center","background-size":"auto","background-attachment":"scroll","background-type":"","background-media":"","overlay-type":"","overlay-color":"","overlay-opacity":"","overlay-gradient":""},"tablet":{"background-color":"var(--ast-global-color-5)","background-image":"","background-repeat":"repeat","background-position":"center center","background-size":"auto","background-attachment":"scroll","background-type":"","background-media":"","overlay-type":"","overlay-color":"","overlay-opacity":"","overlay-gradient":""},"mobile":{"background-color":"var(--ast-global-color-5)","background-image":"","background-repeat":"repeat","background-position":"center center","background-size":"auto","background-attachment":"scroll","background-type":"","background-media":"","overlay-type":"","overlay-color":"","overlay-opacity":"","overlay-gradient":""}}},"product_brand":[],"product_cat":[207],"product_tag":[],"class_list":{"0":"post-18307","1":"product","2":"type-product","3":"status-publish","4":"has-post-thumbnail","6":"product_cat-indonesia","7":"desktop-align-left","8":"tablet-align-left","9":"mobile-align-left","11":"first","12":"instock","13":"sale","14":"shipping-taxable","15":"purchasable","16":"product-type-simple","17":"add-to-wishlist-before_image"},"_links":{"self":[{"href":"https:\/\/colligatum.com\/en\/wp-json\/wp\/v2\/product\/18307","targetHints":{"allow":["GET"]}}],"collection":[{"href":"https:\/\/colligatum.com\/en\/wp-json\/wp\/v2\/product"}],"about":[{"href":"https:\/\/colligatum.com\/en\/wp-json\/wp\/v2\/types\/product"}],"version-history":[{"count":1,"href":"https:\/\/colligatum.com\/en\/wp-json\/wp\/v2\/product\/18307\/revisions"}],"predecessor-version":[{"id":18308,"href":"https:\/\/colligatum.com\/en\/wp-json\/wp\/v2\/product\/18307\/revisions\/18308"}],"wp:featuredmedia":[{"embeddable":true,"href":"https:\/\/colligatum.com\/en\/wp-json\/wp\/v2\/media\/18253"}],"wp:attachment":[{"href":"https:\/\/colligatum.com\/en\/wp-json\/wp\/v2\/media?parent=18307"}],"wp:term":[{"taxonomy":"product_brand","embeddable":true,"href":"https:\/\/colligatum.com\/en\/wp-json\/wp\/v2\/product_brand?post=18307"},{"taxonomy":"product_cat","embeddable":true,"href":"https:\/\/colligatum.com\/en\/wp-json\/wp\/v2\/product_cat?post=18307"},{"taxonomy":"product_tag","embeddable":true,"href":"https:\/\/colligatum.com\/en\/wp-json\/wp\/v2\/product_tag?post=18307"}],"curies":[{"name":"wp","href":"https:\/\/api.w.org\/{rel}","templated":true}]}}