{"id":18313,"date":"2025-08-06T16:29:48","date_gmt":"2025-08-06T14:29:48","guid":{"rendered":"https:\/\/colligatum.com\/?post_type=product&#038;p=18313"},"modified":"2025-08-06T16:29:48","modified_gmt":"2025-08-06T14:29:48","slug":"manggar-kelapa-special","status":"publish","type":"product","link":"https:\/\/colligatum.com\/en\/product\/manggar-kelapa-special\/","title":{"rendered":"Coconut Manggar \u2013 Special"},"content":{"rendered":"<p data-start=\"392\" data-end=\"800\"><strong data-start=\"392\" data-end=\"406\">Description:<\/strong><br data-start=\"406\" data-end=\"409\" \/>Pakuot\u0117 ru\u017eavos\u2013rudos geltonos spalvos su \u017ealios ir raudonos deriniais. Centre \u2013 logotipas su kokos\u0173 palm\u0117mis ir augal\u0173 motyvais, vir\u0161uje u\u017era\u0161as <em data-start=\"555\" data-end=\"564\">Special<\/em>, centre \u2013 \u201eManggar Kelapa\u201c. Apa\u010dioje \u201e12 Sigaret Kretek\u201c. Sveikatos \u012fsp\u0117jimas pateiktas indonez\u0173 kalba. I\u0161 \u0161ono matyti tikslios tar\/nikotino reik\u0161m\u0117s, nors neai\u0161kios i\u0161 nuotrauk\u0173. Dizainas minimalistinis ir tradicinis kretek tematikai.<\/p>\n<hr data-start=\"802\" data-end=\"805\" \/>\n<p data-start=\"807\" data-end=\"830\"><strong data-start=\"807\" data-end=\"830\">Value assessment:<\/strong><\/p>\n<p data-start=\"832\" data-end=\"1091\"><strong data-start=\"832\" data-end=\"852\">Collectible value:<\/strong> Ma\u017ea. <em data-start=\"859\" data-end=\"875\">Manggar Kelapa<\/em> \u017eenklas n\u0117ra matomas pla\u010diuose kretek kolekcinink\u0173 kataloguose, forumuose ar aukcionuose. Ne\u017einomas kaip tarptautinis prek\u0117s \u017eenklas (pvz. Djarum, Sampoerna, Gudang Garam), tod\u0117l patrauklumas kolekcininkams ribotas.<\/p>\n<p data-start=\"1093\" data-end=\"1180\"><strong data-start=\"1093\" data-end=\"1115\">Condition assessment:<\/strong> Neatidarytas, pl\u0117vel\u0117 nepa\u017eeista \u2013 puikios b\u016bkl\u0117s egzempliorius.<\/p>\n<p data-start=\"1182\" data-end=\"1437\"><strong data-start=\"1182\" data-end=\"1211\">Istorija ir populiarumas:<\/strong> Nepavyko rasti pardavim\u0173 ar skelbim\u0173 su identi\u0161ku modeliu nei OLX, nei Allegro, nei eBay, nei Vinted ar regionin\u0117se svetain\u0117se. Lietuvioje literat\u016broje ar kataloguose <em data-start=\"1379\" data-end=\"1395\">Manggar Kelapa<\/em> nepamin\u0117tas kaip kretek prekinis \u017eenklas.<\/p>","protected":false},"excerpt":{"rendered":"<p><strong data-start=\"64\" data-end=\"98\">Brand and name:<\/strong> Manggar Kelapa \u2013 <em data-start=\"116\" data-end=\"125\">Special<\/em><br data-start=\"125\" data-end=\"128\" \/><strong data-start=\"128\" data-end=\"138\">Size:<\/strong> 12 cigarettes (&quot;12 Sigaret Kretek&quot;)<br data-start=\"173\" data-end=\"176\" \/><strong data-start=\"176\" data-end=\"194\">Country of manufacture:<\/strong> Indonezija (kretek tipas, sveikatos \u012fsp\u0117jimas indonez\u0173 kalba)<br data-start=\"256\" data-end=\"259\" \/><strong data-start=\"259\" data-end=\"283\">Production period:<\/strong> Ne\u017einomas (modernus, sp\u0117jimai XXI a.)<br data-start=\"321\" data-end=\"324\" \/><strong data-start=\"324\" data-end=\"342\">Package type:<\/strong> Kietas pakelis (neatidarytas, pl\u0117vel\u0117 sveika)<\/p>","protected":false},"featured_media":18261,"template":"","meta":{"_surecart_dashboard_logo_width":"180px","_surecart_dashboard_show_logo":true,"_surecart_dashboard_navigation_orders":true,"_surecart_dashboard_navigation_invoices":true,"_surecart_dashboard_navigation_subscriptions":true,"_surecart_dashboard_navigation_downloads":true,"_surecart_dashboard_navigation_billing":true,"_surecart_dashboard_navigation_account":true,"site-sidebar-layout":"default","site-content-layout":"","ast-site-content-layout":"default","site-content-style":"default","site-sidebar-style":"default","ast-global-header-display":"","ast-banner-title-visibility":"","ast-main-header-display":"","ast-hfb-above-header-display":"","ast-hfb-below-header-display":"","ast-hfb-mobile-header-display":"","site-post-title":"","ast-breadcrumbs-content":"","ast-featured-img":"","footer-sml-layout":"","theme-transparent-header-meta":"default","adv-header-id-meta":"","stick-header-meta":"","header-above-stick-meta":"","header-main-stick-meta":"","header-below-stick-meta":"","astra-migrate-meta-layouts":"set","ast-page-background-enabled":"default","ast-page-background-meta":{"desktop":{"background-color":"","background-image":"","background-repeat":"repeat","background-position":"center center","background-size":"auto","background-attachment":"scroll","background-type":"","background-media":"","overlay-type":"","overlay-color":"","overlay-opacity":"","overlay-gradient":""},"tablet":{"background-color":"","background-image":"","background-repeat":"repeat","background-position":"center center","background-size":"auto","background-attachment":"scroll","background-type":"","background-media":"","overlay-type":"","overlay-color":"","overlay-opacity":"","overlay-gradient":""},"mobile":{"background-color":"","background-image":"","background-repeat":"repeat","background-position":"center center","background-size":"auto","background-attachment":"scroll","background-type":"","background-media":"","overlay-type":"","overlay-color":"","overlay-opacity":"","overlay-gradient":""}},"ast-content-background-meta":{"desktop":{"background-color":"var(--ast-global-color-5)","background-image":"","background-repeat":"repeat","background-position":"center center","background-size":"auto","background-attachment":"scroll","background-type":"","background-media":"","overlay-type":"","overlay-color":"","overlay-opacity":"","overlay-gradient":""},"tablet":{"background-color":"var(--ast-global-color-5)","background-image":"","background-repeat":"repeat","background-position":"center center","background-size":"auto","background-attachment":"scroll","background-type":"","background-media":"","overlay-type":"","overlay-color":"","overlay-opacity":"","overlay-gradient":""},"mobile":{"background-color":"var(--ast-global-color-5)","background-image":"","background-repeat":"repeat","background-position":"center center","background-size":"auto","background-attachment":"scroll","background-type":"","background-media":"","overlay-type":"","overlay-color":"","overlay-opacity":"","overlay-gradient":""}}},"product_brand":[],"product_cat":[207],"product_tag":[],"class_list":{"0":"post-18313","1":"product","2":"type-product","3":"status-publish","4":"has-post-thumbnail","6":"product_cat-indonesia","7":"desktop-align-left","8":"tablet-align-left","9":"mobile-align-left","11":"first","12":"instock","13":"sale","14":"shipping-taxable","15":"purchasable","16":"product-type-simple","17":"add-to-wishlist-before_image"},"_links":{"self":[{"href":"https:\/\/colligatum.com\/en\/wp-json\/wp\/v2\/product\/18313","targetHints":{"allow":["GET"]}}],"collection":[{"href":"https:\/\/colligatum.com\/en\/wp-json\/wp\/v2\/product"}],"about":[{"href":"https:\/\/colligatum.com\/en\/wp-json\/wp\/v2\/types\/product"}],"version-history":[{"count":1,"href":"https:\/\/colligatum.com\/en\/wp-json\/wp\/v2\/product\/18313\/revisions"}],"predecessor-version":[{"id":18314,"href":"https:\/\/colligatum.com\/en\/wp-json\/wp\/v2\/product\/18313\/revisions\/18314"}],"wp:featuredmedia":[{"embeddable":true,"href":"https:\/\/colligatum.com\/en\/wp-json\/wp\/v2\/media\/18261"}],"wp:attachment":[{"href":"https:\/\/colligatum.com\/en\/wp-json\/wp\/v2\/media?parent=18313"}],"wp:term":[{"taxonomy":"product_brand","embeddable":true,"href":"https:\/\/colligatum.com\/en\/wp-json\/wp\/v2\/product_brand?post=18313"},{"taxonomy":"product_cat","embeddable":true,"href":"https:\/\/colligatum.com\/en\/wp-json\/wp\/v2\/product_cat?post=18313"},{"taxonomy":"product_tag","embeddable":true,"href":"https:\/\/colligatum.com\/en\/wp-json\/wp\/v2\/product_tag?post=18313"}],"curies":[{"name":"wp","href":"https:\/\/api.w.org\/{rel}","templated":true}]}}