{"id":18319,"date":"2025-08-07T07:05:48","date_gmt":"2025-08-07T05:05:48","guid":{"rendered":"https:\/\/colligatum.com\/?post_type=product&#038;p=18319"},"modified":"2025-08-07T07:05:49","modified_gmt":"2025-08-07T05:05:49","slug":"kedaung-super","status":"publish","type":"product","link":"https:\/\/colligatum.com\/en\/product\/kedaung-super\/","title":{"rendered":"Kedaung Super"},"content":{"rendered":"<p data-start=\"319\" data-end=\"823\"><strong data-start=\"319\" data-end=\"333\">Description:<\/strong><br data-start=\"333\" data-end=\"336\" \/>Kedaung Super \u2013 tai indonezieti\u0161kos kilm\u0117s cigaret\u0117s, i\u0161siskirian\u010dios tamsaus ir prabangaus dizaino pakeliu. Vir\u0161utin\u0117 dalis auksin\u0117, o pagrindas juodas su subtiliu tabako lap\u0173 fonu ir dekoratyviniu logotipu centre. Ant pakuot\u0117s ai\u0161kiai pa\u017eym\u0117tas pavadinimas \u201eSuper\u201c ir nurodoma, kad tai auk\u0161\u010diausios kokyb\u0117s filtro cigaret\u0117s (\u201eFinest Filter Cigarettes\u201c). \u012esp\u0117jimas apie r\u016bkymo \u017eal\u0105 pateiktas indonezie\u010di\u0173 kalba, o vir\u0161uje \u2013 matomas raudonas akcizo lipdukas, patvirtinantis autenti\u0161kum\u0105.<\/p>\n<p data-start=\"825\" data-end=\"850\"><strong data-start=\"825\" data-end=\"848\">Value assessment:<\/strong><\/p>\n<ul data-start=\"851\" data-end=\"1474\">\n<li data-start=\"851\" data-end=\"1079\">\n<p data-start=\"853\" data-end=\"1079\"><strong data-start=\"853\" data-end=\"873\">Collectible value:<\/strong> \u017dema\u2013vidutin\u0117. \u0160is pakelis n\u0117ra \u017einomas tarptautiniu mastu, ta\u010diau kolekcininkams, besidomintiems Azijos produkcija ar Indonezijos regionin\u0117mis cigaret\u0117mis, gali b\u016bti \u012fdomus d\u0117l savo unikalios i\u0161vaizdos.<\/p>\n<\/li>\n<li data-start=\"1080\" data-end=\"1136\">\n<p data-start=\"1082\" data-end=\"1136\"><strong data-start=\"1082\" data-end=\"1104\">Condition assessment:<\/strong> Unopened, in excellent condition.<\/p>\n<\/li>\n<li data-start=\"1137\" data-end=\"1474\">\n<p data-start=\"1139\" data-end=\"1474\"><strong data-start=\"1139\" data-end=\"1179\">Historical data and popularity:<\/strong> Kedaung n\u0117ra pla\u010diai \u017einomas tarptautinis prek\u0117s \u017eenklas. Tai lokalus produktas, gaminamas Indonezijoje, labiausiai prieinamas vietos vartotojams. Kretekinio tipo cigaret\u0117s ir regioniniai \u017eenklai Indonezijoje turi plat\u0173 pasirinkim\u0105, ta\u010diau \u0161is konkretus \u017eenklas retai aptinkamas u\u017e \u0161alies rib\u0173.<\/p>\n<\/li>\n<\/ul>","protected":false},"excerpt":{"rendered":"<p data-start=\"116\" data-end=\"164\"><strong data-start=\"116\" data-end=\"150\">Brand and name:<\/strong> Kedaung Super<\/p>\n<p data-start=\"166\" data-end=\"189\"><strong data-start=\"166\" data-end=\"176\">Size:<\/strong> 16 cigarettes<\/p>\n<p data-start=\"191\" data-end=\"220\"><strong data-start=\"191\" data-end=\"209\">Country of manufacture:<\/strong> Indonesia<\/p>\n<p data-start=\"222\" data-end=\"280\"><strong data-start=\"222\" data-end=\"246\">Production period:<\/strong> Unknown (modern edition)<\/p>\n<p data-start=\"282\" data-end=\"317\"><strong data-start=\"282\" data-end=\"300\">Package type:<\/strong>Hard pack<\/p>","protected":false},"featured_media":18256,"template":"","meta":{"_surecart_dashboard_logo_width":"180px","_surecart_dashboard_show_logo":true,"_surecart_dashboard_navigation_orders":true,"_surecart_dashboard_navigation_invoices":true,"_surecart_dashboard_navigation_subscriptions":true,"_surecart_dashboard_navigation_downloads":true,"_surecart_dashboard_navigation_billing":true,"_surecart_dashboard_navigation_account":true,"site-sidebar-layout":"default","site-content-layout":"","ast-site-content-layout":"default","site-content-style":"default","site-sidebar-style":"default","ast-global-header-display":"","ast-banner-title-visibility":"","ast-main-header-display":"","ast-hfb-above-header-display":"","ast-hfb-below-header-display":"","ast-hfb-mobile-header-display":"","site-post-title":"","ast-breadcrumbs-content":"","ast-featured-img":"","footer-sml-layout":"","theme-transparent-header-meta":"default","adv-header-id-meta":"","stick-header-meta":"","header-above-stick-meta":"","header-main-stick-meta":"","header-below-stick-meta":"","astra-migrate-meta-layouts":"set","ast-page-background-enabled":"default","ast-page-background-meta":{"desktop":{"background-color":"","background-image":"","background-repeat":"repeat","background-position":"center center","background-size":"auto","background-attachment":"scroll","background-type":"","background-media":"","overlay-type":"","overlay-color":"","overlay-opacity":"","overlay-gradient":""},"tablet":{"background-color":"","background-image":"","background-repeat":"repeat","background-position":"center center","background-size":"auto","background-attachment":"scroll","background-type":"","background-media":"","overlay-type":"","overlay-color":"","overlay-opacity":"","overlay-gradient":""},"mobile":{"background-color":"","background-image":"","background-repeat":"repeat","background-position":"center center","background-size":"auto","background-attachment":"scroll","background-type":"","background-media":"","overlay-type":"","overlay-color":"","overlay-opacity":"","overlay-gradient":""}},"ast-content-background-meta":{"desktop":{"background-color":"var(--ast-global-color-5)","background-image":"","background-repeat":"repeat","background-position":"center center","background-size":"auto","background-attachment":"scroll","background-type":"","background-media":"","overlay-type":"","overlay-color":"","overlay-opacity":"","overlay-gradient":""},"tablet":{"background-color":"var(--ast-global-color-5)","background-image":"","background-repeat":"repeat","background-position":"center center","background-size":"auto","background-attachment":"scroll","background-type":"","background-media":"","overlay-type":"","overlay-color":"","overlay-opacity":"","overlay-gradient":""},"mobile":{"background-color":"var(--ast-global-color-5)","background-image":"","background-repeat":"repeat","background-position":"center center","background-size":"auto","background-attachment":"scroll","background-type":"","background-media":"","overlay-type":"","overlay-color":"","overlay-opacity":"","overlay-gradient":""}}},"product_brand":[],"product_cat":[207],"product_tag":[],"class_list":{"0":"post-18319","1":"product","2":"type-product","3":"status-publish","4":"has-post-thumbnail","6":"product_cat-indonesia","7":"desktop-align-left","8":"tablet-align-left","9":"mobile-align-left","11":"first","12":"instock","13":"sale","14":"shipping-taxable","15":"purchasable","16":"product-type-simple","17":"add-to-wishlist-before_image"},"_links":{"self":[{"href":"https:\/\/colligatum.com\/en\/wp-json\/wp\/v2\/product\/18319","targetHints":{"allow":["GET"]}}],"collection":[{"href":"https:\/\/colligatum.com\/en\/wp-json\/wp\/v2\/product"}],"about":[{"href":"https:\/\/colligatum.com\/en\/wp-json\/wp\/v2\/types\/product"}],"version-history":[{"count":1,"href":"https:\/\/colligatum.com\/en\/wp-json\/wp\/v2\/product\/18319\/revisions"}],"predecessor-version":[{"id":18320,"href":"https:\/\/colligatum.com\/en\/wp-json\/wp\/v2\/product\/18319\/revisions\/18320"}],"wp:featuredmedia":[{"embeddable":true,"href":"https:\/\/colligatum.com\/en\/wp-json\/wp\/v2\/media\/18256"}],"wp:attachment":[{"href":"https:\/\/colligatum.com\/en\/wp-json\/wp\/v2\/media?parent=18319"}],"wp:term":[{"taxonomy":"product_brand","embeddable":true,"href":"https:\/\/colligatum.com\/en\/wp-json\/wp\/v2\/product_brand?post=18319"},{"taxonomy":"product_cat","embeddable":true,"href":"https:\/\/colligatum.com\/en\/wp-json\/wp\/v2\/product_cat?post=18319"},{"taxonomy":"product_tag","embeddable":true,"href":"https:\/\/colligatum.com\/en\/wp-json\/wp\/v2\/product_tag?post=18319"}],"curies":[{"name":"wp","href":"https:\/\/api.w.org\/{rel}","templated":true}]}}