{"id":18321,"date":"2025-08-07T07:06:47","date_gmt":"2025-08-07T05:06:47","guid":{"rendered":"https:\/\/colligatum.com\/?post_type=product&#038;p=18321"},"modified":"2025-08-07T07:06:48","modified_gmt":"2025-08-07T05:06:48","slug":"gandaria-jaya","status":"publish","type":"product","link":"https:\/\/colligatum.com\/en\/product\/gandaria-jaya\/","title":{"rendered":"Gandaria Jaya"},"content":{"rendered":"<p data-start=\"319\" data-end=\"835\"><strong data-start=\"319\" data-end=\"333\">Description:<\/strong><br data-start=\"333\" data-end=\"336\" \/>\u201eGandaria Jaya\u201c \u2013 tai nedidelis, 12 cigare\u010di\u0173 turintis pakelis, b\u016bdingas Indonezijos vidaus rinkai. Dizainas dominuojan\u010diai rudos\u2013geltonos spalvos su iliustracija, vaizduojan\u010dia gandarijos vaisi\u0173, kuris ir \u012fkv\u0117p\u0117 prek\u0117s \u017eenkl\u0105. Ant pakelio nurodyta, jog tai kretek tipo cigaret\u0117s (su gvazdik\u0117liais), b\u016bdingos Indonezijos gamybai. \u012esp\u0117jimai pateikti indonezie\u010di\u0173 kalba, vir\u0161uje matomas \u017ealios\u2013violetin\u0117s spalvos akcizo \u017eenklas, patvirtinantis autenti\u0161kum\u0105. I\u0161 \u0161ono nurodytas derv\u0173 ir nikotino kiekis.<\/p>\n<p data-start=\"837\" data-end=\"862\"><strong data-start=\"837\" data-end=\"860\">Value assessment:<\/strong><\/p>\n<ul data-start=\"863\" data-end=\"1337\">\n<li data-start=\"863\" data-end=\"1066\">\n<p data-start=\"865\" data-end=\"1066\"><strong data-start=\"865\" data-end=\"885\">Collectible value:<\/strong> \u017dema. Tai labai lokalus produktas, retai matomas u\u017e Indonezijos rib\u0173. D\u0117l savo ma\u017eo formato ir egzoti\u0161ko pavadinimo gali b\u016bti \u012fdomus Azijos tematik\u0105 renkan\u010di\u0173 kolekcinink\u0173 tarpe.<\/p>\n<\/li>\n<li data-start=\"1067\" data-end=\"1125\">\n<p data-start=\"1069\" data-end=\"1125\"><strong data-start=\"1069\" data-end=\"1091\">Condition assessment:<\/strong> Unopened, very good condition.<\/p>\n<\/li>\n<li data-start=\"1126\" data-end=\"1337\">\n<p data-start=\"1128\" data-end=\"1337\"><strong data-start=\"1128\" data-end=\"1168\">Historical data and popularity:<\/strong> Gandaria Jaya n\u0117ra \u017einomas tarptautinis \u017eenklas. Tai ni\u0161inis produktas, skirtas vietinei rinkai, da\u017eniausiai vartojamas kasdieniam r\u016bkymui ir neplatinamas pla\u010diu mastu.<\/p>\n<\/li>\n<\/ul>","protected":false},"excerpt":{"rendered":"<p data-start=\"116\" data-end=\"164\"><strong data-start=\"116\" data-end=\"150\">Brand and name:<\/strong> Gandaria Jaya<\/p>\n<p data-start=\"166\" data-end=\"189\"><strong data-start=\"166\" data-end=\"176\">Size:<\/strong> 12 cigarettes<\/p>\n<p data-start=\"191\" data-end=\"220\"><strong data-start=\"191\" data-end=\"209\">Country of manufacture:<\/strong> Indonesia<\/p>\n<p data-start=\"222\" data-end=\"280\"><strong data-start=\"222\" data-end=\"246\">Production period:<\/strong> Unknown (modern edition)<\/p>\n<p data-start=\"282\" data-end=\"317\"><strong data-start=\"282\" data-end=\"300\">Package type:<\/strong> Soft pack<\/p>","protected":false},"featured_media":18263,"template":"","meta":{"_surecart_dashboard_logo_width":"180px","_surecart_dashboard_show_logo":true,"_surecart_dashboard_navigation_orders":true,"_surecart_dashboard_navigation_invoices":true,"_surecart_dashboard_navigation_subscriptions":true,"_surecart_dashboard_navigation_downloads":true,"_surecart_dashboard_navigation_billing":true,"_surecart_dashboard_navigation_account":true,"site-sidebar-layout":"default","site-content-layout":"","ast-site-content-layout":"default","site-content-style":"default","site-sidebar-style":"default","ast-global-header-display":"","ast-banner-title-visibility":"","ast-main-header-display":"","ast-hfb-above-header-display":"","ast-hfb-below-header-display":"","ast-hfb-mobile-header-display":"","site-post-title":"","ast-breadcrumbs-content":"","ast-featured-img":"","footer-sml-layout":"","theme-transparent-header-meta":"default","adv-header-id-meta":"","stick-header-meta":"","header-above-stick-meta":"","header-main-stick-meta":"","header-below-stick-meta":"","astra-migrate-meta-layouts":"set","ast-page-background-enabled":"default","ast-page-background-meta":{"desktop":{"background-color":"","background-image":"","background-repeat":"repeat","background-position":"center center","background-size":"auto","background-attachment":"scroll","background-type":"","background-media":"","overlay-type":"","overlay-color":"","overlay-opacity":"","overlay-gradient":""},"tablet":{"background-color":"","background-image":"","background-repeat":"repeat","background-position":"center center","background-size":"auto","background-attachment":"scroll","background-type":"","background-media":"","overlay-type":"","overlay-color":"","overlay-opacity":"","overlay-gradient":""},"mobile":{"background-color":"","background-image":"","background-repeat":"repeat","background-position":"center center","background-size":"auto","background-attachment":"scroll","background-type":"","background-media":"","overlay-type":"","overlay-color":"","overlay-opacity":"","overlay-gradient":""}},"ast-content-background-meta":{"desktop":{"background-color":"var(--ast-global-color-5)","background-image":"","background-repeat":"repeat","background-position":"center center","background-size":"auto","background-attachment":"scroll","background-type":"","background-media":"","overlay-type":"","overlay-color":"","overlay-opacity":"","overlay-gradient":""},"tablet":{"background-color":"var(--ast-global-color-5)","background-image":"","background-repeat":"repeat","background-position":"center center","background-size":"auto","background-attachment":"scroll","background-type":"","background-media":"","overlay-type":"","overlay-color":"","overlay-opacity":"","overlay-gradient":""},"mobile":{"background-color":"var(--ast-global-color-5)","background-image":"","background-repeat":"repeat","background-position":"center center","background-size":"auto","background-attachment":"scroll","background-type":"","background-media":"","overlay-type":"","overlay-color":"","overlay-opacity":"","overlay-gradient":""}}},"product_brand":[],"product_cat":[207],"product_tag":[],"class_list":{"0":"post-18321","1":"product","2":"type-product","3":"status-publish","4":"has-post-thumbnail","6":"product_cat-indonesia","7":"desktop-align-left","8":"tablet-align-left","9":"mobile-align-left","11":"first","12":"instock","13":"sale","14":"shipping-taxable","15":"purchasable","16":"product-type-simple","17":"add-to-wishlist-before_image"},"_links":{"self":[{"href":"https:\/\/colligatum.com\/en\/wp-json\/wp\/v2\/product\/18321","targetHints":{"allow":["GET"]}}],"collection":[{"href":"https:\/\/colligatum.com\/en\/wp-json\/wp\/v2\/product"}],"about":[{"href":"https:\/\/colligatum.com\/en\/wp-json\/wp\/v2\/types\/product"}],"version-history":[{"count":1,"href":"https:\/\/colligatum.com\/en\/wp-json\/wp\/v2\/product\/18321\/revisions"}],"predecessor-version":[{"id":18322,"href":"https:\/\/colligatum.com\/en\/wp-json\/wp\/v2\/product\/18321\/revisions\/18322"}],"wp:featuredmedia":[{"embeddable":true,"href":"https:\/\/colligatum.com\/en\/wp-json\/wp\/v2\/media\/18263"}],"wp:attachment":[{"href":"https:\/\/colligatum.com\/en\/wp-json\/wp\/v2\/media?parent=18321"}],"wp:term":[{"taxonomy":"product_brand","embeddable":true,"href":"https:\/\/colligatum.com\/en\/wp-json\/wp\/v2\/product_brand?post=18321"},{"taxonomy":"product_cat","embeddable":true,"href":"https:\/\/colligatum.com\/en\/wp-json\/wp\/v2\/product_cat?post=18321"},{"taxonomy":"product_tag","embeddable":true,"href":"https:\/\/colligatum.com\/en\/wp-json\/wp\/v2\/product_tag?post=18321"}],"curies":[{"name":"wp","href":"https:\/\/api.w.org\/{rel}","templated":true}]}}