{"id":18323,"date":"2025-08-07T07:08:37","date_gmt":"2025-08-07T05:08:37","guid":{"rendered":"https:\/\/colligatum.com\/?post_type=product&#038;p=18323"},"modified":"2025-08-07T07:08:38","modified_gmt":"2025-08-07T05:08:38","slug":"h7-halma-jaya","status":"publish","type":"product","link":"https:\/\/colligatum.com\/en\/product\/h7-halma-jaya\/","title":{"rendered":"H7 Halma Jaya"},"content":{"rendered":"<p data-start=\"386\" data-end=\"883\"><strong data-start=\"386\" data-end=\"400\">Description:<\/strong><br data-start=\"400\" data-end=\"403\" \/>H7 Halma Jaya \u2013 tai tradicinis Indonezijos kretek tipo cigare\u010di\u0173 pakelis, i\u0161siskiriantis ry\u0161kiu oran\u017einiu dizainu su logotipu \u201eH7\u201c. Ant pakelio pateiktas i\u0161samus apra\u0161ymas indonezie\u010di\u0173 kalba, kuriame pabr\u0117\u017eiamas auk\u0161tos kokyb\u0117s tabako, gvazdik\u0117li\u0173 ir prieskoni\u0173 mi\u0161inys, skirtas i\u0161skirtiniam skoniui ir aromatui pasiekti. Apatin\u0117je dalyje pateiktas standartinis \u012fsp\u0117jimas apie r\u016bkymo \u017eal\u0105. Akcizo lipdukas vir\u0161utin\u0117je pakelio dalyje liudija apie oficial\u0173 pardavim\u0105 vietos rinkoje.<\/p>\n<p data-start=\"885\" data-end=\"910\"><strong data-start=\"885\" data-end=\"908\">Value assessment:<\/strong><\/p>\n<ul data-start=\"911\" data-end=\"1345\">\n<li data-start=\"911\" data-end=\"1065\">\n<p data-start=\"913\" data-end=\"1065\"><strong data-start=\"913\" data-end=\"933\">Collectible value:<\/strong> \u017dema. \u0160is pakelis yra tipi\u0161kas vietin\u0117s rinkos produktas, neturintis i\u0161skirtin\u0117s vert\u0117s tarptautin\u0117je kolekcinink\u0173 bendruomen\u0117je.<\/p>\n<\/li>\n<li data-start=\"1066\" data-end=\"1124\">\n<p data-start=\"1068\" data-end=\"1124\"><strong data-start=\"1068\" data-end=\"1090\">Condition assessment:<\/strong> Unopened, very good condition.<\/p>\n<\/li>\n<li data-start=\"1125\" data-end=\"1345\">\n<p data-start=\"1127\" data-end=\"1345\"><strong data-start=\"1127\" data-end=\"1167\">Historical data and popularity:<\/strong> H7 Halma Jaya n\u0117ra tarptautiniu mastu \u017einomas prek\u0117s \u017eenklas. Tai regionin\u0117 produkcija, skirta Indonezijos rinkai ir gaminama kretek tipo stiliumi, populiariu Pietry\u010di\u0173 Azijoje.<\/p>\n<\/li>\n<\/ul>","protected":false},"excerpt":{"rendered":"<p data-start=\"116\" data-end=\"164\"><strong data-start=\"116\" data-end=\"150\">Brand and name:<\/strong> H7 Halma Jaya<\/p>\n<p data-start=\"166\" data-end=\"256\"><strong data-start=\"166\" data-end=\"176\">Size:<\/strong> 12 cigare\u010di\u0173 (remiantis formato tipu \u2013 nepatvirtinta, nes pakuot\u0117je nenurodyta)<\/p>\n<p data-start=\"258\" data-end=\"287\"><strong data-start=\"258\" data-end=\"276\">Country of manufacture:<\/strong> Indonesia<\/p>\n<p data-start=\"289\" data-end=\"347\"><strong data-start=\"289\" data-end=\"313\">Production period:<\/strong> Unknown (modern edition)<\/p>\n<p data-start=\"349\" data-end=\"384\"><strong data-start=\"349\" data-end=\"367\">Package type:<\/strong> Soft pack<\/p>","protected":false},"featured_media":18269,"template":"","meta":{"_surecart_dashboard_logo_width":"180px","_surecart_dashboard_show_logo":true,"_surecart_dashboard_navigation_orders":true,"_surecart_dashboard_navigation_invoices":true,"_surecart_dashboard_navigation_subscriptions":true,"_surecart_dashboard_navigation_downloads":true,"_surecart_dashboard_navigation_billing":true,"_surecart_dashboard_navigation_account":true,"site-sidebar-layout":"default","site-content-layout":"","ast-site-content-layout":"default","site-content-style":"default","site-sidebar-style":"default","ast-global-header-display":"","ast-banner-title-visibility":"","ast-main-header-display":"","ast-hfb-above-header-display":"","ast-hfb-below-header-display":"","ast-hfb-mobile-header-display":"","site-post-title":"","ast-breadcrumbs-content":"","ast-featured-img":"","footer-sml-layout":"","theme-transparent-header-meta":"default","adv-header-id-meta":"","stick-header-meta":"","header-above-stick-meta":"","header-main-stick-meta":"","header-below-stick-meta":"","astra-migrate-meta-layouts":"set","ast-page-background-enabled":"default","ast-page-background-meta":{"desktop":{"background-color":"","background-image":"","background-repeat":"repeat","background-position":"center center","background-size":"auto","background-attachment":"scroll","background-type":"","background-media":"","overlay-type":"","overlay-color":"","overlay-opacity":"","overlay-gradient":""},"tablet":{"background-color":"","background-image":"","background-repeat":"repeat","background-position":"center center","background-size":"auto","background-attachment":"scroll","background-type":"","background-media":"","overlay-type":"","overlay-color":"","overlay-opacity":"","overlay-gradient":""},"mobile":{"background-color":"","background-image":"","background-repeat":"repeat","background-position":"center center","background-size":"auto","background-attachment":"scroll","background-type":"","background-media":"","overlay-type":"","overlay-color":"","overlay-opacity":"","overlay-gradient":""}},"ast-content-background-meta":{"desktop":{"background-color":"var(--ast-global-color-5)","background-image":"","background-repeat":"repeat","background-position":"center center","background-size":"auto","background-attachment":"scroll","background-type":"","background-media":"","overlay-type":"","overlay-color":"","overlay-opacity":"","overlay-gradient":""},"tablet":{"background-color":"var(--ast-global-color-5)","background-image":"","background-repeat":"repeat","background-position":"center center","background-size":"auto","background-attachment":"scroll","background-type":"","background-media":"","overlay-type":"","overlay-color":"","overlay-opacity":"","overlay-gradient":""},"mobile":{"background-color":"var(--ast-global-color-5)","background-image":"","background-repeat":"repeat","background-position":"center center","background-size":"auto","background-attachment":"scroll","background-type":"","background-media":"","overlay-type":"","overlay-color":"","overlay-opacity":"","overlay-gradient":""}}},"product_brand":[],"product_cat":[207],"product_tag":[],"class_list":{"0":"post-18323","1":"product","2":"type-product","3":"status-publish","4":"has-post-thumbnail","6":"product_cat-indonesia","7":"desktop-align-left","8":"tablet-align-left","9":"mobile-align-left","11":"first","12":"instock","13":"sale","14":"shipping-taxable","15":"purchasable","16":"product-type-simple","17":"add-to-wishlist-before_image"},"_links":{"self":[{"href":"https:\/\/colligatum.com\/en\/wp-json\/wp\/v2\/product\/18323","targetHints":{"allow":["GET"]}}],"collection":[{"href":"https:\/\/colligatum.com\/en\/wp-json\/wp\/v2\/product"}],"about":[{"href":"https:\/\/colligatum.com\/en\/wp-json\/wp\/v2\/types\/product"}],"version-history":[{"count":1,"href":"https:\/\/colligatum.com\/en\/wp-json\/wp\/v2\/product\/18323\/revisions"}],"predecessor-version":[{"id":18324,"href":"https:\/\/colligatum.com\/en\/wp-json\/wp\/v2\/product\/18323\/revisions\/18324"}],"wp:featuredmedia":[{"embeddable":true,"href":"https:\/\/colligatum.com\/en\/wp-json\/wp\/v2\/media\/18269"}],"wp:attachment":[{"href":"https:\/\/colligatum.com\/en\/wp-json\/wp\/v2\/media?parent=18323"}],"wp:term":[{"taxonomy":"product_brand","embeddable":true,"href":"https:\/\/colligatum.com\/en\/wp-json\/wp\/v2\/product_brand?post=18323"},{"taxonomy":"product_cat","embeddable":true,"href":"https:\/\/colligatum.com\/en\/wp-json\/wp\/v2\/product_cat?post=18323"},{"taxonomy":"product_tag","embeddable":true,"href":"https:\/\/colligatum.com\/en\/wp-json\/wp\/v2\/product_tag?post=18323"}],"curies":[{"name":"wp","href":"https:\/\/api.w.org\/{rel}","templated":true}]}}