{"id":18325,"date":"2025-08-07T07:09:33","date_gmt":"2025-08-07T05:09:33","guid":{"rendered":"https:\/\/colligatum.com\/?post_type=product&#038;p=18325"},"modified":"2025-08-07T07:09:33","modified_gmt":"2025-08-07T05:09:33","slug":"kembang-arum","status":"publish","type":"product","link":"https:\/\/colligatum.com\/en\/product\/kembang-arum\/","title":{"rendered":"Kembang Arum"},"content":{"rendered":"<p data-start=\"317\" data-end=\"897\"><strong data-start=\"317\" data-end=\"331\">Description:<\/strong><br data-start=\"331\" data-end=\"334\" \/>\u201eKembang Arum\u201c \u2013 tai Indonezijos rinkai skirtas kretek tipo cigare\u010di\u0173 pakelis, kurio dizainas pagr\u012fstas juoda spalva su aukso spalvos r\u0117meliu ir \u017eiedu centre. \u0160io pakelio estetika perteikia tradicijos ir i\u0161skirtinumo poj\u016bt\u012f. Pakuot\u0117je nurodoma, kad cigaret\u0117s pagamintos i\u0161 auk\u0161tos kokyb\u0117s tabako ir gvazdik\u0117li\u0173, o gamyba vykdoma rankiniu b\u016bdu, siekiant auk\u0161\u010diausios kokyb\u0117s. Apatin\u0117je dalyje pateiktas \u012fsp\u0117jimas apie r\u016bkymo \u017eal\u0105 indonezie\u010di\u0173 kalba, o \u0161one \u2013 derv\u0173 ir nikotino kiekis. Akcizo \u017eenklas ir platintojo logotipas patvirtina produkto kilm\u0119 ir oficialum\u0105.<\/p>\n<p data-start=\"899\" data-end=\"924\"><strong data-start=\"899\" data-end=\"922\">Value assessment:<\/strong><\/p>\n<ul data-start=\"925\" data-end=\"1496\">\n<li data-start=\"925\" data-end=\"1119\">\n<p data-start=\"927\" data-end=\"1119\"><strong data-start=\"927\" data-end=\"947\">Collectible value:<\/strong> \u017dema\u2013vidutin\u0117. D\u0117l savo ai\u0161kaus vietinio identiteto ir dekoratyvumo \u0161is pakelis gali b\u016bti patrauklus ni\u0161iniams kolekcininkams, renkantiesiems Azijos ar kretek cigaretes.<\/p>\n<\/li>\n<li data-start=\"1120\" data-end=\"1178\">\n<p data-start=\"1122\" data-end=\"1178\"><strong data-start=\"1122\" data-end=\"1144\">Condition assessment:<\/strong> Unopened, very good condition.<\/p>\n<\/li>\n<li data-start=\"1179\" data-end=\"1496\">\n<p data-start=\"1181\" data-end=\"1496\"><strong data-start=\"1181\" data-end=\"1221\">Historical data and popularity:<\/strong> \u201eKembang Arum\u201c n\u0117ra pla\u010diai \u017einomas tarptautinis prek\u0117s \u017eenklas. Tai vietin\u0117s reik\u0161m\u0117s gamintojas, orientuotas \u012f Indonezijos rink\u0105, kur kretek cigaret\u0117s yra itin populiarios. N\u0117ra po\u017eymi\u0173, kad \u0161is pakelis b\u016bt\u0173 buv\u0119s eksportuojamas ar kolekcionuojamas pla\u010diai u\u017e \u0161alies rib\u0173.<\/p>\n<\/li>\n<\/ul>","protected":false},"excerpt":{"rendered":"<p data-start=\"115\" data-end=\"162\"><strong data-start=\"115\" data-end=\"149\">Brand and name:<\/strong> Kembang Arum<\/p>\n<p data-start=\"164\" data-end=\"187\"><strong data-start=\"164\" data-end=\"174\">Size:<\/strong> 12 cigarettes<\/p>\n<p data-start=\"189\" data-end=\"218\"><strong data-start=\"189\" data-end=\"207\">Country of manufacture:<\/strong> Indonesia<\/p>\n<p data-start=\"220\" data-end=\"278\"><strong data-start=\"220\" data-end=\"244\">Production period:<\/strong> Unknown (modern edition)<\/p>\n<p data-start=\"280\" data-end=\"315\"><strong data-start=\"280\" data-end=\"298\">Package type:<\/strong> Hard pack<\/p>","protected":false},"featured_media":18271,"template":"","meta":{"_surecart_dashboard_logo_width":"180px","_surecart_dashboard_show_logo":true,"_surecart_dashboard_navigation_orders":true,"_surecart_dashboard_navigation_invoices":true,"_surecart_dashboard_navigation_subscriptions":true,"_surecart_dashboard_navigation_downloads":true,"_surecart_dashboard_navigation_billing":true,"_surecart_dashboard_navigation_account":true,"site-sidebar-layout":"default","site-content-layout":"","ast-site-content-layout":"default","site-content-style":"default","site-sidebar-style":"default","ast-global-header-display":"","ast-banner-title-visibility":"","ast-main-header-display":"","ast-hfb-above-header-display":"","ast-hfb-below-header-display":"","ast-hfb-mobile-header-display":"","site-post-title":"","ast-breadcrumbs-content":"","ast-featured-img":"","footer-sml-layout":"","theme-transparent-header-meta":"default","adv-header-id-meta":"","stick-header-meta":"","header-above-stick-meta":"","header-main-stick-meta":"","header-below-stick-meta":"","astra-migrate-meta-layouts":"set","ast-page-background-enabled":"default","ast-page-background-meta":{"desktop":{"background-color":"","background-image":"","background-repeat":"repeat","background-position":"center center","background-size":"auto","background-attachment":"scroll","background-type":"","background-media":"","overlay-type":"","overlay-color":"","overlay-opacity":"","overlay-gradient":""},"tablet":{"background-color":"","background-image":"","background-repeat":"repeat","background-position":"center center","background-size":"auto","background-attachment":"scroll","background-type":"","background-media":"","overlay-type":"","overlay-color":"","overlay-opacity":"","overlay-gradient":""},"mobile":{"background-color":"","background-image":"","background-repeat":"repeat","background-position":"center center","background-size":"auto","background-attachment":"scroll","background-type":"","background-media":"","overlay-type":"","overlay-color":"","overlay-opacity":"","overlay-gradient":""}},"ast-content-background-meta":{"desktop":{"background-color":"var(--ast-global-color-5)","background-image":"","background-repeat":"repeat","background-position":"center center","background-size":"auto","background-attachment":"scroll","background-type":"","background-media":"","overlay-type":"","overlay-color":"","overlay-opacity":"","overlay-gradient":""},"tablet":{"background-color":"var(--ast-global-color-5)","background-image":"","background-repeat":"repeat","background-position":"center center","background-size":"auto","background-attachment":"scroll","background-type":"","background-media":"","overlay-type":"","overlay-color":"","overlay-opacity":"","overlay-gradient":""},"mobile":{"background-color":"var(--ast-global-color-5)","background-image":"","background-repeat":"repeat","background-position":"center center","background-size":"auto","background-attachment":"scroll","background-type":"","background-media":"","overlay-type":"","overlay-color":"","overlay-opacity":"","overlay-gradient":""}}},"product_brand":[],"product_cat":[207],"product_tag":[],"class_list":{"0":"post-18325","1":"product","2":"type-product","3":"status-publish","4":"has-post-thumbnail","6":"product_cat-indonesia","7":"desktop-align-left","8":"tablet-align-left","9":"mobile-align-left","11":"first","12":"instock","13":"sale","14":"shipping-taxable","15":"purchasable","16":"product-type-simple","17":"add-to-wishlist-before_image"},"_links":{"self":[{"href":"https:\/\/colligatum.com\/en\/wp-json\/wp\/v2\/product\/18325","targetHints":{"allow":["GET"]}}],"collection":[{"href":"https:\/\/colligatum.com\/en\/wp-json\/wp\/v2\/product"}],"about":[{"href":"https:\/\/colligatum.com\/en\/wp-json\/wp\/v2\/types\/product"}],"version-history":[{"count":1,"href":"https:\/\/colligatum.com\/en\/wp-json\/wp\/v2\/product\/18325\/revisions"}],"predecessor-version":[{"id":18326,"href":"https:\/\/colligatum.com\/en\/wp-json\/wp\/v2\/product\/18325\/revisions\/18326"}],"wp:featuredmedia":[{"embeddable":true,"href":"https:\/\/colligatum.com\/en\/wp-json\/wp\/v2\/media\/18271"}],"wp:attachment":[{"href":"https:\/\/colligatum.com\/en\/wp-json\/wp\/v2\/media?parent=18325"}],"wp:term":[{"taxonomy":"product_brand","embeddable":true,"href":"https:\/\/colligatum.com\/en\/wp-json\/wp\/v2\/product_brand?post=18325"},{"taxonomy":"product_cat","embeddable":true,"href":"https:\/\/colligatum.com\/en\/wp-json\/wp\/v2\/product_cat?post=18325"},{"taxonomy":"product_tag","embeddable":true,"href":"https:\/\/colligatum.com\/en\/wp-json\/wp\/v2\/product_tag?post=18325"}],"curies":[{"name":"wp","href":"https:\/\/api.w.org\/{rel}","templated":true}]}}