{"id":18327,"date":"2025-08-07T07:10:42","date_gmt":"2025-08-07T05:10:42","guid":{"rendered":"https:\/\/colligatum.com\/?post_type=product&#038;p=18327"},"modified":"2025-08-07T07:10:42","modified_gmt":"2025-08-07T05:10:42","slug":"untung-mas","status":"publish","type":"product","link":"https:\/\/colligatum.com\/en\/product\/untung-mas\/","title":{"rendered":"Good luck"},"content":{"rendered":"<p data-start=\"313\" data-end=\"774\"><strong data-start=\"313\" data-end=\"327\">Description:<\/strong><br data-start=\"327\" data-end=\"330\" \/>\u201eUntung Mas\u201c \u2013 tai Indonezijoje gaminamos kretek cigaret\u0117s, kuri\u0173 dizainas ry\u0161kiai i\u0161siskiria. Pakuot\u0117je dominuoja raudonos, \u017ealios ir baltos vertikalios juostos, o pagrindiniame vaizde pavaizduotas motociklininkas su motociklu, perteikiantis laisv\u0117s ir nuotyki\u0173 tem\u0105. Vir\u0161uje esantis oran\u017einis akcizo \u017eenklas nurodo produkto kilm\u0119, o \u0161one nurodyta, kad pakelyje yra 12 kretek cigare\u010di\u0173. \u012esp\u0117jimas apie r\u016bkymo \u017eal\u0105 pateiktas indonezie\u010di\u0173 kalba.<\/p>\n<p data-start=\"776\" data-end=\"801\"><strong data-start=\"776\" data-end=\"799\">Value assessment:<\/strong><\/p>\n<ul data-start=\"802\" data-end=\"1399\">\n<li data-start=\"802\" data-end=\"1079\">\n<p data-start=\"804\" data-end=\"1079\"><strong data-start=\"804\" data-end=\"824\">Collectible value:<\/strong> \u017dema\u2013vidutin\u0117. \u0160io pakelio dizainas \u2013 ne\u012fprastas ir i\u0161siskiriantis, tod\u0117l gali patraukti d\u0117mes\u012f tarp kolekcinink\u0173, besidomin\u010di\u0173 netradiciniais ar teminiais pakeliais (pvz., su motocikl\u0173 tematika). Ta\u010diau prek\u0117s \u017eenklas n\u0117ra \u017einomas u\u017e Indonezijos rib\u0173.<\/p>\n<\/li>\n<li data-start=\"1080\" data-end=\"1138\">\n<p data-start=\"1082\" data-end=\"1138\"><strong data-start=\"1082\" data-end=\"1104\">Condition assessment:<\/strong> Unopened, very good condition.<\/p>\n<\/li>\n<li data-start=\"1139\" data-end=\"1399\">\n<p data-start=\"1141\" data-end=\"1399\"><strong data-start=\"1141\" data-end=\"1181\">Historical data and popularity:<\/strong> \u201eUntung Mas\u201c n\u0117ra tarptautiniu mastu \u017einomas ar ie\u0161komas prek\u0117s \u017eenklas. Tai lokalus produktas, skirtas Indonezijos vidaus rinkai, b\u016bdingas tradicinei kretek kategorijai, kurioje itin gausu ma\u017e\u0173, regionini\u0173 gamintoj\u0173.<\/p>\n<\/li>\n<\/ul>","protected":false},"excerpt":{"rendered":"<p data-start=\"113\" data-end=\"158\"><strong data-start=\"113\" data-end=\"147\">Brand and name:<\/strong> Good luck<\/p>\n<p data-start=\"160\" data-end=\"183\"><strong data-start=\"160\" data-end=\"170\">Size:<\/strong> 12 cigarettes<\/p>\n<p data-start=\"185\" data-end=\"214\"><strong data-start=\"185\" data-end=\"203\">Country of manufacture:<\/strong> Indonesia<\/p>\n<p data-start=\"216\" data-end=\"274\"><strong data-start=\"216\" data-end=\"240\">Production period:<\/strong> Unknown (modern edition)<\/p>\n<p data-start=\"276\" data-end=\"311\"><strong data-start=\"276\" data-end=\"294\">Package type:<\/strong> Hard pack<\/p>","protected":false},"featured_media":18273,"template":"","meta":{"_surecart_dashboard_logo_width":"180px","_surecart_dashboard_show_logo":true,"_surecart_dashboard_navigation_orders":true,"_surecart_dashboard_navigation_invoices":true,"_surecart_dashboard_navigation_subscriptions":true,"_surecart_dashboard_navigation_downloads":true,"_surecart_dashboard_navigation_billing":true,"_surecart_dashboard_navigation_account":true,"site-sidebar-layout":"default","site-content-layout":"","ast-site-content-layout":"default","site-content-style":"default","site-sidebar-style":"default","ast-global-header-display":"","ast-banner-title-visibility":"","ast-main-header-display":"","ast-hfb-above-header-display":"","ast-hfb-below-header-display":"","ast-hfb-mobile-header-display":"","site-post-title":"","ast-breadcrumbs-content":"","ast-featured-img":"","footer-sml-layout":"","theme-transparent-header-meta":"default","adv-header-id-meta":"","stick-header-meta":"","header-above-stick-meta":"","header-main-stick-meta":"","header-below-stick-meta":"","astra-migrate-meta-layouts":"set","ast-page-background-enabled":"default","ast-page-background-meta":{"desktop":{"background-color":"","background-image":"","background-repeat":"repeat","background-position":"center center","background-size":"auto","background-attachment":"scroll","background-type":"","background-media":"","overlay-type":"","overlay-color":"","overlay-opacity":"","overlay-gradient":""},"tablet":{"background-color":"","background-image":"","background-repeat":"repeat","background-position":"center center","background-size":"auto","background-attachment":"scroll","background-type":"","background-media":"","overlay-type":"","overlay-color":"","overlay-opacity":"","overlay-gradient":""},"mobile":{"background-color":"","background-image":"","background-repeat":"repeat","background-position":"center center","background-size":"auto","background-attachment":"scroll","background-type":"","background-media":"","overlay-type":"","overlay-color":"","overlay-opacity":"","overlay-gradient":""}},"ast-content-background-meta":{"desktop":{"background-color":"var(--ast-global-color-5)","background-image":"","background-repeat":"repeat","background-position":"center center","background-size":"auto","background-attachment":"scroll","background-type":"","background-media":"","overlay-type":"","overlay-color":"","overlay-opacity":"","overlay-gradient":""},"tablet":{"background-color":"var(--ast-global-color-5)","background-image":"","background-repeat":"repeat","background-position":"center center","background-size":"auto","background-attachment":"scroll","background-type":"","background-media":"","overlay-type":"","overlay-color":"","overlay-opacity":"","overlay-gradient":""},"mobile":{"background-color":"var(--ast-global-color-5)","background-image":"","background-repeat":"repeat","background-position":"center center","background-size":"auto","background-attachment":"scroll","background-type":"","background-media":"","overlay-type":"","overlay-color":"","overlay-opacity":"","overlay-gradient":""}}},"product_brand":[],"product_cat":[207],"product_tag":[],"class_list":{"0":"post-18327","1":"product","2":"type-product","3":"status-publish","4":"has-post-thumbnail","6":"product_cat-indonesia","7":"desktop-align-left","8":"tablet-align-left","9":"mobile-align-left","11":"first","12":"instock","13":"sale","14":"shipping-taxable","15":"purchasable","16":"product-type-simple","17":"add-to-wishlist-before_image"},"_links":{"self":[{"href":"https:\/\/colligatum.com\/en\/wp-json\/wp\/v2\/product\/18327","targetHints":{"allow":["GET"]}}],"collection":[{"href":"https:\/\/colligatum.com\/en\/wp-json\/wp\/v2\/product"}],"about":[{"href":"https:\/\/colligatum.com\/en\/wp-json\/wp\/v2\/types\/product"}],"version-history":[{"count":1,"href":"https:\/\/colligatum.com\/en\/wp-json\/wp\/v2\/product\/18327\/revisions"}],"predecessor-version":[{"id":18328,"href":"https:\/\/colligatum.com\/en\/wp-json\/wp\/v2\/product\/18327\/revisions\/18328"}],"wp:featuredmedia":[{"embeddable":true,"href":"https:\/\/colligatum.com\/en\/wp-json\/wp\/v2\/media\/18273"}],"wp:attachment":[{"href":"https:\/\/colligatum.com\/en\/wp-json\/wp\/v2\/media?parent=18327"}],"wp:term":[{"taxonomy":"product_brand","embeddable":true,"href":"https:\/\/colligatum.com\/en\/wp-json\/wp\/v2\/product_brand?post=18327"},{"taxonomy":"product_cat","embeddable":true,"href":"https:\/\/colligatum.com\/en\/wp-json\/wp\/v2\/product_cat?post=18327"},{"taxonomy":"product_tag","embeddable":true,"href":"https:\/\/colligatum.com\/en\/wp-json\/wp\/v2\/product_tag?post=18327"}],"curies":[{"name":"wp","href":"https:\/\/api.w.org\/{rel}","templated":true}]}}