{"id":18339,"date":"2025-08-07T07:18:19","date_gmt":"2025-08-07T05:18:19","guid":{"rendered":"https:\/\/colligatum.com\/?post_type=product&#038;p=18339"},"modified":"2025-08-07T07:18:19","modified_gmt":"2025-08-07T05:18:19","slug":"tjap-gudang-gandum","status":"publish","type":"product","link":"https:\/\/colligatum.com\/en\/product\/tjap-gudang-gandum\/","title":{"rendered":"tjap Gudang Gand"},"content":{"rendered":"<p data-start=\"279\" data-end=\"795\"><strong data-start=\"279\" data-end=\"293\">Description:<\/strong> tjap Gudang Gandum \u2013 tai indonezieti\u0161kas kretek tipo cigare\u010di\u0173 pakelis, pasi\u017eymintis raudona spalva ir minimalistiniu, ta\u010diau i\u0161skirtiniu dizainu. Pakuot\u0117 dekoruota logotipu, kuriame pavaizduoti sand\u0117liai (\u201egudang\u201c) \u2013 simbolis, glaud\u017eiai susij\u0119s su Indonezijos tabako kult\u016bra. Cigare\u010di\u0173 sud\u0117tyje yra tradicini\u0173 prieskoni\u0173 ir gvazdik\u0117li\u0173, kas b\u016bdinga visiems kretek gaminiams. Ant pakuot\u0117s nurodyta \u201eKing Size\u201c ir \u201e12 sigaret kretek\u201c, o taip pat pateiktas \u012fsp\u0117jimas apie r\u016bkymo \u017eal\u0105 indonezie\u010di\u0173 kalba.<\/p>\n<p data-start=\"797\" data-end=\"820\"><strong data-start=\"797\" data-end=\"820\">Value assessment:<\/strong><\/p>\n<ul data-start=\"822\" data-end=\"1304\">\n<li data-start=\"822\" data-end=\"1003\">\n<p data-start=\"824\" data-end=\"1003\"><strong data-start=\"824\" data-end=\"844\">Collectible value:<\/strong> Vidutin\u0117, kadangi tai \u0161iuolaikinis leidimas, ta\u010diau d\u0117l egzoti\u0161kumo ir riboto prieinamumo Europoje pakelis gali b\u016bti \u012fdomus specifini\u0173 kolekcij\u0173 sudarytojams.<\/p>\n<\/li>\n<li data-start=\"1004\" data-end=\"1060\">\n<p data-start=\"1006\" data-end=\"1060\"><strong data-start=\"1006\" data-end=\"1028\">Condition assessment:<\/strong> Unopened, very good condition.<\/p>\n<\/li>\n<li data-start=\"1061\" data-end=\"1304\">\n<p data-start=\"1063\" data-end=\"1304\"><strong data-start=\"1063\" data-end=\"1103\">Historical data and popularity:<\/strong> Nors prekinis \u017eenklas n\u0117ra pasaulinio masto \u017einomas kaip \u201eDjarum\u201c ar \u201eGudang Garam\u201c, jis yra vertinamas ni\u0161in\u0117se kretek cigare\u010di\u0173 kolekcijose d\u0117l autenti\u0161kos i\u0161vaizdos ir gamybos \u0161alies \u2013 Indonezijos.<\/p>\n<\/li>\n<\/ul>","protected":false},"excerpt":{"rendered":"<p data-start=\"85\" data-end=\"138\"><strong data-start=\"85\" data-end=\"119\">Brand and name:<\/strong> tjap Gudang Gand<\/p>\n<p data-start=\"140\" data-end=\"163\"><strong data-start=\"140\" data-end=\"150\">Size:<\/strong> 12 cigarettes<\/p>\n<p data-start=\"165\" data-end=\"194\"><strong data-start=\"165\" data-end=\"183\">Country of manufacture:<\/strong> Indonesia<\/p>\n<p data-start=\"196\" data-end=\"242\"><strong data-start=\"196\" data-end=\"220\">Production period:<\/strong> Modern edition<\/p>\n<p data-start=\"244\" data-end=\"277\"><strong data-start=\"244\" data-end=\"262\">Package type:<\/strong> Soft pack<\/p>","protected":false},"featured_media":18286,"template":"","meta":{"_surecart_dashboard_logo_width":"180px","_surecart_dashboard_show_logo":true,"_surecart_dashboard_navigation_orders":true,"_surecart_dashboard_navigation_invoices":true,"_surecart_dashboard_navigation_subscriptions":true,"_surecart_dashboard_navigation_downloads":true,"_surecart_dashboard_navigation_billing":true,"_surecart_dashboard_navigation_account":true,"site-sidebar-layout":"default","site-content-layout":"","ast-site-content-layout":"default","site-content-style":"default","site-sidebar-style":"default","ast-global-header-display":"","ast-banner-title-visibility":"","ast-main-header-display":"","ast-hfb-above-header-display":"","ast-hfb-below-header-display":"","ast-hfb-mobile-header-display":"","site-post-title":"","ast-breadcrumbs-content":"","ast-featured-img":"","footer-sml-layout":"","theme-transparent-header-meta":"default","adv-header-id-meta":"","stick-header-meta":"","header-above-stick-meta":"","header-main-stick-meta":"","header-below-stick-meta":"","astra-migrate-meta-layouts":"set","ast-page-background-enabled":"default","ast-page-background-meta":{"desktop":{"background-color":"","background-image":"","background-repeat":"repeat","background-position":"center center","background-size":"auto","background-attachment":"scroll","background-type":"","background-media":"","overlay-type":"","overlay-color":"","overlay-opacity":"","overlay-gradient":""},"tablet":{"background-color":"","background-image":"","background-repeat":"repeat","background-position":"center center","background-size":"auto","background-attachment":"scroll","background-type":"","background-media":"","overlay-type":"","overlay-color":"","overlay-opacity":"","overlay-gradient":""},"mobile":{"background-color":"","background-image":"","background-repeat":"repeat","background-position":"center center","background-size":"auto","background-attachment":"scroll","background-type":"","background-media":"","overlay-type":"","overlay-color":"","overlay-opacity":"","overlay-gradient":""}},"ast-content-background-meta":{"desktop":{"background-color":"var(--ast-global-color-5)","background-image":"","background-repeat":"repeat","background-position":"center center","background-size":"auto","background-attachment":"scroll","background-type":"","background-media":"","overlay-type":"","overlay-color":"","overlay-opacity":"","overlay-gradient":""},"tablet":{"background-color":"var(--ast-global-color-5)","background-image":"","background-repeat":"repeat","background-position":"center center","background-size":"auto","background-attachment":"scroll","background-type":"","background-media":"","overlay-type":"","overlay-color":"","overlay-opacity":"","overlay-gradient":""},"mobile":{"background-color":"var(--ast-global-color-5)","background-image":"","background-repeat":"repeat","background-position":"center center","background-size":"auto","background-attachment":"scroll","background-type":"","background-media":"","overlay-type":"","overlay-color":"","overlay-opacity":"","overlay-gradient":""}}},"product_brand":[],"product_cat":[207],"product_tag":[],"class_list":{"0":"post-18339","1":"product","2":"type-product","3":"status-publish","4":"has-post-thumbnail","6":"product_cat-indonesia","7":"desktop-align-left","8":"tablet-align-left","9":"mobile-align-left","11":"first","12":"instock","13":"sale","14":"shipping-taxable","15":"purchasable","16":"product-type-simple","17":"add-to-wishlist-before_image"},"_links":{"self":[{"href":"https:\/\/colligatum.com\/en\/wp-json\/wp\/v2\/product\/18339","targetHints":{"allow":["GET"]}}],"collection":[{"href":"https:\/\/colligatum.com\/en\/wp-json\/wp\/v2\/product"}],"about":[{"href":"https:\/\/colligatum.com\/en\/wp-json\/wp\/v2\/types\/product"}],"version-history":[{"count":1,"href":"https:\/\/colligatum.com\/en\/wp-json\/wp\/v2\/product\/18339\/revisions"}],"predecessor-version":[{"id":18340,"href":"https:\/\/colligatum.com\/en\/wp-json\/wp\/v2\/product\/18339\/revisions\/18340"}],"wp:featuredmedia":[{"embeddable":true,"href":"https:\/\/colligatum.com\/en\/wp-json\/wp\/v2\/media\/18286"}],"wp:attachment":[{"href":"https:\/\/colligatum.com\/en\/wp-json\/wp\/v2\/media?parent=18339"}],"wp:term":[{"taxonomy":"product_brand","embeddable":true,"href":"https:\/\/colligatum.com\/en\/wp-json\/wp\/v2\/product_brand?post=18339"},{"taxonomy":"product_cat","embeddable":true,"href":"https:\/\/colligatum.com\/en\/wp-json\/wp\/v2\/product_cat?post=18339"},{"taxonomy":"product_tag","embeddable":true,"href":"https:\/\/colligatum.com\/en\/wp-json\/wp\/v2\/product_tag?post=18339"}],"curies":[{"name":"wp","href":"https:\/\/api.w.org\/{rel}","templated":true}]}}