{"id":18424,"date":"2025-08-07T07:50:36","date_gmt":"2025-08-07T05:50:36","guid":{"rendered":"https:\/\/colligatum.com\/?post_type=product&#038;p=18424"},"modified":"2025-08-07T07:50:36","modified_gmt":"2025-08-07T05:50:36","slug":"jockey-club-100s","status":"publish","type":"product","link":"https:\/\/colligatum.com\/en\/product\/jockey-club-100s\/","title":{"rendered":"Jockey Club 100&#039;s"},"content":{"rendered":"<p data-start=\"272\" data-end=\"842\"><strong data-start=\"272\" data-end=\"286\">Description:<\/strong><br data-start=\"286\" data-end=\"289\" \/>Tai ry\u0161kiai raudonas \u201eJockey Club 100\u2019s\u201c cigare\u010di\u0173 pakelis su klasikiniu logotipu \u2013 jojiko \u0161almu baltame ovale. \u0160is leidimas skirtas i\u0161skirtinai Duty Free (naudoti laivuose, oro uostuose ir pan.), k\u0105 liudija vir\u0161uje esantis u\u017era\u0161as \u201ePara consumo a bordo. Prohibido su uso en la Rep\u00fablica Argentina\u201c (liet. \u201eSkirta vartoti laive. Draud\u017eiama naudoti Argentinos Respublikoje\u201c). Pakelis yra mink\u0161tas, neaptrauktas apsaugine pl\u0117vele, su matomais naudojimo \u017eenklais ir deformacijomis. Tai gana retas variantas, ypa\u010d tod\u0117l, kad buvo skirtas ribotam platinimui.<\/p>\n<p data-start=\"844\" data-end=\"867\"><strong data-start=\"844\" data-end=\"867\">Value assessment:<\/strong><\/p>\n<ul data-start=\"869\" data-end=\"1429\">\n<li data-start=\"869\" data-end=\"1075\">\n<p data-start=\"871\" data-end=\"1075\"><strong data-start=\"871\" data-end=\"891\">Collectible value:<\/strong> Auk\u0161tesn\u0117 nei standartini\u0173 leidim\u0173, nes tai Duty Free variantas, nepatek\u0119s \u012f masin\u0119 Argentinos rink\u0105. Patrauklus kolekcininkams, ie\u0161kantiems ret\u0173 leidim\u0173 ar specifini\u0173 rink\u0173 produkt\u0173.<\/p>\n<\/li>\n<li data-start=\"1076\" data-end=\"1198\">\n<p data-start=\"1078\" data-end=\"1198\"><strong data-start=\"1078\" data-end=\"1100\">Condition assessment:<\/strong> Atidarytas arba pa\u017eeistas, su deformacijomis, be apsaugin\u0117s pl\u0117vel\u0117s. B\u016bkl\u0117 vidutin\u0117\u2013patenkinama.<\/p>\n<\/li>\n<li data-start=\"1199\" data-end=\"1429\">\n<p data-start=\"1201\" data-end=\"1429\"><strong data-start=\"1201\" data-end=\"1241\">Historical data and popularity:<\/strong> \u0160is \u201eJockey Club\u201c leidimas tik\u0117tina buvo naudojamas kruiziniuose laivuose, oro uostuose ar pasienio parduotuv\u0117se. Toks \u017eenklinimas rodo, kad jis buvo nelegaliai platinamas vidaus rinkoje.<\/p>\n<\/li>\n<\/ul>","protected":false},"excerpt":{"rendered":"<p data-start=\"54\" data-end=\"127\"><strong data-start=\"54\" data-end=\"88\">Brand and name:<\/strong> Jockey Club 100\u2019s (Duty Free leidimas)<\/p>\n<p data-start=\"129\" data-end=\"152\"><strong data-start=\"129\" data-end=\"139\">Size:<\/strong> 20 cigarettes<\/p>\n<p data-start=\"154\" data-end=\"182\"><strong data-start=\"154\" data-end=\"172\">Country of manufacture:<\/strong> Argentina<\/p>\n<p data-start=\"184\" data-end=\"233\"><strong data-start=\"184\" data-end=\"208\">Production period:<\/strong> Approximately 1990-2000.<\/p>\n<p data-start=\"235\" data-end=\"270\"><strong data-start=\"235\" data-end=\"253\">Package type:<\/strong> Soft pack<\/p>","protected":false},"featured_media":18371,"template":"","meta":{"_surecart_dashboard_logo_width":"180px","_surecart_dashboard_show_logo":true,"_surecart_dashboard_navigation_orders":true,"_surecart_dashboard_navigation_invoices":true,"_surecart_dashboard_navigation_subscriptions":true,"_surecart_dashboard_navigation_downloads":true,"_surecart_dashboard_navigation_billing":true,"_surecart_dashboard_navigation_account":true,"site-sidebar-layout":"default","site-content-layout":"","ast-site-content-layout":"default","site-content-style":"default","site-sidebar-style":"default","ast-global-header-display":"","ast-banner-title-visibility":"","ast-main-header-display":"","ast-hfb-above-header-display":"","ast-hfb-below-header-display":"","ast-hfb-mobile-header-display":"","site-post-title":"","ast-breadcrumbs-content":"","ast-featured-img":"","footer-sml-layout":"","theme-transparent-header-meta":"default","adv-header-id-meta":"","stick-header-meta":"","header-above-stick-meta":"","header-main-stick-meta":"","header-below-stick-meta":"","astra-migrate-meta-layouts":"set","ast-page-background-enabled":"default","ast-page-background-meta":{"desktop":{"background-color":"","background-image":"","background-repeat":"repeat","background-position":"center center","background-size":"auto","background-attachment":"scroll","background-type":"","background-media":"","overlay-type":"","overlay-color":"","overlay-opacity":"","overlay-gradient":""},"tablet":{"background-color":"","background-image":"","background-repeat":"repeat","background-position":"center center","background-size":"auto","background-attachment":"scroll","background-type":"","background-media":"","overlay-type":"","overlay-color":"","overlay-opacity":"","overlay-gradient":""},"mobile":{"background-color":"","background-image":"","background-repeat":"repeat","background-position":"center center","background-size":"auto","background-attachment":"scroll","background-type":"","background-media":"","overlay-type":"","overlay-color":"","overlay-opacity":"","overlay-gradient":""}},"ast-content-background-meta":{"desktop":{"background-color":"var(--ast-global-color-5)","background-image":"","background-repeat":"repeat","background-position":"center center","background-size":"auto","background-attachment":"scroll","background-type":"","background-media":"","overlay-type":"","overlay-color":"","overlay-opacity":"","overlay-gradient":""},"tablet":{"background-color":"var(--ast-global-color-5)","background-image":"","background-repeat":"repeat","background-position":"center center","background-size":"auto","background-attachment":"scroll","background-type":"","background-media":"","overlay-type":"","overlay-color":"","overlay-opacity":"","overlay-gradient":""},"mobile":{"background-color":"var(--ast-global-color-5)","background-image":"","background-repeat":"repeat","background-position":"center center","background-size":"auto","background-attachment":"scroll","background-type":"","background-media":"","overlay-type":"","overlay-color":"","overlay-opacity":"","overlay-gradient":""}}},"product_brand":[],"product_cat":[227],"product_tag":[],"class_list":{"0":"post-18424","1":"product","2":"type-product","3":"status-publish","4":"has-post-thumbnail","6":"product_cat-argentina","7":"desktop-align-left","8":"tablet-align-left","9":"mobile-align-left","11":"first","12":"instock","13":"sale","14":"shipping-taxable","15":"purchasable","16":"product-type-simple","17":"add-to-wishlist-before_image"},"_links":{"self":[{"href":"https:\/\/colligatum.com\/en\/wp-json\/wp\/v2\/product\/18424","targetHints":{"allow":["GET"]}}],"collection":[{"href":"https:\/\/colligatum.com\/en\/wp-json\/wp\/v2\/product"}],"about":[{"href":"https:\/\/colligatum.com\/en\/wp-json\/wp\/v2\/types\/product"}],"version-history":[{"count":1,"href":"https:\/\/colligatum.com\/en\/wp-json\/wp\/v2\/product\/18424\/revisions"}],"predecessor-version":[{"id":18425,"href":"https:\/\/colligatum.com\/en\/wp-json\/wp\/v2\/product\/18424\/revisions\/18425"}],"wp:featuredmedia":[{"embeddable":true,"href":"https:\/\/colligatum.com\/en\/wp-json\/wp\/v2\/media\/18371"}],"wp:attachment":[{"href":"https:\/\/colligatum.com\/en\/wp-json\/wp\/v2\/media?parent=18424"}],"wp:term":[{"taxonomy":"product_brand","embeddable":true,"href":"https:\/\/colligatum.com\/en\/wp-json\/wp\/v2\/product_brand?post=18424"},{"taxonomy":"product_cat","embeddable":true,"href":"https:\/\/colligatum.com\/en\/wp-json\/wp\/v2\/product_cat?post=18424"},{"taxonomy":"product_tag","embeddable":true,"href":"https:\/\/colligatum.com\/en\/wp-json\/wp\/v2\/product_tag?post=18424"}],"curies":[{"name":"wp","href":"https:\/\/api.w.org\/{rel}","templated":true}]}}