{"id":18428,"date":"2025-08-07T07:53:59","date_gmt":"2025-08-07T05:53:59","guid":{"rendered":"https:\/\/colligatum.com\/?post_type=product&#038;p=18428"},"modified":"2025-08-07T09:58:21","modified_gmt":"2025-08-07T07:58:21","slug":"le-mans-suaves-100s","status":"publish","type":"product","link":"https:\/\/colligatum.com\/en\/product\/le-mans-suaves-100s\/","title":{"rendered":"Le Mans Suaves 100&#039;s"},"content":{"rendered":"<p data-start=\"251\" data-end=\"764\"><strong data-start=\"251\" data-end=\"265\">Description:<\/strong><br data-start=\"265\" data-end=\"268\" \/>\u0160viesiai m\u0117lynos spalvos \u201eLe Mans Suaves 100\u2019s\u201c cigare\u010di\u0173 pakelis i\u0161siskiria gaiviu ir \u0161variu dizainu, skirtu \u0161velnaus skonio (suaves) cigaret\u0117ms. Ant pakuot\u0117s dominuoja stilizuotas baltas simbolis ir sidabrinis herbas su inicialais \u201eK\u201c. \u0160onin\u0117se pus\u0117se pateikti ispan\u0173 kalba \u012fsp\u0117jimai apie \u017eal\u0105 sveikatai, taip pat pa\u017eym\u0117ta, kad gaminys skirtas tik suaugusiems (\u201eSolo para adultos\u201c). Vir\u0161utin\u0117je dalyje ai\u0161kiai matomas Argentinos akcizo lipdukas. Tai pakelis, skirtas vietinei Argentinos rinkai.<\/p>\n<p data-start=\"766\" data-end=\"789\"><strong data-start=\"766\" data-end=\"789\">Value assessment:<\/strong><\/p>\n<ul data-start=\"791\" data-end=\"1331\">\n<li data-start=\"791\" data-end=\"984\">\n<p data-start=\"793\" data-end=\"984\"><strong data-start=\"793\" data-end=\"813\">Collectible value:<\/strong> Vidutin\u0117. Tai gana \u012fprastas \u0161iuolaikinis leidimas, ta\u010diau d\u0117l nedidelio \u017einomumo u\u017e Argentinos rib\u0173 jis gali b\u016bti \u012fdomus kolekcininkams, kaupiantiems regionines pakuotes.<\/p>\n<\/li>\n<li data-start=\"985\" data-end=\"1083\">\n<p data-start=\"987\" data-end=\"1083\"><strong data-start=\"987\" data-end=\"1009\">Condition assessment:<\/strong> Neatidarytas, puikios b\u016bkl\u0117s su pilna apsaugine pl\u0117vele ir akcizo \u017eenklu.<\/p>\n<\/li>\n<li data-start=\"1084\" data-end=\"1331\">\n<p data-start=\"1086\" data-end=\"1331\"><strong data-start=\"1086\" data-end=\"1126\">Historical data and popularity:<\/strong> \u201eLe Mans\u201c yra viena i\u0161 ma\u017eesni\u0173 Argentinos rinkoje paplitusi\u0173 cigare\u010di\u0173 r\u016b\u0161i\u0173, neturinti pla\u010dios tarptautin\u0117s sklaidos. D\u0117l to pakelis n\u0117ra pla\u010diai ie\u0161komas, bet \u012fgyja vert\u0117s tarp regionini\u0173 kolekcinink\u0173.<\/p>\n<\/li>\n<\/ul>","protected":false},"excerpt":{"rendered":"<p data-start=\"54\" data-end=\"109\"><strong data-start=\"54\" data-end=\"88\">Brand and name:<\/strong> Le Mans Suaves 100&#039;s<\/p>\n<p data-start=\"111\" data-end=\"134\"><strong data-start=\"111\" data-end=\"121\">Size:<\/strong> 20 cigarettes<\/p>\n<p data-start=\"136\" data-end=\"164\"><strong data-start=\"136\" data-end=\"154\">Country of manufacture:<\/strong> Argentina<\/p>\n<p data-start=\"166\" data-end=\"212\"><strong data-start=\"166\" data-end=\"190\">Production period:<\/strong> Modern edition<\/p>\n<p data-start=\"214\" data-end=\"249\"><strong data-start=\"214\" data-end=\"232\">Package type:<\/strong> Soft pack<\/p>","protected":false},"featured_media":18377,"template":"","meta":{"_surecart_dashboard_logo_width":"180px","_surecart_dashboard_show_logo":true,"_surecart_dashboard_navigation_orders":true,"_surecart_dashboard_navigation_invoices":true,"_surecart_dashboard_navigation_subscriptions":true,"_surecart_dashboard_navigation_downloads":true,"_surecart_dashboard_navigation_billing":true,"_surecart_dashboard_navigation_account":true,"site-sidebar-layout":"default","site-content-layout":"","ast-site-content-layout":"default","site-content-style":"default","site-sidebar-style":"default","ast-global-header-display":"","ast-banner-title-visibility":"","ast-main-header-display":"","ast-hfb-above-header-display":"","ast-hfb-below-header-display":"","ast-hfb-mobile-header-display":"","site-post-title":"","ast-breadcrumbs-content":"","ast-featured-img":"","footer-sml-layout":"","theme-transparent-header-meta":"default","adv-header-id-meta":"","stick-header-meta":"","header-above-stick-meta":"","header-main-stick-meta":"","header-below-stick-meta":"","astra-migrate-meta-layouts":"set","ast-page-background-enabled":"default","ast-page-background-meta":{"desktop":{"background-color":"","background-image":"","background-repeat":"repeat","background-position":"center center","background-size":"auto","background-attachment":"scroll","background-type":"","background-media":"","overlay-type":"","overlay-color":"","overlay-opacity":"","overlay-gradient":""},"tablet":{"background-color":"","background-image":"","background-repeat":"repeat","background-position":"center center","background-size":"auto","background-attachment":"scroll","background-type":"","background-media":"","overlay-type":"","overlay-color":"","overlay-opacity":"","overlay-gradient":""},"mobile":{"background-color":"","background-image":"","background-repeat":"repeat","background-position":"center center","background-size":"auto","background-attachment":"scroll","background-type":"","background-media":"","overlay-type":"","overlay-color":"","overlay-opacity":"","overlay-gradient":""}},"ast-content-background-meta":{"desktop":{"background-color":"var(--ast-global-color-5)","background-image":"","background-repeat":"repeat","background-position":"center center","background-size":"auto","background-attachment":"scroll","background-type":"","background-media":"","overlay-type":"","overlay-color":"","overlay-opacity":"","overlay-gradient":""},"tablet":{"background-color":"var(--ast-global-color-5)","background-image":"","background-repeat":"repeat","background-position":"center center","background-size":"auto","background-attachment":"scroll","background-type":"","background-media":"","overlay-type":"","overlay-color":"","overlay-opacity":"","overlay-gradient":""},"mobile":{"background-color":"var(--ast-global-color-5)","background-image":"","background-repeat":"repeat","background-position":"center center","background-size":"auto","background-attachment":"scroll","background-type":"","background-media":"","overlay-type":"","overlay-color":"","overlay-opacity":"","overlay-gradient":""}}},"product_brand":[],"product_cat":[227],"product_tag":[],"class_list":{"0":"post-18428","1":"product","2":"type-product","3":"status-publish","4":"has-post-thumbnail","6":"product_cat-argentina","7":"desktop-align-left","8":"tablet-align-left","9":"mobile-align-left","11":"first","12":"instock","13":"sale","14":"shipping-taxable","15":"purchasable","16":"product-type-simple","17":"add-to-wishlist-before_image"},"_links":{"self":[{"href":"https:\/\/colligatum.com\/en\/wp-json\/wp\/v2\/product\/18428","targetHints":{"allow":["GET"]}}],"collection":[{"href":"https:\/\/colligatum.com\/en\/wp-json\/wp\/v2\/product"}],"about":[{"href":"https:\/\/colligatum.com\/en\/wp-json\/wp\/v2\/types\/product"}],"version-history":[{"count":1,"href":"https:\/\/colligatum.com\/en\/wp-json\/wp\/v2\/product\/18428\/revisions"}],"predecessor-version":[{"id":18429,"href":"https:\/\/colligatum.com\/en\/wp-json\/wp\/v2\/product\/18428\/revisions\/18429"}],"wp:featuredmedia":[{"embeddable":true,"href":"https:\/\/colligatum.com\/en\/wp-json\/wp\/v2\/media\/18377"}],"wp:attachment":[{"href":"https:\/\/colligatum.com\/en\/wp-json\/wp\/v2\/media?parent=18428"}],"wp:term":[{"taxonomy":"product_brand","embeddable":true,"href":"https:\/\/colligatum.com\/en\/wp-json\/wp\/v2\/product_brand?post=18428"},{"taxonomy":"product_cat","embeddable":true,"href":"https:\/\/colligatum.com\/en\/wp-json\/wp\/v2\/product_cat?post=18428"},{"taxonomy":"product_tag","embeddable":true,"href":"https:\/\/colligatum.com\/en\/wp-json\/wp\/v2\/product_tag?post=18428"}],"curies":[{"name":"wp","href":"https:\/\/api.w.org\/{rel}","templated":true}]}}