{"id":18442,"date":"2025-08-07T09:55:48","date_gmt":"2025-08-07T07:55:48","guid":{"rendered":"https:\/\/colligatum.com\/?post_type=product&#038;p=18442"},"modified":"2026-04-14T06:24:14","modified_gmt":"2026-04-14T04:24:14","slug":"benson-hedges-100s","status":"publish","type":"product","link":"https:\/\/colligatum.com\/en\/product\/benson-hedges-100s\/","title":{"rendered":"Benson &amp; Hedges 100&#039;s"},"content":{"rendered":"<p data-start=\"295\" data-end=\"874\"><strong data-start=\"295\" data-end=\"309\">Description:<\/strong><br data-start=\"309\" data-end=\"312\" \/>\u0160is Benson &amp; Hedges 100\u2019s cigare\u010di\u0173 pakelis i\u0161 Argentinos pasi\u017eymi aukso spalvos fonu su subtiliu tekst\u016briniu dizainu, kuris primena vertikalius br\u016bk\u0161nelius ir fonin\u012f ra\u0161t\u0105. Vir\u0161utin\u0117je dalyje i\u0161lik\u0119s originalus herbas ir raudonos spalvos akcentai. Pakelio apa\u010dioje pa\u017eym\u0117ta \u201e20 CIGARRILLOS RUBIOS \u2013 INDUSTRIA ARGENTINA\u201c. Ant vir\u0161aus u\u017eklijuotas Argentinos akcizo \u017eenklas su u\u017era\u0161u \u201eIMP. INT. LEY 24.674\u201c, patvirtinantis oficial\u0173 importo mokest\u012f. \u0160oninis \u012fsp\u0117jimas \u201eSOLO PARA ADULTOS\u201c bei informacija ispan\u0173 kalba nurodo, kad tai pakelis skirtas vietinei rinkai.<\/p>\n<hr data-start=\"876\" data-end=\"879\" \/>\n<p data-start=\"881\" data-end=\"904\"><strong data-start=\"881\" data-end=\"904\">Value assessment:<\/strong><\/p>\n<ul data-start=\"906\" data-end=\"1538\">\n<li data-start=\"906\" data-end=\"1133\">\n<p data-start=\"908\" data-end=\"1133\"><strong data-start=\"908\" data-end=\"928\">Collectible value:<\/strong> Vidutin\u0117. Benson &amp; Hedges yra tarptautiniu mastu \u017einomas prek\u0117s \u017eenklas, o 100 mm versija ir specifinis geografinis leidimas i\u0161 Argentinos gali b\u016bti vertingas kolekcininkams, renkantiesiems pagal region\u0105.<\/p>\n<\/li>\n<li data-start=\"1135\" data-end=\"1271\">\n<p data-start=\"1137\" data-end=\"1271\"><strong data-start=\"1137\" data-end=\"1159\">Condition assessment:<\/strong> Neatidarytas, labai gera b\u016bkl\u0117 \u2013 originali pl\u0117vel\u0117 nepa\u017eeista, pakelis tvarkingas, ne\u017eym\u016bs pavir\u0161iaus d\u0117meliai.<\/p>\n<\/li>\n<li data-start=\"1273\" data-end=\"1538\">\n<p data-start=\"1275\" data-end=\"1538\"><strong data-start=\"1275\" data-end=\"1315\">Historical data and popularity:<\/strong> Benson &amp; Hedges buvo laikomi \u201epremium\u201c segmentui priklausan\u010diu preki\u0173 \u017eenklu daugelyje rink\u0173. Nors Argentinos leidimas n\u0117ra pla\u010diai paplit\u0119s, jis atspindi laikotarp\u012f, kai \u0161is prek\u0117s \u017eenklas buvo platinamas Piet\u0173 Amerikoje.<\/p>\n<\/li>\n<\/ul>","protected":false},"excerpt":{"rendered":"<p data-start=\"96\" data-end=\"152\"><strong data-start=\"96\" data-end=\"130\">Brand and name:<\/strong> Benson &amp; Hedges 100&#039;s<\/p>\n<p data-start=\"154\" data-end=\"177\"><strong data-start=\"154\" data-end=\"164\">Size:<\/strong> 20 cigarettes<\/p>\n<p data-start=\"179\" data-end=\"207\"><strong data-start=\"179\" data-end=\"197\">Country of manufacture:<\/strong> Argentina<\/p>\n<p data-start=\"209\" data-end=\"258\"><strong data-start=\"209\" data-end=\"233\">Production period:<\/strong> Approximately 2000-2010.<\/p>\n<p data-start=\"260\" data-end=\"293\"><strong data-start=\"260\" data-end=\"278\">Package type:<\/strong> Hard pack<\/p>","protected":false},"featured_media":18389,"template":"","meta":{"_surecart_dashboard_logo_width":"180px","_surecart_dashboard_show_logo":true,"_surecart_dashboard_navigation_orders":true,"_surecart_dashboard_navigation_invoices":true,"_surecart_dashboard_navigation_subscriptions":true,"_surecart_dashboard_navigation_downloads":true,"_surecart_dashboard_navigation_billing":true,"_surecart_dashboard_navigation_account":true,"site-sidebar-layout":"default","site-content-layout":"","ast-site-content-layout":"default","site-content-style":"default","site-sidebar-style":"default","ast-global-header-display":"","ast-banner-title-visibility":"","ast-main-header-display":"","ast-hfb-above-header-display":"","ast-hfb-below-header-display":"","ast-hfb-mobile-header-display":"","site-post-title":"","ast-breadcrumbs-content":"","ast-featured-img":"","footer-sml-layout":"","theme-transparent-header-meta":"default","adv-header-id-meta":"","stick-header-meta":"","header-above-stick-meta":"","header-main-stick-meta":"","header-below-stick-meta":"","astra-migrate-meta-layouts":"set","ast-page-background-enabled":"default","ast-page-background-meta":{"desktop":{"background-color":"","background-image":"","background-repeat":"repeat","background-position":"center center","background-size":"auto","background-attachment":"scroll","background-type":"","background-media":"","overlay-type":"","overlay-color":"","overlay-opacity":"","overlay-gradient":""},"tablet":{"background-color":"","background-image":"","background-repeat":"repeat","background-position":"center center","background-size":"auto","background-attachment":"scroll","background-type":"","background-media":"","overlay-type":"","overlay-color":"","overlay-opacity":"","overlay-gradient":""},"mobile":{"background-color":"","background-image":"","background-repeat":"repeat","background-position":"center center","background-size":"auto","background-attachment":"scroll","background-type":"","background-media":"","overlay-type":"","overlay-color":"","overlay-opacity":"","overlay-gradient":""}},"ast-content-background-meta":{"desktop":{"background-color":"var(--ast-global-color-5)","background-image":"","background-repeat":"repeat","background-position":"center center","background-size":"auto","background-attachment":"scroll","background-type":"","background-media":"","overlay-type":"","overlay-color":"","overlay-opacity":"","overlay-gradient":""},"tablet":{"background-color":"var(--ast-global-color-5)","background-image":"","background-repeat":"repeat","background-position":"center center","background-size":"auto","background-attachment":"scroll","background-type":"","background-media":"","overlay-type":"","overlay-color":"","overlay-opacity":"","overlay-gradient":""},"mobile":{"background-color":"var(--ast-global-color-5)","background-image":"","background-repeat":"repeat","background-position":"center center","background-size":"auto","background-attachment":"scroll","background-type":"","background-media":"","overlay-type":"","overlay-color":"","overlay-opacity":"","overlay-gradient":""}}},"product_brand":[],"product_cat":[227],"product_tag":[],"class_list":{"0":"post-18442","1":"product","2":"type-product","3":"status-publish","4":"has-post-thumbnail","6":"product_cat-argentina","7":"desktop-align-left","8":"tablet-align-left","9":"mobile-align-left","11":"first","12":"instock","13":"sale","14":"shipping-taxable","15":"purchasable","16":"product-type-simple","17":"add-to-wishlist-before_image"},"_links":{"self":[{"href":"https:\/\/colligatum.com\/en\/wp-json\/wp\/v2\/product\/18442","targetHints":{"allow":["GET"]}}],"collection":[{"href":"https:\/\/colligatum.com\/en\/wp-json\/wp\/v2\/product"}],"about":[{"href":"https:\/\/colligatum.com\/en\/wp-json\/wp\/v2\/types\/product"}],"version-history":[{"count":1,"href":"https:\/\/colligatum.com\/en\/wp-json\/wp\/v2\/product\/18442\/revisions"}],"predecessor-version":[{"id":18443,"href":"https:\/\/colligatum.com\/en\/wp-json\/wp\/v2\/product\/18442\/revisions\/18443"}],"wp:featuredmedia":[{"embeddable":true,"href":"https:\/\/colligatum.com\/en\/wp-json\/wp\/v2\/media\/18389"}],"wp:attachment":[{"href":"https:\/\/colligatum.com\/en\/wp-json\/wp\/v2\/media?parent=18442"}],"wp:term":[{"taxonomy":"product_brand","embeddable":true,"href":"https:\/\/colligatum.com\/en\/wp-json\/wp\/v2\/product_brand?post=18442"},{"taxonomy":"product_cat","embeddable":true,"href":"https:\/\/colligatum.com\/en\/wp-json\/wp\/v2\/product_cat?post=18442"},{"taxonomy":"product_tag","embeddable":true,"href":"https:\/\/colligatum.com\/en\/wp-json\/wp\/v2\/product_tag?post=18442"}],"curies":[{"name":"wp","href":"https:\/\/api.w.org\/{rel}","templated":true}]}}