{"id":18444,"date":"2025-08-07T10:02:53","date_gmt":"2025-08-07T08:02:53","guid":{"rendered":"https:\/\/colligatum.com\/?post_type=product&#038;p=18444"},"modified":"2025-08-07T10:02:53","modified_gmt":"2025-08-07T08:02:53","slug":"jockey-clasico-100s","status":"publish","type":"product","link":"https:\/\/colligatum.com\/en\/product\/jockey-clasico-100s\/","title":{"rendered":"Jockey Classic 100&#039;s"},"content":{"rendered":"<p data-start=\"294\" data-end=\"929\"><strong data-start=\"294\" data-end=\"308\">Description:<\/strong><br data-start=\"308\" data-end=\"311\" \/>Jockey Cl\u00e1sico 100\u2019s cigare\u010di\u0173 pakelis i\u0161siskiria ry\u0161kiai raudonu fonu, minimalistiniu dizainu ir preki\u0173 \u017eenklui b\u016bdingu logotipu \u2013 stilizuotu jojiko \u0161almu. Pakelio priekyje nurodyta \u201e100\u2019s\u201c ir \u201eCL\u00c1SICO\u201c, o apa\u010dioje u\u017era\u0161yta \u201e20 CIGARRILLOS RUBIOS\u201c. Ant pakelio vir\u0161aus i\u0161lik\u0119s originalus argentini\u0161kas akcizo \u017eenklas su \u012fra\u0161u \u201eIMP. INT. LEY 24.674\u201c arba \u201eC\u00f3digo N\u00ba 4\u201c, rodantis importo mokes\u010dio registracij\u0105. \u0160oninis u\u017era\u0161as \u201eSOLO PARA ADULTOS\u201c nurodo, kad produktas skirtas tik suaugusiems. Pakelis skirtas ispanakalbiams vartotojams, o \u201eJockey Club\u201c \u012fra\u0161as ant \u0161onin\u0117s briaunos patvirtina vietin\u012f prekin\u012f sub\u017eenkl\u012f.<\/p>\n<hr data-start=\"931\" data-end=\"934\" \/>\n<p data-start=\"936\" data-end=\"959\"><strong data-start=\"936\" data-end=\"959\">Value assessment:<\/strong><\/p>\n<ul data-start=\"961\" data-end=\"1601\">\n<li data-start=\"961\" data-end=\"1274\">\n<p data-start=\"963\" data-end=\"1274\"><strong data-start=\"963\" data-end=\"983\">Collectible value:<\/strong> \u017dema \u2013 vidutin\u0117. Nors tai vienas i\u0161 Argentinos vidaus rinkai \u017einom\u0173 prek\u0117s \u017eenkl\u0173, Jockey neturi didel\u0117s kolekcin\u0117s vert\u0117s tarptautin\u0117je rinkoje. Ta\u010diau d\u0117l autenti\u0161kos kilm\u0117s ir nepa\u017eeistos b\u016bkl\u0117s pakelis gali b\u016bti \u012fdomus ni\u0161iniams kolekcininkams, besidomintiems Piet\u0173 Amerikos produkcija.<\/p>\n<\/li>\n<li data-start=\"1276\" data-end=\"1385\">\n<p data-start=\"1278\" data-end=\"1385\"><strong data-start=\"1278\" data-end=\"1300\">Condition assessment:<\/strong> Neatidarytas, labai gera b\u016bkl\u0117 \u2013 pl\u0117vel\u0117 nepa\u017eeista, pavir\u0161ius be \u012fbr\u0117\u017eim\u0173 ar d\u0117mi\u0173.<\/p>\n<\/li>\n<li data-start=\"1387\" data-end=\"1601\">\n<p data-start=\"1389\" data-end=\"1601\"><strong data-start=\"1389\" data-end=\"1429\">Historical data and popularity:<\/strong> Jockey yra regioninis Argentinos cigare\u010di\u0173 prekinis \u017eenklas, ilg\u0105 laik\u0105 gamintas vietos rinkai. Nors jis n\u0117ra tarptautinis, \u0161alyje tur\u0117jo stabil\u0173 pirk\u0117j\u0173 rat\u0105 ir \u017einomum\u0105.<\/p>\n<\/li>\n<\/ul>","protected":false},"excerpt":{"rendered":"<p data-start=\"96\" data-end=\"151\"><strong data-start=\"96\" data-end=\"130\">Brand and name:<\/strong> Jockey Classic 100&#039;s<\/p>\n<p data-start=\"153\" data-end=\"176\"><strong data-start=\"153\" data-end=\"163\">Size:<\/strong> 20 cigarettes<\/p>\n<p data-start=\"178\" data-end=\"206\"><strong data-start=\"178\" data-end=\"196\">Country of manufacture:<\/strong> Argentina<\/p>\n<p data-start=\"208\" data-end=\"257\"><strong data-start=\"208\" data-end=\"232\">Production period:<\/strong> Approximately 2000-2010.<\/p>\n<p data-start=\"259\" data-end=\"292\"><strong data-start=\"259\" data-end=\"277\">Package type:<\/strong> Hard pack<\/p>","protected":false},"featured_media":18375,"template":"","meta":{"_surecart_dashboard_logo_width":"180px","_surecart_dashboard_show_logo":true,"_surecart_dashboard_navigation_orders":true,"_surecart_dashboard_navigation_invoices":true,"_surecart_dashboard_navigation_subscriptions":true,"_surecart_dashboard_navigation_downloads":true,"_surecart_dashboard_navigation_billing":true,"_surecart_dashboard_navigation_account":true,"site-sidebar-layout":"default","site-content-layout":"","ast-site-content-layout":"default","site-content-style":"default","site-sidebar-style":"default","ast-global-header-display":"","ast-banner-title-visibility":"","ast-main-header-display":"","ast-hfb-above-header-display":"","ast-hfb-below-header-display":"","ast-hfb-mobile-header-display":"","site-post-title":"","ast-breadcrumbs-content":"","ast-featured-img":"","footer-sml-layout":"","theme-transparent-header-meta":"default","adv-header-id-meta":"","stick-header-meta":"","header-above-stick-meta":"","header-main-stick-meta":"","header-below-stick-meta":"","astra-migrate-meta-layouts":"set","ast-page-background-enabled":"default","ast-page-background-meta":{"desktop":{"background-color":"","background-image":"","background-repeat":"repeat","background-position":"center center","background-size":"auto","background-attachment":"scroll","background-type":"","background-media":"","overlay-type":"","overlay-color":"","overlay-opacity":"","overlay-gradient":""},"tablet":{"background-color":"","background-image":"","background-repeat":"repeat","background-position":"center center","background-size":"auto","background-attachment":"scroll","background-type":"","background-media":"","overlay-type":"","overlay-color":"","overlay-opacity":"","overlay-gradient":""},"mobile":{"background-color":"","background-image":"","background-repeat":"repeat","background-position":"center center","background-size":"auto","background-attachment":"scroll","background-type":"","background-media":"","overlay-type":"","overlay-color":"","overlay-opacity":"","overlay-gradient":""}},"ast-content-background-meta":{"desktop":{"background-color":"var(--ast-global-color-5)","background-image":"","background-repeat":"repeat","background-position":"center center","background-size":"auto","background-attachment":"scroll","background-type":"","background-media":"","overlay-type":"","overlay-color":"","overlay-opacity":"","overlay-gradient":""},"tablet":{"background-color":"var(--ast-global-color-5)","background-image":"","background-repeat":"repeat","background-position":"center center","background-size":"auto","background-attachment":"scroll","background-type":"","background-media":"","overlay-type":"","overlay-color":"","overlay-opacity":"","overlay-gradient":""},"mobile":{"background-color":"var(--ast-global-color-5)","background-image":"","background-repeat":"repeat","background-position":"center center","background-size":"auto","background-attachment":"scroll","background-type":"","background-media":"","overlay-type":"","overlay-color":"","overlay-opacity":"","overlay-gradient":""}}},"product_brand":[],"product_cat":[227],"product_tag":[],"class_list":{"0":"post-18444","1":"product","2":"type-product","3":"status-publish","4":"has-post-thumbnail","6":"product_cat-argentina","7":"desktop-align-left","8":"tablet-align-left","9":"mobile-align-left","11":"first","12":"instock","13":"sale","14":"shipping-taxable","15":"purchasable","16":"product-type-simple","17":"add-to-wishlist-before_image"},"_links":{"self":[{"href":"https:\/\/colligatum.com\/en\/wp-json\/wp\/v2\/product\/18444","targetHints":{"allow":["GET"]}}],"collection":[{"href":"https:\/\/colligatum.com\/en\/wp-json\/wp\/v2\/product"}],"about":[{"href":"https:\/\/colligatum.com\/en\/wp-json\/wp\/v2\/types\/product"}],"version-history":[{"count":1,"href":"https:\/\/colligatum.com\/en\/wp-json\/wp\/v2\/product\/18444\/revisions"}],"predecessor-version":[{"id":18445,"href":"https:\/\/colligatum.com\/en\/wp-json\/wp\/v2\/product\/18444\/revisions\/18445"}],"wp:featuredmedia":[{"embeddable":true,"href":"https:\/\/colligatum.com\/en\/wp-json\/wp\/v2\/media\/18375"}],"wp:attachment":[{"href":"https:\/\/colligatum.com\/en\/wp-json\/wp\/v2\/media?parent=18444"}],"wp:term":[{"taxonomy":"product_brand","embeddable":true,"href":"https:\/\/colligatum.com\/en\/wp-json\/wp\/v2\/product_brand?post=18444"},{"taxonomy":"product_cat","embeddable":true,"href":"https:\/\/colligatum.com\/en\/wp-json\/wp\/v2\/product_cat?post=18444"},{"taxonomy":"product_tag","embeddable":true,"href":"https:\/\/colligatum.com\/en\/wp-json\/wp\/v2\/product_tag?post=18444"}],"curies":[{"name":"wp","href":"https:\/\/api.w.org\/{rel}","templated":true}]}}