{"id":18462,"date":"2025-08-07T10:27:19","date_gmt":"2025-08-07T08:27:19","guid":{"rendered":"https:\/\/colligatum.com\/?post_type=product&#038;p=18462"},"modified":"2025-08-07T10:27:19","modified_gmt":"2025-08-07T08:27:19","slug":"le-mans-100s-suaves","status":"publish","type":"product","link":"https:\/\/colligatum.com\/en\/product\/le-mans-100s-suaves\/","title":{"rendered":"Le Mans 100&#039;s Suaves"},"content":{"rendered":"<p data-start=\"375\" data-end=\"927\"><strong data-start=\"375\" data-end=\"389\">Description:<\/strong><br data-start=\"389\" data-end=\"392\" \/>\u201eLe Mans 100\u2019s Suaves\u201c \u2013 tai Argentinos gamybos cigare\u010di\u0173 pakelis, i\u0161siskiriantis m\u0117lynos ir \u017ealsvos spalv\u0173 deriniu su grafi\u0161kai i\u0161rai\u0161kingu \u201eLe Mans\u201c u\u017era\u0161u ir \u0161viesiu, abstrak\u010diu logotipu. Priekin\u0117je pus\u0117je pa\u017eym\u0117tas \u201eSuaves 100\u2019s\u201c \u2013 tai nurodo \u0161velnesn\u012f skon\u012f ir pailgint\u0105 cigare\u010di\u0173 format\u0105. Viename pakelio variante nurodyta \u201eNuevo pack. Mismo sabor\u201c (\u201eNauja pakuot\u0117. Tas pats skonis\u201c), o tai rodo, kad tai perkurta versija su modernizuotu dizainu. Pakuot\u0117 turi originalius akcizo lipdukus \u2013 vienas su kodu \u201eN\u00ba 9\u201c, kitas \u2013 \u201e64C\u201c.<\/p>\n<p data-start=\"929\" data-end=\"954\"><strong data-start=\"929\" data-end=\"952\">Value assessment:<\/strong><\/p>\n<ul data-start=\"955\" data-end=\"1352\">\n<li data-start=\"955\" data-end=\"1067\">\n<p data-start=\"957\" data-end=\"1067\"><strong data-start=\"957\" data-end=\"977\">Collectible value:<\/strong> \u017dema. Tai yra standartinis komercinis leidimas, be riboto tira\u017eo ar istorin\u0117s reik\u0161m\u0117s.<\/p>\n<\/li>\n<li data-start=\"1068\" data-end=\"1153\">\n<p data-start=\"1070\" data-end=\"1153\"><strong data-start=\"1070\" data-end=\"1092\">Condition assessment:<\/strong> Unopened, in excellent condition, with authentic excise stamp.<\/p>\n<\/li>\n<li data-start=\"1154\" data-end=\"1352\">\n<p data-start=\"1156\" data-end=\"1352\"><strong data-start=\"1156\" data-end=\"1196\">Historical data and popularity:<\/strong> \u201eLe Mans\u201c yra ma\u017eai \u017einomas prekinis \u017eenklas, gaminamas Argentinoje. U\u017e \u0161alies rib\u0173 prakti\u0161kai ne\u017einomas ir neturi stiprios paklausos kolekcinink\u0173 tarpe.<\/p>\n<\/li>\n<\/ul>","protected":false},"excerpt":{"rendered":"<p data-start=\"135\" data-end=\"192\"><strong data-start=\"135\" data-end=\"169\">Brand and name:<\/strong> Le Mans 100&#039;s Suaves<\/p>\n<p data-start=\"194\" data-end=\"219\"><strong data-start=\"194\" data-end=\"204\">Size:<\/strong> 20 cigarettes<\/p>\n<p data-start=\"221\" data-end=\"251\"><strong data-start=\"221\" data-end=\"239\">Country of manufacture:<\/strong> Argentina<\/p>\n<p data-start=\"253\" data-end=\"336\"><strong data-start=\"253\" data-end=\"277\">Production period:<\/strong> Ne\u017einomas (\u0161iuolaikinis leidimas, tik\u0117tina \u2013 po 2010 m.)<\/p>\n<p data-start=\"338\" data-end=\"373\"><strong data-start=\"338\" data-end=\"356\">Package type:<\/strong> Hard pack<\/p>","protected":false},"featured_media":18408,"template":"","meta":{"_surecart_dashboard_logo_width":"180px","_surecart_dashboard_show_logo":true,"_surecart_dashboard_navigation_orders":true,"_surecart_dashboard_navigation_invoices":true,"_surecart_dashboard_navigation_subscriptions":true,"_surecart_dashboard_navigation_downloads":true,"_surecart_dashboard_navigation_billing":true,"_surecart_dashboard_navigation_account":true,"site-sidebar-layout":"default","site-content-layout":"","ast-site-content-layout":"default","site-content-style":"default","site-sidebar-style":"default","ast-global-header-display":"","ast-banner-title-visibility":"","ast-main-header-display":"","ast-hfb-above-header-display":"","ast-hfb-below-header-display":"","ast-hfb-mobile-header-display":"","site-post-title":"","ast-breadcrumbs-content":"","ast-featured-img":"","footer-sml-layout":"","theme-transparent-header-meta":"default","adv-header-id-meta":"","stick-header-meta":"","header-above-stick-meta":"","header-main-stick-meta":"","header-below-stick-meta":"","astra-migrate-meta-layouts":"set","ast-page-background-enabled":"default","ast-page-background-meta":{"desktop":{"background-color":"","background-image":"","background-repeat":"repeat","background-position":"center center","background-size":"auto","background-attachment":"scroll","background-type":"","background-media":"","overlay-type":"","overlay-color":"","overlay-opacity":"","overlay-gradient":""},"tablet":{"background-color":"","background-image":"","background-repeat":"repeat","background-position":"center center","background-size":"auto","background-attachment":"scroll","background-type":"","background-media":"","overlay-type":"","overlay-color":"","overlay-opacity":"","overlay-gradient":""},"mobile":{"background-color":"","background-image":"","background-repeat":"repeat","background-position":"center center","background-size":"auto","background-attachment":"scroll","background-type":"","background-media":"","overlay-type":"","overlay-color":"","overlay-opacity":"","overlay-gradient":""}},"ast-content-background-meta":{"desktop":{"background-color":"var(--ast-global-color-5)","background-image":"","background-repeat":"repeat","background-position":"center center","background-size":"auto","background-attachment":"scroll","background-type":"","background-media":"","overlay-type":"","overlay-color":"","overlay-opacity":"","overlay-gradient":""},"tablet":{"background-color":"var(--ast-global-color-5)","background-image":"","background-repeat":"repeat","background-position":"center center","background-size":"auto","background-attachment":"scroll","background-type":"","background-media":"","overlay-type":"","overlay-color":"","overlay-opacity":"","overlay-gradient":""},"mobile":{"background-color":"var(--ast-global-color-5)","background-image":"","background-repeat":"repeat","background-position":"center center","background-size":"auto","background-attachment":"scroll","background-type":"","background-media":"","overlay-type":"","overlay-color":"","overlay-opacity":"","overlay-gradient":""}}},"product_brand":[],"product_cat":[227],"product_tag":[],"class_list":{"0":"post-18462","1":"product","2":"type-product","3":"status-publish","4":"has-post-thumbnail","6":"product_cat-argentina","7":"desktop-align-left","8":"tablet-align-left","9":"mobile-align-left","11":"first","12":"instock","13":"sale","14":"shipping-taxable","15":"purchasable","16":"product-type-simple","17":"add-to-wishlist-before_image"},"_links":{"self":[{"href":"https:\/\/colligatum.com\/en\/wp-json\/wp\/v2\/product\/18462","targetHints":{"allow":["GET"]}}],"collection":[{"href":"https:\/\/colligatum.com\/en\/wp-json\/wp\/v2\/product"}],"about":[{"href":"https:\/\/colligatum.com\/en\/wp-json\/wp\/v2\/types\/product"}],"version-history":[{"count":1,"href":"https:\/\/colligatum.com\/en\/wp-json\/wp\/v2\/product\/18462\/revisions"}],"predecessor-version":[{"id":18463,"href":"https:\/\/colligatum.com\/en\/wp-json\/wp\/v2\/product\/18462\/revisions\/18463"}],"wp:featuredmedia":[{"embeddable":true,"href":"https:\/\/colligatum.com\/en\/wp-json\/wp\/v2\/media\/18408"}],"wp:attachment":[{"href":"https:\/\/colligatum.com\/en\/wp-json\/wp\/v2\/media?parent=18462"}],"wp:term":[{"taxonomy":"product_brand","embeddable":true,"href":"https:\/\/colligatum.com\/en\/wp-json\/wp\/v2\/product_brand?post=18462"},{"taxonomy":"product_cat","embeddable":true,"href":"https:\/\/colligatum.com\/en\/wp-json\/wp\/v2\/product_cat?post=18462"},{"taxonomy":"product_tag","embeddable":true,"href":"https:\/\/colligatum.com\/en\/wp-json\/wp\/v2\/product_tag?post=18462"}],"curies":[{"name":"wp","href":"https:\/\/api.w.org\/{rel}","templated":true}]}}