{"id":18544,"date":"2025-08-07T15:44:57","date_gmt":"2025-08-07T13:44:57","guid":{"rendered":"https:\/\/colligatum.com\/?post_type=product&#038;p=18544"},"modified":"2025-08-07T15:44:57","modified_gmt":"2025-08-07T13:44:57","slug":"melbour-light","status":"publish","type":"product","link":"https:\/\/colligatum.com\/en\/product\/melbour-light\/","title":{"rendered":"Melbourne Light"},"content":{"rendered":"<p data-start=\"312\" data-end=\"955\"><strong data-start=\"312\" data-end=\"326\">Description:<\/strong><br data-start=\"326\" data-end=\"329\" \/>\u0160is Melbour Light cigare\u010di\u0173 pakelis pasi\u017eymi klasikinio dizaino sprendimu \u2013 balto fono su vertikaliu m\u0117lynu segmentu ir sidabru spausdintu logotipu. Pakelio priekyje nurodyta, jog tai yra lengvos cigaret\u0117s su filtru. Nugarin\u0117je pus\u0117je matomas \u012fsp\u0117jimas apie r\u016bkymo \u017eal\u0105 ispan\u0173 kalba, o vir\u0161uje \u2013 argentinieti\u0161kas akcizo \u017eenklas su tekstu \u201eC\u00f3digo N\u00b0 1 Cigarrillos\u201c bei \u201eIMP. INT. LEY 24.674\u201c, kas leid\u017eia datuoti pakel\u012f kaip pagamint\u0105 pagal Argentinos importo \u012fstatymus nuo 1996 m. Melbour prek\u0117s \u017eenklas n\u0117ra pla\u010diai \u017einomas tarptautiniu mastu, ta\u010diau gali b\u016bti \u012fdomus d\u0117l savo kilm\u0117s \u0161alies \u2013 Argentinos \u2013 kolekcinink\u0173 tarpe.<\/p>\n<hr data-start=\"957\" data-end=\"960\" \/>\n<p data-start=\"962\" data-end=\"985\"><strong data-start=\"962\" data-end=\"985\">Value assessment:<\/strong><\/p>\n<ul data-start=\"987\" data-end=\"1455\">\n<li data-start=\"987\" data-end=\"1132\">\n<p data-start=\"989\" data-end=\"1132\"><strong data-start=\"989\" data-end=\"1009\">Collectible value:<\/strong> Vidutin\u0117. D\u0117l kilm\u0117s i\u0161 Argentinos ir ne\u012fprasto \u017eenklo Europoje ar JAV, pakelis gali b\u016bti vertinamas ni\u0161ini\u0173 kolekcinink\u0173.<\/p>\n<\/li>\n<li data-start=\"1133\" data-end=\"1208\">\n<p data-start=\"1135\" data-end=\"1208\"><strong data-start=\"1135\" data-end=\"1157\">Condition assessment:<\/strong> Unopened, original film, very good condition.<\/p>\n<\/li>\n<li data-start=\"1209\" data-end=\"1455\">\n<p data-start=\"1211\" data-end=\"1455\"><strong data-start=\"1211\" data-end=\"1251\">Historical data and popularity:<\/strong> Melbour cigaret\u0117s n\u0117ra \u017einomos pla\u010diai u\u017e Piet\u0173 Amerikos rib\u0173. Tai vietin\u0117s gamybos produktas, kuris retai pasitaiko tarptautiniuose aukcionuose, tod\u0117l gali b\u016bti laikomas retu egzemplioriumi kolekcijose.<\/p>\n<\/li>\n<\/ul>","protected":false},"excerpt":{"rendered":"<p data-start=\"78\" data-end=\"144\"><strong data-start=\"78\" data-end=\"112\">Brand and name:<\/strong> Melbour Light Filter Cigarettes<\/p>\n<p data-start=\"146\" data-end=\"169\"><strong data-start=\"146\" data-end=\"156\">Size:<\/strong> 20 cigarettes<\/p>\n<p data-start=\"171\" data-end=\"199\"><strong data-start=\"171\" data-end=\"189\">Country of manufacture:<\/strong> Argentina<\/p>\n<p data-start=\"201\" data-end=\"275\"><strong data-start=\"201\" data-end=\"225\">Production period:<\/strong> Ne\u017einomas (grei\u010diausiai 1990\u20132000 m. laikotarpis)<\/p>\n<p data-start=\"277\" data-end=\"310\"><strong data-start=\"277\" data-end=\"295\">Package type:<\/strong> Hard pack<\/p>","protected":false},"featured_media":18491,"template":"","meta":{"_surecart_dashboard_logo_width":"180px","_surecart_dashboard_show_logo":true,"_surecart_dashboard_navigation_orders":true,"_surecart_dashboard_navigation_invoices":true,"_surecart_dashboard_navigation_subscriptions":true,"_surecart_dashboard_navigation_downloads":true,"_surecart_dashboard_navigation_billing":true,"_surecart_dashboard_navigation_account":true,"site-sidebar-layout":"default","site-content-layout":"","ast-site-content-layout":"default","site-content-style":"default","site-sidebar-style":"default","ast-global-header-display":"","ast-banner-title-visibility":"","ast-main-header-display":"","ast-hfb-above-header-display":"","ast-hfb-below-header-display":"","ast-hfb-mobile-header-display":"","site-post-title":"","ast-breadcrumbs-content":"","ast-featured-img":"","footer-sml-layout":"","theme-transparent-header-meta":"default","adv-header-id-meta":"","stick-header-meta":"","header-above-stick-meta":"","header-main-stick-meta":"","header-below-stick-meta":"","astra-migrate-meta-layouts":"set","ast-page-background-enabled":"default","ast-page-background-meta":{"desktop":{"background-color":"","background-image":"","background-repeat":"repeat","background-position":"center center","background-size":"auto","background-attachment":"scroll","background-type":"","background-media":"","overlay-type":"","overlay-color":"","overlay-opacity":"","overlay-gradient":""},"tablet":{"background-color":"","background-image":"","background-repeat":"repeat","background-position":"center center","background-size":"auto","background-attachment":"scroll","background-type":"","background-media":"","overlay-type":"","overlay-color":"","overlay-opacity":"","overlay-gradient":""},"mobile":{"background-color":"","background-image":"","background-repeat":"repeat","background-position":"center center","background-size":"auto","background-attachment":"scroll","background-type":"","background-media":"","overlay-type":"","overlay-color":"","overlay-opacity":"","overlay-gradient":""}},"ast-content-background-meta":{"desktop":{"background-color":"var(--ast-global-color-5)","background-image":"","background-repeat":"repeat","background-position":"center center","background-size":"auto","background-attachment":"scroll","background-type":"","background-media":"","overlay-type":"","overlay-color":"","overlay-opacity":"","overlay-gradient":""},"tablet":{"background-color":"var(--ast-global-color-5)","background-image":"","background-repeat":"repeat","background-position":"center center","background-size":"auto","background-attachment":"scroll","background-type":"","background-media":"","overlay-type":"","overlay-color":"","overlay-opacity":"","overlay-gradient":""},"mobile":{"background-color":"var(--ast-global-color-5)","background-image":"","background-repeat":"repeat","background-position":"center center","background-size":"auto","background-attachment":"scroll","background-type":"","background-media":"","overlay-type":"","overlay-color":"","overlay-opacity":"","overlay-gradient":""}}},"product_brand":[],"product_cat":[227],"product_tag":[],"class_list":{"0":"post-18544","1":"product","2":"type-product","3":"status-publish","4":"has-post-thumbnail","6":"product_cat-argentina","7":"desktop-align-left","8":"tablet-align-left","9":"mobile-align-left","11":"first","12":"instock","13":"shipping-taxable","14":"purchasable","15":"product-type-simple","16":"add-to-wishlist-before_image"},"_links":{"self":[{"href":"https:\/\/colligatum.com\/en\/wp-json\/wp\/v2\/product\/18544","targetHints":{"allow":["GET"]}}],"collection":[{"href":"https:\/\/colligatum.com\/en\/wp-json\/wp\/v2\/product"}],"about":[{"href":"https:\/\/colligatum.com\/en\/wp-json\/wp\/v2\/types\/product"}],"version-history":[{"count":1,"href":"https:\/\/colligatum.com\/en\/wp-json\/wp\/v2\/product\/18544\/revisions"}],"predecessor-version":[{"id":18545,"href":"https:\/\/colligatum.com\/en\/wp-json\/wp\/v2\/product\/18544\/revisions\/18545"}],"wp:featuredmedia":[{"embeddable":true,"href":"https:\/\/colligatum.com\/en\/wp-json\/wp\/v2\/media\/18491"}],"wp:attachment":[{"href":"https:\/\/colligatum.com\/en\/wp-json\/wp\/v2\/media?parent=18544"}],"wp:term":[{"taxonomy":"product_brand","embeddable":true,"href":"https:\/\/colligatum.com\/en\/wp-json\/wp\/v2\/product_brand?post=18544"},{"taxonomy":"product_cat","embeddable":true,"href":"https:\/\/colligatum.com\/en\/wp-json\/wp\/v2\/product_cat?post=18544"},{"taxonomy":"product_tag","embeddable":true,"href":"https:\/\/colligatum.com\/en\/wp-json\/wp\/v2\/product_tag?post=18544"}],"curies":[{"name":"wp","href":"https:\/\/api.w.org\/{rel}","templated":true}]}}