{"id":18552,"date":"2025-08-08T11:26:34","date_gmt":"2025-08-08T09:26:34","guid":{"rendered":"https:\/\/colligatum.com\/?post_type=product&#038;p=18552"},"modified":"2025-08-08T11:26:34","modified_gmt":"2025-08-08T09:26:34","slug":"honghe-yunnan-style","status":"publish","type":"product","link":"https:\/\/colligatum.com\/en\/product\/honghe-yunnan-style\/","title":{"rendered":"Honghe Yunnan Style\u201e"},"content":{"rendered":"<p data-start=\"290\" data-end=\"704\"><strong data-start=\"290\" data-end=\"304\">Description:<\/strong> \u0160is Honghe &#8222;Yunnan Style&#8221; cigare\u010di\u0173 pakelis i\u0161siskiria prabangiu dizainu su dominuojan\u010dia auksine spalva ir holografiniu logotipu centre. Pakelio centre vaizduojamas medalis su u\u017era\u0161u \u201eSuperior Design \u00b7 Excellent Taste\u201c, kuris sustiprina \u012fsp\u016bd\u012f apie kokyb\u0119 ir i\u0161skirtinum\u0105. Ant pakelio nugar\u0117l\u0117s nurodyta, kad cigaret\u0117s gaminamos Yunnan provincijoje \u2013 gars\u0117jan\u010dioje Kinijos tabako auginimo regionu.<\/p>\n<p data-start=\"706\" data-end=\"729\"><strong data-start=\"706\" data-end=\"729\">Value assessment:<\/strong><\/p>\n<ul data-start=\"731\" data-end=\"1178\">\n<li data-start=\"731\" data-end=\"920\">\n<p data-start=\"733\" data-end=\"920\"><strong data-start=\"733\" data-end=\"753\">Collectible value:<\/strong> Vidutin\u0117. Nors pakelis vizualiai \u012fsp\u016bdingas, jis n\u0117ra riboto leidimo ar istori\u0161kai i\u0161skirtinis leidinys. Vert\u0119 didina nepa\u017eeista pakuot\u0117 ir ma\u017eas paplitimas Europoje.<\/p>\n<\/li>\n<li data-start=\"921\" data-end=\"975\">\n<p data-start=\"923\" data-end=\"975\"><strong data-start=\"923\" data-end=\"945\">Condition assessment:<\/strong> Unopened, in excellent condition.<\/p>\n<\/li>\n<li data-start=\"976\" data-end=\"1178\">\n<p data-start=\"978\" data-end=\"1178\"><strong data-start=\"978\" data-end=\"1018\">Historical data and popularity:<\/strong> Honghe yra vienas i\u0161 \u017einom\u0173 Kinijos tabako gamintoj\u0173. \u0160io konkretaus leidimo pakeliai da\u017enai pasitaiko Azijos rinkose, bet yra reti Europos kolekcinink\u0173 tarpe.<\/p>\n<\/li>\n<\/ul>","protected":false},"excerpt":{"rendered":"<p data-start=\"85\" data-end=\"141\"><strong data-start=\"85\" data-end=\"119\">Brand and name:<\/strong> Honghe Yunnan Style\u201e<\/p>\n<p data-start=\"143\" data-end=\"166\"><strong data-start=\"143\" data-end=\"153\">Size:<\/strong> 20 cigarettes<\/p>\n<p data-start=\"168\" data-end=\"193\"><strong data-start=\"168\" data-end=\"186\">Country of manufacture:<\/strong> China<\/p>\n<p data-start=\"195\" data-end=\"253\"><strong data-start=\"195\" data-end=\"219\">Production period:<\/strong> Unknown (modern edition)<\/p>\n<p data-start=\"255\" data-end=\"288\"><strong data-start=\"255\" data-end=\"273\">Package type:<\/strong> Hard pack<\/p>","protected":false},"featured_media":18499,"template":"","meta":{"_surecart_dashboard_logo_width":"180px","_surecart_dashboard_show_logo":true,"_surecart_dashboard_navigation_orders":true,"_surecart_dashboard_navigation_invoices":true,"_surecart_dashboard_navigation_subscriptions":true,"_surecart_dashboard_navigation_downloads":true,"_surecart_dashboard_navigation_billing":true,"_surecart_dashboard_navigation_account":true,"site-sidebar-layout":"default","site-content-layout":"","ast-site-content-layout":"default","site-content-style":"default","site-sidebar-style":"default","ast-global-header-display":"","ast-banner-title-visibility":"","ast-main-header-display":"","ast-hfb-above-header-display":"","ast-hfb-below-header-display":"","ast-hfb-mobile-header-display":"","site-post-title":"","ast-breadcrumbs-content":"","ast-featured-img":"","footer-sml-layout":"","theme-transparent-header-meta":"default","adv-header-id-meta":"","stick-header-meta":"","header-above-stick-meta":"","header-main-stick-meta":"","header-below-stick-meta":"","astra-migrate-meta-layouts":"set","ast-page-background-enabled":"default","ast-page-background-meta":{"desktop":{"background-color":"","background-image":"","background-repeat":"repeat","background-position":"center center","background-size":"auto","background-attachment":"scroll","background-type":"","background-media":"","overlay-type":"","overlay-color":"","overlay-opacity":"","overlay-gradient":""},"tablet":{"background-color":"","background-image":"","background-repeat":"repeat","background-position":"center center","background-size":"auto","background-attachment":"scroll","background-type":"","background-media":"","overlay-type":"","overlay-color":"","overlay-opacity":"","overlay-gradient":""},"mobile":{"background-color":"","background-image":"","background-repeat":"repeat","background-position":"center center","background-size":"auto","background-attachment":"scroll","background-type":"","background-media":"","overlay-type":"","overlay-color":"","overlay-opacity":"","overlay-gradient":""}},"ast-content-background-meta":{"desktop":{"background-color":"var(--ast-global-color-5)","background-image":"","background-repeat":"repeat","background-position":"center center","background-size":"auto","background-attachment":"scroll","background-type":"","background-media":"","overlay-type":"","overlay-color":"","overlay-opacity":"","overlay-gradient":""},"tablet":{"background-color":"var(--ast-global-color-5)","background-image":"","background-repeat":"repeat","background-position":"center center","background-size":"auto","background-attachment":"scroll","background-type":"","background-media":"","overlay-type":"","overlay-color":"","overlay-opacity":"","overlay-gradient":""},"mobile":{"background-color":"var(--ast-global-color-5)","background-image":"","background-repeat":"repeat","background-position":"center center","background-size":"auto","background-attachment":"scroll","background-type":"","background-media":"","overlay-type":"","overlay-color":"","overlay-opacity":"","overlay-gradient":""}}},"product_brand":[],"product_cat":[138],"product_tag":[],"class_list":{"0":"post-18552","1":"product","2":"type-product","3":"status-publish","4":"has-post-thumbnail","6":"product_cat-china","7":"desktop-align-left","8":"tablet-align-left","9":"mobile-align-left","11":"first","12":"instock","13":"sale","14":"shipping-taxable","15":"purchasable","16":"product-type-simple","17":"add-to-wishlist-before_image"},"_links":{"self":[{"href":"https:\/\/colligatum.com\/en\/wp-json\/wp\/v2\/product\/18552","targetHints":{"allow":["GET"]}}],"collection":[{"href":"https:\/\/colligatum.com\/en\/wp-json\/wp\/v2\/product"}],"about":[{"href":"https:\/\/colligatum.com\/en\/wp-json\/wp\/v2\/types\/product"}],"version-history":[{"count":1,"href":"https:\/\/colligatum.com\/en\/wp-json\/wp\/v2\/product\/18552\/revisions"}],"predecessor-version":[{"id":18553,"href":"https:\/\/colligatum.com\/en\/wp-json\/wp\/v2\/product\/18552\/revisions\/18553"}],"wp:featuredmedia":[{"embeddable":true,"href":"https:\/\/colligatum.com\/en\/wp-json\/wp\/v2\/media\/18499"}],"wp:attachment":[{"href":"https:\/\/colligatum.com\/en\/wp-json\/wp\/v2\/media?parent=18552"}],"wp:term":[{"taxonomy":"product_brand","embeddable":true,"href":"https:\/\/colligatum.com\/en\/wp-json\/wp\/v2\/product_brand?post=18552"},{"taxonomy":"product_cat","embeddable":true,"href":"https:\/\/colligatum.com\/en\/wp-json\/wp\/v2\/product_cat?post=18552"},{"taxonomy":"product_tag","embeddable":true,"href":"https:\/\/colligatum.com\/en\/wp-json\/wp\/v2\/product_tag?post=18552"}],"curies":[{"name":"wp","href":"https:\/\/api.w.org\/{rel}","templated":true}]}}