{"id":18579,"date":"2025-09-24T12:30:41","date_gmt":"2025-09-24T10:30:41","guid":{"rendered":"https:\/\/colligatum.com\/?post_type=product&#038;p=18579"},"modified":"2025-09-24T12:30:41","modified_gmt":"2025-09-24T10:30:41","slug":"nacional-2","status":"publish","type":"product","link":"https:\/\/colligatum.com\/en\/product\/nacional-2\/","title":{"rendered":"National"},"content":{"rendered":"<p><strong data-start=\"395\" data-end=\"409\">Description:<\/strong> white background packet with diagonal blue\/red triangle and inscription <strong data-start=\"477\" data-end=\"489\">NATIONAL<\/strong>; under it \u2013 &quot;FILTRO&quot;. Above the coat of arms with the letter <strong data-start=\"534\" data-end=\"539\">N<\/strong>; on the sides are warnings in Spanish (&quot;Venta prohibida a menores&quot;, etc.). On top is a green Dominican Republic excise roll. (Examples of the identical series are documented in DR collections and catalogs.)<\/p>","protected":false},"excerpt":{"rendered":"<h1 data-start=\"0\" data-end=\"19\">Nacional \u2013 Filtro<\/h1>\n<p data-start=\"21\" data-end=\"393\"><strong data-start=\"21\" data-end=\"31\">Dydis:<\/strong> KS-10 (10 cigare\u010di\u0173)<br data-start=\"52\" data-end=\"55\" \/><strong data-start=\"55\" data-end=\"73\">Gamybos \u0161alis:<\/strong> Dominikos Respublika<br data-start=\"94\" data-end=\"97\" \/><strong data-start=\"97\" data-end=\"121\">Gamybos laikotarpis:<\/strong> apie 2010-ieji (u\u017efiksuotas KS-10 mink\u0161tas pakelis su br\u016bk\u0161niniu kodu \u0161ios serijos; gamintojas \u201eIndustrias de Tabaco Le\u00f3n Jimenes, S.A.\u201c). <span class=\"\" data-state=\"closed\"><span class=\"ms-1 inline-flex max-w-full items-center relative top-[-0.094rem] animate-[show_150ms_ease-in]\" data-testid=\"webpage-citation-pill\"><a class=\"flex h-4.5 overflow-hidden rounded-xl px-2 text-[9px] font-medium transition-colors duration-150 ease-in-out text-token-text-secondary! bg-[#F4F4F4]! dark:bg-[#303030]!\" href=\"https:\/\/www.zigsam.at\/B_Nacional.htm?utm_source=chatgpt.com\" target=\"_blank\" rel=\"noopener\"><span class=\"relative start-0 bottom-0 flex h-full w-full items-center\"><span class=\"flex h-4 w-full items-center justify-between\"><span class=\"max-w-[15ch] grow truncate overflow-hidden text-center\">zigsam.at<\/span><span class=\"-me-1 flex h-full items-center rounded-full px-1 text-[#8F8F8F]\">+1<\/span><\/span><\/span><\/a><\/span><\/span><br data-start=\"298\" data-end=\"301\" \/><strong data-start=\"301\" data-end=\"319\">Pakelio tipas:<\/strong> mink\u0161tas (\u201esoft pack\u201c) su celofanu.<\/p>\n","protected":false},"featured_media":18580,"template":"","meta":{"_surecart_dashboard_logo_width":"180px","_surecart_dashboard_show_logo":true,"_surecart_dashboard_navigation_orders":true,"_surecart_dashboard_navigation_invoices":true,"_surecart_dashboard_navigation_subscriptions":true,"_surecart_dashboard_navigation_downloads":true,"_surecart_dashboard_navigation_billing":true,"_surecart_dashboard_navigation_account":true,"site-sidebar-layout":"default","site-content-layout":"","ast-site-content-layout":"default","site-content-style":"default","site-sidebar-style":"default","ast-global-header-display":"","ast-banner-title-visibility":"","ast-main-header-display":"","ast-hfb-above-header-display":"","ast-hfb-below-header-display":"","ast-hfb-mobile-header-display":"","site-post-title":"","ast-breadcrumbs-content":"","ast-featured-img":"","footer-sml-layout":"","theme-transparent-header-meta":"default","adv-header-id-meta":"","stick-header-meta":"","header-above-stick-meta":"","header-main-stick-meta":"","header-below-stick-meta":"","astra-migrate-meta-layouts":"set","ast-page-background-enabled":"default","ast-page-background-meta":{"desktop":{"background-color":"","background-image":"","background-repeat":"repeat","background-position":"center center","background-size":"auto","background-attachment":"scroll","background-type":"","background-media":"","overlay-type":"","overlay-color":"","overlay-opacity":"","overlay-gradient":""},"tablet":{"background-color":"","background-image":"","background-repeat":"repeat","background-position":"center center","background-size":"auto","background-attachment":"scroll","background-type":"","background-media":"","overlay-type":"","overlay-color":"","overlay-opacity":"","overlay-gradient":""},"mobile":{"background-color":"","background-image":"","background-repeat":"repeat","background-position":"center center","background-size":"auto","background-attachment":"scroll","background-type":"","background-media":"","overlay-type":"","overlay-color":"","overlay-opacity":"","overlay-gradient":""}},"ast-content-background-meta":{"desktop":{"background-color":"var(--ast-global-color-5)","background-image":"","background-repeat":"repeat","background-position":"center center","background-size":"auto","background-attachment":"scroll","background-type":"","background-media":"","overlay-type":"","overlay-color":"","overlay-opacity":"","overlay-gradient":""},"tablet":{"background-color":"var(--ast-global-color-5)","background-image":"","background-repeat":"repeat","background-position":"center center","background-size":"auto","background-attachment":"scroll","background-type":"","background-media":"","overlay-type":"","overlay-color":"","overlay-opacity":"","overlay-gradient":""},"mobile":{"background-color":"var(--ast-global-color-5)","background-image":"","background-repeat":"repeat","background-position":"center center","background-size":"auto","background-attachment":"scroll","background-type":"","background-media":"","overlay-type":"","overlay-color":"","overlay-opacity":"","overlay-gradient":""}}},"product_brand":[],"product_cat":[143],"product_tag":[],"class_list":{"0":"post-18579","1":"product","2":"type-product","3":"status-publish","4":"has-post-thumbnail","6":"product_cat-dominican-republic","7":"desktop-align-left","8":"tablet-align-left","9":"mobile-align-left","11":"first","12":"instock","13":"sale","14":"shipping-taxable","15":"purchasable","16":"product-type-simple","17":"add-to-wishlist-before_image"},"_links":{"self":[{"href":"https:\/\/colligatum.com\/en\/wp-json\/wp\/v2\/product\/18579","targetHints":{"allow":["GET"]}}],"collection":[{"href":"https:\/\/colligatum.com\/en\/wp-json\/wp\/v2\/product"}],"about":[{"href":"https:\/\/colligatum.com\/en\/wp-json\/wp\/v2\/types\/product"}],"version-history":[{"count":1,"href":"https:\/\/colligatum.com\/en\/wp-json\/wp\/v2\/product\/18579\/revisions"}],"predecessor-version":[{"id":18658,"href":"https:\/\/colligatum.com\/en\/wp-json\/wp\/v2\/product\/18579\/revisions\/18658"}],"wp:featuredmedia":[{"embeddable":true,"href":"https:\/\/colligatum.com\/en\/wp-json\/wp\/v2\/media\/18580"}],"wp:attachment":[{"href":"https:\/\/colligatum.com\/en\/wp-json\/wp\/v2\/media?parent=18579"}],"wp:term":[{"taxonomy":"product_brand","embeddable":true,"href":"https:\/\/colligatum.com\/en\/wp-json\/wp\/v2\/product_brand?post=18579"},{"taxonomy":"product_cat","embeddable":true,"href":"https:\/\/colligatum.com\/en\/wp-json\/wp\/v2\/product_cat?post=18579"},{"taxonomy":"product_tag","embeddable":true,"href":"https:\/\/colligatum.com\/en\/wp-json\/wp\/v2\/product_tag?post=18579"}],"curies":[{"name":"wp","href":"https:\/\/api.w.org\/{rel}","templated":true}]}}