{"id":18864,"date":"2025-09-29T13:54:11","date_gmt":"2025-09-29T11:54:11","guid":{"rendered":"https:\/\/colligatum.com\/?post_type=product&#038;p=18864"},"modified":"2025-09-29T13:54:11","modified_gmt":"2025-09-29T11:54:11","slug":"merah-putih-kretek-filter","status":"publish","type":"product","link":"https:\/\/colligatum.com\/en\/product\/merah-putih-kretek-filter\/","title":{"rendered":"Merah Putih Kretek Filter"},"content":{"rendered":"<p data-start=\"265\" data-end=\"750\"><strong data-start=\"265\" data-end=\"279\">Description:<\/strong><br data-start=\"279\" data-end=\"282\" \/>Ry\u0161kiai raudonas pakelis su baltu u\u017era\u0161u \u201eMERAH PUTIH\u201c (\u201eRaudona Balta\u201c, nuoroda \u012f Indonezijos v\u0117liav\u0105). Vir\u0161uje \u2013 logotipas su apskritime \u012fkomponuotu \u017eenklu. Ant priekin\u0117s pus\u0117s nurodyta \u201eKRETEK FILTER\u201c, o galin\u0117je pus\u0117je pateiktas paai\u0161kinimas apie tabako ir gvazdik\u0117li\u0173 mi\u0161inio proces\u0105. Ant pakelio matomas Indonezijos akcizo lipdukas su nominalu \u201eRp 3.500\u201c. \u0160is dizainas atspindi masin\u0117s gamybos kretek (gvazdik\u0117li\u0173 cigare\u010di\u0173) stili\u0173, orientuot\u0105 \u012f vietin\u0119 rink\u0105.<\/p>\n<hr data-start=\"752\" data-end=\"755\" \/>\n<h3 data-start=\"757\" data-end=\"779\">Value assessment<\/h3>\n<p data-start=\"781\" data-end=\"915\"><strong data-start=\"781\" data-end=\"801\">Collectible value:<\/strong> \u017dema\u2013vidutin\u0117 (masin\u0117s gamybos produktas, bet svarbus d\u0117l nacionalinio simbolizmo ir kretek rinkos tradicijos).<\/p>\n<p data-start=\"917\" data-end=\"1004\"><strong data-start=\"917\" data-end=\"939\">Condition assessment:<\/strong> Labai gera \u2013 pakelis u\u017edarytas, su celofanu ir akcizo lipduku.<\/p>\n<p data-start=\"1006\" data-end=\"1342\"><strong data-start=\"1006\" data-end=\"1046\">Historical data and popularity:<\/strong><br data-start=\"1046\" data-end=\"1049\" \/>\u201eMerah Putih\u201c \u2013 tai vietin\u0117 Indonezijos kretek cigare\u010di\u0173 linija, labiau paplitusi vietin\u0117je rinkoje, o tarptautiniu mastu ma\u017eai \u017einoma. Kolekcionieriai \u0161\u012f prek\u0117s \u017eenkl\u0105 vertina kaip egzoti\u0161k\u0105 pavyzd\u012f i\u0161 Indonezijos tabako kult\u016bros, bet jo vert\u0117 gerokai ma\u017eesn\u0117 u\u017e tarptautini\u0173 prek\u0117s \u017eenkl\u0173.<\/p>","protected":false},"excerpt":{"rendered":"<p data-start=\"31\" data-end=\"93\"><strong data-start=\"31\" data-end=\"65\">Brand and name:<\/strong> Merah Putih Kretek Filter<\/p>\n<p data-start=\"95\" data-end=\"135\"><strong data-start=\"95\" data-end=\"105\">Size:<\/strong> Standartinis (20 cigare\u010di\u0173)<\/p>\n<p data-start=\"137\" data-end=\"168\"><strong data-start=\"137\" data-end=\"155\">Country of manufacture:<\/strong> Indonesia<\/p>\n<p data-start=\"170\" data-end=\"214\"><strong data-start=\"170\" data-end=\"194\">Production period:<\/strong> Around 2000\u20132010.<\/p>\n<p data-start=\"216\" data-end=\"263\"><strong data-start=\"216\" data-end=\"234\">Package type:<\/strong> Hard pack<\/p>","protected":false},"featured_media":18799,"template":"","meta":{"_surecart_dashboard_logo_width":"180px","_surecart_dashboard_show_logo":true,"_surecart_dashboard_navigation_orders":true,"_surecart_dashboard_navigation_invoices":true,"_surecart_dashboard_navigation_subscriptions":true,"_surecart_dashboard_navigation_downloads":true,"_surecart_dashboard_navigation_billing":true,"_surecart_dashboard_navigation_account":true,"site-sidebar-layout":"default","site-content-layout":"","ast-site-content-layout":"default","site-content-style":"default","site-sidebar-style":"default","ast-global-header-display":"","ast-banner-title-visibility":"","ast-main-header-display":"","ast-hfb-above-header-display":"","ast-hfb-below-header-display":"","ast-hfb-mobile-header-display":"","site-post-title":"","ast-breadcrumbs-content":"","ast-featured-img":"","footer-sml-layout":"","theme-transparent-header-meta":"default","adv-header-id-meta":"","stick-header-meta":"","header-above-stick-meta":"","header-main-stick-meta":"","header-below-stick-meta":"","astra-migrate-meta-layouts":"set","ast-page-background-enabled":"default","ast-page-background-meta":{"desktop":{"background-color":"","background-image":"","background-repeat":"repeat","background-position":"center center","background-size":"auto","background-attachment":"scroll","background-type":"","background-media":"","overlay-type":"","overlay-color":"","overlay-opacity":"","overlay-gradient":""},"tablet":{"background-color":"","background-image":"","background-repeat":"repeat","background-position":"center center","background-size":"auto","background-attachment":"scroll","background-type":"","background-media":"","overlay-type":"","overlay-color":"","overlay-opacity":"","overlay-gradient":""},"mobile":{"background-color":"","background-image":"","background-repeat":"repeat","background-position":"center center","background-size":"auto","background-attachment":"scroll","background-type":"","background-media":"","overlay-type":"","overlay-color":"","overlay-opacity":"","overlay-gradient":""}},"ast-content-background-meta":{"desktop":{"background-color":"var(--ast-global-color-5)","background-image":"","background-repeat":"repeat","background-position":"center center","background-size":"auto","background-attachment":"scroll","background-type":"","background-media":"","overlay-type":"","overlay-color":"","overlay-opacity":"","overlay-gradient":""},"tablet":{"background-color":"var(--ast-global-color-5)","background-image":"","background-repeat":"repeat","background-position":"center center","background-size":"auto","background-attachment":"scroll","background-type":"","background-media":"","overlay-type":"","overlay-color":"","overlay-opacity":"","overlay-gradient":""},"mobile":{"background-color":"var(--ast-global-color-5)","background-image":"","background-repeat":"repeat","background-position":"center center","background-size":"auto","background-attachment":"scroll","background-type":"","background-media":"","overlay-type":"","overlay-color":"","overlay-opacity":"","overlay-gradient":""}}},"product_brand":[],"product_cat":[207],"product_tag":[],"class_list":{"0":"post-18864","1":"product","2":"type-product","3":"status-publish","4":"has-post-thumbnail","6":"product_cat-indonesia","7":"desktop-align-left","8":"tablet-align-left","9":"mobile-align-left","11":"first","12":"instock","13":"sale","14":"shipping-taxable","15":"purchasable","16":"product-type-simple","17":"add-to-wishlist-before_image"},"_links":{"self":[{"href":"https:\/\/colligatum.com\/en\/wp-json\/wp\/v2\/product\/18864","targetHints":{"allow":["GET"]}}],"collection":[{"href":"https:\/\/colligatum.com\/en\/wp-json\/wp\/v2\/product"}],"about":[{"href":"https:\/\/colligatum.com\/en\/wp-json\/wp\/v2\/types\/product"}],"version-history":[{"count":1,"href":"https:\/\/colligatum.com\/en\/wp-json\/wp\/v2\/product\/18864\/revisions"}],"predecessor-version":[{"id":18865,"href":"https:\/\/colligatum.com\/en\/wp-json\/wp\/v2\/product\/18864\/revisions\/18865"}],"wp:featuredmedia":[{"embeddable":true,"href":"https:\/\/colligatum.com\/en\/wp-json\/wp\/v2\/media\/18799"}],"wp:attachment":[{"href":"https:\/\/colligatum.com\/en\/wp-json\/wp\/v2\/media?parent=18864"}],"wp:term":[{"taxonomy":"product_brand","embeddable":true,"href":"https:\/\/colligatum.com\/en\/wp-json\/wp\/v2\/product_brand?post=18864"},{"taxonomy":"product_cat","embeddable":true,"href":"https:\/\/colligatum.com\/en\/wp-json\/wp\/v2\/product_cat?post=18864"},{"taxonomy":"product_tag","embeddable":true,"href":"https:\/\/colligatum.com\/en\/wp-json\/wp\/v2\/product_tag?post=18864"}],"curies":[{"name":"wp","href":"https:\/\/api.w.org\/{rel}","templated":true}]}}