{"id":18935,"date":"2025-09-29T14:15:59","date_gmt":"2025-09-29T12:15:59","guid":{"rendered":"https:\/\/colligatum.com\/?post_type=product&#038;p=18935"},"modified":"2025-09-29T14:15:59","modified_gmt":"2025-09-29T12:15:59","slug":"rass-mild-new-edition","status":"publish","type":"product","link":"https:\/\/colligatum.com\/en\/product\/rass-mild-new-edition\/","title":{"rendered":"Rass Mild New Edition"},"content":{"rendered":"<p data-start=\"216\" data-end=\"598\">Description:<br data-start=\"226\" data-end=\"229\" \/>\u0160viesaus marmurinio fono pakelis su m\u0117lynos spalvos logotipu \u201eRass Mild\u201c. Vir\u0161uje pa\u017eym\u0117ta \u201eNew Edition\u201c, apa\u010dioje \u2013 \u201e16 Clove Cigarettes\u201c. Pabr\u0117\u017eiama \u201eLow Tar &amp; Nicotine\u201c. Galin\u0117je pus\u0117je pateiktas angli\u0161kas apra\u0161ymas apie unikal\u0173 tabako, gvazdik\u0117li\u0173 ir nat\u016brali\u0173 prieskoni\u0173 mi\u0161in\u012f, suteikiant\u012f \u0161veln\u0173 skon\u012f. Dizainas gana minimalistinis, i\u0161laikantis solid\u0173 \u012fvaizd\u012f.<\/p>\n<p data-start=\"600\" data-end=\"1067\">Value assessment:<br data-start=\"619\" data-end=\"622\" \/>Kolekcin\u0117 vert\u0117: Vidutin\u0117 \u2013 \u201eRass\u201c n\u0117ra vienas i\u0161 pla\u010diai \u017einom\u0173 Indonezijos cigare\u010di\u0173 \u017eenkl\u0173, bet jo \u201eMild\u201c serija turi savit\u0105 kolekcin\u0119 vert\u0119, ypa\u010d su \u201eNew Edition\u201c u\u017era\u0161u.<br data-start=\"796\" data-end=\"799\" \/>B\u016bkl\u0117s vertinimas: Labai gera \u2013 pakelis u\u017eklijuotas celofanu, nei\u0161pakuotas.<br data-start=\"874\" data-end=\"877\" \/>Istoriniai duomenys ir populiarumas: Tai ni\u0161inis indonezieti\u0161kas prek\u0117s \u017eenklas, orientuotas \u012f vidaus rink\u0105. Tarptautiniu mastu ma\u017eai paplit\u0119s, tod\u0117l u\u017esienio kolekcijose sutinkamas retai.<\/p>","protected":false},"excerpt":{"rendered":"<p data-start=\"0\" data-end=\"69\">Prek\u0117s \u017eenklas ir pavadinimas: Rass Mild New Edition (16 cigare\u010di\u0173)<\/p>\n<p data-start=\"71\" data-end=\"98\">Country of manufacture: Indonesia<\/p>\n<p data-start=\"100\" data-end=\"160\">Gamybos laikotarpis: XXI a. pr. (apytiksliai 2000\u20132010 m.)<\/p>\n<p data-start=\"162\" data-end=\"214\">Package type: Hard, plastic-coated package<\/p>","protected":false},"featured_media":18882,"template":"","meta":{"_surecart_dashboard_logo_width":"180px","_surecart_dashboard_show_logo":true,"_surecart_dashboard_navigation_orders":true,"_surecart_dashboard_navigation_invoices":true,"_surecart_dashboard_navigation_subscriptions":true,"_surecart_dashboard_navigation_downloads":true,"_surecart_dashboard_navigation_billing":true,"_surecart_dashboard_navigation_account":true,"site-sidebar-layout":"default","site-content-layout":"","ast-site-content-layout":"default","site-content-style":"default","site-sidebar-style":"default","ast-global-header-display":"","ast-banner-title-visibility":"","ast-main-header-display":"","ast-hfb-above-header-display":"","ast-hfb-below-header-display":"","ast-hfb-mobile-header-display":"","site-post-title":"","ast-breadcrumbs-content":"","ast-featured-img":"","footer-sml-layout":"","theme-transparent-header-meta":"default","adv-header-id-meta":"","stick-header-meta":"","header-above-stick-meta":"","header-main-stick-meta":"","header-below-stick-meta":"","astra-migrate-meta-layouts":"set","ast-page-background-enabled":"default","ast-page-background-meta":{"desktop":{"background-color":"","background-image":"","background-repeat":"repeat","background-position":"center center","background-size":"auto","background-attachment":"scroll","background-type":"","background-media":"","overlay-type":"","overlay-color":"","overlay-opacity":"","overlay-gradient":""},"tablet":{"background-color":"","background-image":"","background-repeat":"repeat","background-position":"center center","background-size":"auto","background-attachment":"scroll","background-type":"","background-media":"","overlay-type":"","overlay-color":"","overlay-opacity":"","overlay-gradient":""},"mobile":{"background-color":"","background-image":"","background-repeat":"repeat","background-position":"center center","background-size":"auto","background-attachment":"scroll","background-type":"","background-media":"","overlay-type":"","overlay-color":"","overlay-opacity":"","overlay-gradient":""}},"ast-content-background-meta":{"desktop":{"background-color":"var(--ast-global-color-5)","background-image":"","background-repeat":"repeat","background-position":"center center","background-size":"auto","background-attachment":"scroll","background-type":"","background-media":"","overlay-type":"","overlay-color":"","overlay-opacity":"","overlay-gradient":""},"tablet":{"background-color":"var(--ast-global-color-5)","background-image":"","background-repeat":"repeat","background-position":"center center","background-size":"auto","background-attachment":"scroll","background-type":"","background-media":"","overlay-type":"","overlay-color":"","overlay-opacity":"","overlay-gradient":""},"mobile":{"background-color":"var(--ast-global-color-5)","background-image":"","background-repeat":"repeat","background-position":"center center","background-size":"auto","background-attachment":"scroll","background-type":"","background-media":"","overlay-type":"","overlay-color":"","overlay-opacity":"","overlay-gradient":""}}},"product_brand":[],"product_cat":[207],"product_tag":[],"class_list":{"0":"post-18935","1":"product","2":"type-product","3":"status-publish","4":"has-post-thumbnail","6":"product_cat-indonesia","7":"desktop-align-left","8":"tablet-align-left","9":"mobile-align-left","11":"first","12":"instock","13":"sale","14":"shipping-taxable","15":"purchasable","16":"product-type-simple","17":"add-to-wishlist-before_image"},"_links":{"self":[{"href":"https:\/\/colligatum.com\/en\/wp-json\/wp\/v2\/product\/18935","targetHints":{"allow":["GET"]}}],"collection":[{"href":"https:\/\/colligatum.com\/en\/wp-json\/wp\/v2\/product"}],"about":[{"href":"https:\/\/colligatum.com\/en\/wp-json\/wp\/v2\/types\/product"}],"version-history":[{"count":1,"href":"https:\/\/colligatum.com\/en\/wp-json\/wp\/v2\/product\/18935\/revisions"}],"predecessor-version":[{"id":18936,"href":"https:\/\/colligatum.com\/en\/wp-json\/wp\/v2\/product\/18935\/revisions\/18936"}],"wp:featuredmedia":[{"embeddable":true,"href":"https:\/\/colligatum.com\/en\/wp-json\/wp\/v2\/media\/18882"}],"wp:attachment":[{"href":"https:\/\/colligatum.com\/en\/wp-json\/wp\/v2\/media?parent=18935"}],"wp:term":[{"taxonomy":"product_brand","embeddable":true,"href":"https:\/\/colligatum.com\/en\/wp-json\/wp\/v2\/product_brand?post=18935"},{"taxonomy":"product_cat","embeddable":true,"href":"https:\/\/colligatum.com\/en\/wp-json\/wp\/v2\/product_cat?post=18935"},{"taxonomy":"product_tag","embeddable":true,"href":"https:\/\/colligatum.com\/en\/wp-json\/wp\/v2\/product_tag?post=18935"}],"curies":[{"name":"wp","href":"https:\/\/api.w.org\/{rel}","templated":true}]}}