{"id":18937,"date":"2025-09-29T14:17:07","date_gmt":"2025-09-29T12:17:07","guid":{"rendered":"https:\/\/colligatum.com\/?post_type=product&#038;p=18937"},"modified":"2025-09-29T14:17:07","modified_gmt":"2025-09-29T12:17:07","slug":"rass-mild-limited-edition","status":"publish","type":"product","link":"https:\/\/colligatum.com\/en\/product\/rass-mild-limited-edition\/","title":{"rendered":"Rass Mild Limited Edition"},"content":{"rendered":"<p data-start=\"220\" data-end=\"688\">Description:<br data-start=\"230\" data-end=\"233\" \/>\u0160viesaus fono pakelis su dideliu raudonu \u201eRass Mild\u201c logotipu centre. Vir\u0161uje pa\u017eym\u0117ta \u201eNew Edition\u201c, o prie logotipo \u2013 \u201eLimited Edition\u201c. Apatin\u0117je dalyje pavaizduota futuristin\u0117 motociklo iliustracija, suteikianti modernumo ir sporti\u0161kumo \u012fvaizd\u012f. Galin\u0117je pus\u0117je pateiktas angli\u0161kas apra\u0161ymas, kuriame pabr\u0117\u017eiama unikali tabako, gvazdik\u0117li\u0173 ir nat\u016brali\u0173 prieskoni\u0173 kombinacija. Ant \u0161onini\u0173 dali\u0173 bei apa\u010dioje \u2013 sveikatos \u012fsp\u0117jimai indonezie\u010di\u0173 kalba.<\/p>\n<p data-start=\"690\" data-end=\"1181\">Value assessment:<br data-start=\"709\" data-end=\"712\" \/>Kolekcin\u0117 vert\u0117: Vidutin\u0117\u2013auk\u0161tesn\u0117 \u2013 d\u0117l \u201eLimited Edition\u201c \u017eym\u0117jimo \u0161is pakelis yra labiau vertinamas kolekcinink\u0173, nes rodo ribot\u0105 leidim\u0105.<br data-start=\"853\" data-end=\"856\" \/>Condition assessment: Very good - the package is originally sealed with cellophane, undamaged.<br data-start=\"943\" data-end=\"946\" \/>Istoriniai duomenys ir populiarumas: \u201eRass Mild\u201c yra vienas i\u0161 ni\u0161ini\u0173 Indonezijos preki\u0173 \u017eenkl\u0173, skirt\u0173 vidaus rinkai. Riboto tira\u017eo leidimai, tokie kaip \u0161i \u201eLimited Edition\u201c versija, pasitaiko retai ir da\u017eniau ie\u0161komi kolekcinink\u0173.<\/p>","protected":false},"excerpt":{"rendered":"<p data-start=\"0\" data-end=\"73\">Prek\u0117s \u017eenklas ir pavadinimas: Rass Mild Limited Edition (16 cigare\u010di\u0173)<\/p>\n<p data-start=\"75\" data-end=\"102\">Country of manufacture: Indonesia<\/p>\n<p data-start=\"104\" data-end=\"164\">Gamybos laikotarpis: XXI a. pr. (apytiksliai 2000\u20132010 m.)<\/p>\n<p data-start=\"166\" data-end=\"218\">Package type: Hard, plastic-coated package<\/p>","protected":false},"featured_media":18884,"template":"","meta":{"_surecart_dashboard_logo_width":"180px","_surecart_dashboard_show_logo":true,"_surecart_dashboard_navigation_orders":true,"_surecart_dashboard_navigation_invoices":true,"_surecart_dashboard_navigation_subscriptions":true,"_surecart_dashboard_navigation_downloads":true,"_surecart_dashboard_navigation_billing":true,"_surecart_dashboard_navigation_account":true,"site-sidebar-layout":"default","site-content-layout":"","ast-site-content-layout":"default","site-content-style":"default","site-sidebar-style":"default","ast-global-header-display":"","ast-banner-title-visibility":"","ast-main-header-display":"","ast-hfb-above-header-display":"","ast-hfb-below-header-display":"","ast-hfb-mobile-header-display":"","site-post-title":"","ast-breadcrumbs-content":"","ast-featured-img":"","footer-sml-layout":"","theme-transparent-header-meta":"default","adv-header-id-meta":"","stick-header-meta":"","header-above-stick-meta":"","header-main-stick-meta":"","header-below-stick-meta":"","astra-migrate-meta-layouts":"set","ast-page-background-enabled":"default","ast-page-background-meta":{"desktop":{"background-color":"","background-image":"","background-repeat":"repeat","background-position":"center center","background-size":"auto","background-attachment":"scroll","background-type":"","background-media":"","overlay-type":"","overlay-color":"","overlay-opacity":"","overlay-gradient":""},"tablet":{"background-color":"","background-image":"","background-repeat":"repeat","background-position":"center center","background-size":"auto","background-attachment":"scroll","background-type":"","background-media":"","overlay-type":"","overlay-color":"","overlay-opacity":"","overlay-gradient":""},"mobile":{"background-color":"","background-image":"","background-repeat":"repeat","background-position":"center center","background-size":"auto","background-attachment":"scroll","background-type":"","background-media":"","overlay-type":"","overlay-color":"","overlay-opacity":"","overlay-gradient":""}},"ast-content-background-meta":{"desktop":{"background-color":"var(--ast-global-color-5)","background-image":"","background-repeat":"repeat","background-position":"center center","background-size":"auto","background-attachment":"scroll","background-type":"","background-media":"","overlay-type":"","overlay-color":"","overlay-opacity":"","overlay-gradient":""},"tablet":{"background-color":"var(--ast-global-color-5)","background-image":"","background-repeat":"repeat","background-position":"center center","background-size":"auto","background-attachment":"scroll","background-type":"","background-media":"","overlay-type":"","overlay-color":"","overlay-opacity":"","overlay-gradient":""},"mobile":{"background-color":"var(--ast-global-color-5)","background-image":"","background-repeat":"repeat","background-position":"center center","background-size":"auto","background-attachment":"scroll","background-type":"","background-media":"","overlay-type":"","overlay-color":"","overlay-opacity":"","overlay-gradient":""}}},"product_brand":[],"product_cat":[207],"product_tag":[],"class_list":{"0":"post-18937","1":"product","2":"type-product","3":"status-publish","4":"has-post-thumbnail","6":"product_cat-indonesia","7":"desktop-align-left","8":"tablet-align-left","9":"mobile-align-left","11":"first","12":"instock","13":"sale","14":"shipping-taxable","15":"purchasable","16":"product-type-simple","17":"add-to-wishlist-before_image"},"_links":{"self":[{"href":"https:\/\/colligatum.com\/en\/wp-json\/wp\/v2\/product\/18937","targetHints":{"allow":["GET"]}}],"collection":[{"href":"https:\/\/colligatum.com\/en\/wp-json\/wp\/v2\/product"}],"about":[{"href":"https:\/\/colligatum.com\/en\/wp-json\/wp\/v2\/types\/product"}],"version-history":[{"count":1,"href":"https:\/\/colligatum.com\/en\/wp-json\/wp\/v2\/product\/18937\/revisions"}],"predecessor-version":[{"id":18938,"href":"https:\/\/colligatum.com\/en\/wp-json\/wp\/v2\/product\/18937\/revisions\/18938"}],"wp:featuredmedia":[{"embeddable":true,"href":"https:\/\/colligatum.com\/en\/wp-json\/wp\/v2\/media\/18884"}],"wp:attachment":[{"href":"https:\/\/colligatum.com\/en\/wp-json\/wp\/v2\/media?parent=18937"}],"wp:term":[{"taxonomy":"product_brand","embeddable":true,"href":"https:\/\/colligatum.com\/en\/wp-json\/wp\/v2\/product_brand?post=18937"},{"taxonomy":"product_cat","embeddable":true,"href":"https:\/\/colligatum.com\/en\/wp-json\/wp\/v2\/product_cat?post=18937"},{"taxonomy":"product_tag","embeddable":true,"href":"https:\/\/colligatum.com\/en\/wp-json\/wp\/v2\/product_tag?post=18937"}],"curies":[{"name":"wp","href":"https:\/\/api.w.org\/{rel}","templated":true}]}}